{"id":1212,"date":"2019-10-11T13:48:13","date_gmt":"2019-10-11T11:48:13","guid":{"rendered":"http:\/\/www.oagvm.sk\/wphu\/?page_id=1212"},"modified":"2025-11-06T09:41:25","modified_gmt":"2025-11-06T08:41:25","slug":"erasmus","status":"publish","type":"page","link":"http:\/\/www.oagvm.sk\/wphu\/?page_id=1212","title":{"rendered":"Erasmus+ &#8211; Na\u0161e \u00faspe\u0161n\u00e9 projekty"},"content":{"rendered":"<p style=\"text-align: center;\"><img loading=\"lazy\" decoding=\"async\" class=\"alignnone size-full wp-image-1213\" src=\"http:\/\/www.oagvm.sk\/wphu\/wp-content\/uploads\/2019\/10\/erasmus-logo.png\" alt=\"\" width=\"600\" height=\"123\" srcset=\"http:\/\/www.oagvm.sk\/wphu\/wp-content\/uploads\/2019\/10\/erasmus-logo.png 600w, http:\/\/www.oagvm.sk\/wphu\/wp-content\/uploads\/2019\/10\/erasmus-logo-300x62.png 300w\" sizes=\"(max-width: 600px) 100vw, 600px\" \/><\/p>\n<p style=\"text-align: center;\"><span style=\"font-family: 'comic sans ms', sans-serif; font-size: 18pt; color: #ff6600;\">Tan\u00e9v: <\/span><\/p>\n<p style=\"text-align: center;\"><span style=\"color: #ff6600;\"><span style=\"font-family: 'comic sans ms', sans-serif; font-size: 18pt;\"><a style=\"color: #ff6600;\" href=\"http:\/\/www.oagvm.sk\/wphu\/?page_id=2617\">2015\/2016<\/a>&nbsp;<\/span><span style=\"font-family: 'comic sans ms', sans-serif; font-size: 18pt;\"> &nbsp;<a style=\"color: #ff6600;\" href=\"http:\/\/www.oagvm.sk\/wphu\/?page_id=2619\">2017\/2018<\/a>&nbsp; &nbsp;<a style=\"color: #ff6600;\" href=\"http:\/\/www.oagvm.sk\/wphu\/?page_id=2640\">2018\/2019<\/a>&nbsp; <\/span><\/span><\/p>\n<p style=\"text-align: center;\"><span style=\"font-family: 'comic sans ms', sans-serif; font-size: 18pt; color: #ff6600;\"><a style=\"color: #ff6600;\" href=\"http:\/\/www.oagvm.sk\/wphu\/?page_id=2621\">2021\/2022<\/a> &nbsp;&nbsp;<a style=\"color: #ff6600;\" href=\"http:\/\/www.oagvm.sk\/wphu\/?page_id=3319\">2022\/2023<\/a> &nbsp; <a style=\"color: #ff6600;\" href=\"http:\/\/www.oagvm.sk\/wphu\/?page_id=5824\">2023\/2024<\/a><\/span><\/p>\n<p style=\"text-align: center;\"><span style=\"font-family: 'comic sans ms', sans-serif; font-size: 18pt; color: #ff6600;\"><a style=\"color: #ff6600;\" href=\"http:\/\/www.oagvm.sk\/wphu\/?page_id=6086\">2024\/2025<\/a>&nbsp; &nbsp; &nbsp; &nbsp; &nbsp;<a style=\"color: #ff6600;\" href=\"http:\/\/www.oagvm.sk\/wphu\/?page_id=6483\">2025\/2026<\/a><br \/>\n<\/span><\/p>\n","protected":false},"excerpt":{"rendered":"<p>Tan\u00e9v: 2015\/2016&nbsp; &nbsp;2017\/2018&nbsp; &nbsp;2018\/2019&nbsp; 2021\/2022 &nbsp;&nbsp;2022\/2023 &nbsp; 2023\/2024 2024\/2025&nbsp; &nbsp; &nbsp; &nbsp; &nbsp;2025\/2026<\/p>\n","protected":false},"author":1,"featured_media":0,"parent":0,"menu_order":0,"comment_status":"closed","ping_status":"closed","template":"","meta":{"ngg_post_thumbnail":0,"footnotes":""},"_links":{"self":[{"href":"http:\/\/www.oagvm.sk\/wphu\/index.php?rest_route=\/wp\/v2\/pages\/1212"}],"collection":[{"href":"http:\/\/www.oagvm.sk\/wphu\/index.php?rest_route=\/wp\/v2\/pages"}],"about":[{"href":"http:\/\/www.oagvm.sk\/wphu\/index.php?rest_route=\/wp\/v2\/types\/page"}],"author":[{"embeddable":true,"href":"http:\/\/www.oagvm.sk\/wphu\/index.php?rest_route=\/wp\/v2\/users\/1"}],"replies":[{"embeddable":true,"href":"http:\/\/www.oagvm.sk\/wphu\/index.php?rest_route=%2Fwp%2Fv2%2Fcomments&post=1212"}],"version-history":[{"count":28,"href":"http:\/\/www.oagvm.sk\/wphu\/index.php?rest_route=\/wp\/v2\/pages\/1212\/revisions"}],"predecessor-version":[{"id":6493,"href":"http:\/\/www.oagvm.sk\/wphu\/index.php?rest_route=\/wp\/v2\/pages\/1212\/revisions\/6493"}],"wp:attachment":[{"href":"http:\/\/www.oagvm.sk\/wphu\/index.php?rest_route=%2Fwp%2Fv2%2Fmedia&parent=1212"}],"curies":[{"name":"wp","href":"https:\/\/api.w.org\/{rel}","templated":true}]}}