{"id":1327,"date":"2019-10-15T19:51:50","date_gmt":"2019-10-15T17:51:50","guid":{"rendered":"http:\/\/www.oagvm.sk\/wphu\/?page_id=1327"},"modified":"2020-12-10T11:01:51","modified_gmt":"2020-12-10T10:01:51","slug":"kozbeszerzes","status":"publish","type":"page","link":"http:\/\/www.oagvm.sk\/wphu\/?page_id=1327","title":{"rendered":"K\u00f6zbeszerz\u00e9s"},"content":{"rendered":"\n<p align=\"center\">\n          <object data=\"http:\/\/www.oagvm.sk\/wpsk\/wp-content\/uploads\/2020\/12\/Vyzva-na-predlozenie-CP-OA.pdf\" type=\"application\/pdf\"  \nwidth=\"820px\" \nheight=\"1130px\" \nbgcolor= \"#ff0000\"><\/p>\n<p>V\u00e1\u0161 prehliada\u010d bohu\u017eial nepodporuje zobrazenie PDF dokumentov.<br \/>\n              Kliknite sem <a href=\"hhttp:\/\/www.oagvm.sk\/wpsk\/wp-content\/uploads\/2020\/12\/Vyzva-na-predlozenie-CP-OA.pdf\">pre stiahnutie PDF dokumentu.<\/a><\/p><\/object>\n        <\/p>\n<h2>K\u00f6zbeszerz\u0151<\/h2>\n<h4>Obchodn\u00e1 akad\u00e9mia \u2013 Kereskedelmi Bratislavsk\u00e1 38, 932 01 Ve\u013ek\u00fd Meder \u2013 Nagymegyer<br \/>\nBratislavsk\u00e1 38, 932 01 Ve\u013ek\u00fd Meder, e-mail: oagvm@oagvm.sk, telef\u00f3n 031\/555 2321<\/h4>\n<p>&nbsp;<\/p>\n<table class=\"MsoTableGrid\" border=\"0\" cellspacing=\"0\" cellpadding=\"0\">\n<tbody>\n<tr>\n<td class=\"Normal\" valign=\"top\" width=\"181\"><span lang=\"SK\" style=\"font-size: 12.0pt;\">Adresa:<\/span><\/td>\n<td class=\"Normal\" valign=\"top\" width=\"472\"><span lang=\"SK\" style=\"font-size: 12.0pt;\">Bratislavsk\u00e1 38, 932 01 Ve\u013ek\u00fd Meder<\/span><\/td>\n<\/tr>\n<tr>\n<td class=\"Normal\" width=\"181\"><span lang=\"SK\" style=\"font-size: 12.0pt; line-height: 150%;\">V&nbsp;zast\u00fapen\u00ed: <\/span><\/td>\n<td class=\"Normal\" valign=\"top\" width=\"472\"><span lang=\"SK\" style=\"font-size: 12.0pt; line-height: 150%;\">Mgr. Horv\u00e1thov\u00e1 Al\u017ebeta, riadite\u013eka \u0161koly<\/span><\/td>\n<\/tr>\n<tr>\n<td class=\"Normal\" width=\"181\"><span lang=\"SK\" style=\"font-size: 12.0pt;\">I\u010cO:<\/span><\/td>\n<td class=\"Normal\" valign=\"top\" width=\"472\"><span lang=\"SK\" style=\"font-size: 12.0pt;\">00044351<\/span><\/td>\n<\/tr>\n<tr>\n<td class=\"Normal\" width=\"181\"><span lang=\"SK\" style=\"font-size: 12.0pt;\">DI\u010c:<\/span><\/td>\n<td class=\"Normal\" valign=\"top\" width=\"472\"><span lang=\"SK\" style=\"font-size: 12.0pt;\">2021002038<\/span><\/td>\n<\/tr>\n<tr>\n<td class=\"Normal\" width=\"181\"><span lang=\"SK\" style=\"font-size: 12.0pt;\">Bankov\u00e9 spojenie: <\/span><\/td>\n<td class=\"Normal\" valign=\"top\" width=\"472\"><span lang=\"SK\" style=\"font-size: 12.0pt;\">\u0160t\u00e1tna pokladnica<\/span><\/td>\n<\/tr>\n<tr>\n<td class=\"Normal\" width=\"181\"><span lang=\"SK\" style=\"font-size: 12.0pt;\">\u010c\u00edslo \u00fa\u010dtu:<\/span><\/td>\n<td class=\"Normal\" valign=\"top\" width=\"472\"><span lang=\"SK\" style=\"font-size: 12.0pt;\">7000494911\/8180<\/span><\/td>\n<\/tr>\n<tr>\n<td class=\"Normal\" width=\"181\"><span lang=\"SK\" style=\"font-size: 12.0pt;\">IBAN:<\/span><\/td>\n<td class=\"Normal\" valign=\"top\" width=\"472\"><span lang=\"SK\" style=\"font-size: 12.0pt;\">SK55 8180 0000 0070 0049 4911<\/span><\/td>\n<\/tr>\n<tr>\n<td class=\"Normal\" width=\"181\"><span lang=\"SK\" style=\"font-size: 12.0pt;\">Telef\u00f3n:<\/span><\/td>\n<td class=\"Normal\" valign=\"top\" width=\"472\"><span lang=\"SK\" style=\"font-size: 12.0pt;\">031\/5552321, 031\/5910710<\/span><\/td>\n<\/tr>\n<tr>\n<td class=\"Normal\" width=\"181\"><span lang=\"SK\" style=\"font-size: 12.0pt;\">E-mail:<\/span><\/td>\n<td class=\"Normal\" valign=\"top\" width=\"472\"><span lang=\"SK\" style=\"font-size: 12.0pt;\">oagvm@oagvm.sk<\/span><\/td>\n<\/tr>\n<tr>\n<td class=\"Normal\" width=\"181\"><span lang=\"SK\" style=\"font-size: 12.0pt;\">Kontaktn\u00e1 osoba:<\/span><\/td>\n<td class=\"Normal\" valign=\"top\" width=\"472\"><span lang=\"SK\" style=\"font-size: 12.0pt;\">Barthalosov\u00e1 Etela, hlavn\u00e1 \u00fa\u010dtovn\u00ed\u010dka<\/span><\/td>\n<\/tr>\n<\/tbody>\n<\/table>\n","protected":false},"excerpt":{"rendered":"<p>V\u00e1\u0161 prehliada\u010d bohu\u017eial nepodporuje zobrazenie PDF dokumentov. Kliknite sem pre stiahnutie PDF dokumentu. K\u00f6zbeszerz\u0151 Obchodn\u00e1 akad\u00e9mia \u2013 Kereskedelmi Bratislavsk\u00e1 38, 932 01 Ve\u013ek\u00fd Meder \u2013 Nagymegyer Bratislavsk\u00e1 38, 932 01 Ve\u013ek\u00fd Meder, e-mail: oagvm@oagvm.sk, telef\u00f3n 031\/555 2321 &nbsp; Adresa: Bratislavsk\u00e1 38, 932 01 Ve\u013ek\u00fd Meder V&nbsp;zast\u00fapen\u00ed: Mgr. Horv\u00e1thov\u00e1 Al\u017ebeta, riadite\u013eka \u0161koly I\u010cO: 00044351 DI\u010c: 2021002038 &#8230; <a title=\"K\u00f6zbeszerz\u00e9s\" class=\"read-more\" href=\"http:\/\/www.oagvm.sk\/wphu\/?page_id=1327\" aria-label=\"Tov\u00e1bbiak K\u00f6zbeszerz\u00e9s\">Olvass tov\u00e1bb<\/a><\/p>\n","protected":false},"author":1,"featured_media":0,"parent":364,"menu_order":0,"comment_status":"closed","ping_status":"closed","template":"","meta":{"ngg_post_thumbnail":0,"footnotes":""},"_links":{"self":[{"href":"http:\/\/www.oagvm.sk\/wphu\/index.php?rest_route=\/wp\/v2\/pages\/1327"}],"collection":[{"href":"http:\/\/www.oagvm.sk\/wphu\/index.php?rest_route=\/wp\/v2\/pages"}],"about":[{"href":"http:\/\/www.oagvm.sk\/wphu\/index.php?rest_route=\/wp\/v2\/types\/page"}],"author":[{"embeddable":true,"href":"http:\/\/www.oagvm.sk\/wphu\/index.php?rest_route=\/wp\/v2\/users\/1"}],"replies":[{"embeddable":true,"href":"http:\/\/www.oagvm.sk\/wphu\/index.php?rest_route=%2Fwp%2Fv2%2Fcomments&post=1327"}],"version-history":[{"count":11,"href":"http:\/\/www.oagvm.sk\/wphu\/index.php?rest_route=\/wp\/v2\/pages\/1327\/revisions"}],"predecessor-version":[{"id":2184,"href":"http:\/\/www.oagvm.sk\/wphu\/index.php?rest_route=\/wp\/v2\/pages\/1327\/revisions\/2184"}],"up":[{"embeddable":true,"href":"http:\/\/www.oagvm.sk\/wphu\/index.php?rest_route=\/wp\/v2\/pages\/364"}],"wp:attachment":[{"href":"http:\/\/www.oagvm.sk\/wphu\/index.php?rest_route=%2Fwp%2Fv2%2Fmedia&parent=1327"}],"curies":[{"name":"wp","href":"https:\/\/api.w.org\/{rel}","templated":true}]}}