{"id":1789,"date":"2019-11-27T13:26:57","date_gmt":"2019-11-27T12:26:57","guid":{"rendered":"http:\/\/www.oagvm.sk\/wphu\/?page_id=1789"},"modified":"2025-01-20T13:06:44","modified_gmt":"2025-01-20T12:06:44","slug":"a-szemelyisegi-jogok-vedelme","status":"publish","type":"page","link":"http:\/\/www.oagvm.sk\/wphu\/?page_id=1789","title":{"rendered":"A szem\u00e9lyis\u00e9gi jogok v\u00e9delme"},"content":{"rendered":"<p align=\"center\"><object data=\"http:\/\/www.oagvm.sk\/wpsk\/wp-content\/uploads\/2025\/01\/Informacna-povinnost-prevadzkovatela-GDPR-internet.pdf\" width=\"820px\" height=\"1190px\">V\u00e1\u0161 prehliada\u010d bohu\u017eial nepodporuje zobrazenie PDF dokumentov.              Kliknite sem <a href=\"http:\/\/www.oagvm.sk\/wpsk\/wp-content\/uploads\/2025\/01\/Informacna-povinnost-prevadzkovatela-GDPR-internet.pdf\">pre stiahnutie PDF dokumentu.<\/a>&nbsp;<\/object><\/p>\n","protected":false},"excerpt":{"rendered":"<p>V\u00e1\u0161 prehliada\u010d bohu\u017eial nepodporuje zobrazenie PDF dokumentov. Kliknite sem pre stiahnutie PDF dokumentu.&nbsp;<\/p>\n","protected":false},"author":1,"featured_media":0,"parent":358,"menu_order":0,"comment_status":"closed","ping_status":"closed","template":"","meta":{"ngg_post_thumbnail":0,"footnotes":""},"_links":{"self":[{"href":"http:\/\/www.oagvm.sk\/wphu\/index.php?rest_route=\/wp\/v2\/pages\/1789"}],"collection":[{"href":"http:\/\/www.oagvm.sk\/wphu\/index.php?rest_route=\/wp\/v2\/pages"}],"about":[{"href":"http:\/\/www.oagvm.sk\/wphu\/index.php?rest_route=\/wp\/v2\/types\/page"}],"author":[{"embeddable":true,"href":"http:\/\/www.oagvm.sk\/wphu\/index.php?rest_route=\/wp\/v2\/users\/1"}],"replies":[{"embeddable":true,"href":"http:\/\/www.oagvm.sk\/wphu\/index.php?rest_route=%2Fwp%2Fv2%2Fcomments&post=1789"}],"version-history":[{"count":6,"href":"http:\/\/www.oagvm.sk\/wphu\/index.php?rest_route=\/wp\/v2\/pages\/1789\/revisions"}],"predecessor-version":[{"id":5933,"href":"http:\/\/www.oagvm.sk\/wphu\/index.php?rest_route=\/wp\/v2\/pages\/1789\/revisions\/5933"}],"up":[{"embeddable":true,"href":"http:\/\/www.oagvm.sk\/wphu\/index.php?rest_route=\/wp\/v2\/pages\/358"}],"wp:attachment":[{"href":"http:\/\/www.oagvm.sk\/wphu\/index.php?rest_route=%2Fwp%2Fv2%2Fmedia&parent=1789"}],"curies":[{"name":"wp","href":"https:\/\/api.w.org\/{rel}","templated":true}]}}