{"id":1851,"date":"2019-11-29T10:06:01","date_gmt":"2019-11-29T09:06:01","guid":{"rendered":"http:\/\/www.oagvm.sk\/wphu\/?page_id=1851"},"modified":"2022-03-17T10:17:57","modified_gmt":"2022-03-17T09:17:57","slug":"osszegzo-jelentes-2019","status":"publish","type":"page","link":"http:\/\/www.oagvm.sk\/wphu\/?page_id=1851","title":{"rendered":"\u00d6sszegz\u0151 jelent\u00e9s &#8211; 2019"},"content":{"rendered":"<p align=\"center\">\n<object data=\"http:\/\/www.oagvm.sk\/wphu\/wp-content\/uploads\/2019\/11\/suhrnna_sprava-2019.pdf\" type=\"application\/pdf\" \nwidth=\"820px\"\nheight=\"1190px\"\nbgcolor= \"#ff0000\"><\/p>\n<p>A b\u00f6ng\u00e9sz\u0151je sajnos nem rendelkezik PDF be\u00e9p\u00fcl\u0151 modullal.<br \/>\nIde kattintva <a href=\"http:\/\/www.oagvm.sk\/wphu\/wp-content\/uploads\/2019\/11\/suhrnna_sprava-2019.pdf\">viszont let\u00f6ltheti a PDF f\u00e1jlt.<\/a><\/p><\/object>\n<\/p>\n<p align=\"center\">\n<object data=\"http:\/\/www.oagvm.sk\/wphu\/wp-content\/uploads\/2022\/03\/Suhrnna-sprava-IV.-Q-2019.pdf\" type=\"application\/pdf\" \nwidth=\"820px\"\nheight=\"1190px\"\nbgcolor= \"#ff0000\"><\/p>\n<p>A b\u00f6ng\u00e9sz\u0151je sajnos nem rendelkezik PDF be\u00e9p\u00fcl\u0151 modullal.<br \/>\nIde kattintva <a href=\"http:\/\/www.oagvm.sk\/wphu\/wp-content\/uploads\/2022\/03\/Suhrnna-sprava-IV.-Q-2019.pdf\">viszont let\u00f6ltheti a PDF f\u00e1jlt.<\/a><\/p><\/object><\/p>\n","protected":false},"excerpt":{"rendered":"<p>A b\u00f6ng\u00e9sz\u0151je sajnos nem rendelkezik PDF be\u00e9p\u00fcl\u0151 modullal. Ide kattintva viszont let\u00f6ltheti a PDF f\u00e1jlt. A b\u00f6ng\u00e9sz\u0151je sajnos nem rendelkezik PDF be\u00e9p\u00fcl\u0151 modullal. Ide kattintva viszont let\u00f6ltheti a PDF f\u00e1jlt.<\/p>\n","protected":false},"author":1,"featured_media":0,"parent":1327,"menu_order":0,"comment_status":"closed","ping_status":"closed","template":"","meta":{"ngg_post_thumbnail":0,"footnotes":""},"_links":{"self":[{"href":"http:\/\/www.oagvm.sk\/wphu\/index.php?rest_route=\/wp\/v2\/pages\/1851"}],"collection":[{"href":"http:\/\/www.oagvm.sk\/wphu\/index.php?rest_route=\/wp\/v2\/pages"}],"about":[{"href":"http:\/\/www.oagvm.sk\/wphu\/index.php?rest_route=\/wp\/v2\/types\/page"}],"author":[{"embeddable":true,"href":"http:\/\/www.oagvm.sk\/wphu\/index.php?rest_route=\/wp\/v2\/users\/1"}],"replies":[{"embeddable":true,"href":"http:\/\/www.oagvm.sk\/wphu\/index.php?rest_route=%2Fwp%2Fv2%2Fcomments&post=1851"}],"version-history":[{"count":4,"href":"http:\/\/www.oagvm.sk\/wphu\/index.php?rest_route=\/wp\/v2\/pages\/1851\/revisions"}],"predecessor-version":[{"id":3154,"href":"http:\/\/www.oagvm.sk\/wphu\/index.php?rest_route=\/wp\/v2\/pages\/1851\/revisions\/3154"}],"up":[{"embeddable":true,"href":"http:\/\/www.oagvm.sk\/wphu\/index.php?rest_route=\/wp\/v2\/pages\/1327"}],"wp:attachment":[{"href":"http:\/\/www.oagvm.sk\/wphu\/index.php?rest_route=%2Fwp%2Fv2%2Fmedia&parent=1851"}],"curies":[{"name":"wp","href":"https:\/\/api.w.org\/{rel}","templated":true}]}}