{"id":1884,"date":"2019-12-02T15:13:50","date_gmt":"2019-12-02T14:13:50","guid":{"rendered":"http:\/\/www.oagvm.sk\/wphu\/?page_id=1884"},"modified":"2021-11-29T14:10:31","modified_gmt":"2021-11-29T13:10:31","slug":"feladatgyujtemenyek","status":"publish","type":"page","link":"http:\/\/www.oagvm.sk\/wphu\/?page_id=1884","title":{"rendered":"Feladatgy\u0171jtem\u00e9nyek"},"content":{"rendered":"<p><span style=\"font-family: Arial, Helvetica, sans-serif; font-size: x-large;\"><strong>Szlov\u00e1k nyelv \u00e9s szlov\u00e1k irodalom:<\/strong><\/span><\/p>\n<p align=\"center\"><object data=\"http:\/\/www.oagvm.sk\/wphu\/wp-content\/uploads\/2021\/11\/SJSL-feladatlapok.pdf\" type=\"application\/pdf\" width=\"820px\" height=\"1130px\">A b\u00f6ng\u00e9sz\u0151je sajnos nem rendelkezik PDF be\u00e9p\u00fcl\u0151 modullal. Ide kattintva <a href=\"hhttp:\/\/www.oagvm.sk\/wphu\/wp-content\/uploads\/2021\/11\/SJSL-feladatlapok.pdf\">viszont let\u00f6ltheti a PDF f\u00e1jlt.<\/a>&nbsp;<\/object><\/p>\n<p align=\"center\">&nbsp;<\/p>\n<p><span style=\"font-family: Arial, Helvetica, sans-serif; font-size: x-large;\"><span style=\"font-family: Arial, Helvetica, sans-serif; font-size: large;\"><span style=\"font-family: Arial, Helvetica, sans-serif; font-size: large;\"><span style=\"font-family: Arial, Helvetica, sans-serif; font-size: x-large;\"><strong>Magyar nyelv \u00e9s irodalom:<\/strong><\/span><\/span><\/span><\/span><\/p>\n<p align=\"center\"><object data=\"http:\/\/www.oagvm.sk\/wphu\/wp-content\/uploads\/2021\/11\/MJL-feladatlapok.pdf\" type=\"application\/pdf\" width=\"820px\" height=\"1130px\">A b\u00f6ng\u00e9sz\u0151je sajnos nem rendelkezik PDF be\u00e9p\u00fcl\u0151 modullal. Ide kattintva <a href=\"http:\/\/www.oagvm.sk\/wphu\/wp-content\/uploads\/2021\/11\/MJL-feladatlapok.pdf\">viszont let\u00f6ltheti a PDF f\u00e1jlt.<\/a>&nbsp;<\/object><\/p>\n<p><span style=\"font-family: Arial, Helvetica, sans-serif; font-size: x-large;\"><span style=\"font-family: Arial, Helvetica, sans-serif; font-size: large;\"><span style=\"font-family: Arial, Helvetica, sans-serif; font-size: large;\"><span style=\"font-family: Arial, Helvetica, sans-serif; font-size: x-large;\"><span style=\"font-family: Arial, Helvetica, sans-serif; font-size: large;\"><span style=\"font-family: Arial, Helvetica, sans-serif; font-size: large;\"><span style=\"font-family: Arial, Helvetica, sans-serif; font-size: x-large;\"><strong>Matematika:<\/strong><\/span><\/span><\/span><\/span><\/span><\/span><\/span><\/p>\n<p align=\"center\"><object data=\"http:\/\/www.oagvm.sk\/wphu\/wp-content\/uploads\/2019\/12\/felv_mat_hu.pdf\" type=\"application\/pdf\" width=\"820px\" height=\"1130px\">A b\u00f6ng\u00e9sz\u0151je sajnos nem rendelkezik PDF be\u00e9p\u00fcl\u0151 modullal. Ide kattintva <a href=\"http:\/\/www.oagvm.sk\/wphu\/wp-content\/uploads\/2019\/12\/felv_mat_hu.pdf\">viszont let\u00f6ltheti a PDF f\u00e1jlt.<\/a>&nbsp;<\/object><\/p>\n","protected":false},"excerpt":{"rendered":"<p>Szlov\u00e1k nyelv \u00e9s szlov\u00e1k irodalom: A b\u00f6ng\u00e9sz\u0151je sajnos nem rendelkezik PDF be\u00e9p\u00fcl\u0151 modullal. Ide kattintva viszont let\u00f6ltheti a PDF f\u00e1jlt.&nbsp; &nbsp; Magyar nyelv \u00e9s irodalom: A b\u00f6ng\u00e9sz\u0151je sajnos nem rendelkezik PDF be\u00e9p\u00fcl\u0151 modullal. Ide kattintva viszont let\u00f6ltheti a PDF f\u00e1jlt.&nbsp; Matematika: A b\u00f6ng\u00e9sz\u0151je sajnos nem rendelkezik PDF be\u00e9p\u00fcl\u0151 modullal. Ide kattintva viszont let\u00f6ltheti a PDF &#8230; <a title=\"Feladatgy\u0171jtem\u00e9nyek\" class=\"read-more\" href=\"http:\/\/www.oagvm.sk\/wphu\/?page_id=1884\" aria-label=\"Tov\u00e1bbiak Feladatgy\u0171jtem\u00e9nyek\">Olvass tov\u00e1bb<\/a><\/p>\n","protected":false},"author":1,"featured_media":0,"parent":461,"menu_order":0,"comment_status":"closed","ping_status":"closed","template":"","meta":{"ngg_post_thumbnail":0,"footnotes":""},"_links":{"self":[{"href":"http:\/\/www.oagvm.sk\/wphu\/index.php?rest_route=\/wp\/v2\/pages\/1884"}],"collection":[{"href":"http:\/\/www.oagvm.sk\/wphu\/index.php?rest_route=\/wp\/v2\/pages"}],"about":[{"href":"http:\/\/www.oagvm.sk\/wphu\/index.php?rest_route=\/wp\/v2\/types\/page"}],"author":[{"embeddable":true,"href":"http:\/\/www.oagvm.sk\/wphu\/index.php?rest_route=\/wp\/v2\/users\/1"}],"replies":[{"embeddable":true,"href":"http:\/\/www.oagvm.sk\/wphu\/index.php?rest_route=%2Fwp%2Fv2%2Fcomments&post=1884"}],"version-history":[{"count":12,"href":"http:\/\/www.oagvm.sk\/wphu\/index.php?rest_route=\/wp\/v2\/pages\/1884\/revisions"}],"predecessor-version":[{"id":2955,"href":"http:\/\/www.oagvm.sk\/wphu\/index.php?rest_route=\/wp\/v2\/pages\/1884\/revisions\/2955"}],"up":[{"embeddable":true,"href":"http:\/\/www.oagvm.sk\/wphu\/index.php?rest_route=\/wp\/v2\/pages\/461"}],"wp:attachment":[{"href":"http:\/\/www.oagvm.sk\/wphu\/index.php?rest_route=%2Fwp%2Fv2%2Fmedia&parent=1884"}],"curies":[{"name":"wp","href":"https:\/\/api.w.org\/{rel}","templated":true}]}}