{"id":1963,"date":"2020-03-10T09:25:39","date_gmt":"2020-03-10T08:25:39","guid":{"rendered":"http:\/\/www.oagvm.sk\/wphu\/?page_id=1963"},"modified":"2023-12-01T12:25:29","modified_gmt":"2023-12-01T11:25:29","slug":"feltetelek-2019-20","status":"publish","type":"page","link":"http:\/\/www.oagvm.sk\/wphu\/?page_id=1963","title":{"rendered":"Felt\u00e9telek 2024\/25"},"content":{"rendered":"<p>&nbsp;<\/p>\n<p align=\"center\"><object data=\"http:\/\/www.oagvm.sk\/wphu\/wp-content\/uploads\/2023\/12\/Felveteli-eljaras-2024-2025.pdf\" type=\"application\/pdf\" width=\"820px\" height=\"1190px\">A b\u00f6ng\u00e9sz\u0151je sajnos nem rendelkezik PDF be\u00e9p\u00fcl\u0151 modullal. Ide kattintva <a href=\"http:\/\/www.oagvm.sk\/wphu\/wp-content\/uploads\/2022\/11\/Felveteli-eljaras-2023-2024.pdf\">viszont let\u00f6ltheti a PDF f\u00e1jlt.<\/a>&nbsp;<\/object><\/p>\n<p align=\"center\"><object data=\"http:\/\/www.oagvm.sk\/wphu\/wp-content\/uploads\/2023\/12\/Prijimacie-konanie-2024-2025.pdf\" type=\"application\/pdf\" width=\"820px\" height=\"1190px\">A b\u00f6ng\u00e9sz\u0151je sajnos nem rendelkezik PDF be\u00e9p\u00fcl\u0151 modullal. Ide kattintva <a href=\"http:\/\/www.oagvm.sk\/wphu\/wp-content\/uploads\/2022\/11\/Felveteli-eljaras-2023-2024.pdf\">viszont let\u00f6ltheti a PDF f\u00e1jlt.<\/a>&nbsp;<\/object><\/p>\n","protected":false},"excerpt":{"rendered":"<p>&nbsp; A b\u00f6ng\u00e9sz\u0151je sajnos nem rendelkezik PDF be\u00e9p\u00fcl\u0151 modullal. Ide kattintva viszont let\u00f6ltheti a PDF f\u00e1jlt.&nbsp; A b\u00f6ng\u00e9sz\u0151je sajnos nem rendelkezik PDF be\u00e9p\u00fcl\u0151 modullal. Ide kattintva viszont let\u00f6ltheti a PDF f\u00e1jlt.&nbsp;<\/p>\n","protected":false},"author":1,"featured_media":0,"parent":461,"menu_order":0,"comment_status":"closed","ping_status":"closed","template":"","meta":{"ngg_post_thumbnail":0,"footnotes":""},"_links":{"self":[{"href":"http:\/\/www.oagvm.sk\/wphu\/index.php?rest_route=\/wp\/v2\/pages\/1963"}],"collection":[{"href":"http:\/\/www.oagvm.sk\/wphu\/index.php?rest_route=\/wp\/v2\/pages"}],"about":[{"href":"http:\/\/www.oagvm.sk\/wphu\/index.php?rest_route=\/wp\/v2\/types\/page"}],"author":[{"embeddable":true,"href":"http:\/\/www.oagvm.sk\/wphu\/index.php?rest_route=\/wp\/v2\/users\/1"}],"replies":[{"embeddable":true,"href":"http:\/\/www.oagvm.sk\/wphu\/index.php?rest_route=%2Fwp%2Fv2%2Fcomments&post=1963"}],"version-history":[{"count":26,"href":"http:\/\/www.oagvm.sk\/wphu\/index.php?rest_route=\/wp\/v2\/pages\/1963\/revisions"}],"predecessor-version":[{"id":5183,"href":"http:\/\/www.oagvm.sk\/wphu\/index.php?rest_route=\/wp\/v2\/pages\/1963\/revisions\/5183"}],"up":[{"embeddable":true,"href":"http:\/\/www.oagvm.sk\/wphu\/index.php?rest_route=\/wp\/v2\/pages\/461"}],"wp:attachment":[{"href":"http:\/\/www.oagvm.sk\/wphu\/index.php?rest_route=%2Fwp%2Fv2%2Fmedia&parent=1963"}],"curies":[{"name":"wp","href":"https:\/\/api.w.org\/{rel}","templated":true}]}}