{"id":2215,"date":"2021-05-19T14:54:02","date_gmt":"2021-05-19T12:54:02","guid":{"rendered":"http:\/\/www.oagvm.sk\/wphu\/?page_id=2215"},"modified":"2024-05-13T08:55:58","modified_gmt":"2024-05-13T06:55:58","slug":"betoltetlen-munkahelyek","status":"publish","type":"page","link":"http:\/\/www.oagvm.sk\/wphu\/?page_id=2215","title":{"rendered":"Bet\u00f6ltetlen munkahelyek"},"content":{"rendered":"<p><!--\n<span style=\"font-family: tahoma, arial, helvetica, sans-serif;\"><span data-mce-type=\"bookmark\" style=\"display: inline-block; width: 0px; overflow: hidden; line-height: 0;\" class=\"mce_SELRES_start\"><\/span>Az Obchodn\u00e1 akad\u00e9mia \u2013 Kereskedelmi Akad\u00e9mia, <\/span>\n\n<span style=\"font-family: tahoma, arial, helvetica, sans-serif;\">Bratislavsk\u00e1 38, <\/span><span style=\"font-family: tahoma, arial, helvetica, sans-serif;\">Ve\u013ek\u00fd Meder \u2013 Nagymegyer munkat\u00e1rsat keres a&nbsp;gazdas\u00e1gi felel\u0151s munkak\u00f6r bet\u00f6lt\u00e9s\u00e9re.<\/span>\n\n<span style=\"font-family: tahoma, arial, helvetica, sans-serif;\">Amennyiben aj\u00e1nlatunk felkeltette a figyelm\u00e9t, k\u00e9rj\u00fck, hogy \u00e9letrajz\u00e1t \u00e9s motiv\u00e1ci\u00f3s level\u00e9t <\/span><span style=\"font-family: tahoma, arial, helvetica, sans-serif;\">e-mailben k\u00fcldje el az&nbsp; <a href=\"mailto:oagvm@oagvm.sk\">oagvm@oagvm.sk<\/a> c\u00edmre. <\/span>\n\n<span style=\"font-family: tahoma, arial, helvetica, sans-serif;\">A&nbsp;felmer\u00fcl\u0151 k\u00e9rd\u00e9sekre sz\u00edvesen v\u00e1laszolunk a&nbsp;0911\/748203 telefonsz\u00e1mon.<\/span>\n\n<span style=\"font-family: tahoma, arial, helvetica, sans-serif;\">K\u00f6sz\u00f6nj\u00fck \u00e9rdekl\u0151d\u00e9s\u00e9t, \u00e9s b\u00edzunk a&nbsp;tov\u00e1bbi egy\u00fcttm\u0171k\u00f6d\u00e9sben.<\/span>\n\n&nbsp;\n\n<span style=\"font-family: tahoma, arial, helvetica, sans-serif;\">Obchodn\u00e1 akad\u00e9mia \u2013 Kereskedelmi Akad\u00e9mia, <\/span>\n\n<span style=\"font-family: tahoma, arial, helvetica, sans-serif;\">Bratislavsk\u00e1 38, <\/span><span style=\"font-family: tahoma, arial, helvetica, sans-serif;\">Ve\u013ek\u00fd Meder \u2013 Nagymegyer pon\u00faka vo\u013en\u00e9 pracovn\u00e9 miesto na pracovn\u00fa poz\u00edciu ekon\u00f3mka.<\/span>\n\n<span style=\"font-family: tahoma, arial, helvetica, sans-serif;\">Ak V\u00e1s t\u00e1to pracovn\u00e1 ponuka zaujala, pros\u00edm po\u0161lite n\u00e1m svoj \u017eivotopis a&nbsp;motiva\u010dn\u00fd list<\/span>\n\n<span style=\"font-family: tahoma, arial, helvetica, sans-serif;\">e-mailom na adresu <a href=\"mailto:oagvm@oagvm.sk\">oagvm@oagvm.sk<\/a> a&nbsp;v&nbsp;pr\u00edpade ot\u00e1zok n\u00e1s m\u00f4\u017eete kontaktova\u0165 na telef\u00f3nnom \u010d\u00edsle 0911\/748203.<\/span>\n\n<span style=\"font-family: tahoma, arial, helvetica, sans-serif;\">\u010eakujem a&nbsp;te\u0161\u00edme sa na spolupr\u00e1cu.<\/span>\n--><\/p>\n<p><!--\n\n\n<h3><span style=\"font-family: tahoma, arial, helvetica, sans-serif;\">Az Obchodn\u00e1 akad\u00e9mia \u2013 Kereskedelmi Akad\u00e9mia, Bratislavsk\u00e1 38, Ve\u013ek\u00fd Meder <\/span>\n<span style=\"font-family: tahoma, arial, helvetica, sans-serif;\">\u2013 Nagymegyer munkat\u00e1rsat keres a f\u0151k\u00f6nyvel\u0151i munkak\u00f6r bet\u00f6lt\u00e9s\u00e9re.<\/span><\/h3>\n\n\n\n\n<h3><span style=\"font-family: tahoma, arial, helvetica, sans-serif;\">Amennyiben aj\u00e1nlatunk felkeltette a figyelm\u00e9t, k\u00e9rj\u00fck, hogy \u00e9letrajz\u00e1t \u00e9s motiv\u00e1ci\u00f3s level\u00e9t <\/span>\n<span style=\"font-family: tahoma, arial, helvetica, sans-serif;\">e-mailben k\u00fcldje el az <a href=\"mailto:oagvm@oagvm.sk\">oagvm@oagvm.sk<\/a> c\u00edmre. A felmer\u00fcl\u0151 k\u00e9rd\u00e9sekre sz\u00edvesen v\u00e1laszolunk <\/span>\n<span style=\"font-family: tahoma, arial, helvetica, sans-serif;\">a 0911\/748203 telefonsz\u00e1mon. K\u00f6sz\u00f6nj\u00fck \u00e9rdekl\u0151d\u00e9s\u00e9t, \u00e9s b\u00edzunk a&nbsp;tov\u00e1bbi egy\u00fcttm\u0171k\u00f6d\u00e9sben.<\/span><\/h3>\n\n\n--><\/p>\n","protected":false},"excerpt":{"rendered":"","protected":false},"author":1,"featured_media":0,"parent":364,"menu_order":0,"comment_status":"closed","ping_status":"closed","template":"","meta":{"ngg_post_thumbnail":0,"footnotes":""},"_links":{"self":[{"href":"http:\/\/www.oagvm.sk\/wphu\/index.php?rest_route=\/wp\/v2\/pages\/2215"}],"collection":[{"href":"http:\/\/www.oagvm.sk\/wphu\/index.php?rest_route=\/wp\/v2\/pages"}],"about":[{"href":"http:\/\/www.oagvm.sk\/wphu\/index.php?rest_route=\/wp\/v2\/types\/page"}],"author":[{"embeddable":true,"href":"http:\/\/www.oagvm.sk\/wphu\/index.php?rest_route=\/wp\/v2\/users\/1"}],"replies":[{"embeddable":true,"href":"http:\/\/www.oagvm.sk\/wphu\/index.php?rest_route=%2Fwp%2Fv2%2Fcomments&post=2215"}],"version-history":[{"count":10,"href":"http:\/\/www.oagvm.sk\/wphu\/index.php?rest_route=\/wp\/v2\/pages\/2215\/revisions"}],"predecessor-version":[{"id":5375,"href":"http:\/\/www.oagvm.sk\/wphu\/index.php?rest_route=\/wp\/v2\/pages\/2215\/revisions\/5375"}],"up":[{"embeddable":true,"href":"http:\/\/www.oagvm.sk\/wphu\/index.php?rest_route=\/wp\/v2\/pages\/364"}],"wp:attachment":[{"href":"http:\/\/www.oagvm.sk\/wphu\/index.php?rest_route=%2Fwp%2Fv2%2Fmedia&parent=2215"}],"curies":[{"name":"wp","href":"https:\/\/api.w.org\/{rel}","templated":true}]}}