{"id":2293,"date":"2021-08-30T12:59:43","date_gmt":"2021-08-30T10:59:43","guid":{"rendered":"http:\/\/www.oagvm.sk\/wphu\/?page_id=2293"},"modified":"2025-04-03T00:01:23","modified_gmt":"2025-04-02T22:01:23","slug":"edinburgh-2020-2021","status":"publish","type":"page","link":"http:\/\/www.oagvm.sk\/wphu\/?page_id=2293","title":{"rendered":"Edinburgh \u2013 2020\/2021"},"content":{"rendered":"<h3><a href=\"http:\/\/www.oagvm.sk\/wphu\/?page_id=2275\"><img loading=\"lazy\" decoding=\"async\" class=\"alignnone size-full wp-image-2290\" src=\"http:\/\/www.oagvm.sk\/wphu\/wp-content\/uploads\/2021\/08\/bevezetes.png\" alt=\"\" width=\"98\" height=\"31\"><\/a><\/h3>\n<h3> <a href=\"http:\/\/www.oagvm.sk\/wphu\/?page_id=6007\"> <img loading=\"lazy\" decoding=\"async\" class=\"alignnone wp-image-5990 size-full\" title=\"http:\/\/www.oagvm.sk\/wphu\/?page_id=6007\" src=\"http:\/\/www.oagvm.sk\/wphu\/wp-content\/uploads\/2025\/04\/24-25.png\" alt=\"\" width=\"136\" height=\"31\"><\/a> <a href=\"http:\/\/www.oagvm.sk\/wphu\/?page_id=5867\"><img loading=\"lazy\" decoding=\"async\" class=\"alignnone wp-image-5863 size-full\" src=\"http:\/\/www.oagvm.sk\/wphu\/wp-content\/uploads\/2024\/10\/23-24-1.png\" alt=\"\" width=\"136\" height=\"31\"><\/a> <a href=\"http:\/\/www.oagvm.sk\/wphu\/?page_id=3582\"><img loading=\"lazy\" decoding=\"async\" class=\"alignnone wp-image-5864 size-full\" src=\"http:\/\/www.oagvm.sk\/wphu\/wp-content\/uploads\/2024\/10\/22-23-1.png\" alt=\"\" width=\"136\" height=\"31\"><\/a>&nbsp;<\/h3>\n<h3><a href=\"http:\/\/www.oagvm.sk\/wphu\/?page_id=3534\"><img loading=\"lazy\" decoding=\"async\" class=\"alignnone size-full wp-image-3515\" src=\"http:\/\/www.oagvm.sk\/wphu\/wp-content\/uploads\/2022\/11\/21-22-1.png\" alt=\"\" width=\"136\" height=\"31\"><\/a> <a href=\"http:\/\/www.oagvm.sk\/wphu\/?page_id=2293\"><img loading=\"lazy\" decoding=\"async\" class=\"alignnone size-full wp-image-2299\" src=\"http:\/\/www.oagvm.sk\/wphu\/wp-content\/uploads\/2021\/08\/20-21.png\" alt=\"\" width=\"136\" height=\"31\"><\/a> <a href=\"http:\/\/www.oagvm.sk\/wphu\/?page_id=2547\"><img loading=\"lazy\" decoding=\"async\" class=\"alignnone size-full wp-image-2298\" src=\"http:\/\/www.oagvm.sk\/wphu\/wp-content\/uploads\/2021\/08\/19-20.png\" alt=\"\" width=\"136\" height=\"31\"><\/a> <a href=\"http:\/\/www.oagvm.sk\/wphu\/?page_id=3534\"><img loading=\"lazy\" decoding=\"async\" class=\"alignnone size-full wp-image-2297\" src=\"http:\/\/www.oagvm.sk\/wphu\/wp-content\/uploads\/2021\/08\/18-19.png\" alt=\"\" width=\"136\" height=\"31\"><\/a><\/h3>\n<h3 style=\"text-align: justify;\"><strong><span style=\"font-size: 18pt;\">Rendhagy\u00f3 Edinburgh-d\u00edj \u00e1tad\u00e1s<\/span><\/strong><\/h3>\n<h3 style=\"text-align: justify;\">A j\u00e1rv\u00e1ny\u00fcgyi helyzetre val\u00f3 tekintettel az Edinburgh-d\u00edj \u00e1tad\u00e1s\u00e1ra csak szimbolikusan, egy online cerem\u00f3nia keret\u00e9ben ker\u00fclhetett sor. Ezt k\u00f6vet\u0151en Mari\u00e1n Zachar, a program igazgat\u00f3ja \u00e9s Jana Kub\u00edkov\u00e1, a program D\u00e9l-Szlov\u00e1ki\u00e1\u00e9rt felel\u0151s vezet\u0151je szem\u00e9lyesen l\u00e1togattak el iskol\u00e1nkra, hogy az iskola igazgat\u00f3n\u0151j\u00e9nek \u00e1tadj\u00e1k a bronz fokozatot teljes\u00edt\u0151 di\u00e1kjainknak j\u00e1r\u00f3 elismerv\u00e9nyeket \u00e9s \u00e9rmeket.<\/h3>\n<h3 style=\"text-align: center;\"><div id=\"metaslider-id-2486\" style=\"width: 100%;\" class=\"ml-slider-3-50-0 metaslider metaslider-flex metaslider-2486 ml-slider ms-theme-default nav-hidden\" role=\"region\" aria-roledescription=\"Slideshow\" aria-label=\"Einburgh - 20-21-dijatadas\">\n    <div id=\"metaslider_container_2486\">\n        <div id=\"metaslider_2486\">\n            <ul aria-live=\"polite\" class=\"slides\">\n                <li style=\"display: block; width: 100%;\" class=\"slide-2494 ms-image\" aria-roledescription=\"slide\" aria-label=\"slide-2494\"><img loading=\"lazy\" decoding=\"async\" src=\"http:\/\/www.oagvm.sk\/wphu\/wp-content\/uploads\/2021\/09\/dofe1-800x450.jpg\" height=\"450\" width=\"800\" alt=\"\" class=\"slider-2486 slide-2494\" title=\"dofe1\" \/><\/li>\n                <li style=\"display: none; width: 100%;\" class=\"slide-2492 ms-image\" aria-roledescription=\"slide\" aria-label=\"slide-2492\"><img loading=\"lazy\" decoding=\"async\" src=\"http:\/\/www.oagvm.sk\/wphu\/wp-content\/uploads\/2021\/09\/dofe2-800x450.jpg\" height=\"450\" width=\"800\" alt=\"\" class=\"slider-2486 slide-2492\" title=\"dofe2\" \/><\/li>\n                <li style=\"display: none; width: 100%;\" class=\"slide-2493 ms-image\" aria-roledescription=\"slide\" aria-label=\"slide-2493\"><img loading=\"lazy\" decoding=\"async\" src=\"http:\/\/www.oagvm.sk\/wphu\/wp-content\/uploads\/2021\/09\/dofe3-scaled-800x450.jpg\" height=\"450\" width=\"800\" alt=\"\" class=\"slider-2486 slide-2493\" title=\"dofe3\" \/><\/li>\n                <li style=\"display: none; width: 100%;\" class=\"slide-2489 ms-image\" aria-roledescription=\"slide\" aria-label=\"slide-2489\"><img loading=\"lazy\" decoding=\"async\" src=\"http:\/\/www.oagvm.sk\/wphu\/wp-content\/uploads\/2021\/09\/dofe4-721x405.jpg\" height=\"450\" width=\"800\" alt=\"\" class=\"slider-2486 slide-2489\" title=\"dofe4\" \/><\/li>\n                <li style=\"display: none; width: 100%;\" class=\"slide-2490 ms-image\" aria-roledescription=\"slide\" aria-label=\"slide-2490\"><img loading=\"lazy\" decoding=\"async\" src=\"http:\/\/www.oagvm.sk\/wphu\/wp-content\/uploads\/2021\/09\/dofe5-720x405.jpg\" height=\"450\" width=\"800\" alt=\"\" class=\"slider-2486 slide-2490\" title=\"dofe5\" \/><\/li>\n                <li style=\"display: none; width: 100%;\" class=\"slide-2491 ms-image\" aria-roledescription=\"slide\" aria-label=\"slide-2491\"><img loading=\"lazy\" decoding=\"async\" src=\"http:\/\/www.oagvm.sk\/wphu\/wp-content\/uploads\/2021\/09\/dofe6-600x337.jpg\" height=\"450\" width=\"800\" alt=\"\" class=\"slider-2486 slide-2491\" title=\"dofe6\" \/><\/li>\n                <li style=\"display: none; width: 100%;\" class=\"slide-2487 ms-image\" aria-roledescription=\"slide\" aria-label=\"slide-2487\"><img loading=\"lazy\" decoding=\"async\" src=\"http:\/\/www.oagvm.sk\/wphu\/wp-content\/uploads\/2021\/09\/dofe7-scaled-800x450.jpg\" height=\"450\" width=\"800\" alt=\"\" class=\"slider-2486 slide-2487\" title=\"dofe7\" \/><\/li>\n                <li style=\"display: none; width: 100%;\" class=\"slide-2488 ms-image\" aria-roledescription=\"slide\" aria-label=\"slide-2488\"><img loading=\"lazy\" decoding=\"async\" src=\"http:\/\/www.oagvm.sk\/wphu\/wp-content\/uploads\/2021\/09\/dofe8-scaled-800x450.jpg\" height=\"450\" width=\"800\" alt=\"\" class=\"slider-2486 slide-2488\" title=\"dofe8\" \/><\/li>\n            <\/ul>\n        <\/div>\n        \n    <\/div>\n<\/div><\/h3>\n<h3 style=\"text-align: justify;\"><a href=\"http:\/\/www.oagvm.sk\/wphirfolyam\/?paged=4&amp;m=202011\">http:\/\/www.oagvm.sk\/wphirfolyam\/?paged=4&amp;m=202011<\/a><\/h3>\n<h3 style=\"text-align: justify;\"><span style=\"font-size: 18pt;\"><strong>Bronz szinten d\u00edjazott tanul\u00f3ink<\/strong><\/span><\/h3>\n<h3 style=\"text-align: justify;\">A j\u00e1rv\u00e1ny\u00fcgyi helyzet miatt id\u00e9n iskol\u00e1nk igazgat\u00f3n\u0151je adta \u00e1t di\u00e1kjainknak az Edinburgh-d\u00edjakat egy kis \u00fcnneps\u00e9g keret\u00e9ben. Bronz szinten d\u00edjazott tanul\u00f3ink: T\u00f3th J\u00falia Anna (III.C), Szak\u00e1cs R\u00e9k (IV.C) \u00e9s Karcagi Karing (II.C).<\/h3>\n<h3><div id=\"metaslider-id-2478\" style=\"width: 100%;\" class=\"ml-slider-3-50-0 metaslider metaslider-flex metaslider-2478 ml-slider ms-theme-default nav-hidden nav-hidden\" role=\"region\" aria-roledescription=\"Slideshow\" aria-label=\"Edinburgh-20-21-dijatadas-2\">\n    <div id=\"metaslider_container_2478\">\n        <div id=\"metaslider_2478\">\n            <ul aria-live=\"polite\" class=\"slides\">\n                <li style=\"display: block; width: 100%;\" class=\"slide-2483 ms-image\" aria-roledescription=\"slide\" aria-label=\"slide-2483\"><img loading=\"lazy\" decoding=\"async\" src=\"http:\/\/www.oagvm.sk\/wphu\/wp-content\/uploads\/2021\/09\/edinburgh-01-800x450.jpg\" height=\"450\" width=\"800\" alt=\"\" class=\"slider-2478 slide-2483\" title=\"edinburgh-01\" \/><\/li>\n                <li style=\"display: none; width: 100%;\" class=\"slide-2484 ms-image\" aria-roledescription=\"slide\" aria-label=\"slide-2484\"><img loading=\"lazy\" decoding=\"async\" src=\"http:\/\/www.oagvm.sk\/wphu\/wp-content\/uploads\/2021\/09\/edinburgh-02-800x450.jpg\" height=\"450\" width=\"800\" alt=\"\" class=\"slider-2478 slide-2484\" title=\"edinburgh-02\" \/><\/li>\n                <li style=\"display: none; width: 100%;\" class=\"slide-2485 ms-image\" aria-roledescription=\"slide\" aria-label=\"slide-2485\"><img loading=\"lazy\" decoding=\"async\" src=\"http:\/\/www.oagvm.sk\/wphu\/wp-content\/uploads\/2021\/09\/edinburgh-03-800x450.jpg\" height=\"450\" width=\"800\" alt=\"\" class=\"slider-2478 slide-2485\" title=\"edinburgh-03\" \/><\/li>\n                <li style=\"display: none; width: 100%;\" class=\"slide-2480 ms-image\" aria-roledescription=\"slide\" aria-label=\"slide-2480\"><img loading=\"lazy\" decoding=\"async\" src=\"http:\/\/www.oagvm.sk\/wphu\/wp-content\/uploads\/2021\/09\/edinburgh-04-800x450.jpg\" height=\"450\" width=\"800\" alt=\"\" class=\"slider-2478 slide-2480\" title=\"edinburgh-04\" \/><\/li>\n                <li style=\"display: none; width: 100%;\" class=\"slide-2481 ms-image\" aria-roledescription=\"slide\" aria-label=\"slide-2481\"><img loading=\"lazy\" decoding=\"async\" src=\"http:\/\/www.oagvm.sk\/wphu\/wp-content\/uploads\/2021\/09\/edinburgh-05-800x450.jpg\" height=\"450\" width=\"800\" alt=\"\" class=\"slider-2478 slide-2481\" title=\"edinburgh-05\" \/><\/li>\n                <li style=\"display: none; width: 100%;\" class=\"slide-2482 ms-image\" aria-roledescription=\"slide\" aria-label=\"slide-2482\"><img loading=\"lazy\" decoding=\"async\" src=\"http:\/\/www.oagvm.sk\/wphu\/wp-content\/uploads\/2021\/09\/edinburgh-06-800x450.jpg\" height=\"450\" width=\"800\" alt=\"\" class=\"slider-2478 slide-2482\" title=\"edinburgh-06\" \/><\/li>\n                <li style=\"display: none; width: 100%;\" class=\"slide-2479 ms-image\" aria-roledescription=\"slide\" aria-label=\"slide-2479\"><img loading=\"lazy\" decoding=\"async\" src=\"http:\/\/www.oagvm.sk\/wphu\/wp-content\/uploads\/2021\/09\/edinburgh-07-800x450.jpg\" height=\"450\" width=\"800\" alt=\"\" class=\"slider-2478 slide-2479\" title=\"edinburgh-07\" \/><\/li>\n            <\/ul>\n        <\/div>\n        \n    <\/div>\n<\/div><\/h3>\n<h3 style=\"text-align: justify;\"><a href=\"http:\/\/www.oagvm.sk\/wphirfolyam\/?paged=9&amp;m=202106\">http:\/\/www.oagvm.sk\/wphirfolyam\/?paged=9&amp;m=202106<\/a><\/h3>\n<h3 style=\"text-align: justify;\"><strong><span style=\"font-size: 18pt;\">Hegyre h\u00e1gtunk, v\u00f6lgybe sz\u00e1lltunk\u2026<\/span><\/strong><\/h3>\n<h3 style=\"text-align: justify;\">H\u00e1rom nap h\u00e1rom v\u00e1r elnevez\u00e9s\u0171 exped\u00edci\u00f3nk Appony (Oponice) k\u00f6zs\u00e9gb\u0151l indult \u00e9s Kic\u0151ben (Sk\u00fdcov) v\u00e9gz\u0151d\u00f6tt. T\u00f6rt\u00e9nelmi ihlet\u00e9s\u0171 t\u00far\u00e1nk csod\u00e1latos, szemet \u00e9s sz\u00edvet gy\u00f6ny\u00f6rk\u00f6dtet\u0151 term\u00e9szeti k\u00f6rnyezetben zajlott. Sz\u00e1mos hegyet \u00e9s v\u00f6lgyet kellett megj\u00e1rnunk, hogy a c\u00e9lul kit\u0171z\u00f6tt h\u00e1rom k\u00f6z\u00e9pkori v\u00e1r \u2013 Appony (Opinice), Gh\u00fdmes (Jelenec) \u00e9s Hruss\u00f3 (Hru\u0161ov) \u2013 vadreg\u00e9nyes romjait felkeress\u00fck, mik\u00f6zben megismerkedt\u00fcnk azok t\u00f6rt\u00e9net\u00e9vel \u00e9s a hozz\u00e1juk f\u0171z\u0151d\u0151 legend\u00e1kkal. A v\u00e1rak mellett m\u00e1s helyekre is eljutottunk, l\u00e1ttuk p\u00e9ld\u00e1ul az apponyi \u00e9s fels\u0151elef\u00e1nti (Horn\u00e9 Lefantovce) kast\u00e9lyt, Kosztol\u00e1ny (Kosto\u013eany pod Tribe\u010dom) \u0151si templom\u00e1t, de megm\u00e1sztuk a Nyitra f\u00f6l\u00e9 magasod\u00f3 Zobort is.<\/h3>\n<h3 style=\"text-align: center;\"><div id=\"metaslider-id-2385\" style=\"width: 100%;\" class=\"ml-slider-3-50-0 metaslider metaslider-flex metaslider-2385 ml-slider ms-theme-default nav-hidden nav-hidden nav-hidden\" role=\"region\" aria-roledescription=\"Slideshow\" aria-label=\"Edinburgh-20-21-kalandtura\">\n    <div id=\"metaslider_container_2385\">\n        <div id=\"metaslider_2385\">\n            <ul aria-live=\"polite\" class=\"slides\">\n                <li style=\"display: block; width: 100%;\" class=\"slide-2404 ms-image\" aria-roledescription=\"slide\" aria-label=\"slide-2404\"><img loading=\"lazy\" decoding=\"async\" src=\"http:\/\/www.oagvm.sk\/wphu\/wp-content\/uploads\/2021\/08\/edinburgh-kalandtura-03-451x254.jpg\" height=\"450\" width=\"800\" alt=\"\" class=\"slider-2385 slide-2404\" title=\"edinburgh-kalandtura-03\" \/><\/li>\n                <li style=\"display: none; width: 100%;\" class=\"slide-2405 ms-image\" aria-roledescription=\"slide\" aria-label=\"slide-2405\"><img loading=\"lazy\" decoding=\"async\" src=\"http:\/\/www.oagvm.sk\/wphu\/wp-content\/uploads\/2021\/08\/edinburgh-kalandtura-04-600x337.jpg\" height=\"450\" width=\"800\" alt=\"\" class=\"slider-2385 slide-2405\" title=\"edinburgh-kalandtura-04\" \/><\/li>\n                <li style=\"display: none; width: 100%;\" class=\"slide-2401 ms-image\" aria-roledescription=\"slide\" aria-label=\"slide-2401\"><img loading=\"lazy\" decoding=\"async\" src=\"http:\/\/www.oagvm.sk\/wphu\/wp-content\/uploads\/2021\/08\/edinburgh-kalandtura-05-800x450.jpg\" height=\"450\" width=\"800\" alt=\"\" class=\"slider-2385 slide-2401\" title=\"edinburgh-kalandtura-05\" \/><\/li>\n                <li style=\"display: none; width: 100%;\" class=\"slide-2402 ms-image\" aria-roledescription=\"slide\" aria-label=\"slide-2402\"><img loading=\"lazy\" decoding=\"async\" src=\"http:\/\/www.oagvm.sk\/wphu\/wp-content\/uploads\/2021\/08\/edinburgh-kalandtura-06-800x450.jpg\" height=\"450\" width=\"800\" alt=\"\" class=\"slider-2385 slide-2402\" title=\"edinburgh-kalandtura-06\" \/><\/li>\n                <li style=\"display: none; width: 100%;\" class=\"slide-2403 ms-image\" aria-roledescription=\"slide\" aria-label=\"slide-2403\"><img loading=\"lazy\" decoding=\"async\" src=\"http:\/\/www.oagvm.sk\/wphu\/wp-content\/uploads\/2021\/08\/edinburgh-kalandtura-07-450x253.jpg\" height=\"450\" width=\"800\" alt=\"\" class=\"slider-2385 slide-2403\" title=\"edinburgh-kalandtura-07\" \/><\/li>\n                <li style=\"display: none; width: 100%;\" class=\"slide-2398 ms-image\" aria-roledescription=\"slide\" aria-label=\"slide-2398\"><img loading=\"lazy\" decoding=\"async\" src=\"http:\/\/www.oagvm.sk\/wphu\/wp-content\/uploads\/2021\/08\/edinburgh-kalandtura-08-600x337.jpg\" height=\"450\" width=\"800\" alt=\"\" class=\"slider-2385 slide-2398\" title=\"edinburgh-kalandtura-08\" \/><\/li>\n                <li style=\"display: none; width: 100%;\" class=\"slide-2399 ms-image\" aria-roledescription=\"slide\" aria-label=\"slide-2399\"><img loading=\"lazy\" decoding=\"async\" src=\"http:\/\/www.oagvm.sk\/wphu\/wp-content\/uploads\/2021\/08\/edinburgh-kalandtura-09-800x450.jpg\" height=\"450\" width=\"800\" alt=\"\" class=\"slider-2385 slide-2399\" title=\"edinburgh-kalandtura-09\" \/><\/li>\n                <li style=\"display: none; width: 100%;\" class=\"slide-2400 ms-image\" aria-roledescription=\"slide\" aria-label=\"slide-2400\"><img loading=\"lazy\" decoding=\"async\" src=\"http:\/\/www.oagvm.sk\/wphu\/wp-content\/uploads\/2021\/08\/edinburgh-kalandtura-10-600x337.jpg\" height=\"450\" width=\"800\" alt=\"\" class=\"slider-2385 slide-2400\" title=\"edinburgh-kalandtura-10\" \/><\/li>\n                <li style=\"display: none; width: 100%;\" class=\"slide-2396 ms-image\" aria-roledescription=\"slide\" aria-label=\"slide-2396\"><img loading=\"lazy\" decoding=\"async\" src=\"http:\/\/www.oagvm.sk\/wphu\/wp-content\/uploads\/2021\/08\/edinburgh-kalandtura-11-600x337.jpg\" height=\"450\" width=\"800\" alt=\"\" class=\"slider-2385 slide-2396\" title=\"edinburgh-kalandtura-11\" \/><\/li>\n                <li style=\"display: none; width: 100%;\" class=\"slide-2397 ms-image\" aria-roledescription=\"slide\" aria-label=\"slide-2397\"><img loading=\"lazy\" decoding=\"async\" src=\"http:\/\/www.oagvm.sk\/wphu\/wp-content\/uploads\/2021\/08\/edinburgh-kalandtura-12-800x450.jpg\" height=\"450\" width=\"800\" alt=\"\" class=\"slider-2385 slide-2397\" title=\"edinburgh-kalandtura-12\" \/><\/li>\n                <li style=\"display: none; width: 100%;\" class=\"slide-2393 ms-image\" aria-roledescription=\"slide\" aria-label=\"slide-2393\"><img loading=\"lazy\" decoding=\"async\" src=\"http:\/\/www.oagvm.sk\/wphu\/wp-content\/uploads\/2021\/08\/edinburgh-kalandtura-13-800x450.jpg\" height=\"450\" width=\"800\" alt=\"\" class=\"slider-2385 slide-2393\" title=\"edinburgh-kalandtura-13\" \/><\/li>\n                <li style=\"display: none; width: 100%;\" class=\"slide-2394 ms-image\" aria-roledescription=\"slide\" aria-label=\"slide-2394\"><img loading=\"lazy\" decoding=\"async\" src=\"http:\/\/www.oagvm.sk\/wphu\/wp-content\/uploads\/2021\/08\/edinburgh-kalandtura-14-600x337.jpg\" height=\"450\" width=\"800\" alt=\"\" class=\"slider-2385 slide-2394\" title=\"edinburgh-kalandtura-14\" \/><\/li>\n                <li style=\"display: none; width: 100%;\" class=\"slide-2395 ms-image\" aria-roledescription=\"slide\" aria-label=\"slide-2395\"><img loading=\"lazy\" decoding=\"async\" src=\"http:\/\/www.oagvm.sk\/wphu\/wp-content\/uploads\/2021\/08\/edinburgh-kalandtura-15-800x450.jpg\" height=\"450\" width=\"800\" alt=\"\" class=\"slider-2385 slide-2395\" title=\"edinburgh-kalandtura-15\" \/><\/li>\n                <li style=\"display: none; width: 100%;\" class=\"slide-2390 ms-image\" aria-roledescription=\"slide\" aria-label=\"slide-2390\"><img loading=\"lazy\" decoding=\"async\" src=\"http:\/\/www.oagvm.sk\/wphu\/wp-content\/uploads\/2021\/08\/edinburgh-kalandtura-16-800x450.jpg\" height=\"450\" width=\"800\" alt=\"\" class=\"slider-2385 slide-2390\" title=\"edinburgh-kalandtura-16\" \/><\/li>\n                <li style=\"display: none; width: 100%;\" class=\"slide-2391 ms-image\" aria-roledescription=\"slide\" aria-label=\"slide-2391\"><img loading=\"lazy\" decoding=\"async\" src=\"http:\/\/www.oagvm.sk\/wphu\/wp-content\/uploads\/2021\/08\/edinburgh-kalandtura-17-800x450.jpg\" height=\"450\" width=\"800\" alt=\"\" class=\"slider-2385 slide-2391\" title=\"edinburgh-kalandtura-17\" \/><\/li>\n                <li style=\"display: none; width: 100%;\" class=\"slide-2392 ms-image\" aria-roledescription=\"slide\" aria-label=\"slide-2392\"><img loading=\"lazy\" decoding=\"async\" src=\"http:\/\/www.oagvm.sk\/wphu\/wp-content\/uploads\/2021\/08\/edinburgh-kalandtura-18-800x450.jpg\" height=\"450\" width=\"800\" alt=\"\" class=\"slider-2385 slide-2392\" title=\"edinburgh-kalandtura-18\" \/><\/li>\n                <li style=\"display: none; width: 100%;\" class=\"slide-2387 ms-image\" aria-roledescription=\"slide\" aria-label=\"slide-2387\"><img loading=\"lazy\" decoding=\"async\" src=\"http:\/\/www.oagvm.sk\/wphu\/wp-content\/uploads\/2021\/08\/edinburgh-kalandtura-19-600x337.jpg\" height=\"450\" width=\"800\" alt=\"\" class=\"slider-2385 slide-2387\" title=\"edinburgh-kalandtura-19\" \/><\/li>\n                <li style=\"display: none; width: 100%;\" class=\"slide-2388 ms-image\" aria-roledescription=\"slide\" aria-label=\"slide-2388\"><img loading=\"lazy\" decoding=\"async\" src=\"http:\/\/www.oagvm.sk\/wphu\/wp-content\/uploads\/2021\/08\/edinburgh-kalandtura-20-800x450.jpg\" height=\"450\" width=\"800\" alt=\"\" class=\"slider-2385 slide-2388\" title=\"edinburgh-kalandtura-20\" \/><\/li>\n                <li style=\"display: none; width: 100%;\" class=\"slide-2389 ms-image\" aria-roledescription=\"slide\" aria-label=\"slide-2389\"><img loading=\"lazy\" decoding=\"async\" src=\"http:\/\/www.oagvm.sk\/wphu\/wp-content\/uploads\/2021\/08\/edinburgh-kalandtura-01-800x450.jpg\" height=\"450\" width=\"800\" alt=\"\" class=\"slider-2385 slide-2389\" title=\"edinburgh-kalandtura-01\" \/><\/li>\n                <li style=\"display: none; width: 100%;\" class=\"slide-2386 ms-image\" aria-roledescription=\"slide\" aria-label=\"slide-2386\"><img loading=\"lazy\" decoding=\"async\" src=\"http:\/\/www.oagvm.sk\/wphu\/wp-content\/uploads\/2021\/08\/edinburgh-kalandtura-02-800x450.jpg\" height=\"450\" width=\"800\" alt=\"\" class=\"slider-2385 slide-2386\" title=\"edinburgh-kalandtura-02\" \/><\/li>\n            <\/ul>\n        <\/div>\n        \n    <\/div>\n<\/div><\/h3>\n<h3 style=\"text-align: justify;\"><a href=\"http:\/\/www.oagvm.sk\/wphirfolyam\/?paged=2&amp;m=202106\">http:\/\/www.oagvm.sk\/wphirfolyam\/?paged=2&amp;m=202106<\/a><\/h3>\n<h3 style=\"text-align: justify;\"><strong><span style=\"font-size: 18pt;\">Kapcsol\u00f3dj be te is a programba \u00e9s fejleszd \u00f6nmagad!<\/span><\/strong><\/h3>\n<h3 style=\"text-align: left;\"><strong><span style=\"font-size: 18pt;\">A program ismertet\u00e9se \u00e9s motiv\u00e1l\u00f3 toborz\u00e1s a k\u00f6vetkez\u0151 tan\u00e9vre.<\/span><\/strong><\/h3>\n<h3 style=\"text-align: center;\"><div id=\"metaslider-id-2377\" style=\"width: 100%;\" class=\"ml-slider-3-50-0 metaslider metaslider-flex metaslider-2377 ml-slider ms-theme-default nav-hidden nav-hidden nav-hidden nav-hidden\" role=\"region\" aria-roledescription=\"Slideshow\" aria-label=\"Edinburgh-20-21-nabor\">\n    <div id=\"metaslider_container_2377\">\n        <div id=\"metaslider_2377\">\n            <ul aria-live=\"polite\" class=\"slides\">\n                <li style=\"display: block; width: 100%;\" class=\"slide-2384 ms-image\" aria-roledescription=\"slide\" aria-label=\"slide-2384\"><img loading=\"lazy\" decoding=\"async\" src=\"http:\/\/www.oagvm.sk\/wphu\/wp-content\/uploads\/2021\/08\/edinburgh-eloadas-02-800x450.jpg\" height=\"450\" width=\"800\" alt=\"\" class=\"slider-2377 slide-2384\" title=\"edinburgh-eloadas-02\" \/><\/li>\n                <li style=\"display: none; width: 100%;\" class=\"slide-2381 ms-image\" aria-roledescription=\"slide\" aria-label=\"slide-2381\"><img loading=\"lazy\" decoding=\"async\" src=\"http:\/\/www.oagvm.sk\/wphu\/wp-content\/uploads\/2021\/08\/edinburgh-eloadas-03-800x450.jpg\" height=\"450\" width=\"800\" alt=\"\" class=\"slider-2377 slide-2381\" title=\"edinburgh-eloadas-03\" \/><\/li>\n                <li style=\"display: none; width: 100%;\" class=\"slide-2382 ms-image\" aria-roledescription=\"slide\" aria-label=\"slide-2382\"><img loading=\"lazy\" decoding=\"async\" src=\"http:\/\/www.oagvm.sk\/wphu\/wp-content\/uploads\/2021\/08\/edinburgh-eloadas-04-800x450.jpg\" height=\"450\" width=\"800\" alt=\"\" class=\"slider-2377 slide-2382\" title=\"edinburgh-eloadas-04\" \/><\/li>\n                <li style=\"display: none; width: 100%;\" class=\"slide-2383 ms-image\" aria-roledescription=\"slide\" aria-label=\"slide-2383\"><img loading=\"lazy\" decoding=\"async\" src=\"http:\/\/www.oagvm.sk\/wphu\/wp-content\/uploads\/2021\/08\/edinburgh-eloadas-05-800x450.jpg\" height=\"450\" width=\"800\" alt=\"\" class=\"slider-2377 slide-2383\" title=\"edinburgh-eloadas-05\" \/><\/li>\n                <li style=\"display: none; width: 100%;\" class=\"slide-2378 ms-image\" aria-roledescription=\"slide\" aria-label=\"slide-2378\"><img loading=\"lazy\" decoding=\"async\" src=\"http:\/\/www.oagvm.sk\/wphu\/wp-content\/uploads\/2021\/08\/edinburgh-eloadas-06-800x450.jpg\" height=\"450\" width=\"800\" alt=\"\" class=\"slider-2377 slide-2378\" title=\"edinburgh-eloadas-06\" \/><\/li>\n                <li style=\"display: none; width: 100%;\" class=\"slide-2379 ms-image\" aria-roledescription=\"slide\" aria-label=\"slide-2379\"><img loading=\"lazy\" decoding=\"async\" src=\"http:\/\/www.oagvm.sk\/wphu\/wp-content\/uploads\/2021\/08\/edinburgh-eloadas-07-800x450.jpg\" height=\"450\" width=\"800\" alt=\"\" class=\"slider-2377 slide-2379\" title=\"edinburgh-eloadas-07\" \/><\/li>\n                <li style=\"display: none; width: 100%;\" class=\"slide-2380 ms-image\" aria-roledescription=\"slide\" aria-label=\"slide-2380\"><img loading=\"lazy\" decoding=\"async\" src=\"http:\/\/www.oagvm.sk\/wphu\/wp-content\/uploads\/2021\/08\/edinburgh-eloadas-01-800x450.jpg\" height=\"450\" width=\"800\" alt=\"\" class=\"slider-2377 slide-2380\" title=\"edinburgh-eloadas-01\" \/><\/li>\n            <\/ul>\n        <\/div>\n        \n    <\/div>\n<\/div><\/h3>\n<h3 style=\"text-align: justify;\"><a href=\"http:\/\/www.oagvm.sk\/wphirfolyam\/?paged=5&amp;m=202106\">http:\/\/www.oagvm.sk\/wphirfolyam\/?paged=5&amp;m=202106<\/a><\/h3>\n","protected":false},"excerpt":{"rendered":"<p>&nbsp; Rendhagy\u00f3 Edinburgh-d\u00edj \u00e1tad\u00e1s A j\u00e1rv\u00e1ny\u00fcgyi helyzetre val\u00f3 tekintettel az Edinburgh-d\u00edj \u00e1tad\u00e1s\u00e1ra csak szimbolikusan, egy online cerem\u00f3nia keret\u00e9ben ker\u00fclhetett sor. Ezt k\u00f6vet\u0151en Mari\u00e1n Zachar, a program igazgat\u00f3ja \u00e9s Jana Kub\u00edkov\u00e1, a program D\u00e9l-Szlov\u00e1ki\u00e1\u00e9rt felel\u0151s vezet\u0151je szem\u00e9lyesen l\u00e1togattak el iskol\u00e1nkra, hogy az iskola igazgat\u00f3n\u0151j\u00e9nek \u00e1tadj\u00e1k a bronz fokozatot teljes\u00edt\u0151 di\u00e1kjainknak j\u00e1r\u00f3 elismerv\u00e9nyeket \u00e9s \u00e9rmeket. http:\/\/www.oagvm.sk\/wphirfolyam\/?paged=4&amp;m=202011 Bronz &#8230; <a title=\"Edinburgh \u2013 2020\/2021\" class=\"read-more\" href=\"http:\/\/www.oagvm.sk\/wphu\/?page_id=2293\" aria-label=\"Tov\u00e1bbiak Edinburgh \u2013 2020\/2021\">Olvass tov\u00e1bb<\/a><\/p>\n","protected":false},"author":1,"featured_media":0,"parent":2275,"menu_order":0,"comment_status":"closed","ping_status":"closed","template":"","meta":{"ngg_post_thumbnail":0,"footnotes":""},"_links":{"self":[{"href":"http:\/\/www.oagvm.sk\/wphu\/index.php?rest_route=\/wp\/v2\/pages\/2293"}],"collection":[{"href":"http:\/\/www.oagvm.sk\/wphu\/index.php?rest_route=\/wp\/v2\/pages"}],"about":[{"href":"http:\/\/www.oagvm.sk\/wphu\/index.php?rest_route=\/wp\/v2\/types\/page"}],"author":[{"embeddable":true,"href":"http:\/\/www.oagvm.sk\/wphu\/index.php?rest_route=\/wp\/v2\/users\/1"}],"replies":[{"embeddable":true,"href":"http:\/\/www.oagvm.sk\/wphu\/index.php?rest_route=%2Fwp%2Fv2%2Fcomments&post=2293"}],"version-history":[{"count":21,"href":"http:\/\/www.oagvm.sk\/wphu\/index.php?rest_route=\/wp\/v2\/pages\/2293\/revisions"}],"predecessor-version":[{"id":6023,"href":"http:\/\/www.oagvm.sk\/wphu\/index.php?rest_route=\/wp\/v2\/pages\/2293\/revisions\/6023"}],"up":[{"embeddable":true,"href":"http:\/\/www.oagvm.sk\/wphu\/index.php?rest_route=\/wp\/v2\/pages\/2275"}],"wp:attachment":[{"href":"http:\/\/www.oagvm.sk\/wphu\/index.php?rest_route=%2Fwp%2Fv2%2Fmedia&parent=2293"}],"curies":[{"name":"wp","href":"https:\/\/api.w.org\/{rel}","templated":true}]}}