{"id":2581,"date":"2021-09-09T14:36:38","date_gmt":"2021-09-09T12:36:38","guid":{"rendered":"http:\/\/www.oagvm.sk\/wphu\/?page_id=2581"},"modified":"2021-09-09T14:36:38","modified_gmt":"2021-09-09T12:36:38","slug":"erettsegizok-2021","status":"publish","type":"page","link":"http:\/\/www.oagvm.sk\/wphu\/?page_id=2581","title":{"rendered":"\u00c9retts\u00e9giz\u0151k &#8211; 2021"},"content":{"rendered":"<p align=\"center\"><img loading=\"lazy\" decoding=\"async\" class=\"wp-image-506 size-full\" src=\"http:\/\/www.oagvm.sk\/wphu\/wp-content\/uploads\/2020\/09\/IV_A.jpg\" alt=\"\" width=\"998\" height=\"667\"><\/p>\n<p align=\"center\"><span style=\"font-size: 300%;\">IV. A<\/span><\/p>\n<hr>\n<p align=\"center\"><img loading=\"lazy\" decoding=\"async\" class=\"wp-image-506 size-full\" src=\"http:\/\/www.oagvm.sk\/wphu\/wp-content\/uploads\/2020\/09\/IV_BI.jpg\" alt=\"\" width=\"998\" height=\"667\"><\/p>\n<p align=\"center\"><span style=\"font-size: 300%;\">IV. BI<\/span><\/p>\n<hr>\n<p align=\"center\"><img loading=\"lazy\" decoding=\"async\" class=\"wp-image-506 size-full\" src=\"http:\/\/www.oagvm.sk\/wphu\/wp-content\/uploads\/2020\/09\/IV_CM.jpg\" alt=\"\" width=\"998\" height=\"667\"><\/p>\n<p align=\"center\"><span style=\"font-size: 300%;\">IV. CM<\/span><\/p>\n<hr>\n","protected":false},"excerpt":{"rendered":"<p>IV. A IV. BI IV. CM<\/p>\n","protected":false},"author":1,"featured_media":0,"parent":504,"menu_order":0,"comment_status":"closed","ping_status":"closed","template":"","meta":{"ngg_post_thumbnail":0,"footnotes":""},"_links":{"self":[{"href":"http:\/\/www.oagvm.sk\/wphu\/index.php?rest_route=\/wp\/v2\/pages\/2581"}],"collection":[{"href":"http:\/\/www.oagvm.sk\/wphu\/index.php?rest_route=\/wp\/v2\/pages"}],"about":[{"href":"http:\/\/www.oagvm.sk\/wphu\/index.php?rest_route=\/wp\/v2\/types\/page"}],"author":[{"embeddable":true,"href":"http:\/\/www.oagvm.sk\/wphu\/index.php?rest_route=\/wp\/v2\/users\/1"}],"replies":[{"embeddable":true,"href":"http:\/\/www.oagvm.sk\/wphu\/index.php?rest_route=%2Fwp%2Fv2%2Fcomments&post=2581"}],"version-history":[{"count":1,"href":"http:\/\/www.oagvm.sk\/wphu\/index.php?rest_route=\/wp\/v2\/pages\/2581\/revisions"}],"predecessor-version":[{"id":2582,"href":"http:\/\/www.oagvm.sk\/wphu\/index.php?rest_route=\/wp\/v2\/pages\/2581\/revisions\/2582"}],"up":[{"embeddable":true,"href":"http:\/\/www.oagvm.sk\/wphu\/index.php?rest_route=\/wp\/v2\/pages\/504"}],"wp:attachment":[{"href":"http:\/\/www.oagvm.sk\/wphu\/index.php?rest_route=%2Fwp%2Fv2%2Fmedia&parent=2581"}],"curies":[{"name":"wp","href":"https:\/\/api.w.org\/{rel}","templated":true}]}}