{"id":2606,"date":"2021-09-13T09:04:18","date_gmt":"2021-09-13T07:04:18","guid":{"rendered":"http:\/\/www.oagvm.sk\/wphu\/?page_id=2606"},"modified":"2022-09-14T11:47:32","modified_gmt":"2022-09-14T09:47:32","slug":"6329-m-3-4-evfolyam-2","status":"publish","type":"page","link":"http:\/\/www.oagvm.sk\/wphu\/?page_id=2606","title":{"rendered":"6329 M &#8211; 4. \u00e9vfolyam"},"content":{"rendered":"<p align=\"center\">\n          <object data=\"http:\/\/www.oagvm.sk\/wphu\/wp-content\/uploads\/2022\/09\/OINF-2022-2023_4.-rocnik.pdf\" type=\"application\/pdf\"  \nwidth=\"820px\" \nheight=\"1130px\" \nbgcolor= \"#ff0000\"><\/p>\n<p>A b\u00f6ng\u00e9sz\u0151je sajnos nem rendelkezik PDF be\u00e9p\u00fcl\u0151 modullal.<br \/>\n              Ide kattintva <a href=\"http:\/\/www.oagvm.sk\/wphu\/wp-content\/uploads\/2022\/09\/OINF-2022-2023_4.-rocnik.pdf\">viszont let\u00f6ltheti a PDF f\u00e1jlt.<\/a><\/p><\/object>\n        <\/p>\n","protected":false},"excerpt":{"rendered":"<p>A b\u00f6ng\u00e9sz\u0151je sajnos nem rendelkezik PDF be\u00e9p\u00fcl\u0151 modullal. Ide kattintva viszont let\u00f6ltheti a PDF f\u00e1jlt.<\/p>\n","protected":false},"author":1,"featured_media":0,"parent":469,"menu_order":0,"comment_status":"closed","ping_status":"closed","template":"","meta":{"ngg_post_thumbnail":0,"footnotes":""},"_links":{"self":[{"href":"http:\/\/www.oagvm.sk\/wphu\/index.php?rest_route=\/wp\/v2\/pages\/2606"}],"collection":[{"href":"http:\/\/www.oagvm.sk\/wphu\/index.php?rest_route=\/wp\/v2\/pages"}],"about":[{"href":"http:\/\/www.oagvm.sk\/wphu\/index.php?rest_route=\/wp\/v2\/types\/page"}],"author":[{"embeddable":true,"href":"http:\/\/www.oagvm.sk\/wphu\/index.php?rest_route=\/wp\/v2\/users\/1"}],"replies":[{"embeddable":true,"href":"http:\/\/www.oagvm.sk\/wphu\/index.php?rest_route=%2Fwp%2Fv2%2Fcomments&post=2606"}],"version-history":[{"count":2,"href":"http:\/\/www.oagvm.sk\/wphu\/index.php?rest_route=\/wp\/v2\/pages\/2606\/revisions"}],"predecessor-version":[{"id":3258,"href":"http:\/\/www.oagvm.sk\/wphu\/index.php?rest_route=\/wp\/v2\/pages\/2606\/revisions\/3258"}],"up":[{"embeddable":true,"href":"http:\/\/www.oagvm.sk\/wphu\/index.php?rest_route=\/wp\/v2\/pages\/469"}],"wp:attachment":[{"href":"http:\/\/www.oagvm.sk\/wphu\/index.php?rest_route=%2Fwp%2Fv2%2Fmedia&parent=2606"}],"curies":[{"name":"wp","href":"https:\/\/api.w.org\/{rel}","templated":true}]}}