{"id":2619,"date":"2021-09-28T11:28:48","date_gmt":"2021-09-28T09:28:48","guid":{"rendered":"http:\/\/www.oagvm.sk\/wphu\/?page_id=2619"},"modified":"2023-04-03T14:39:50","modified_gmt":"2023-04-03T12:39:50","slug":"erasmus-2017-2018","status":"publish","type":"page","link":"http:\/\/www.oagvm.sk\/wphu\/?page_id=2619","title":{"rendered":"Erasmus+ 2017\/2018"},"content":{"rendered":"<table style=\"border-collapse: collapse; width: 77.8826%;\">\n<tbody>\n<tr>\n<td style=\"width: 34.41%;\"><span style=\"font-family: 'times new roman', times;\"><strong>Viede\u0148 \u2013 B\u00e9cs<\/strong><\/span><\/td>\n<td style=\"width: 66.2118%;\"><span style=\"font-family: 'times new roman', times;\"><strong>&nbsp;14.10.2017 \u2013 3.11.2017<\/strong><\/span><\/td>\n<\/tr>\n<tr>\n<td style=\"width: 34.41%;\"><span style=\"font-family: 'times new roman', times;\">Projekt \u010d.&nbsp;<\/span><\/td>\n<td style=\"width: 66.2118%;\"><span style=\"font-family: 'times new roman', times;\"><strong>2017-1-SK01-KA102-035068<\/strong><\/span><\/td>\n<\/tr>\n<tr>\n<td style=\"width: 34.41%;\"><span style=\"font-family: 'times new roman', times;\">N\u00e1zov projektu:&nbsp;&nbsp;<\/span><\/td>\n<td style=\"width: 66.2118%;\"><span style=\"font-family: 'times new roman', times;\"><strong>Odborn\u00e9 v\u00fdzvy zajtraj\u0161ka v zahrani\u010d\u00ed<br \/>\nJ\u00f6v\u0151 szakmai kih\u00edv\u00e1sai k\u00fclf\u00f6ld\u00f6n<br \/>\n<\/strong><\/span><\/td>\n<\/tr>\n<\/tbody>\n<\/table>\n<h3><span style=\"font-family: tahoma, arial, helvetica, sans-serif; font-size: 12pt;\"><span style=\"color: #ff6600; font-size: 14pt;\"><strong>J\u00f6v\u0151 szakmai kih\u00edv\u00e1sai k\u00fclf\u00f6ld\u00f6n<\/strong><strong> &#8211; k\u00fclf\u00f6ldi szakmai gyakorlat<\/strong>&nbsp;&nbsp;&nbsp; <\/span>&nbsp;&nbsp;<\/span><\/h3>\n<h3 style=\"text-align: justify;\"><span style=\"font-family: tahoma, arial, helvetica, sans-serif; font-size: 12pt;\">Sikeres p\u00e1ly\u00e1zatunk, az&nbsp;<strong>Erasmus+&nbsp;<\/strong>\u2013 az EU \u00faj oktat\u00e1si, k\u00e9pz\u00e9si, ifj\u00fas\u00e1gi \u00e9s sportprogramja \u2013 ism\u00e9telten \u00f3ri\u00e1si lehet\u0151s\u00e9get ny\u00fajt di\u00e1kjainknak.&nbsp;A&nbsp;<strong>J\u00f6v\u0151 szakmai kih\u00edv\u00e1sai k\u00fclf\u00f6ld\u00f6n<\/strong><strong>&nbsp;<\/strong>elnevez\u00e9s\u0171 projekt seg\u00edts\u00e9g\u00e9vel di\u00e1kjaink olyan szakmai tapasztalatokra tehetnek szert, melyek el\u0151seg\u00edtik a munkaer\u0151piacon val\u00f3 j\u00f6v\u0151beni elhelyezked\u00e9s\u00fcket. A&nbsp;2017\/2018-as tan\u00e9vben&nbsp;<strong>a kereskedelmi akad\u00e9mia<\/strong>&nbsp;8 di\u00e1kja, valamint<strong>&nbsp;a region\u00e1lis idegenforgalmi menedzsment&nbsp;<\/strong>tanulm\u00e1nyi szak&nbsp; \u00fagyszint\u00e9n 8 di\u00e1kja h\u00e1romhetes szakmai gyakorlaton vehet r\u00e9szt Ausztri\u00e1ban, pontosabban B\u00e9csben. &nbsp;&nbsp;&nbsp;<\/span><\/h3>\n<h3 style=\"text-align: justify;\"><span style=\"font-family: tahoma, arial, helvetica, sans-serif; font-size: 12pt;\">Di\u00e1kjaink &nbsp;2017. j\u00fanius 7-\u00e9n&nbsp; \u00f6ttag\u00fa szakmai bizotts\u00e1g el\u0151tt bizony\u00edtott\u00e1k r\u00e1termetts\u00e9g\u00fcket az anyanyelven \u00e9s idegen nyelven t\u00f6rt\u00e9n\u0151 meghallgat\u00e1son. A&nbsp;28 p\u00e1ly\u00e1z\u00f3 k\u00f6z\u00fcl ker\u00fclt ki az a&nbsp;16 di\u00e1k, akik \u0151sszel egy \u00e9letre sz\u00f3l\u00f3 szakmai tapasztalatot szerezhetnek k\u00fclf\u00f6ld\u00f6n.&nbsp;<strong>A sikeres szerepl\u00e9shez minden p\u00e1ly\u00e1z\u00f3nak sz\u00edvb\u0151l gratul\u00e1lunk!<\/strong><\/span><\/h3>\n<h3 style=\"text-align: right;\"><span style=\"font-family: tahoma, arial, helvetica, sans-serif; font-size: 12pt;\"><em>Ing. Baranyai Ang\u00e9la<\/em>, koordin\u00e1tor&nbsp;<\/span><\/h3>\n<h3><span style=\"font-family: tahoma, arial, helvetica, sans-serif; font-size: 14pt; color: #ff6600;\"><strong>Odborn\u00e9 v\u00fdzvy zajtraj\u0161ka v zahrani\u010d\u00ed<\/strong>&nbsp;&nbsp;&nbsp;<\/span><\/h3>\n<h3 style=\"text-align: justify;\"><span style=\"font-family: tahoma, arial, helvetica, sans-serif; font-size: 12pt;\">Pozit\u00edvne ohodnotenie projektu&nbsp;<strong>Erasmus+&nbsp;<\/strong>\u2013<strong>&nbsp;<\/strong>program E\u00da pre vzdel\u00e1vanie, odborn\u00fa pr\u00edpravu, ml\u00e1de\u017e a \u0161port \u2013 je pre n\u00e1s ve\u013ek\u00fdm pote\u0161en\u00edm. N\u00e1\u0161 projekt pod n\u00e1zvom&nbsp;<strong>\u201e<\/strong><strong>Odborn\u00e9 v\u00fdzvy zajtraj\u0161ka v zahrani\u010d\u00ed\u201c<\/strong>&nbsp;umo\u017en\u00ed 16 na\u0161im \u0161tudentom z\u00fa\u010dastni\u0165 sa trojt\u00fd\u017ed\u0148ovej odbornej praxe, a to 8 \u017eiakom \u0161tudijn\u00e9ho odboru obchodn\u00e1 akad\u00e9mia a 8 \u017eiakom \u0161tudijn\u00e9ho odboru mana\u017ement region\u00e1lneho cestovn\u00e9ho ruchu v Rak\u00fasku, vo Viedni. &nbsp;&nbsp; &nbsp;&nbsp;<\/span><\/h3>\n<h3 style=\"text-align: justify;\"><span style=\"font-family: tahoma, arial, helvetica, sans-serif; font-size: 12pt;\">Na\u0161i \u017eiaci 7. j\u00fana 2017 dok\u00e1zali svoje schopnosti na \u00fastnom pohovore pred p\u00e4\u0165\u010dlennou odbornou komisiou v&nbsp;materinskom a&nbsp;tie\u017e v&nbsp;cudzom jazyku. Z&nbsp;28 uch\u00e1dza\u010dov bolo vybran\u00fdch 16 \u017eiakov, ktor\u00ed m\u00f4\u017eu na jese\u0148 z\u00edska\u0165 neocenite\u013en\u00e9 odborn\u00e9 sk\u00fasenosti v&nbsp;zahrani\u010d\u00ed.&nbsp;<strong>Ku kvalitn\u00fdm prezent\u00e1ci\u00e1m gratulujeme v\u0161etk\u00fdm uch\u00e1dza\u010dom!<\/strong><\/span><\/h3>\n<h3 style=\"text-align: right;\"><span style=\"font-family: tahoma, arial, helvetica, sans-serif; font-size: 12pt;\"><em>Ing. Angela Baranyai<\/em>, koordin\u00e1torka<\/span><\/h3>\n<p style=\"text-align: center;\"><div id=\"metaslider-id-2765\" style=\"max-width: 800px; margin: 0 auto;\" class=\"ml-slider-3-50-0 metaslider metaslider-flex metaslider-2765 ml-slider ms-theme-default nav-hidden\" role=\"region\" aria-roledescription=\"Slideshow\" aria-label=\"Erasmus-2017\/18\">\n    <div id=\"metaslider_container_2765\">\n        <div id=\"metaslider_2765\">\n            <ul aria-live=\"polite\" class=\"slides\">\n                <li style=\"display: block; width: 100%;\" class=\"slide-2776 ms-image\" aria-roledescription=\"slide\" aria-label=\"slide-2776\"><img loading=\"lazy\" decoding=\"async\" src=\"http:\/\/www.oagvm.sk\/wphu\/wp-content\/uploads\/2021\/10\/erasmus-f-01.jpg\" height=\"600\" width=\"800\" alt=\"\" class=\"slider-2765 slide-2776\" title=\"erasmus-f-01\" \/><\/li>\n                <li style=\"display: none; width: 100%;\" class=\"slide-2777 ms-image\" aria-roledescription=\"slide\" aria-label=\"slide-2777\"><img loading=\"lazy\" decoding=\"async\" src=\"http:\/\/www.oagvm.sk\/wphu\/wp-content\/uploads\/2021\/10\/erasmus-f-02.jpg\" height=\"600\" width=\"800\" alt=\"\" class=\"slider-2765 slide-2777\" title=\"erasmus-f-02\" \/><\/li>\n                <li style=\"display: none; width: 100%;\" class=\"slide-2778 ms-image\" aria-roledescription=\"slide\" aria-label=\"slide-2778\"><img loading=\"lazy\" decoding=\"async\" src=\"http:\/\/www.oagvm.sk\/wphu\/wp-content\/uploads\/2021\/10\/erasmus-f-03.jpg\" height=\"600\" width=\"800\" alt=\"\" class=\"slider-2765 slide-2778\" title=\"erasmus-f-03\" \/><\/li>\n                <li style=\"display: none; width: 100%;\" class=\"slide-2779 ms-image\" aria-roledescription=\"slide\" aria-label=\"slide-2779\"><img loading=\"lazy\" decoding=\"async\" src=\"http:\/\/www.oagvm.sk\/wphu\/wp-content\/uploads\/2021\/10\/erasmus-f-04.jpg\" height=\"600\" width=\"800\" alt=\"\" class=\"slider-2765 slide-2779\" title=\"erasmus-f-04\" \/><\/li>\n                <li style=\"display: none; width: 100%;\" class=\"slide-2780 ms-image\" aria-roledescription=\"slide\" aria-label=\"slide-2780\"><img loading=\"lazy\" decoding=\"async\" src=\"http:\/\/www.oagvm.sk\/wphu\/wp-content\/uploads\/2021\/10\/erasmus-f-05.jpg\" height=\"600\" width=\"800\" alt=\"\" class=\"slider-2765 slide-2780\" title=\"erasmus-f-05\" \/><\/li>\n                <li style=\"display: none; width: 100%;\" class=\"slide-2781 ms-image\" aria-roledescription=\"slide\" aria-label=\"slide-2781\"><img loading=\"lazy\" decoding=\"async\" src=\"http:\/\/www.oagvm.sk\/wphu\/wp-content\/uploads\/2021\/10\/erasmus-f-06.jpg\" height=\"600\" width=\"800\" alt=\"\" class=\"slider-2765 slide-2781\" title=\"erasmus-f-06\" \/><\/li>\n                <li style=\"display: none; width: 100%;\" class=\"slide-2782 ms-image\" aria-roledescription=\"slide\" aria-label=\"slide-2782\"><img loading=\"lazy\" decoding=\"async\" src=\"http:\/\/www.oagvm.sk\/wphu\/wp-content\/uploads\/2021\/10\/erasmus-f-07.jpg\" height=\"600\" width=\"800\" alt=\"\" class=\"slider-2765 slide-2782\" title=\"erasmus-f-07\" \/><\/li>\n                <li style=\"display: none; width: 100%;\" class=\"slide-2783 ms-image\" aria-roledescription=\"slide\" aria-label=\"slide-2783\"><img loading=\"lazy\" decoding=\"async\" src=\"http:\/\/www.oagvm.sk\/wphu\/wp-content\/uploads\/2021\/10\/erasmus-f-08.jpg\" height=\"600\" width=\"800\" alt=\"\" class=\"slider-2765 slide-2783\" title=\"erasmus-f-08\" \/><\/li>\n                <li style=\"display: none; width: 100%;\" class=\"slide-2784 ms-image\" aria-roledescription=\"slide\" aria-label=\"slide-2784\"><img loading=\"lazy\" decoding=\"async\" src=\"http:\/\/www.oagvm.sk\/wphu\/wp-content\/uploads\/2021\/10\/erasmus-f-09.jpg\" height=\"600\" width=\"800\" alt=\"\" class=\"slider-2765 slide-2784\" title=\"erasmus-f-09\" \/><\/li>\n                <li style=\"display: none; width: 100%;\" class=\"slide-2785 ms-image\" aria-roledescription=\"slide\" aria-label=\"slide-2785\"><img loading=\"lazy\" decoding=\"async\" src=\"http:\/\/www.oagvm.sk\/wphu\/wp-content\/uploads\/2021\/10\/erasmus-f-10.jpg\" height=\"600\" width=\"800\" alt=\"\" class=\"slider-2765 slide-2785\" title=\"erasmus-f-10\" \/><\/li>\n            <\/ul>\n        <\/div>\n        \n    <\/div>\n<\/div><\/p>\n<p style=\"text-align: center;\"><a href=\"https:\/\/parameter.sk\/szakmai-gyakorlaton-vettek-reszt-becsben-nagymegyeri-kereskedelmi-akademia-diakjai\">Param\u00e9ter \u2013 Szakmai gyakorlaton vettek r\u00e9szt B\u00e9csben a Nagymegyeri Kereskedelmi Akad\u00e9mia di\u00e1kjai<\/a><\/p>\n","protected":false},"excerpt":{"rendered":"<p>Viede\u0148 \u2013 B\u00e9cs &nbsp;14.10.2017 \u2013 3.11.2017 Projekt \u010d.&nbsp; 2017-1-SK01-KA102-035068 N\u00e1zov projektu:&nbsp;&nbsp; Odborn\u00e9 v\u00fdzvy zajtraj\u0161ka v zahrani\u010d\u00ed J\u00f6v\u0151 szakmai kih\u00edv\u00e1sai k\u00fclf\u00f6ld\u00f6n J\u00f6v\u0151 szakmai kih\u00edv\u00e1sai k\u00fclf\u00f6ld\u00f6n &#8211; k\u00fclf\u00f6ldi szakmai gyakorlat&nbsp;&nbsp;&nbsp; &nbsp;&nbsp; Sikeres p\u00e1ly\u00e1zatunk, az&nbsp;Erasmus+&nbsp;\u2013 az EU \u00faj oktat\u00e1si, k\u00e9pz\u00e9si, ifj\u00fas\u00e1gi \u00e9s sportprogramja \u2013 ism\u00e9telten \u00f3ri\u00e1si lehet\u0151s\u00e9get ny\u00fajt di\u00e1kjainknak.&nbsp;A&nbsp;J\u00f6v\u0151 szakmai kih\u00edv\u00e1sai k\u00fclf\u00f6ld\u00f6n&nbsp;elnevez\u00e9s\u0171 projekt seg\u00edts\u00e9g\u00e9vel di\u00e1kjaink olyan szakmai tapasztalatokra &#8230; <a title=\"Erasmus+ 2017\/2018\" class=\"read-more\" href=\"http:\/\/www.oagvm.sk\/wphu\/?page_id=2619\" aria-label=\"Tov\u00e1bbiak Erasmus+ 2017\/2018\">Olvass tov\u00e1bb<\/a><\/p>\n","protected":false},"author":1,"featured_media":0,"parent":1212,"menu_order":0,"comment_status":"closed","ping_status":"closed","template":"","meta":{"ngg_post_thumbnail":0,"footnotes":""},"_links":{"self":[{"href":"http:\/\/www.oagvm.sk\/wphu\/index.php?rest_route=\/wp\/v2\/pages\/2619"}],"collection":[{"href":"http:\/\/www.oagvm.sk\/wphu\/index.php?rest_route=\/wp\/v2\/pages"}],"about":[{"href":"http:\/\/www.oagvm.sk\/wphu\/index.php?rest_route=\/wp\/v2\/types\/page"}],"author":[{"embeddable":true,"href":"http:\/\/www.oagvm.sk\/wphu\/index.php?rest_route=\/wp\/v2\/users\/1"}],"replies":[{"embeddable":true,"href":"http:\/\/www.oagvm.sk\/wphu\/index.php?rest_route=%2Fwp%2Fv2%2Fcomments&post=2619"}],"version-history":[{"count":11,"href":"http:\/\/www.oagvm.sk\/wphu\/index.php?rest_route=\/wp\/v2\/pages\/2619\/revisions"}],"predecessor-version":[{"id":3919,"href":"http:\/\/www.oagvm.sk\/wphu\/index.php?rest_route=\/wp\/v2\/pages\/2619\/revisions\/3919"}],"up":[{"embeddable":true,"href":"http:\/\/www.oagvm.sk\/wphu\/index.php?rest_route=\/wp\/v2\/pages\/1212"}],"wp:attachment":[{"href":"http:\/\/www.oagvm.sk\/wphu\/index.php?rest_route=%2Fwp%2Fv2%2Fmedia&parent=2619"}],"curies":[{"name":"wp","href":"https:\/\/api.w.org\/{rel}","templated":true}]}}