{"id":2640,"date":"2021-09-28T11:51:37","date_gmt":"2021-09-28T09:51:37","guid":{"rendered":"http:\/\/www.oagvm.sk\/wphu\/?page_id=2640"},"modified":"2023-04-03T14:42:34","modified_gmt":"2023-04-03T12:42:34","slug":"erasmus-2018-2019","status":"publish","type":"page","link":"http:\/\/www.oagvm.sk\/wphu\/?page_id=2640","title":{"rendered":"Erasmus+ 2018\/2019"},"content":{"rendered":"<table style=\"border-collapse: collapse;\">\n<tbody>\n<tr>\n<td style=\"width: 34.41%;\"><span style=\"font-family: 'times new roman', times;\"><strong>Viede\u0148 \u2013 B\u00e9cs<\/strong><\/span><\/td>\n<td style=\"width: 66.2118%;\"><span style=\"font-family: 'times new roman', times;\"><strong>2.11.2018-22.11.2018<\/strong><\/span><\/td>\n<\/tr>\n<tr>\n<td style=\"width: 34.41%;\"><span style=\"font-family: 'times new roman', times;\">Projekt \u010d.&nbsp;<\/span><\/td>\n<td style=\"width: 66.2118%;\"><span style=\"font-family: 'times new roman', times;\"><strong>2018-1-SK01-KA102-045874<\/strong><\/span><\/td>\n<\/tr>\n<tr>\n<td style=\"width: 34.41%;\"><span style=\"font-family: 'times new roman', times;\">N\u00e1zov projektu:&nbsp;&nbsp;<\/span><\/td>\n<td style=\"width: 66.2118%;\"><span style=\"font-family: 'times new roman', times;\"><strong>Druh\u00e9 odborn\u00e9 v\u00fdzvy zajtraj\u0161ka v zahrani\u010d\u00ed<br \/>\nA holnap m\u00e1sodik szakmai kih\u00edv\u00e1sa k\u00fclf\u00f6ld\u00f6n<br \/>\n<\/strong><\/span><\/td>\n<\/tr>\n<\/tbody>\n<\/table>\n<h3><span style=\"font-family: tahoma, arial, helvetica, sans-serif; font-size: 14pt; color: #ff6600;\"><strong>Egy \u00e9letre sz\u00f3l\u00f3 \u00e9lm\u00e9ny, avagy szakmai gyakorlat B\u00e9csben<\/strong><\/span><\/h3>\n<h3 style=\"text-align: justify;\"><span style=\"font-family: tahoma, arial, helvetica, sans-serif; font-size: 12pt;\">Kiszakadni a&nbsp;megszokott k\u00f6rnyezetb\u0151l, k\u00fclf\u00f6ld\u00f6n t\u00f6lteni n\u00e9h\u00e1ny hetet, emellett m\u00e9g dolgozni is, bizony nagy kih\u00edv\u00e1s egy tizen\u00e9ves sz\u00e1m\u00e1ra, de lehet\u0151s\u00e9g is a&nbsp;szakmai fejl\u0151d\u00e9sre, amit elszalasztani nem szabad.<strong>&nbsp;<\/strong>A&nbsp;Nagymegyeri Kereskedelmi Akad\u00e9mia di\u00e1kjai a&nbsp;2018\/2019-es tan\u00e9vben imm\u00e1r 4. alkalommal vehettek r\u00e9szt k\u00fclf\u00f6ldi szakmai gyakorlaton az Erasmus+ mobilit\u00e1si projekt keret\u00e9ben. Budapest, Mil\u00e1n\u00f3 \u00e9s B\u00e9cs ut\u00e1n teh\u00e1t id\u00e9n is sikerrel p\u00e1ly\u00e1ztunk \u201eA j\u00f6v\u0151 szakmai kih\u00edv\u00e1sai ism\u00e9t\u201c elnevez\u00e9s\u0171 programban, amelynek k\u00f6sz\u00f6nhet\u0151en 16 tanul\u00f3nk h\u00e1rom csod\u00e1latos hetet t\u00f6lthetett \u00fajfent B\u00e9csben.&nbsp;<\/span><\/h3>\n<h3 style=\"text-align: justify;\"><span style=\"font-family: tahoma, arial, helvetica, sans-serif; font-size: 12pt;\">A 2018. november 2-t\u00f3l november 22-ig tart\u00f3 szakmai gyakorlaton di\u00e1kjaink sz\u00e1mos b\u00e9csi v\u00e1llalatn\u00e1l dolgoztak, ki-ki a tanulm\u00e1nyi szakir\u00e1ny\u00e1nak megfelel\u0151 munkak\u00f6rben. A region\u00e1lis idegenforgalmi menedzsment szak tanul\u00f3i sz\u00e1llod\u00e1kban tett\u00e9k pr\u00f3b\u00e1ra szakmai felk\u00e9sz\u00fclts\u00e9g\u00fcket \u00e9s nyelvtud\u00e1sukat. R\u00f3zsa Anna, Piroska Tamara \u00e9s Lakatos&nbsp;Izabella p\u00e9ld\u00e1ul a&nbsp;Meininger Hotels sz\u00e1llodal\u00e1nc h\u00e1rom hotelj\u00e9ben (Meininger Hotel Wien Downtown Franz, Meininger Hotel Wien Downtown Sissi, Meininger Hotel Wien Hauptbahnhof) gyakornokoskodott, a K&amp;K Palais Hotelben M\u00e9ry Veronika, m\u00edg a Flemings Hotel-Westbanhofban Ferenczi Dominika, Kert\u00e9sz Anna, Magyarics N\u00f3ra \u00e9s Czibor Vikt\u00f3ria tett szert szakmai tapasztalatokra. Kereskedelmi akad\u00e9mia szakos di\u00e1kjaink k\u00fcl\u00f6nb\u00f6z\u0151 v\u00e1llalatok irod\u00e1iban dolgoztak. Szab\u00f3 Katalin p\u00e9ld\u00e1ul a&nbsp;Brenner&amp;Company-n\u00e1l, Bug\u00e1r M\u00e1ria \u00e9s \u00c1brah\u00e1m Barbara a&nbsp;Schweiz Tourism irod\u00e1j\u00e1ban, Gombk\u00f6t\u00f6 Krisztina, Ambrus Diana, Barta Vikt\u00f3ria, Haver M\u00e1rta \u00e9s Lampert Barbara pedig a Lawvision v\u00e1llalatn\u00e1l kamatoztatta szakmai tud\u00e1s\u00e1t.&nbsp;<\/span><\/h3>\n<h3 style=\"text-align: justify;\"><span style=\"font-family: tahoma, arial, helvetica, sans-serif; font-size: 12pt;\">A&nbsp;szakmai gyakorlat mellett term\u00e9szetesen sz\u00f3rakoz\u00e1sra, m\u0171vel\u0151d\u00e9sre is jutott id\u0151. A&nbsp;di\u00e1kok szabadid\u0151s programjait k\u00eds\u00e9r\u0151 tan\u00e1raik \u2013 Kiss Klaudia, M\u00e9sz\u00e1ros Katalin, Baranyai Ang\u00e9la \u00e9s Ga\u00e1l Edit \u2013 szervezt\u00e9k, \u00e1ll\u00edtott\u00e1k \u00f6ssze. A&nbsp;felejthetetlen \u00e9lm\u00e9nyek sor\u00e1ba tartozik t\u00f6bbek k\u00f6z\u00f6tt a&nbsp;sch\u00f6nbrunni kast\u00e9ly, az Operah\u00e1z, a Pr\u00e1ter, Madame Tussauds Panoptikuma, a Sz\u00e9pm\u0171v\u00e9szeti M\u00fazeum, a&nbsp;Hundertwasser-h\u00e1z, a&nbsp;Duna-torony, az Ill\u00fazi\u00f3k M\u00fazeuma \u00e9s a&nbsp;kar\u00e1csonyi v\u00e1s\u00e1rok forgataga. &nbsp;&nbsp;&nbsp;&nbsp;&nbsp;&nbsp;&nbsp;&nbsp;&nbsp;&nbsp;&nbsp;&nbsp;<\/span><\/h3>\n<h3 style=\"text-align: justify;\"><span style=\"font-family: tahoma, arial, helvetica, sans-serif; font-size: 12pt;\">Iskol\u00e1nk alapvet\u0151 feladat\u00e1nak tekinti a munkaer\u0151piac elv\u00e1r\u00e1saihoz igazod\u00f3 szakmai oktat\u00e1st, ami nemcsak az elm\u00e9leti ismeretek \u00e9s szakmai j\u00e1rtass\u00e1gok tan\u00edt\u00e1s\u00e1t jelenti, hanem a szakmai idegennyelvtud\u00e1s, a&nbsp;hat\u00e9kony kommunik\u00e1ci\u00f3 elsaj\u00e1t\u00edt\u00e1s\u00e1t \u00e9s az informatikai alkalmaz\u00e1sok ismeret\u00e9t is. Ebb\u0151l kiindulva projekt\u00fcnk c\u00e9lja az volt, hogy a&nbsp;di\u00e1kok m\u00e1r az iskolai oktat\u00e1s sor\u00e1n olyan szakmai idegennyelvtud\u00e1sra tegyenek szert, hogy azt\u00e1n ennek k\u00f6sz\u00f6nhet\u0151en&nbsp;a&nbsp;szakm\u00e1ban megszerzett elm\u00e9leti \u00e9s gyakorlati ismereteiket a&nbsp;sz\u00e1mukra idegen k\u00f6rnyezetben is alkalmazni tudj\u00e1k. A fogad\u00f3 int\u00e9zm\u00e9nyek munkat\u00e1rsainak visszajelz\u00e9sei alapj\u00e1n mindez siker\u00fclt, tan\u00edtv\u00e1nyaink szakszer\u0171en, hat\u00e9konyan \u00e9s kultur\u00e1ltan v\u00e9gezt\u00e9k a r\u00e1juk b\u00edzott feladatokat. Munk\u00e1juk sor\u00e1n k\u00fcl\u00f6nf\u00e9le munkak\u00f6r\u00f6kben dolgoztak, p\u00e9ld\u00e1ul nyilv\u00e1ntart\u00e1sokat vezettek, p\u00e9nz\u00fcgyi bizonylatok szab\u00e1lyos kit\u00f6lt\u00e9s\u00e9vel, \u00fcgyiratkezel\u00e9ssel foglalkoztak, mik\u00f6zben betekint\u00e9st nyertek az \u00fcgyf\u00e9lkapcsolati m\u00f3dszerekbe \u00e9s k\u00fcl\u00f6nb\u00f6z\u0151 irodai szoftvereket is megismerhettek.&nbsp;<\/span><\/h3>\n<h3 style=\"text-align: justify;\"><span style=\"font-family: tahoma, arial, helvetica, sans-serif; font-size: 12pt;\">\u00d6sszess\u00e9g\u00e9ben elmondhatjuk, hogy az Erasmus+ mobilit\u00e1si projekt keret\u00e9ben beny\u00fajtott p\u00e1ly\u00e1zatunk c\u00e9ljai, feladatai marad\u00e9ktalanul megval\u00f3sultak. A k\u00fclf\u00f6ldi szakmai gyakorlatnak k\u00f6sz\u00f6nhet\u0151en jelent\u0151s m\u00e9rt\u00e9kben n\u0151tt di\u00e1kjaink szakmai felk\u00e9sz\u00fclts\u00e9ge \u00e9s probl\u00e9mamagold\u00f3 k\u00e9szs\u00e9ge, emellett idegennyelvtud\u00e1suk, szakmai sz\u00f3kincs\u00fck is \u00e9rezhet\u0151en gyarapodott, s nem utols\u00f3 sorban megn\u0151tt a tanul\u00e1s ir\u00e1nti motiv\u00e1ci\u00f3juk is. A mobilit\u00e1si projekt a szem\u00e9lyis\u00e9gfejleszt\u00e9s, \u00f6nismeret, c\u00e9ltudatoss\u00e1g, magabiztoss\u00e1g, \u00f6n\u00e1ll\u00f3s\u00e1g, t\u00e1rsas kapcsolatok ter\u00e9n is hozz\u00e1j\u00e1rult a r\u00e9sztvev\u0151k k\u00e9szs\u00e9geinek, kompetenci\u00e1inak fejl\u0151d\u00e9s\u00e9hez. Tanul\u00f3ink b\u00e9csi tart\u00f3zkod\u00e1suk alatt megtapasztalhatt\u00e1k egy m\u00e1sik nemzet, \u00e1llam munkakult\u00far\u00e1j\u00e1t, k\u00f6zben \u00faj szem\u00e9lyes kapcsolatokat \u00e9p\u00edtettek ki, s nyitottabb\u00e1 v\u00e1ltak a t\u00e1rsadalmi-kultur\u00e1lis soksz\u00edn\u0171s\u00e9gre.&nbsp;<\/span><\/h3>\n<h3 style=\"text-align: justify;\"><span style=\"font-family: tahoma, arial, helvetica, sans-serif; font-size: 12pt;\">A program nemsok\u00e1ra a r\u00e9sztvev\u0151k \u00e9lm\u00e9nybesz\u00e1mol\u00f3j\u00e1val \u00e9s a k\u00fclf\u00f6ldi szakmai gyakorlatot tan\u00fas\u00edt\u00f3 Europass Mobilit\u00e1si bizony\u00edtv\u00e1nyok \u00fcnnep\u00e9lyes \u00e1tad\u00e1s\u00e1val z\u00e1rul. Di\u00e1kjaink j\u00f3l tudj\u00e1k, hogy iskol\u00e1nk egy olyan lehet\u0151s\u00e9get biztos\u00edtott sz\u00e1mukra, amely nagyban hozz\u00e1seg\u00edti majd \u0151ket a munkaer\u0151piacon val\u00f3 elhelyezked\u00e9shez. &nbsp;&nbsp;<\/span><\/h3>\n<h3 style=\"text-align: justify;\">&nbsp;<\/h3>\n<h3 style=\"text-align: right;\"><span style=\"font-family: tahoma, arial, helvetica, sans-serif; font-size: 12pt;\"><em>Ing. Baranyai Ang\u00e9la<\/em>, koordin\u00e1tor, szaktan\u00e1r &nbsp; &nbsp;&nbsp;<\/span><\/h3>\n<h3 style=\"text-align: justify;\"><span style=\"font-family: tahoma, arial, helvetica, sans-serif; font-size: 12pt;\"><span style=\"color: #ff6600; font-size: 14pt;\"><strong>Celo\u017eivotn\u00fd z\u00e1\u017eitok \u2013 odborn\u00e1 prax vo Viedni<\/strong><\/span>&nbsp;&nbsp;&nbsp;<\/span><\/h3>\n<h3 style=\"text-align: justify;\"><span style=\"font-family: tahoma, arial, helvetica, sans-serif; font-size: 12pt;\">By\u0165 vytrhnut\u00fd zo zn\u00e1meho prostredia, str\u00e1vi\u0165 nieko\u013eko t\u00fd\u017ed\u0148ov v&nbsp;zahrani\u010d\u00ed, popritom pracova\u0165 to je veru ve\u013ek\u00e1 v\u00fdzva pre \u201en\u00e1s\u0165ro\u010dn\u00fdch\u201c, ale aj pr\u00edle\u017eitos\u0165 na odborn\u00fd rast, ktorej sa treba chopi\u0165. \u0160tudenti Obchodnej akad\u00e9mie vo Ve\u013ekom Mederi sa mohli u\u017e po \u0161tvrt\u00fdkr\u00e1t z\u00fa\u010dastni\u0165 zahrani\u010dnej odbornej praxe v\u010faka projektu Erasmus+. Po Budape\u0161ti, Mil\u00e1ne a&nbsp;Viedni sme op\u00e4tovne mohli str\u00e1vi\u0165 tri \u00fa\u017easn\u00e9 t\u00fd\u017edne vo Viedni. Od 2. novembra do 22. novembra 2018 mohlo 16 \u0161tudentov zbiera\u0165 sk\u00fasenosti na rozli\u010dn\u00fdch pracovisk\u00e1ch, zodpovedaj\u00facich ich zameraniu. \u0160tudenti \u0161tudijn\u00e9ho odboru mana\u017ement region\u00e1lneho cestovn\u00e9ho ruchu si svoju odborn\u00fa sp\u00f4sobilos\u0165 a&nbsp;jazykov\u00fa zdatnos\u0165 mohli vysk\u00fa\u0161a\u0165 v&nbsp;hoteloch. R\u00f3zsa Anna, Piroska Tamara a&nbsp;Lakatos Izabella praxovali v&nbsp;troch hoteloch hotelovej siete Meininger Hotels (Meininger Hotel Wien Downtown Franz, Meininger Hotel Wien Downtown Sissi, Meininger Hotel Wien Hauptbahnhof), M\u00e9ry Veronika v&nbsp;Hoteli Palais K&amp;K, Ferenczi Dominika, Kert\u00e9sz Anna, Magyarics N\u00f3ra a&nbsp;Vikt\u00f3ria Czibor v&nbsp;Fleming\u00b4s Hotel \u2013 Westbanhof. \u0160tudenti obchodnej akad\u00e9mie pracovali v&nbsp;kancel\u00e1riach r\u00f4znych podnikov. V&nbsp;Brenner &amp; Company pracovala Szab\u00f3 Katalin, v&nbsp;kancel\u00e1rii Schweiz Tourism zasa Gombk\u00f6t\u0151 Krisztina, Ambrus Diana, Barta Vikt\u00f3ria, Haver M\u00e1rta a&nbsp;Lampert Barbara mohla uplatni\u0165 svoje znalosti v&nbsp;podniku Lawvision. Popri odbornej praxi sa na\u0161iel \u010das aj na z\u00e1bavu a&nbsp;vzdel\u00e1vanie. Vo\u013en\u00fd \u010das \u0161tudentom zorganizovali sprev\u00e1dzaj\u00faci pedag\u00f3govia: Klaudia Kiss, Katar\u00edna M\u00e9sz\u00e1rosov\u00e1, Ang\u00e9la Baranyai a&nbsp;Edita Ga\u00e1lov\u00e1. K&nbsp;nezabudnute\u013en\u00fdm patr\u00ed n\u00e1v\u0161teva mnoh\u00fdch pam\u00e4tihodnost\u00ed, napr.: Sch\u00f6nbrunn, Opera, Prater, M\u00fazeum voskov\u00fdch figur\u00edn at\u010f. &nbsp;Program sa onedlho uzavrie rozpr\u00e1van\u00edm \u0161tudentsk\u00fdch z\u00e1\u017eitkov a sl\u00e1vnostn\u00fdm odovzd\u00e1van\u00edm dokumentov Europass, ktor\u00e9 potvrdzuj\u00fa absolvovanie odbornej praxe. Na\u0161i \u0161tudenti s\u00fa si plne vedom\u00ed toho, \u017ee na\u0161a \u0161kola im poskytla tak\u00fa mo\u017enos\u0165, ktor\u00e1 im pom\u00f4\u017ee pri uplatnen\u00ed sa na trhu pr\u00e1ce. &nbsp;&nbsp;&nbsp;&nbsp;&nbsp;<\/span><\/h3>\n<h3 style=\"text-align: right;\"><span style=\"font-family: tahoma, arial, helvetica, sans-serif; font-size: 12pt;\"><em>Ing. Ang\u00e9la Baranyai<\/em>, koordin\u00e1torka a vyu\u010duj\u00faca odborn\u00fdch predmetov<\/span><\/h3>\n<p style=\"text-align: center;\"><div id=\"metaslider-id-2791\" style=\"max-width: 800px; margin: 0 auto;\" class=\"ml-slider-3-50-0 metaslider metaslider-flex metaslider-2791 ml-slider ms-theme-default nav-hidden\" role=\"region\" aria-roledescription=\"Slideshow\" aria-label=\"Erasmus-2018\/19-B\u00e9cs\">\n    <div id=\"metaslider_container_2791\">\n        <div id=\"metaslider_2791\">\n            <ul aria-live=\"polite\" class=\"slides\">\n                <li style=\"display: block; width: 100%;\" class=\"slide-2808 ms-image\" aria-roledescription=\"slide\" aria-label=\"slide-2808\"><img loading=\"lazy\" decoding=\"async\" src=\"http:\/\/www.oagvm.sk\/wphu\/wp-content\/uploads\/2021\/10\/erasmuswien-01.jpg\" height=\"600\" width=\"800\" alt=\"\" class=\"slider-2791 slide-2808\" title=\"erasmuswien-01\" \/><\/li>\n                <li style=\"display: none; width: 100%;\" class=\"slide-2809 ms-image\" aria-roledescription=\"slide\" aria-label=\"slide-2809\"><img loading=\"lazy\" decoding=\"async\" src=\"http:\/\/www.oagvm.sk\/wphu\/wp-content\/uploads\/2021\/10\/erasmuswien-02.jpg\" height=\"600\" width=\"800\" alt=\"\" class=\"slider-2791 slide-2809\" title=\"erasmuswien-02\" \/><\/li>\n                <li style=\"display: none; width: 100%;\" class=\"slide-2810 ms-image\" aria-roledescription=\"slide\" aria-label=\"slide-2810\"><img loading=\"lazy\" decoding=\"async\" src=\"http:\/\/www.oagvm.sk\/wphu\/wp-content\/uploads\/2021\/10\/erasmuswien-03.jpg\" height=\"600\" width=\"800\" alt=\"\" class=\"slider-2791 slide-2810\" title=\"erasmuswien-03\" \/><\/li>\n                <li style=\"display: none; width: 100%;\" class=\"slide-2811 ms-image\" aria-roledescription=\"slide\" aria-label=\"slide-2811\"><img loading=\"lazy\" decoding=\"async\" src=\"http:\/\/www.oagvm.sk\/wphu\/wp-content\/uploads\/2021\/10\/erasmuswien-04.jpg\" height=\"600\" width=\"800\" alt=\"\" class=\"slider-2791 slide-2811\" title=\"erasmuswien-04\" \/><\/li>\n                <li style=\"display: none; width: 100%;\" class=\"slide-2812 ms-image\" aria-roledescription=\"slide\" aria-label=\"slide-2812\"><img loading=\"lazy\" decoding=\"async\" src=\"http:\/\/www.oagvm.sk\/wphu\/wp-content\/uploads\/2021\/10\/erasmuswien-05-450x337.jpg\" height=\"600\" width=\"800\" alt=\"\" class=\"slider-2791 slide-2812\" title=\"erasmuswien-05\" \/><\/li>\n                <li style=\"display: none; width: 100%;\" class=\"slide-2813 ms-image\" aria-roledescription=\"slide\" aria-label=\"slide-2813\"><img loading=\"lazy\" decoding=\"async\" src=\"http:\/\/www.oagvm.sk\/wphu\/wp-content\/uploads\/2021\/10\/erasmuswien-06.jpg\" height=\"600\" width=\"800\" alt=\"\" class=\"slider-2791 slide-2813\" title=\"erasmuswien-06\" \/><\/li>\n                <li style=\"display: none; width: 100%;\" class=\"slide-2814 ms-image\" aria-roledescription=\"slide\" aria-label=\"slide-2814\"><img loading=\"lazy\" decoding=\"async\" src=\"http:\/\/www.oagvm.sk\/wphu\/wp-content\/uploads\/2021\/10\/erasmuswien-07.jpg\" height=\"600\" width=\"800\" alt=\"\" class=\"slider-2791 slide-2814\" title=\"erasmuswien-07\" \/><\/li>\n                <li style=\"display: none; width: 100%;\" class=\"slide-2815 ms-image\" aria-roledescription=\"slide\" aria-label=\"slide-2815\"><img loading=\"lazy\" decoding=\"async\" src=\"http:\/\/www.oagvm.sk\/wphu\/wp-content\/uploads\/2021\/10\/erasmuswien-08.jpg\" height=\"600\" width=\"800\" alt=\"\" class=\"slider-2791 slide-2815\" title=\"erasmuswien-08\" \/><\/li>\n                <li style=\"display: none; width: 100%;\" class=\"slide-2816 ms-image\" aria-roledescription=\"slide\" aria-label=\"slide-2816\"><img loading=\"lazy\" decoding=\"async\" src=\"http:\/\/www.oagvm.sk\/wphu\/wp-content\/uploads\/2021\/10\/erasmuswien-09-450x337.jpg\" height=\"600\" width=\"800\" alt=\"\" class=\"slider-2791 slide-2816\" title=\"erasmuswien-09\" \/><\/li>\n                <li style=\"display: none; width: 100%;\" class=\"slide-2817 ms-image\" aria-roledescription=\"slide\" aria-label=\"slide-2817\"><img loading=\"lazy\" decoding=\"async\" src=\"http:\/\/www.oagvm.sk\/wphu\/wp-content\/uploads\/2021\/10\/erasmuswien-10.jpg\" height=\"600\" width=\"800\" alt=\"\" class=\"slider-2791 slide-2817\" title=\"erasmuswien-10\" \/><\/li>\n                <li style=\"display: none; width: 100%;\" class=\"slide-2818 ms-image\" aria-roledescription=\"slide\" aria-label=\"slide-2818\"><img loading=\"lazy\" decoding=\"async\" src=\"http:\/\/www.oagvm.sk\/wphu\/wp-content\/uploads\/2021\/10\/erasmuswien-11-450x337.jpg\" height=\"600\" width=\"800\" alt=\"\" class=\"slider-2791 slide-2818\" title=\"erasmuswien-11\" \/><\/li>\n                <li style=\"display: none; width: 100%;\" class=\"slide-2819 ms-image\" aria-roledescription=\"slide\" aria-label=\"slide-2819\"><img loading=\"lazy\" decoding=\"async\" src=\"http:\/\/www.oagvm.sk\/wphu\/wp-content\/uploads\/2021\/10\/erasmuswien-12.jpg\" height=\"600\" width=\"800\" alt=\"\" class=\"slider-2791 slide-2819\" title=\"erasmuswien-12\" \/><\/li>\n                <li style=\"display: none; width: 100%;\" class=\"slide-2820 ms-image\" aria-roledescription=\"slide\" aria-label=\"slide-2820\"><img loading=\"lazy\" decoding=\"async\" src=\"http:\/\/www.oagvm.sk\/wphu\/wp-content\/uploads\/2021\/10\/erasmuswien-13-450x337.jpg\" height=\"600\" width=\"800\" alt=\"\" class=\"slider-2791 slide-2820\" title=\"erasmuswien-13\" \/><\/li>\n                <li style=\"display: none; width: 100%;\" class=\"slide-2821 ms-image\" aria-roledescription=\"slide\" aria-label=\"slide-2821\"><img loading=\"lazy\" decoding=\"async\" src=\"http:\/\/www.oagvm.sk\/wphu\/wp-content\/uploads\/2021\/10\/erasmuswien-14.jpg\" height=\"600\" width=\"800\" alt=\"\" class=\"slider-2791 slide-2821\" title=\"erasmuswien-14\" \/><\/li>\n                <li style=\"display: none; width: 100%;\" class=\"slide-2822 ms-image\" aria-roledescription=\"slide\" aria-label=\"slide-2822\"><img loading=\"lazy\" decoding=\"async\" src=\"http:\/\/www.oagvm.sk\/wphu\/wp-content\/uploads\/2021\/10\/erasmuswien-15.jpg\" height=\"600\" width=\"800\" alt=\"\" class=\"slider-2791 slide-2822\" title=\"erasmuswien-15\" \/><\/li>\n                <li style=\"display: none; width: 100%;\" class=\"slide-2823 ms-image\" aria-roledescription=\"slide\" aria-label=\"slide-2823\"><img loading=\"lazy\" decoding=\"async\" src=\"http:\/\/www.oagvm.sk\/wphu\/wp-content\/uploads\/2021\/10\/erasmuswien-16-450x337.jpg\" height=\"600\" width=\"800\" alt=\"\" class=\"slider-2791 slide-2823\" title=\"erasmuswien-16\" \/><\/li>\n            <\/ul>\n        <\/div>\n        \n    <\/div>\n<\/div><\/p>\n","protected":false},"excerpt":{"rendered":"<p>Viede\u0148 \u2013 B\u00e9cs 2.11.2018-22.11.2018 Projekt \u010d.&nbsp; 2018-1-SK01-KA102-045874 N\u00e1zov projektu:&nbsp;&nbsp; Druh\u00e9 odborn\u00e9 v\u00fdzvy zajtraj\u0161ka v zahrani\u010d\u00ed A holnap m\u00e1sodik szakmai kih\u00edv\u00e1sa k\u00fclf\u00f6ld\u00f6n Egy \u00e9letre sz\u00f3l\u00f3 \u00e9lm\u00e9ny, avagy szakmai gyakorlat B\u00e9csben Kiszakadni a&nbsp;megszokott k\u00f6rnyezetb\u0151l, k\u00fclf\u00f6ld\u00f6n t\u00f6lteni n\u00e9h\u00e1ny hetet, emellett m\u00e9g dolgozni is, bizony nagy kih\u00edv\u00e1s egy tizen\u00e9ves sz\u00e1m\u00e1ra, de lehet\u0151s\u00e9g is a&nbsp;szakmai fejl\u0151d\u00e9sre, amit elszalasztani nem szabad.&nbsp;A&nbsp;Nagymegyeri &#8230; <a title=\"Erasmus+ 2018\/2019\" class=\"read-more\" href=\"http:\/\/www.oagvm.sk\/wphu\/?page_id=2640\" aria-label=\"Tov\u00e1bbiak Erasmus+ 2018\/2019\">Olvass tov\u00e1bb<\/a><\/p>\n","protected":false},"author":1,"featured_media":0,"parent":1212,"menu_order":0,"comment_status":"closed","ping_status":"closed","template":"","meta":{"ngg_post_thumbnail":0,"footnotes":""},"_links":{"self":[{"href":"http:\/\/www.oagvm.sk\/wphu\/index.php?rest_route=\/wp\/v2\/pages\/2640"}],"collection":[{"href":"http:\/\/www.oagvm.sk\/wphu\/index.php?rest_route=\/wp\/v2\/pages"}],"about":[{"href":"http:\/\/www.oagvm.sk\/wphu\/index.php?rest_route=\/wp\/v2\/types\/page"}],"author":[{"embeddable":true,"href":"http:\/\/www.oagvm.sk\/wphu\/index.php?rest_route=\/wp\/v2\/users\/1"}],"replies":[{"embeddable":true,"href":"http:\/\/www.oagvm.sk\/wphu\/index.php?rest_route=%2Fwp%2Fv2%2Fcomments&post=2640"}],"version-history":[{"count":7,"href":"http:\/\/www.oagvm.sk\/wphu\/index.php?rest_route=\/wp\/v2\/pages\/2640\/revisions"}],"predecessor-version":[{"id":3921,"href":"http:\/\/www.oagvm.sk\/wphu\/index.php?rest_route=\/wp\/v2\/pages\/2640\/revisions\/3921"}],"up":[{"embeddable":true,"href":"http:\/\/www.oagvm.sk\/wphu\/index.php?rest_route=\/wp\/v2\/pages\/1212"}],"wp:attachment":[{"href":"http:\/\/www.oagvm.sk\/wphu\/index.php?rest_route=%2Fwp%2Fv2%2Fmedia&parent=2640"}],"curies":[{"name":"wp","href":"https:\/\/api.w.org\/{rel}","templated":true}]}}