{"id":3419,"date":"2022-10-07T08:42:41","date_gmt":"2022-10-07T06:42:41","guid":{"rendered":"http:\/\/www.oagvm.sk\/wphu\/?page_id=3419"},"modified":"2025-09-16T09:25:09","modified_gmt":"2025-09-16T07:25:09","slug":"osztalyok-2022-2023","status":"publish","type":"page","link":"http:\/\/www.oagvm.sk\/wphu\/?page_id=3419","title":{"rendered":"\u00c9retts\u00e9giz\u0151k \u2013 2025"},"content":{"rendered":"<hr>\n<p align=\"center\">&nbsp;<\/p>\n<p align=\"center\"><img loading=\"lazy\" decoding=\"async\" class=\"alignnone size-large wp-image-5724\" src=\"http:\/\/www.oagvm.sk\/wphu\/wp-content\/uploads\/2024\/09\/IV.A-1024x683.jpg\" alt=\"\" width=\"1024\" height=\"683\" srcset=\"http:\/\/www.oagvm.sk\/wphu\/wp-content\/uploads\/2024\/09\/IV.A-1024x683.jpg 1024w, http:\/\/www.oagvm.sk\/wphu\/wp-content\/uploads\/2024\/09\/IV.A-300x200.jpg 300w, http:\/\/www.oagvm.sk\/wphu\/wp-content\/uploads\/2024\/09\/IV.A-768x512.jpg 768w, http:\/\/www.oagvm.sk\/wphu\/wp-content\/uploads\/2024\/09\/IV.A-1536x1024.jpg 1536w, http:\/\/www.oagvm.sk\/wphu\/wp-content\/uploads\/2024\/09\/IV.A-2048x1365.jpg 2048w\" sizes=\"(max-width: 1024px) 100vw, 1024px\" \/><\/p>\n<p align=\"center\"><span style=\"font-size: 300%;\">IV. A<\/span><\/p>\n<hr>\n<p align=\"center\"><img loading=\"lazy\" decoding=\"async\" class=\"alignnone size-large wp-image-5725\" src=\"http:\/\/www.oagvm.sk\/wphu\/wp-content\/uploads\/2024\/09\/IV.B-1024x683.jpg\" alt=\"\" width=\"1024\" height=\"683\" srcset=\"http:\/\/www.oagvm.sk\/wphu\/wp-content\/uploads\/2024\/09\/IV.B-1024x683.jpg 1024w, http:\/\/www.oagvm.sk\/wphu\/wp-content\/uploads\/2024\/09\/IV.B-300x200.jpg 300w, http:\/\/www.oagvm.sk\/wphu\/wp-content\/uploads\/2024\/09\/IV.B-768x512.jpg 768w, http:\/\/www.oagvm.sk\/wphu\/wp-content\/uploads\/2024\/09\/IV.B-1536x1024.jpg 1536w, http:\/\/www.oagvm.sk\/wphu\/wp-content\/uploads\/2024\/09\/IV.B-2048x1365.jpg 2048w\" sizes=\"(max-width: 1024px) 100vw, 1024px\" \/><\/p>\n<p align=\"center\"><span style=\"font-size: 300%;\">IV. B<\/span><\/p>\n<hr>\n<p align=\"center\">&nbsp;<\/p>\n","protected":false},"excerpt":{"rendered":"<p>&nbsp; IV. A IV. B &nbsp;<\/p>\n","protected":false},"author":1,"featured_media":0,"parent":504,"menu_order":0,"comment_status":"closed","ping_status":"closed","template":"","meta":{"ngg_post_thumbnail":0,"footnotes":""},"_links":{"self":[{"href":"http:\/\/www.oagvm.sk\/wphu\/index.php?rest_route=\/wp\/v2\/pages\/3419"}],"collection":[{"href":"http:\/\/www.oagvm.sk\/wphu\/index.php?rest_route=\/wp\/v2\/pages"}],"about":[{"href":"http:\/\/www.oagvm.sk\/wphu\/index.php?rest_route=\/wp\/v2\/types\/page"}],"author":[{"embeddable":true,"href":"http:\/\/www.oagvm.sk\/wphu\/index.php?rest_route=\/wp\/v2\/users\/1"}],"replies":[{"embeddable":true,"href":"http:\/\/www.oagvm.sk\/wphu\/index.php?rest_route=%2Fwp%2Fv2%2Fcomments&post=3419"}],"version-history":[{"count":9,"href":"http:\/\/www.oagvm.sk\/wphu\/index.php?rest_route=\/wp\/v2\/pages\/3419\/revisions"}],"predecessor-version":[{"id":6447,"href":"http:\/\/www.oagvm.sk\/wphu\/index.php?rest_route=\/wp\/v2\/pages\/3419\/revisions\/6447"}],"up":[{"embeddable":true,"href":"http:\/\/www.oagvm.sk\/wphu\/index.php?rest_route=\/wp\/v2\/pages\/504"}],"wp:attachment":[{"href":"http:\/\/www.oagvm.sk\/wphu\/index.php?rest_route=%2Fwp%2Fv2%2Fmedia&parent=3419"}],"curies":[{"name":"wp","href":"https:\/\/api.w.org\/{rel}","templated":true}]}}