{"id":5044,"date":"2023-10-02T22:26:12","date_gmt":"2023-10-02T20:26:12","guid":{"rendered":"http:\/\/www.oagvm.sk\/wphu\/?page_id=5044"},"modified":"2023-10-02T22:26:12","modified_gmt":"2023-10-02T20:26:12","slug":"2022-2023","status":"publish","type":"page","link":"http:\/\/www.oagvm.sk\/wphu\/?page_id=5044","title":{"rendered":"2022\/2023"},"content":{"rendered":"<p><span style=\"font-size: 14pt; font-family: tahoma, arial, helvetica, sans-serif;\">Let\u00f6lthet\u0151 f\u00e1jlok:<\/span><\/p>\n<p><a href=\"http:\/\/www.oagvm.sk\/wphu\/wp-content\/uploads\/2023\/10\/Udaje-o-aktivitach.pdf\"><span style=\"font-size: 14pt; font-family: tahoma, arial, helvetica, sans-serif;\">Projektek \u00e9s versenyek<\/span><\/a><\/p>\n<p><span style=\"font-size: 14pt; font-family: tahoma, arial, helvetica, sans-serif;\"><a href=\"http:\/\/www.oagvm.sk\/wphu\/wp-content\/uploads\/2023\/10\/Udaje-o-aktivitach.pdf\" class=\"pdfemb-viewer\" style=\"\" data-width=\"max\" data-height=\"max\"  data-toolbar=\"bottom\" data-toolbar-fixed=\"off\">\u00dadaje o aktivit\u00e1ch<br\/><\/a><\/span><\/p>\n","protected":false},"excerpt":{"rendered":"<p>Let\u00f6lthet\u0151 f\u00e1jlok: Projektek \u00e9s versenyek<\/p>\n","protected":false},"author":2,"featured_media":0,"parent":562,"menu_order":0,"comment_status":"closed","ping_status":"closed","template":"","meta":{"ngg_post_thumbnail":0,"footnotes":""},"_links":{"self":[{"href":"http:\/\/www.oagvm.sk\/wphu\/index.php?rest_route=\/wp\/v2\/pages\/5044"}],"collection":[{"href":"http:\/\/www.oagvm.sk\/wphu\/index.php?rest_route=\/wp\/v2\/pages"}],"about":[{"href":"http:\/\/www.oagvm.sk\/wphu\/index.php?rest_route=\/wp\/v2\/types\/page"}],"author":[{"embeddable":true,"href":"http:\/\/www.oagvm.sk\/wphu\/index.php?rest_route=\/wp\/v2\/users\/2"}],"replies":[{"embeddable":true,"href":"http:\/\/www.oagvm.sk\/wphu\/index.php?rest_route=%2Fwp%2Fv2%2Fcomments&post=5044"}],"version-history":[{"count":1,"href":"http:\/\/www.oagvm.sk\/wphu\/index.php?rest_route=\/wp\/v2\/pages\/5044\/revisions"}],"predecessor-version":[{"id":5046,"href":"http:\/\/www.oagvm.sk\/wphu\/index.php?rest_route=\/wp\/v2\/pages\/5044\/revisions\/5046"}],"up":[{"embeddable":true,"href":"http:\/\/www.oagvm.sk\/wphu\/index.php?rest_route=\/wp\/v2\/pages\/562"}],"wp:attachment":[{"href":"http:\/\/www.oagvm.sk\/wphu\/index.php?rest_route=%2Fwp%2Fv2%2Fmedia&parent=5044"}],"curies":[{"name":"wp","href":"https:\/\/api.w.org\/{rel}","templated":true}]}}