{"id":5105,"date":"2023-10-09T23:02:54","date_gmt":"2023-10-09T21:02:54","guid":{"rendered":"http:\/\/www.oagvm.sk\/wphu\/?page_id=5105"},"modified":"2023-10-09T23:10:04","modified_gmt":"2023-10-09T21:10:04","slug":"k","status":"publish","type":"page","link":"http:\/\/www.oagvm.sk\/wphu\/?page_id=5105","title":{"rendered":"\u00c9retts\u00e9giz\u0151k &#8211; 2023"},"content":{"rendered":"<p align=\"center\">&nbsp;<\/p>\n<p align=\"center\">&nbsp;<\/p>\n<p align=\"center\"><img loading=\"lazy\" decoding=\"async\" class=\"wp-image-506 size-full\" src=\"http:\/\/www.oagvm.sk\/wphu\/wp-content\/uploads\/2022\/10\/IV_A.jpg\" alt=\"\" width=\"998\" height=\"667\"><\/p>\n<p align=\"center\"><span style=\"font-size: 300%;\">IV. A<\/span><\/p>\n<hr>\n<p align=\"center\"><img loading=\"lazy\" decoding=\"async\" class=\"wp-image-506 size-full\" src=\"http:\/\/www.oagvm.sk\/wphu\/wp-content\/uploads\/2022\/10\/IV_B.jpg\" alt=\"\" width=\"998\" height=\"667\"><\/p>\n<p align=\"center\"><span style=\"font-size: 300%;\">IV. B<\/span><\/p>\n<hr>\n<p align=\"center\"><img loading=\"lazy\" decoding=\"async\" class=\"wp-image-506 size-full\" src=\"http:\/\/www.oagvm.sk\/wphu\/wp-content\/uploads\/2022\/10\/IV_C.jpg\" alt=\"\" width=\"998\" height=\"667\"><\/p>\n<p align=\"center\"><span style=\"font-size: 300%;\">IV. C<\/span><\/p>\n<hr>\n","protected":false},"excerpt":{"rendered":"<p>&nbsp; &nbsp; IV. A IV. B IV. C<\/p>\n","protected":false},"author":2,"featured_media":0,"parent":504,"menu_order":0,"comment_status":"closed","ping_status":"closed","template":"","meta":{"ngg_post_thumbnail":0,"footnotes":""},"_links":{"self":[{"href":"http:\/\/www.oagvm.sk\/wphu\/index.php?rest_route=\/wp\/v2\/pages\/5105"}],"collection":[{"href":"http:\/\/www.oagvm.sk\/wphu\/index.php?rest_route=\/wp\/v2\/pages"}],"about":[{"href":"http:\/\/www.oagvm.sk\/wphu\/index.php?rest_route=\/wp\/v2\/types\/page"}],"author":[{"embeddable":true,"href":"http:\/\/www.oagvm.sk\/wphu\/index.php?rest_route=\/wp\/v2\/users\/2"}],"replies":[{"embeddable":true,"href":"http:\/\/www.oagvm.sk\/wphu\/index.php?rest_route=%2Fwp%2Fv2%2Fcomments&post=5105"}],"version-history":[{"count":5,"href":"http:\/\/www.oagvm.sk\/wphu\/index.php?rest_route=\/wp\/v2\/pages\/5105\/revisions"}],"predecessor-version":[{"id":5112,"href":"http:\/\/www.oagvm.sk\/wphu\/index.php?rest_route=\/wp\/v2\/pages\/5105\/revisions\/5112"}],"up":[{"embeddable":true,"href":"http:\/\/www.oagvm.sk\/wphu\/index.php?rest_route=\/wp\/v2\/pages\/504"}],"wp:attachment":[{"href":"http:\/\/www.oagvm.sk\/wphu\/index.php?rest_route=%2Fwp%2Fv2%2Fmedia&parent=5105"}],"curies":[{"name":"wp","href":"https:\/\/api.w.org\/{rel}","templated":true}]}}