{"id":5186,"date":"2023-12-01T13:28:02","date_gmt":"2023-12-01T12:28:02","guid":{"rendered":"http:\/\/www.oagvm.sk\/wphu\/?page_id=5186"},"modified":"2025-11-06T08:05:48","modified_gmt":"2025-11-06T07:05:48","slug":"feltetelek-2025-26","status":"publish","type":"page","link":"http:\/\/www.oagvm.sk\/wphu\/?page_id=5186","title":{"rendered":"Felt\u00e9telek 2026\/27"},"content":{"rendered":"<p>&nbsp;<\/p>\n<p align=\"center\"><object data=\"http:\/\/www.oagvm.sk\/wphu\/wp-content\/uploads\/2025\/11\/Felveteli-eljaras-2026-2027.pdf\" type=\"application\/pdf\" width=\"820px\" height=\"1190px\">A b\u00f6ng\u00e9sz\u0151je sajnos nem rendelkezik PDF be\u00e9p\u00fcl\u0151 modullal. Ide kattintva <a href=\"http:\/\/www.oagvm.sk\/wphu\/wp-content\/uploads\/2025\/11\/Felveteli-eljaras-2026-2027.pdf\">viszont let\u00f6ltheti a PDF f\u00e1jlt.<\/a>&nbsp;<\/object><\/p>\n<p align=\"center\"><object data=\"http:\/\/www.oagvm.sk\/wphu\/wp-content\/uploads\/2025\/11\/Prijimacie-konanie-2026-2027.pdf\" type=\"application\/pdf\" width=\"820px\" height=\"1190px\">A b\u00f6ng\u00e9sz\u0151je sajnos nem rendelkezik PDF be\u00e9p\u00fcl\u0151 modullal. Ide kattintva <a href=\"http:\/\/www.oagvm.sk\/wphu\/wp-content\/uploads\/2025\/11\/Prijimacie-konanie-2026-2027.pdf\">viszont let\u00f6ltheti a PDF f\u00e1jlt.<\/a>&nbsp;<\/object><\/p>\n","protected":false},"excerpt":{"rendered":"<p>&nbsp; A b\u00f6ng\u00e9sz\u0151je sajnos nem rendelkezik PDF be\u00e9p\u00fcl\u0151 modullal. Ide kattintva viszont let\u00f6ltheti a PDF f\u00e1jlt.&nbsp; A b\u00f6ng\u00e9sz\u0151je sajnos nem rendelkezik PDF be\u00e9p\u00fcl\u0151 modullal. Ide kattintva viszont let\u00f6ltheti a PDF f\u00e1jlt.&nbsp;<\/p>\n","protected":false},"author":2,"featured_media":0,"parent":461,"menu_order":0,"comment_status":"closed","ping_status":"closed","template":"","meta":{"ngg_post_thumbnail":0,"footnotes":""},"_links":{"self":[{"href":"http:\/\/www.oagvm.sk\/wphu\/index.php?rest_route=\/wp\/v2\/pages\/5186"}],"collection":[{"href":"http:\/\/www.oagvm.sk\/wphu\/index.php?rest_route=\/wp\/v2\/pages"}],"about":[{"href":"http:\/\/www.oagvm.sk\/wphu\/index.php?rest_route=\/wp\/v2\/types\/page"}],"author":[{"embeddable":true,"href":"http:\/\/www.oagvm.sk\/wphu\/index.php?rest_route=\/wp\/v2\/users\/2"}],"replies":[{"embeddable":true,"href":"http:\/\/www.oagvm.sk\/wphu\/index.php?rest_route=%2Fwp%2Fv2%2Fcomments&post=5186"}],"version-history":[{"count":10,"href":"http:\/\/www.oagvm.sk\/wphu\/index.php?rest_route=\/wp\/v2\/pages\/5186\/revisions"}],"predecessor-version":[{"id":6476,"href":"http:\/\/www.oagvm.sk\/wphu\/index.php?rest_route=\/wp\/v2\/pages\/5186\/revisions\/6476"}],"up":[{"embeddable":true,"href":"http:\/\/www.oagvm.sk\/wphu\/index.php?rest_route=\/wp\/v2\/pages\/461"}],"wp:attachment":[{"href":"http:\/\/www.oagvm.sk\/wphu\/index.php?rest_route=%2Fwp%2Fv2%2Fmedia&parent=5186"}],"curies":[{"name":"wp","href":"https:\/\/api.w.org\/{rel}","templated":true}]}}