{"id":5311,"date":"2024-03-15T14:14:14","date_gmt":"2024-03-15T13:14:14","guid":{"rendered":"http:\/\/www.oagvm.sk\/wphu\/?page_id=5311"},"modified":"2026-04-22T16:29:53","modified_gmt":"2026-04-22T14:29:53","slug":"ertesitesek","status":"publish","type":"page","link":"http:\/\/www.oagvm.sk\/wphu\/?page_id=5311","title":{"rendered":"\u00c9rtes\u00edt\u00e9sek"},"content":{"rendered":"<ul>\n<li><span style=\"color: #ff6600; font-size: 14pt;\"><a style=\"color: #ff6600;\" href=\"http:\/\/www.oagvm.sk\/wpsk\/wp-content\/uploads\/2026\/04\/Vyhlasenie_volieb_do_Rady_skoly_2026__\u2013_OA_Velky_Meder.pdf\">Felh\u00edv\u00e1s a v\u00e1laszt\u00e1sra az&nbsp; Iskolatan\u00e1csba &#8211; Vyhl\u00e1senie volieb do Rady \u0161koly<\/a><\/span><\/li>\n<\/ul>\n<p>&nbsp;<\/p>\n<ul>\n<li><span style=\"color: #ff6600;\"><a style=\"color: #ff6600;\" href=\"https:\/\/trnava-vuc.sk\/utvar-hlavneho-kontrolora\/oznamovanie-protispolocenskej-cinnosti\/\"><span style=\"font-size: 14pt;\">Inform\u00e1cie k novele Z\u00e1kona \u010d. 54\/2019 Z. z. o ochrane oznamovate\u013eov protispolo\u010denskej \u010dinnosti a o zmene a doplnen\u00ed niektor\u00fdch z\u00e1konov&nbsp;<\/span><\/a><\/span><\/li>\n<\/ul>\n","protected":false},"excerpt":{"rendered":"<p>Felh\u00edv\u00e1s a v\u00e1laszt\u00e1sra az&nbsp; Iskolatan\u00e1csba &#8211; Vyhl\u00e1senie volieb do Rady \u0161koly &nbsp; Inform\u00e1cie k novele Z\u00e1kona \u010d. 54\/2019 Z. z. o ochrane oznamovate\u013eov protispolo\u010denskej \u010dinnosti a o zmene a doplnen\u00ed niektor\u00fdch z\u00e1konov&nbsp;<\/p>\n","protected":false},"author":2,"featured_media":0,"parent":0,"menu_order":0,"comment_status":"closed","ping_status":"closed","template":"","meta":{"ngg_post_thumbnail":0,"footnotes":""},"_links":{"self":[{"href":"http:\/\/www.oagvm.sk\/wphu\/index.php?rest_route=\/wp\/v2\/pages\/5311"}],"collection":[{"href":"http:\/\/www.oagvm.sk\/wphu\/index.php?rest_route=\/wp\/v2\/pages"}],"about":[{"href":"http:\/\/www.oagvm.sk\/wphu\/index.php?rest_route=\/wp\/v2\/types\/page"}],"author":[{"embeddable":true,"href":"http:\/\/www.oagvm.sk\/wphu\/index.php?rest_route=\/wp\/v2\/users\/2"}],"replies":[{"embeddable":true,"href":"http:\/\/www.oagvm.sk\/wphu\/index.php?rest_route=%2Fwp%2Fv2%2Fcomments&post=5311"}],"version-history":[{"count":31,"href":"http:\/\/www.oagvm.sk\/wphu\/index.php?rest_route=\/wp\/v2\/pages\/5311\/revisions"}],"predecessor-version":[{"id":6646,"href":"http:\/\/www.oagvm.sk\/wphu\/index.php?rest_route=\/wp\/v2\/pages\/5311\/revisions\/6646"}],"wp:attachment":[{"href":"http:\/\/www.oagvm.sk\/wphu\/index.php?rest_route=%2Fwp%2Fv2%2Fmedia&parent=5311"}],"curies":[{"name":"wp","href":"https:\/\/api.w.org\/{rel}","templated":true}]}}