{"id":5343,"date":"2024-04-16T10:13:45","date_gmt":"2024-04-16T08:13:45","guid":{"rendered":"http:\/\/www.oagvm.sk\/wphu\/?page_id=5343"},"modified":"2024-05-24T10:29:30","modified_gmt":"2024-05-24T08:29:30","slug":"alkalmazottak-etikai-kodexe","status":"publish","type":"page","link":"http:\/\/www.oagvm.sk\/wphu\/?page_id=5343","title":{"rendered":"Alkalmazottak etikai k\u00f3dexe"},"content":{"rendered":"<p align=\"center\"><object data=\"http:\/\/www.oagvm.sk\/wphu\/wp-content\/uploads\/2024\/05\/Eticky-kodex-zamestnancov.pdf\" type=\"application\/pdf\" width=\"820px\" height=\"1190px\">A b\u00f6ng\u00e9sz\u0151je sajnos nem rendelkezik PDF be\u00e9p\u00fcl\u0151 modullal. Ide kattintva <a href=\"http:\/\/www.oagvm.sk\/wphu\/wp-content\/uploads\/2024\/05\/Eticky-kodex-zamestnancov.pdf\">viszont let\u00f6ltheti a PDF f\u00e1jlt.<\/a>&nbsp;<\/object><\/p>\n","protected":false},"excerpt":{"rendered":"<p>A b\u00f6ng\u00e9sz\u0151je sajnos nem rendelkezik PDF be\u00e9p\u00fcl\u0151 modullal. Ide kattintva viszont let\u00f6ltheti a PDF f\u00e1jlt.&nbsp;<\/p>\n","protected":false},"author":2,"featured_media":0,"parent":368,"menu_order":20,"comment_status":"closed","ping_status":"closed","template":"","meta":{"ngg_post_thumbnail":0,"footnotes":""},"_links":{"self":[{"href":"http:\/\/www.oagvm.sk\/wphu\/index.php?rest_route=\/wp\/v2\/pages\/5343"}],"collection":[{"href":"http:\/\/www.oagvm.sk\/wphu\/index.php?rest_route=\/wp\/v2\/pages"}],"about":[{"href":"http:\/\/www.oagvm.sk\/wphu\/index.php?rest_route=\/wp\/v2\/types\/page"}],"author":[{"embeddable":true,"href":"http:\/\/www.oagvm.sk\/wphu\/index.php?rest_route=\/wp\/v2\/users\/2"}],"replies":[{"embeddable":true,"href":"http:\/\/www.oagvm.sk\/wphu\/index.php?rest_route=%2Fwp%2Fv2%2Fcomments&post=5343"}],"version-history":[{"count":3,"href":"http:\/\/www.oagvm.sk\/wphu\/index.php?rest_route=\/wp\/v2\/pages\/5343\/revisions"}],"predecessor-version":[{"id":5426,"href":"http:\/\/www.oagvm.sk\/wphu\/index.php?rest_route=\/wp\/v2\/pages\/5343\/revisions\/5426"}],"up":[{"embeddable":true,"href":"http:\/\/www.oagvm.sk\/wphu\/index.php?rest_route=\/wp\/v2\/pages\/368"}],"wp:attachment":[{"href":"http:\/\/www.oagvm.sk\/wphu\/index.php?rest_route=%2Fwp%2Fv2%2Fmedia&parent=5343"}],"curies":[{"name":"wp","href":"https:\/\/api.w.org\/{rel}","templated":true}]}}