{"id":5408,"date":"2024-05-16T12:12:27","date_gmt":"2024-05-16T10:12:27","guid":{"rendered":"http:\/\/www.oagvm.sk\/wphu\/?page_id=5408"},"modified":"2024-05-16T13:11:17","modified_gmt":"2024-05-16T11:11:17","slug":"kollegium-munkarendje","status":"publish","type":"page","link":"http:\/\/www.oagvm.sk\/wphu\/?page_id=5408","title":{"rendered":"Koll\u00e9giumi munkarend"},"content":{"rendered":"\n<p align=\"center\">\n          <object data=\" \nhttp:\/\/www.oagvm.sk\/wphu\/wp-content\/uploads\/2024\/05\/Prevadzkovy-poriadok-skolskeho-internatu.pdf\n\n\" \nwidth=\"820px\" \nheight=\"1130px\" \nbgcolor= \"#ff0000\"><\/p>\n<p>V\u00e1\u0161 prehliada\u010d bohu\u017eial nepodporuje zobrazenie PDF dokumentov.<br \/>\n              Kliknite sem <a href=\"\n\nhttp:\/\/www.oagvm.sk\/wphu\/wp-content\/uploads\/2024\/05\/Prevadzkovy-poriadok-skolskeho-internatu.pdf\n\n\">pre stiahnutie PDF dokumentu.<\/a><\/p><\/object>\n        <\/p>\n","protected":false},"excerpt":{"rendered":"<p>V\u00e1\u0161 prehliada\u010d bohu\u017eial nepodporuje zobrazenie PDF dokumentov. Kliknite sem pre stiahnutie PDF dokumentu.<\/p>\n","protected":false},"author":2,"featured_media":0,"parent":368,"menu_order":0,"comment_status":"closed","ping_status":"closed","template":"","meta":{"ngg_post_thumbnail":0,"footnotes":""},"_links":{"self":[{"href":"http:\/\/www.oagvm.sk\/wphu\/index.php?rest_route=\/wp\/v2\/pages\/5408"}],"collection":[{"href":"http:\/\/www.oagvm.sk\/wphu\/index.php?rest_route=\/wp\/v2\/pages"}],"about":[{"href":"http:\/\/www.oagvm.sk\/wphu\/index.php?rest_route=\/wp\/v2\/types\/page"}],"author":[{"embeddable":true,"href":"http:\/\/www.oagvm.sk\/wphu\/index.php?rest_route=\/wp\/v2\/users\/2"}],"replies":[{"embeddable":true,"href":"http:\/\/www.oagvm.sk\/wphu\/index.php?rest_route=%2Fwp%2Fv2%2Fcomments&post=5408"}],"version-history":[{"count":2,"href":"http:\/\/www.oagvm.sk\/wphu\/index.php?rest_route=\/wp\/v2\/pages\/5408\/revisions"}],"predecessor-version":[{"id":5416,"href":"http:\/\/www.oagvm.sk\/wphu\/index.php?rest_route=\/wp\/v2\/pages\/5408\/revisions\/5416"}],"up":[{"embeddable":true,"href":"http:\/\/www.oagvm.sk\/wphu\/index.php?rest_route=\/wp\/v2\/pages\/368"}],"wp:attachment":[{"href":"http:\/\/www.oagvm.sk\/wphu\/index.php?rest_route=%2Fwp%2Fv2%2Fmedia&parent=5408"}],"curies":[{"name":"wp","href":"https:\/\/api.w.org\/{rel}","templated":true}]}}