{"id":575,"date":"2019-10-10T21:00:53","date_gmt":"2019-10-10T19:00:53","guid":{"rendered":"http:\/\/www.oagvm.sk\/wphu\/?page_id=575"},"modified":"2021-05-12T15:10:45","modified_gmt":"2021-05-12T13:10:45","slug":"partnereink","status":"publish","type":"page","link":"http:\/\/www.oagvm.sk\/wphu\/?page_id=575","title":{"rendered":"Partnereink"},"content":{"rendered":"<p style=\"text-align: center;\"><a href=\"http:\/\/uzoni.hu\/\"><img loading=\"lazy\" decoding=\"async\" class=\"alignnone wp-image-576 size-full\" src=\"http:\/\/www.oagvm.sk\/wphu\/wp-content\/uploads\/2019\/10\/partner-uzoni.png\" alt=\"\" width=\"368\" height=\"172\" srcset=\"http:\/\/www.oagvm.sk\/wphu\/wp-content\/uploads\/2019\/10\/partner-uzoni.png 368w, http:\/\/www.oagvm.sk\/wphu\/wp-content\/uploads\/2019\/10\/partner-uzoni-300x140.png 300w\" sizes=\"(max-width: 368px) 100vw, 368px\" \/><\/a><\/p>\n<p style=\"text-align: center;\"><a href=\"http:\/\/www.hunyadi-balmas.sulinet.hu\/\"><img loading=\"lazy\" decoding=\"async\" class=\"alignnone size-full wp-image-580\" src=\"http:\/\/www.oagvm.sk\/wphu\/wp-content\/uploads\/2019\/10\/partner-hunyadi.png\" alt=\"\" width=\"706\" height=\"93\" srcset=\"http:\/\/www.oagvm.sk\/wphu\/wp-content\/uploads\/2019\/10\/partner-hunyadi.png 706w, http:\/\/www.oagvm.sk\/wphu\/wp-content\/uploads\/2019\/10\/partner-hunyadi-300x40.png 300w\" sizes=\"(max-width: 706px) 100vw, 706px\" \/><\/a><\/p>\n<p style=\"text-align: center;\"><a href=\"http:\/\/www.dszc.hu\/\"><img loading=\"lazy\" decoding=\"async\" class=\"alignnone size-full wp-image-579\" src=\"http:\/\/www.oagvm.sk\/wphu\/wp-content\/uploads\/2019\/10\/partner-debrecen.jpg\" alt=\"\" width=\"168\" height=\"59\"><\/a><br \/>\n<a href=\"http:\/\/www.dszc.hu\/\" target=\"_blank\" rel=\"noopener noreferrer\">Debreceni Szakk\u00e9pz\u00e9si Centrum Bethlen G\u00e1bor K\u00f6zgazdas\u00e1gi Szakgimn\u00e1ziuma<\/a><\/p>\n<p style=\"text-align: center;\"><a href=\"http:\/\/www.deakgyor.hu\/\"><img loading=\"lazy\" decoding=\"async\" class=\"alignnone size-full wp-image-578\" src=\"http:\/\/www.oagvm.sk\/wphu\/wp-content\/uploads\/2019\/10\/partner-deakferenc.png\" alt=\"\" width=\"745\" height=\"116\" srcset=\"http:\/\/www.oagvm.sk\/wphu\/wp-content\/uploads\/2019\/10\/partner-deakferenc.png 745w, http:\/\/www.oagvm.sk\/wphu\/wp-content\/uploads\/2019\/10\/partner-deakferenc-300x47.png 300w\" sizes=\"(max-width: 745px) 100vw, 745px\" \/><\/a><\/p>\n<p style=\"text-align: center;\"><a href=\"http:\/\/www.lkw-walter.sk\/sk\"><img loading=\"lazy\" decoding=\"async\" class=\"alignnone size-full wp-image-581\" src=\"http:\/\/www.oagvm.sk\/wphu\/wp-content\/uploads\/2019\/10\/partner-lkw_walter.png\" alt=\"\" width=\"450\" height=\"317\" srcset=\"http:\/\/www.oagvm.sk\/wphu\/wp-content\/uploads\/2019\/10\/partner-lkw_walter.png 450w, http:\/\/www.oagvm.sk\/wphu\/wp-content\/uploads\/2019\/10\/partner-lkw_walter-300x211.png 300w\" sizes=\"(max-width: 450px) 100vw, 450px\" \/><\/a><\/p>\n<p style=\"text-align: center;\"><a href=\"http:\/\/www.oagvm.sk\/oahu\/comenius.htm\"><img loading=\"lazy\" decoding=\"async\" class=\"alignnone size-full wp-image-577\" src=\"http:\/\/www.oagvm.sk\/wphu\/wp-content\/uploads\/2019\/10\/partner-comenius.jpg\" alt=\"\" width=\"302\" height=\"167\" srcset=\"http:\/\/www.oagvm.sk\/wphu\/wp-content\/uploads\/2019\/10\/partner-comenius.jpg 302w, http:\/\/www.oagvm.sk\/wphu\/wp-content\/uploads\/2019\/10\/partner-comenius-300x166.jpg 300w\" sizes=\"(max-width: 302px) 100vw, 302px\" \/><\/a><\/p>\n<p style=\"text-align: center;\"><img loading=\"lazy\" decoding=\"async\" class=\"alignnone size-full wp-image-2213\" src=\"http:\/\/www.oagvm.sk\/wphu\/wp-content\/uploads\/2021\/05\/global_home_center.png\" alt=\"\" width=\"210\" height=\"141\"><\/p>\n","protected":false},"excerpt":{"rendered":"<p>Debreceni Szakk\u00e9pz\u00e9si Centrum Bethlen G\u00e1bor K\u00f6zgazdas\u00e1gi Szakgimn\u00e1ziuma<\/p>\n","protected":false},"author":1,"featured_media":0,"parent":362,"menu_order":0,"comment_status":"closed","ping_status":"closed","template":"","meta":{"ngg_post_thumbnail":0,"footnotes":""},"_links":{"self":[{"href":"http:\/\/www.oagvm.sk\/wphu\/index.php?rest_route=\/wp\/v2\/pages\/575"}],"collection":[{"href":"http:\/\/www.oagvm.sk\/wphu\/index.php?rest_route=\/wp\/v2\/pages"}],"about":[{"href":"http:\/\/www.oagvm.sk\/wphu\/index.php?rest_route=\/wp\/v2\/types\/page"}],"author":[{"embeddable":true,"href":"http:\/\/www.oagvm.sk\/wphu\/index.php?rest_route=\/wp\/v2\/users\/1"}],"replies":[{"embeddable":true,"href":"http:\/\/www.oagvm.sk\/wphu\/index.php?rest_route=%2Fwp%2Fv2%2Fcomments&post=575"}],"version-history":[{"count":5,"href":"http:\/\/www.oagvm.sk\/wphu\/index.php?rest_route=\/wp\/v2\/pages\/575\/revisions"}],"predecessor-version":[{"id":2214,"href":"http:\/\/www.oagvm.sk\/wphu\/index.php?rest_route=\/wp\/v2\/pages\/575\/revisions\/2214"}],"up":[{"embeddable":true,"href":"http:\/\/www.oagvm.sk\/wphu\/index.php?rest_route=\/wp\/v2\/pages\/362"}],"wp:attachment":[{"href":"http:\/\/www.oagvm.sk\/wphu\/index.php?rest_route=%2Fwp%2Fv2%2Fmedia&parent=575"}],"curies":[{"name":"wp","href":"https:\/\/api.w.org\/{rel}","templated":true}]}}