{"id":5794,"date":"2024-09-19T22:43:57","date_gmt":"2024-09-19T20:43:57","guid":{"rendered":"http:\/\/www.oagvm.sk\/wphu\/?page_id=5794"},"modified":"2024-09-19T22:51:55","modified_gmt":"2024-09-19T20:51:55","slug":"erettsegizok-2024","status":"publish","type":"page","link":"http:\/\/www.oagvm.sk\/wphu\/?page_id=5794","title":{"rendered":"\u00c9retts\u00e9giz\u0151k \u2013 2024"},"content":{"rendered":"<p align=\"center\">&nbsp;<\/p>\n<hr>\n<p align=\"center\"><img loading=\"lazy\" decoding=\"async\" class=\"wp-image-506 size-full\" src=\"http:\/\/www.oagvm.sk\/wpsk\/wp-content\/uploads\/2024\/09\/IV.A-scaled.jpg\" alt=\"\" width=\"998\" height=\"667\"><\/p>\n<p align=\"center\"><span style=\"font-size: 300%;\">IV. A<\/span><\/p>\n<hr>\n<p align=\"center\"><img loading=\"lazy\" decoding=\"async\" class=\"wp-image-506 size-full\" src=\"http:\/\/www.oagvm.sk\/wpsk\/wp-content\/uploads\/2024\/09\/IV.B-scaled.jpg\" alt=\"\" width=\"998\" height=\"667\"><\/p>\n<p align=\"center\"><span style=\"font-size: 300%;\">IV. B<\/span><\/p>\n<hr>\n<p align=\"center\"><img loading=\"lazy\" decoding=\"async\" class=\"wp-image-506 size-full\" src=\"http:\/\/www.oagvm.sk\/wpsk\/wp-content\/uploads\/2024\/09\/IV.-C-scaled.jpg\" alt=\"\" width=\"998\" height=\"667\"><\/p>\n<p align=\"center\"><span style=\"font-size: 300%;\">IV. C<\/span><\/p>\n<hr>\n","protected":false},"excerpt":{"rendered":"<p>&nbsp; IV. A IV. B IV. C<\/p>\n","protected":false},"author":2,"featured_media":0,"parent":504,"menu_order":0,"comment_status":"closed","ping_status":"closed","template":"","meta":{"ngg_post_thumbnail":0,"footnotes":""},"_links":{"self":[{"href":"http:\/\/www.oagvm.sk\/wphu\/index.php?rest_route=\/wp\/v2\/pages\/5794"}],"collection":[{"href":"http:\/\/www.oagvm.sk\/wphu\/index.php?rest_route=\/wp\/v2\/pages"}],"about":[{"href":"http:\/\/www.oagvm.sk\/wphu\/index.php?rest_route=\/wp\/v2\/types\/page"}],"author":[{"embeddable":true,"href":"http:\/\/www.oagvm.sk\/wphu\/index.php?rest_route=\/wp\/v2\/users\/2"}],"replies":[{"embeddable":true,"href":"http:\/\/www.oagvm.sk\/wphu\/index.php?rest_route=%2Fwp%2Fv2%2Fcomments&post=5794"}],"version-history":[{"count":2,"href":"http:\/\/www.oagvm.sk\/wphu\/index.php?rest_route=\/wp\/v2\/pages\/5794\/revisions"}],"predecessor-version":[{"id":5797,"href":"http:\/\/www.oagvm.sk\/wphu\/index.php?rest_route=\/wp\/v2\/pages\/5794\/revisions\/5797"}],"up":[{"embeddable":true,"href":"http:\/\/www.oagvm.sk\/wphu\/index.php?rest_route=\/wp\/v2\/pages\/504"}],"wp:attachment":[{"href":"http:\/\/www.oagvm.sk\/wphu\/index.php?rest_route=%2Fwp%2Fv2%2Fmedia&parent=5794"}],"curies":[{"name":"wp","href":"https:\/\/api.w.org\/{rel}","templated":true}]}}