{"id":5824,"date":"2024-10-10T19:32:26","date_gmt":"2024-10-10T17:32:26","guid":{"rendered":"http:\/\/www.oagvm.sk\/wphu\/?page_id=5824"},"modified":"2024-10-11T09:59:09","modified_gmt":"2024-10-11T07:59:09","slug":"erasmus-2023-2024","status":"publish","type":"page","link":"http:\/\/www.oagvm.sk\/wphu\/?page_id=5824","title":{"rendered":"Erasmus+ 2023\/2024"},"content":{"rendered":"<table width=\"670\">\n<tbody>\n<tr>\n<td width=\"355\"><strong>Mil\u00e1no &#8211; Mil\u00e1no<\/strong><\/td>\n<td width=\"684\">14. apr\u00edl 2024 \u2013 27. apr\u00edl 2024<\/td>\n<\/tr>\n<tr>\n<td width=\"355\">Projekt \u010d.&nbsp;<\/td>\n<td width=\"684\"><strong>2023-1-SK01-KA121-VET-000122716<\/strong><\/td>\n<\/tr>\n<tr>\n<td width=\"355\">N\u00e1zov projektu:&nbsp;&nbsp;<\/td>\n<td width=\"684\"><strong>Odborn\u00e1 prax za hranicami<br \/>\nHat\u00e1ron t\u00fali szakmai gyakorlat<\/strong><\/td>\n<\/tr>\n<\/tbody>\n<\/table>\n<p>&nbsp;<\/p>\n<h3 style=\"text-align: justify;\"><span style=\"font-family: tahoma, arial, helvetica, sans-serif; color: #ff6600;\"><strong>Erasmus+ Mil\u00e1n\u00f3ban<\/strong><\/span><\/h3>\n<h3 style=\"text-align: justify;\"><span style=\"font-family: tahoma, arial, helvetica, sans-serif;\">Iskol\u00e1nk \u2013 imm\u00e1r sokadik alkalommal \u2013 ism\u00e9t sikerrel p\u00e1ly\u00e1zott az Erasmus + program keret\u00e9ben. Ennek k\u00f6sz\u00f6nhet\u0151en 2024 \u00e1prilis\u00e1ban 10 kereskedelmi akad\u00e9mia szakos \u00e9s 3 kereskedelmi \u00e9s informatikai szolg\u00e1ltat\u00e1sok tagozatos tanul\u00f3nk t\u00f6lthetett felejthetetlen k\u00e9t hetet Mil\u00e1n\u00f3ban, a divat v\u00e1ros\u00e1ban.<\/span><\/h3>\n<h3 style=\"text-align: justify;\"><span style=\"font-family: tahoma, arial, helvetica, sans-serif;\">A program l\u00e9nyege az volt, hogy kil\u00e9pve saj\u00e1t komfortz\u00f3n\u00e1nkb\u00f3l idegen k\u00f6rnyezetben \u00e9s szokatlan \u00e9lethelyzetekben tegy\u00fck pr\u00f3b\u00e1ra szakmai felk\u00e9sz\u00fclts\u00e9g\u00fcnket \u00e9s idegennyelvtud\u00e1sunkat. Mindehhez mil\u00e1n\u00f3i c\u00e9gek biztos\u00edtottak sz\u00e1munkra lehet\u0151s\u00e9get. Akadtak k\u00f6zt\u00fcnk olyanok, akik adminisztr\u00e1ci\u00f3s feladatokat v\u00e9geztek k\u00fcl\u00f6nf\u00e9le irod\u00e1kban, h\u00e1rom informatikusunk egy webszerkeszt\u0151 c\u00e9gn\u00e9l dolgozott, n\u00e9gyen pedig a nek\u00fcnk sz\u00e1ll\u00e1st ad\u00f3 hotelban v\u00e9gezt\u00e9k munk\u00e1jukat. A munka mellett term\u00e9szetesen b\u0151ven akadt id\u0151nk a v\u00e1ros megismer\u00e9s\u00e9re is. K\u00eds\u00e9r\u0151 tan\u00e1raink, Baranyai Ang\u00e9la \u00e9s K\u00f3sa Katalin tan\u00e1rn\u0151k nagy hangs\u00falyt fektettek arra, hogy alaposan megismerkedj\u00fcnk a helyi kult\u00far\u00e1val \u00e9s a mil\u00e1n\u00f3iak \u00e9letst\u00edlus\u00e1val. Gy\u00f6ny\u00f6r\u0171 helyeken j\u00e1rtunk, voltunk p\u00e9ld\u00e1ul a Mil\u00e1n\u00f3i d\u00f3mban, amelynek tet\u0151terasz\u00e1r\u00f3l megcsod\u00e1lhattuk a v\u00e1rost, megtekintett\u00fck a II. Viktor Em\u00e1nuel Gal\u00e9ri\u00e1t, l\u00e1ttuk tov\u00e1bb\u00e1 a Navigli-csatorn\u00e1t, a Sforza-kast\u00e9lyt, \u00e9s nagyot barangoltunk a Com\u00f3i-t\u00f3 partj\u00e1n fekv\u0151 csodasz\u00e9p Varenn\u00e1ban.<\/span><\/h3>\n<h3 style=\"text-align: justify;\"><span style=\"font-family: tahoma, arial, helvetica, sans-serif;\">\u00d6sszegezve elmondhatjuk, hogy sikeres, szakmai tapasztalatokban rendk\u00edv\u00fcl gazdag \u00e9s egyben sz\u00f3rakoztat\u00f3 k\u00e9t hetet tudhatunk magunk m\u00f6g\u00f6tt. Meg\u00e1llap\u00edthatjuk, hogy mindenki helyt\u00e1llt a saj\u00e1t munkahely\u00e9n, emellett sokkal magabiztosabban haszn\u00e1ljuk az \u00e1ltalunk besz\u00e9lt idegen nyelveket. Megtanultunk tov\u00e1bb\u00e1 alkalmazkodni egym\u00e1shoz, amelynek k\u00f6sz\u00f6nhet\u0151en egyre olajozottabban m\u0171k\u00f6d\u00f6tt a csapatmunka. Biztos vagyok abban, hogy \u00e9vek m\u00falt\u00e1n is eml\u00e9kezni fogunk a k\u00f6z\u00f6sen meg\u00e9lt mil\u00e1n\u00f3i eml\u00e9kekre.<\/span><\/h3>\n<h3 style=\"text-align: right;\"><span style=\"font-family: tahoma, arial, helvetica, sans-serif;\">Kalm\u00e1r R\u00e9ka (II.B)<\/span><\/h3>\n<h3 style=\"text-align: justify;\"><span style=\"font-family: tahoma, arial, helvetica, sans-serif; color: #ff6600;\">Erasmus+ v\u00a0Mil\u00e1ne<\/span><\/h3>\n<h3 style=\"text-align: justify;\"><span style=\"font-family: tahoma, arial, helvetica, sans-serif;\">V\u010faka \u00faspe\u0161n\u00e9mu projektu Erasmus+ od 14. do 27. apr\u00edla 2024 sa trin\u00e1s\u0165 \u017eiakov z\u00fa\u010dastnilo dvojt\u00fd\u017ed\u0148ovej odbornej praxe v\u00a0meste m\u00f3dy, v\u00a0Mil\u00e1ne. Podstatou programu bolo, \u017ee vyst\u00fapiac z\u00a0na\u0161ej komfortnej z\u00f3ny v\u00a0cudzom prostred\u00ed si vysk\u00fa\u0161ajme svoju odborn\u00fa pripravenos\u0165 a\u00a0cudzojazy\u010dn\u00e9 vedomosti. Pr\u00e1cu sme mali zabezpe\u010den\u00fa v\u00a0r\u00f4znych firm\u00e1ch. 6 \u017eiakov zo \u0161tudijn\u00e9ho odboru obchodn\u00e1 akad\u00e9mia pracovalo v\u00a0administrat\u00edvnej oblasti a\u00a04 \u017eiaci vykon\u00e1vali svoju pr\u00e1cu v\u00a0hoteli, ktor\u00fd n\u00e1m poskytol ubytovanie. 3 informatici sa v\u00a0jednej firme zaoberali tvorbou webov\u00fdch str\u00e1nok. Popri pr\u00e1ci sme mali mo\u017enos\u0165\u00a0 na spozn\u00e1vanie historick\u00fdch a\u00a0kult\u00farnych pamiatok tohto \u00a0ve\u013ekomesta. Pani u\u010dite\u013eky Ang\u00e9la Baranyai a\u00a0Katar\u00edna K\u00f3sov\u00e1 kl\u00e1dli ve\u013ek\u00fd d\u00f4raz na to, aby sme sa obozn\u00e1mili kr\u00e1sami Mil\u00e1na. Obdivovali sme kr\u00e1su gotick\u00e9ho d\u00f3mu a\u00a0z\u00a0jeho terasy sme mali kr\u00e1snu vyhliadku na cel\u00e9 mesto. Boli sme v\u00a0Gal\u00e9rii Viktora Emanuela II., v\u00a0Ka\u0161tieli Sforzu a\u00a0prech\u00e1dzali sme sa v\u00a0prekr\u00e1snej Varenne pri brehu jazera Como.<\/span><\/h3>\n<h3 style=\"text-align: justify;\"><span style=\"font-family: tahoma, arial, helvetica, sans-serif;\">M\u00f4\u017eeme kon\u0161tatova\u0165, \u017ee sme v\u00a0Mil\u00e1ne pre\u017eili nezabudnute\u013en\u00e9 dva t\u00fd\u017edne. Z\u00edskali sme ve\u013ea sk\u00fasenost\u00ed v\u00a0na\u0161om odbore, nau\u010dili sme sa pracova\u0165 v\u00a0t\u00edme a\u00a0rodili sa nov\u00e9 priate\u013estv\u00e1.<\/span><\/h3>\n<h3 style=\"text-align: justify;\"><span style=\"font-family: tahoma, arial, helvetica, sans-serif;\">\u010eakujeme za\u00a0skvel\u00fa pr\u00edle\u017eitos\u0165.<\/span><\/h3>\n<h3 style=\"text-align: right;\"><span style=\"font-family: tahoma, arial, helvetica, sans-serif;\">Mgr. Helena M\u00e9sz\u00e1rosov\u00e1, u\u010dite\u013eka \u0161koly<\/span><\/h3>\n<div id=\"metaslider-id-5829\" style=\"max-width: 800px; margin: 0 auto;\" class=\"ml-slider-3-50-0 metaslider metaslider-flex metaslider-5829 ml-slider ms-theme-default nav-hidden\" role=\"region\" aria-roledescription=\"Slideshow\" aria-label=\"Erasmus 2023\/24\">\n    <div id=\"metaslider_container_5829\">\n        <div id=\"metaslider_5829\" class=\"flexslider\">\n            <ul aria-live=\"polite\" class=\"slides\">\n                <li style=\"display: block; width: 100%;\" class=\"slide-5844 ms-image\" aria-roledescription=\"slide\" aria-label=\"slide-5844\"><img loading=\"lazy\" decoding=\"async\" width=\"2048\" height=\"1536\" src=\"http:\/\/www.oagvm.sk\/wphu\/wp-content\/uploads\/2024\/10\/1.jpg\" class=\"slider-5829 slide-5844\" alt=\"\" rel=\"\" title=\"1\" srcset=\"http:\/\/www.oagvm.sk\/wphu\/wp-content\/uploads\/2024\/10\/1.jpg 2048w, http:\/\/www.oagvm.sk\/wphu\/wp-content\/uploads\/2024\/10\/1-300x225.jpg 300w, http:\/\/www.oagvm.sk\/wphu\/wp-content\/uploads\/2024\/10\/1-1024x768.jpg 1024w, http:\/\/www.oagvm.sk\/wphu\/wp-content\/uploads\/2024\/10\/1-768x576.jpg 768w, http:\/\/www.oagvm.sk\/wphu\/wp-content\/uploads\/2024\/10\/1-1536x1152.jpg 1536w\" sizes=\"(max-width: 2048px) 100vw, 2048px\" \/><\/li>\n                <li style=\"display: none; width: 100%;\" class=\"slide-5845 ms-image\" aria-roledescription=\"slide\" aria-label=\"slide-5845\"><img loading=\"lazy\" decoding=\"async\" width=\"1530\" height=\"2040\" src=\"http:\/\/www.oagvm.sk\/wphu\/wp-content\/uploads\/2024\/10\/DJKV5302.jpg\" class=\"slider-5829 slide-5845\" alt=\"\" rel=\"\" title=\"DJKV5302\" srcset=\"http:\/\/www.oagvm.sk\/wphu\/wp-content\/uploads\/2024\/10\/DJKV5302.jpg 1530w, http:\/\/www.oagvm.sk\/wphu\/wp-content\/uploads\/2024\/10\/DJKV5302-225x300.jpg 225w, http:\/\/www.oagvm.sk\/wphu\/wp-content\/uploads\/2024\/10\/DJKV5302-768x1024.jpg 768w, http:\/\/www.oagvm.sk\/wphu\/wp-content\/uploads\/2024\/10\/DJKV5302-1152x1536.jpg 1152w\" sizes=\"(max-width: 1530px) 100vw, 1530px\" \/><\/li>\n                <li style=\"display: none; width: 100%;\" class=\"slide-5846 ms-image\" aria-roledescription=\"slide\" aria-label=\"slide-5846\"><img loading=\"lazy\" decoding=\"async\" width=\"2560\" height=\"1920\" src=\"http:\/\/www.oagvm.sk\/wphu\/wp-content\/uploads\/2024\/10\/DJOR7295-scaled.jpg\" class=\"slider-5829 slide-5846\" alt=\"\" rel=\"\" title=\"DJOR7295\" srcset=\"http:\/\/www.oagvm.sk\/wphu\/wp-content\/uploads\/2024\/10\/DJOR7295-scaled.jpg 2560w, http:\/\/www.oagvm.sk\/wphu\/wp-content\/uploads\/2024\/10\/DJOR7295-300x225.jpg 300w, http:\/\/www.oagvm.sk\/wphu\/wp-content\/uploads\/2024\/10\/DJOR7295-1024x768.jpg 1024w, http:\/\/www.oagvm.sk\/wphu\/wp-content\/uploads\/2024\/10\/DJOR7295-768x576.jpg 768w, http:\/\/www.oagvm.sk\/wphu\/wp-content\/uploads\/2024\/10\/DJOR7295-1536x1152.jpg 1536w, http:\/\/www.oagvm.sk\/wphu\/wp-content\/uploads\/2024\/10\/DJOR7295-2048x1536.jpg 2048w\" sizes=\"(max-width: 2560px) 100vw, 2560px\" \/><\/li>\n                <li style=\"display: none; width: 100%;\" class=\"slide-5847 ms-image\" aria-roledescription=\"slide\" aria-label=\"slide-5847\"><img loading=\"lazy\" decoding=\"async\" width=\"2560\" height=\"1920\" src=\"http:\/\/www.oagvm.sk\/wphu\/wp-content\/uploads\/2024\/10\/IMG_3698-scaled.jpg\" class=\"slider-5829 slide-5847\" alt=\"\" rel=\"\" title=\"IMG_3698\" srcset=\"http:\/\/www.oagvm.sk\/wphu\/wp-content\/uploads\/2024\/10\/IMG_3698-scaled.jpg 2560w, http:\/\/www.oagvm.sk\/wphu\/wp-content\/uploads\/2024\/10\/IMG_3698-300x225.jpg 300w, http:\/\/www.oagvm.sk\/wphu\/wp-content\/uploads\/2024\/10\/IMG_3698-1024x768.jpg 1024w, http:\/\/www.oagvm.sk\/wphu\/wp-content\/uploads\/2024\/10\/IMG_3698-768x576.jpg 768w, http:\/\/www.oagvm.sk\/wphu\/wp-content\/uploads\/2024\/10\/IMG_3698-1536x1152.jpg 1536w, http:\/\/www.oagvm.sk\/wphu\/wp-content\/uploads\/2024\/10\/IMG_3698-2048x1536.jpg 2048w\" sizes=\"(max-width: 2560px) 100vw, 2560px\" \/><\/li>\n                <li style=\"display: none; width: 100%;\" class=\"slide-5848 ms-image\" aria-roledescription=\"slide\" aria-label=\"slide-5848\"><img loading=\"lazy\" decoding=\"async\" width=\"2048\" height=\"1536\" src=\"http:\/\/www.oagvm.sk\/wphu\/wp-content\/uploads\/2024\/10\/IMG_5622.jpg\" class=\"slider-5829 slide-5848\" alt=\"\" rel=\"\" title=\"IMG_5622\" srcset=\"http:\/\/www.oagvm.sk\/wphu\/wp-content\/uploads\/2024\/10\/IMG_5622.jpg 2048w, http:\/\/www.oagvm.sk\/wphu\/wp-content\/uploads\/2024\/10\/IMG_5622-300x225.jpg 300w, http:\/\/www.oagvm.sk\/wphu\/wp-content\/uploads\/2024\/10\/IMG_5622-1024x768.jpg 1024w, http:\/\/www.oagvm.sk\/wphu\/wp-content\/uploads\/2024\/10\/IMG_5622-768x576.jpg 768w, http:\/\/www.oagvm.sk\/wphu\/wp-content\/uploads\/2024\/10\/IMG_5622-1536x1152.jpg 1536w\" sizes=\"(max-width: 2048px) 100vw, 2048px\" \/><\/li>\n                <li style=\"display: none; width: 100%;\" class=\"slide-5849 ms-image\" aria-roledescription=\"slide\" aria-label=\"slide-5849\"><img loading=\"lazy\" decoding=\"async\" width=\"2048\" height=\"1536\" src=\"http:\/\/www.oagvm.sk\/wphu\/wp-content\/uploads\/2024\/10\/IMG_5623.jpg\" class=\"slider-5829 slide-5849\" alt=\"\" rel=\"\" title=\"IMG_5623\" srcset=\"http:\/\/www.oagvm.sk\/wphu\/wp-content\/uploads\/2024\/10\/IMG_5623.jpg 2048w, http:\/\/www.oagvm.sk\/wphu\/wp-content\/uploads\/2024\/10\/IMG_5623-300x225.jpg 300w, http:\/\/www.oagvm.sk\/wphu\/wp-content\/uploads\/2024\/10\/IMG_5623-1024x768.jpg 1024w, http:\/\/www.oagvm.sk\/wphu\/wp-content\/uploads\/2024\/10\/IMG_5623-768x576.jpg 768w, http:\/\/www.oagvm.sk\/wphu\/wp-content\/uploads\/2024\/10\/IMG_5623-1536x1152.jpg 1536w\" sizes=\"(max-width: 2048px) 100vw, 2048px\" \/><\/li>\n                <li style=\"display: none; width: 100%;\" class=\"slide-5850 ms-image\" aria-roledescription=\"slide\" aria-label=\"slide-5850\"><img loading=\"lazy\" decoding=\"async\" width=\"1920\" height=\"2560\" src=\"http:\/\/www.oagvm.sk\/wphu\/wp-content\/uploads\/2024\/10\/IMG_6508-scaled.jpg\" class=\"slider-5829 slide-5850\" alt=\"\" rel=\"\" title=\"IMG_6508\" srcset=\"http:\/\/www.oagvm.sk\/wphu\/wp-content\/uploads\/2024\/10\/IMG_6508-scaled.jpg 1920w, http:\/\/www.oagvm.sk\/wphu\/wp-content\/uploads\/2024\/10\/IMG_6508-225x300.jpg 225w, http:\/\/www.oagvm.sk\/wphu\/wp-content\/uploads\/2024\/10\/IMG_6508-768x1024.jpg 768w, http:\/\/www.oagvm.sk\/wphu\/wp-content\/uploads\/2024\/10\/IMG_6508-1152x1536.jpg 1152w, http:\/\/www.oagvm.sk\/wphu\/wp-content\/uploads\/2024\/10\/IMG_6508-1536x2048.jpg 1536w\" sizes=\"(max-width: 1920px) 100vw, 1920px\" \/><\/li>\n                <li style=\"display: none; width: 100%;\" class=\"slide-5851 ms-image\" aria-roledescription=\"slide\" aria-label=\"slide-5851\"><img loading=\"lazy\" decoding=\"async\" width=\"1920\" height=\"2560\" src=\"http:\/\/www.oagvm.sk\/wphu\/wp-content\/uploads\/2024\/10\/IMG_7003-scaled.jpg\" class=\"slider-5829 slide-5851\" alt=\"\" rel=\"\" title=\"IMG_7003\" srcset=\"http:\/\/www.oagvm.sk\/wphu\/wp-content\/uploads\/2024\/10\/IMG_7003-scaled.jpg 1920w, http:\/\/www.oagvm.sk\/wphu\/wp-content\/uploads\/2024\/10\/IMG_7003-225x300.jpg 225w, http:\/\/www.oagvm.sk\/wphu\/wp-content\/uploads\/2024\/10\/IMG_7003-768x1024.jpg 768w, http:\/\/www.oagvm.sk\/wphu\/wp-content\/uploads\/2024\/10\/IMG_7003-1152x1536.jpg 1152w, http:\/\/www.oagvm.sk\/wphu\/wp-content\/uploads\/2024\/10\/IMG_7003-1536x2048.jpg 1536w\" sizes=\"(max-width: 1920px) 100vw, 1920px\" \/><\/li>\n                <li style=\"display: none; width: 100%;\" class=\"slide-5852 ms-image\" aria-roledescription=\"slide\" aria-label=\"slide-5852\"><img loading=\"lazy\" decoding=\"async\" width=\"1920\" height=\"2560\" src=\"http:\/\/www.oagvm.sk\/wphu\/wp-content\/uploads\/2024\/10\/IMG_7147-scaled.jpg\" class=\"slider-5829 slide-5852\" alt=\"\" rel=\"\" title=\"IMG_7147\" srcset=\"http:\/\/www.oagvm.sk\/wphu\/wp-content\/uploads\/2024\/10\/IMG_7147-scaled.jpg 1920w, http:\/\/www.oagvm.sk\/wphu\/wp-content\/uploads\/2024\/10\/IMG_7147-225x300.jpg 225w, http:\/\/www.oagvm.sk\/wphu\/wp-content\/uploads\/2024\/10\/IMG_7147-768x1024.jpg 768w, http:\/\/www.oagvm.sk\/wphu\/wp-content\/uploads\/2024\/10\/IMG_7147-1152x1536.jpg 1152w, http:\/\/www.oagvm.sk\/wphu\/wp-content\/uploads\/2024\/10\/IMG_7147-1536x2048.jpg 1536w\" sizes=\"(max-width: 1920px) 100vw, 1920px\" \/><\/li>\n                <li style=\"display: none; width: 100%;\" class=\"slide-5853 ms-image\" aria-roledescription=\"slide\" aria-label=\"slide-5853\"><img loading=\"lazy\" decoding=\"async\" width=\"1920\" height=\"2560\" src=\"http:\/\/www.oagvm.sk\/wphu\/wp-content\/uploads\/2024\/10\/IMG_7150-scaled.jpg\" class=\"slider-5829 slide-5853\" alt=\"\" rel=\"\" title=\"IMG_7150\" srcset=\"http:\/\/www.oagvm.sk\/wphu\/wp-content\/uploads\/2024\/10\/IMG_7150-scaled.jpg 1920w, http:\/\/www.oagvm.sk\/wphu\/wp-content\/uploads\/2024\/10\/IMG_7150-225x300.jpg 225w, http:\/\/www.oagvm.sk\/wphu\/wp-content\/uploads\/2024\/10\/IMG_7150-768x1024.jpg 768w, http:\/\/www.oagvm.sk\/wphu\/wp-content\/uploads\/2024\/10\/IMG_7150-1152x1536.jpg 1152w, http:\/\/www.oagvm.sk\/wphu\/wp-content\/uploads\/2024\/10\/IMG_7150-1536x2048.jpg 1536w\" sizes=\"(max-width: 1920px) 100vw, 1920px\" \/><\/li>\n                <li style=\"display: none; width: 100%;\" class=\"slide-5854 ms-image\" aria-roledescription=\"slide\" aria-label=\"slide-5854\"><img loading=\"lazy\" decoding=\"async\" width=\"1920\" height=\"2560\" src=\"http:\/\/www.oagvm.sk\/wphu\/wp-content\/uploads\/2024\/10\/IMG_7179-scaled.jpg\" class=\"slider-5829 slide-5854\" alt=\"\" rel=\"\" title=\"IMG_7179\" srcset=\"http:\/\/www.oagvm.sk\/wphu\/wp-content\/uploads\/2024\/10\/IMG_7179-scaled.jpg 1920w, http:\/\/www.oagvm.sk\/wphu\/wp-content\/uploads\/2024\/10\/IMG_7179-225x300.jpg 225w, http:\/\/www.oagvm.sk\/wphu\/wp-content\/uploads\/2024\/10\/IMG_7179-768x1024.jpg 768w, http:\/\/www.oagvm.sk\/wphu\/wp-content\/uploads\/2024\/10\/IMG_7179-1152x1536.jpg 1152w, http:\/\/www.oagvm.sk\/wphu\/wp-content\/uploads\/2024\/10\/IMG_7179-1536x2048.jpg 1536w\" sizes=\"(max-width: 1920px) 100vw, 1920px\" \/><\/li>\n                <li style=\"display: none; width: 100%;\" class=\"slide-5855 ms-image\" aria-roledescription=\"slide\" aria-label=\"slide-5855\"><img loading=\"lazy\" decoding=\"async\" width=\"1920\" height=\"2560\" src=\"http:\/\/www.oagvm.sk\/wphu\/wp-content\/uploads\/2024\/10\/KYAI5721-scaled.jpg\" class=\"slider-5829 slide-5855\" alt=\"\" rel=\"\" title=\"KYAI5721\" srcset=\"http:\/\/www.oagvm.sk\/wphu\/wp-content\/uploads\/2024\/10\/KYAI5721-scaled.jpg 1920w, http:\/\/www.oagvm.sk\/wphu\/wp-content\/uploads\/2024\/10\/KYAI5721-225x300.jpg 225w, http:\/\/www.oagvm.sk\/wphu\/wp-content\/uploads\/2024\/10\/KYAI5721-768x1024.jpg 768w, http:\/\/www.oagvm.sk\/wphu\/wp-content\/uploads\/2024\/10\/KYAI5721-1152x1536.jpg 1152w, http:\/\/www.oagvm.sk\/wphu\/wp-content\/uploads\/2024\/10\/KYAI5721-1536x2048.jpg 1536w\" sizes=\"(max-width: 1920px) 100vw, 1920px\" \/><\/li>\n                <li style=\"display: none; width: 100%;\" class=\"slide-5856 ms-image\" aria-roledescription=\"slide\" aria-label=\"slide-5856\"><img loading=\"lazy\" decoding=\"async\" width=\"2560\" height=\"1920\" src=\"http:\/\/www.oagvm.sk\/wphu\/wp-content\/uploads\/2024\/10\/UUAA8461-scaled.jpg\" class=\"slider-5829 slide-5856\" alt=\"\" rel=\"\" title=\"UUAA8461\" srcset=\"http:\/\/www.oagvm.sk\/wphu\/wp-content\/uploads\/2024\/10\/UUAA8461-scaled.jpg 2560w, http:\/\/www.oagvm.sk\/wphu\/wp-content\/uploads\/2024\/10\/UUAA8461-300x225.jpg 300w, http:\/\/www.oagvm.sk\/wphu\/wp-content\/uploads\/2024\/10\/UUAA8461-1024x768.jpg 1024w, http:\/\/www.oagvm.sk\/wphu\/wp-content\/uploads\/2024\/10\/UUAA8461-768x576.jpg 768w, http:\/\/www.oagvm.sk\/wphu\/wp-content\/uploads\/2024\/10\/UUAA8461-1536x1152.jpg 1536w, http:\/\/www.oagvm.sk\/wphu\/wp-content\/uploads\/2024\/10\/UUAA8461-2048x1536.jpg 2048w\" sizes=\"(max-width: 2560px) 100vw, 2560px\" \/><\/li>\n                <li style=\"display: none; width: 100%;\" class=\"slide-5857 ms-image\" aria-roledescription=\"slide\" aria-label=\"slide-5857\"><img loading=\"lazy\" decoding=\"async\" width=\"843\" height=\"1124\" src=\"http:\/\/www.oagvm.sk\/wphu\/wp-content\/uploads\/2024\/10\/WQBG7721.jpg\" class=\"slider-5829 slide-5857\" alt=\"\" rel=\"\" title=\"WQBG7721\" srcset=\"http:\/\/www.oagvm.sk\/wphu\/wp-content\/uploads\/2024\/10\/WQBG7721.jpg 843w, http:\/\/www.oagvm.sk\/wphu\/wp-content\/uploads\/2024\/10\/WQBG7721-225x300.jpg 225w, http:\/\/www.oagvm.sk\/wphu\/wp-content\/uploads\/2024\/10\/WQBG7721-768x1024.jpg 768w\" sizes=\"(max-width: 843px) 100vw, 843px\" \/><\/li>\n            <\/ul>\n        <\/div>\n        \n    <\/div>\n<\/div>\n","protected":false},"excerpt":{"rendered":"<p>Mil\u00e1no &#8211; Mil\u00e1no 14. apr\u00edl 2024 \u2013 27. apr\u00edl 2024 Projekt \u010d.&nbsp; 2023-1-SK01-KA121-VET-000122716 N\u00e1zov projektu:&nbsp;&nbsp; Odborn\u00e1 prax za hranicami Hat\u00e1ron t\u00fali szakmai gyakorlat &nbsp; Erasmus+ Mil\u00e1n\u00f3ban Iskol\u00e1nk \u2013 imm\u00e1r sokadik alkalommal \u2013 ism\u00e9t sikerrel p\u00e1ly\u00e1zott az Erasmus + program keret\u00e9ben. Ennek k\u00f6sz\u00f6nhet\u0151en 2024 \u00e1prilis\u00e1ban 10 kereskedelmi akad\u00e9mia szakos \u00e9s 3 kereskedelmi \u00e9s informatikai szolg\u00e1ltat\u00e1sok tagozatos &#8230; <a title=\"Erasmus+ 2023\/2024\" class=\"read-more\" href=\"http:\/\/www.oagvm.sk\/wphu\/?page_id=5824\" aria-label=\"Tov\u00e1bbiak Erasmus+ 2023\/2024\">Olvass tov\u00e1bb<\/a><\/p>\n","protected":false},"author":2,"featured_media":0,"parent":1212,"menu_order":0,"comment_status":"closed","ping_status":"closed","template":"","meta":{"ngg_post_thumbnail":0,"footnotes":""},"_links":{"self":[{"href":"http:\/\/www.oagvm.sk\/wphu\/index.php?rest_route=\/wp\/v2\/pages\/5824"}],"collection":[{"href":"http:\/\/www.oagvm.sk\/wphu\/index.php?rest_route=\/wp\/v2\/pages"}],"about":[{"href":"http:\/\/www.oagvm.sk\/wphu\/index.php?rest_route=\/wp\/v2\/types\/page"}],"author":[{"embeddable":true,"href":"http:\/\/www.oagvm.sk\/wphu\/index.php?rest_route=\/wp\/v2\/users\/2"}],"replies":[{"embeddable":true,"href":"http:\/\/www.oagvm.sk\/wphu\/index.php?rest_route=%2Fwp%2Fv2%2Fcomments&post=5824"}],"version-history":[{"count":4,"href":"http:\/\/www.oagvm.sk\/wphu\/index.php?rest_route=\/wp\/v2\/pages\/5824\/revisions"}],"predecessor-version":[{"id":5858,"href":"http:\/\/www.oagvm.sk\/wphu\/index.php?rest_route=\/wp\/v2\/pages\/5824\/revisions\/5858"}],"up":[{"embeddable":true,"href":"http:\/\/www.oagvm.sk\/wphu\/index.php?rest_route=\/wp\/v2\/pages\/1212"}],"wp:attachment":[{"href":"http:\/\/www.oagvm.sk\/wphu\/index.php?rest_route=%2Fwp%2Fv2%2Fmedia&parent=5824"}],"curies":[{"name":"wp","href":"https:\/\/api.w.org\/{rel}","templated":true}]}}