{"id":6007,"date":"2025-04-02T23:47:03","date_gmt":"2025-04-02T21:47:03","guid":{"rendered":"http:\/\/www.oagvm.sk\/wphu\/?page_id=6007"},"modified":"2025-04-23T10:02:33","modified_gmt":"2025-04-23T08:02:33","slug":"edinburgh","status":"publish","type":"page","link":"http:\/\/www.oagvm.sk\/wphu\/?page_id=6007","title":{"rendered":"Edinburgh &#8211; 2024\/2025"},"content":{"rendered":"<h3 style=\"text-align: justify;\"><span style=\"font-family: tahoma, arial, helvetica, sans-serif;\"><a href=\"http:\/\/www.oagvm.sk\/wphu\/?page_id=2275\"><img loading=\"lazy\" decoding=\"async\" class=\"alignnone size-full wp-image-2290\" src=\"http:\/\/www.oagvm.sk\/wphu\/wp-content\/uploads\/2021\/08\/bevezetes.png\" alt=\"\" width=\"98\" height=\"31\"><\/a><\/span><\/h3>\n<h3 style=\"text-align: justify;\"><span style=\"font-family: tahoma, arial, helvetica, sans-serif;\"><a href=\"http:\/\/www.oagvm.sk\/wphu\/?page_id=6007\"> <img loading=\"lazy\" decoding=\"async\" class=\"alignnone wp-image-5990 size-full\" title=\"http:\/\/www.oagvm.sk\/wphu\/?page_id=6007\" src=\"http:\/\/www.oagvm.sk\/wphu\/wp-content\/uploads\/2025\/04\/24-25.png\" alt=\"\" width=\"136\" height=\"31\"><\/a> <a href=\"http:\/\/www.oagvm.sk\/wphu\/?page_id=5867\"><img loading=\"lazy\" decoding=\"async\" class=\"alignnone wp-image-5863 size-full\" src=\"http:\/\/www.oagvm.sk\/wphu\/wp-content\/uploads\/2024\/10\/23-24-1.png\" alt=\"\" width=\"136\" height=\"31\"><\/a> <a href=\"http:\/\/www.oagvm.sk\/wphu\/?page_id=3582\"><img loading=\"lazy\" decoding=\"async\" class=\"alignnone wp-image-5864 size-full\" src=\"http:\/\/www.oagvm.sk\/wphu\/wp-content\/uploads\/2024\/10\/22-23-1.png\" alt=\"\" width=\"136\" height=\"31\"><\/a>&nbsp;<\/span><\/h3>\n<h3 style=\"text-align: justify;\"><strong><span style=\"font-family: tahoma, arial, helvetica, sans-serif;\"><a href=\"http:\/\/www.oagvm.sk\/wphu\/?page_id=3534\"><img loading=\"lazy\" decoding=\"async\" class=\"alignnone size-full wp-image-3515\" src=\"http:\/\/www.oagvm.sk\/wphu\/wp-content\/uploads\/2022\/11\/21-22-1.png\" alt=\"\" width=\"136\" height=\"31\"><\/a> <a href=\"http:\/\/www.oagvm.sk\/wphu\/?page_id=2293\"><img loading=\"lazy\" decoding=\"async\" class=\"alignnone size-full wp-image-2299\" src=\"http:\/\/www.oagvm.sk\/wphu\/wp-content\/uploads\/2021\/08\/20-21.png\" alt=\"\" width=\"136\" height=\"31\"><\/a> <a href=\"http:\/\/www.oagvm.sk\/wphu\/?page_id=2547\"><img loading=\"lazy\" decoding=\"async\" class=\"alignnone size-full wp-image-2298\" src=\"http:\/\/www.oagvm.sk\/wphu\/wp-content\/uploads\/2021\/08\/19-20.png\" alt=\"\" width=\"136\" height=\"31\"><\/a> <a href=\"http:\/\/www.oagvm.sk\/wphu\/?page_id=3534\"><img loading=\"lazy\" decoding=\"async\" class=\"alignnone size-full wp-image-2297\" src=\"http:\/\/www.oagvm.sk\/wphu\/wp-content\/uploads\/2021\/08\/18-19.png\" alt=\"\" width=\"136\" height=\"31\"><\/a><\/span><\/strong><\/h3>\n<h3 style=\"text-align: justify;\"><strong><span style=\"color: #ff6600; font-family: tahoma, arial, helvetica, sans-serif; font-size: 18pt;\">Dofe d\u00edj\u00e1tad\u00f3 \u00fcnneps\u00e9g a&nbsp;Kereskedelmi Akad\u00e9mi\u00e1n Nagymegyeren<\/span><\/strong><\/h3>\n<h3 style=\"text-align: justify;\"><span style=\"font-size: 14pt; font-family: tahoma, arial, helvetica, sans-serif;\">Hagyom\u00e1nny\u00e1 v\u00e1lt iskol\u00e1nkon, hogy a november 17-hez kapcsol\u00f3d\u00f3 Akad\u00e9miai H\u00e9t els\u0151 napj\u00e1n d\u00edjazzuk azokat a di\u00e1kokat, akik az elm\u00falt iskola\u00e9vben sikeresen befejezt\u00e9k az Edinburgh Hercege Nemzetk\u00f6zi D\u00edj \u2013 DofE \u2013 program valamely szintj\u00e9t. Egy vil\u00e1gszerte elismert tan\u00fas\u00edtv\u00e1nyt \u00e9s \u00e9rmet vehetnek \u00e1t, amelyeket a pozsonyi sz\u00e9khely\u0171 nemzeti iroda \u00e1ll\u00edt ki. A program 130 orsz\u00e1gban m\u0171k\u00f6dik, \u00e9s \u00e9vente t\u00f6bb mint egy milli\u00f3 fiatal kapcsol\u00f3dik be, hogy fejlessze \u00f6nmag\u00e1t \u00e9s megszerezze a meg\u00e9rdemelt d\u00edjakat.<\/span><\/h3>\n<h3 style=\"text-align: justify;\"><span style=\"font-family: tahoma, arial, helvetica, sans-serif; font-size: 14pt;\"><img loading=\"lazy\" decoding=\"async\" class=\"size-full wp-image-6028 aligncenter\" src=\"http:\/\/www.oagvm.sk\/wphu\/wp-content\/uploads\/2025\/04\/OAM_4667-1.jpg\" alt=\"\" width=\"900\" height=\"600\" srcset=\"http:\/\/www.oagvm.sk\/wphu\/wp-content\/uploads\/2025\/04\/OAM_4667-1.jpg 900w, http:\/\/www.oagvm.sk\/wphu\/wp-content\/uploads\/2025\/04\/OAM_4667-1-300x200.jpg 300w, http:\/\/www.oagvm.sk\/wphu\/wp-content\/uploads\/2025\/04\/OAM_4667-1-768x512.jpg 768w\" sizes=\"(max-width: 900px) 100vw, 900px\" \/><\/span><\/h3>\n<h3 style=\"text-align: justify;\"><span style=\"font-size: 14pt; font-family: tahoma, arial, helvetica, sans-serif;\">A k\u00f6vetkez\u0151 di\u00e1kok r\u00e9szes\u00fcltek kit\u00fcntet\u00e9sben a programban v\u00e9gzett munk\u00e1juk\u00e9rt: Gaty\u00e1s Edina, III. B, az ez\u00fcst szint teljes\u00edt\u00e9s\u00e9\u00e9rt, Beke Lili\u00e1na, III.B, \u00e9s Menyh\u00e1rt Rajmund, II.B, a bronz szint teljes\u00edt\u00e9s\u00e9\u00e9rt.<\/span><\/h3>\n<h3 style=\"text-align: justify;\"><span style=\"font-size: 14pt; font-family: tahoma, arial, helvetica, sans-serif;\">Gaty\u00e1s Edina ez\u00fcst szinten is lovagl\u00e1ssal foglalkozott, ez\u00fattal egy nehezebben kezelhet\u0151 l\u00f3val dolgozott, c\u00e9lja szabad lovagl\u00e1s, cavaletti \u00e9s kisebb ugr\u00e1sok megtanul\u00e1sa volt. A tehets\u00e9gfejleszt\u00e9sen bel\u00fcl fest\u00e9ssel foglalkozott, 10 k\u00e9pet festett meg v\u00e1sznon, \u00e9s \u00f6nk\u00e9ntes munk\u00e1t v\u00e1llalt a rancson.<\/span><\/h3>\n<h3 style=\"text-align: justify;\"><span style=\"font-size: 14pt; font-family: tahoma, arial, helvetica, sans-serif;\">Beke Lili\u00e1na is lovagl\u00e1ssal foglalkozott, c\u00e9lja megtanulni nyereg n\u00e9lk\u00fcl lovagolni, ill. a pole bending \u00e9s barrel run lovagl\u00e1si m\u00f3dok elsaj\u00e1t\u00edt\u00e1sa volt. Emellett jap\u00e1nul tanult meg le\u00edrni \u00e9s kiejteni n\u00e9h\u00e1ny alapvet\u0151 k\u00e9rd\u00e9st \u00e9s kifejez\u00e9st, az \u00f6nk\u00e9ntes munk\u00e1t pedig \u0151 is a rancson v\u00e9gezte.<\/span><\/h3>\n<h3 style=\"text-align: justify;\"><span style=\"font-size: 14pt; font-family: tahoma, arial, helvetica, sans-serif;\">Menyh\u00e1rt Rajmund f\u0151 ter\u00fclete a git\u00e1roz\u00e1s volt, k\u00e9t ig\u00e9nyesebb darabot tanult meg elj\u00e1tszani. A sportban edz\u00e9ssel \u00e9s test\u00e9p\u00edt\u00e9ssel foglalkozott, \u00e9s \u00f6nk\u00e9ntes munk\u00e1t v\u00e1llalt a szilasi ekoudvaron, ahol a hullad\u00e9k elk\u00fcl\u00f6n\u00edt\u00e9s\u00e9ben seg\u00e9dkezett.<\/span><\/h3>\n<h3 style=\"text-align: justify;\"><span style=\"font-size: 14pt; font-family: tahoma, arial, helvetica, sans-serif;\">Biciklis kalandt\u00far\u00e1ra mentek Papp L\u00e1szl\u00f3 tan\u00e1r \u00far vezet\u00e9se alatt, \u00e9s a sportol\u00e1s mellett megtekintett\u00e9k Csall\u00f3k\u00f6z v\u00edzi malmait.<\/span><\/h3>\n<h3 style=\"text-align: justify;\"><span style=\"font-size: 14pt; font-family: tahoma, arial, helvetica, sans-serif;\">Gratul\u00e1lunk a d\u00edjakhoz!<\/span><\/h3>\n<h3 style=\"text-align: justify;\"><span style=\"font-size: 14pt; font-family: tahoma, arial, helvetica, sans-serif;\">K\u00f3sa Katalin, a Dofe program koordin\u00e1tora<\/span><\/h3>\n","protected":false},"excerpt":{"rendered":"<p>&nbsp; Dofe d\u00edj\u00e1tad\u00f3 \u00fcnneps\u00e9g a&nbsp;Kereskedelmi Akad\u00e9mi\u00e1n Nagymegyeren Hagyom\u00e1nny\u00e1 v\u00e1lt iskol\u00e1nkon, hogy a november 17-hez kapcsol\u00f3d\u00f3 Akad\u00e9miai H\u00e9t els\u0151 napj\u00e1n d\u00edjazzuk azokat a di\u00e1kokat, akik az elm\u00falt iskola\u00e9vben sikeresen befejezt\u00e9k az Edinburgh Hercege Nemzetk\u00f6zi D\u00edj \u2013 DofE \u2013 program valamely szintj\u00e9t. Egy vil\u00e1gszerte elismert tan\u00fas\u00edtv\u00e1nyt \u00e9s \u00e9rmet vehetnek \u00e1t, amelyeket a pozsonyi sz\u00e9khely\u0171 nemzeti iroda \u00e1ll\u00edt &#8230; <a title=\"Edinburgh &#8211; 2024\/2025\" class=\"read-more\" href=\"http:\/\/www.oagvm.sk\/wphu\/?page_id=6007\" aria-label=\"Tov\u00e1bbiak Edinburgh &#8211; 2024\/2025\">Olvass tov\u00e1bb<\/a><\/p>\n","protected":false},"author":2,"featured_media":0,"parent":2275,"menu_order":0,"comment_status":"closed","ping_status":"closed","template":"","meta":{"ngg_post_thumbnail":0,"footnotes":""},"_links":{"self":[{"href":"http:\/\/www.oagvm.sk\/wphu\/index.php?rest_route=\/wp\/v2\/pages\/6007"}],"collection":[{"href":"http:\/\/www.oagvm.sk\/wphu\/index.php?rest_route=\/wp\/v2\/pages"}],"about":[{"href":"http:\/\/www.oagvm.sk\/wphu\/index.php?rest_route=\/wp\/v2\/types\/page"}],"author":[{"embeddable":true,"href":"http:\/\/www.oagvm.sk\/wphu\/index.php?rest_route=\/wp\/v2\/users\/2"}],"replies":[{"embeddable":true,"href":"http:\/\/www.oagvm.sk\/wphu\/index.php?rest_route=%2Fwp%2Fv2%2Fcomments&post=6007"}],"version-history":[{"count":19,"href":"http:\/\/www.oagvm.sk\/wphu\/index.php?rest_route=\/wp\/v2\/pages\/6007\/revisions"}],"predecessor-version":[{"id":6059,"href":"http:\/\/www.oagvm.sk\/wphu\/index.php?rest_route=\/wp\/v2\/pages\/6007\/revisions\/6059"}],"up":[{"embeddable":true,"href":"http:\/\/www.oagvm.sk\/wphu\/index.php?rest_route=\/wp\/v2\/pages\/2275"}],"wp:attachment":[{"href":"http:\/\/www.oagvm.sk\/wphu\/index.php?rest_route=%2Fwp%2Fv2%2Fmedia&parent=6007"}],"curies":[{"name":"wp","href":"https:\/\/api.w.org\/{rel}","templated":true}]}}