{"id":6034,"date":"2025-04-07T14:22:58","date_gmt":"2025-04-07T12:22:58","guid":{"rendered":"http:\/\/www.oagvm.sk\/wphu\/?page_id=6034"},"modified":"2025-04-07T15:31:43","modified_gmt":"2025-04-07T13:31:43","slug":"iskolai-rendtartas-fo","status":"publish","type":"page","link":"http:\/\/www.oagvm.sk\/wphu\/?page_id=6034","title":{"rendered":"Iskolai  rendtart\u00e1s"},"content":{"rendered":"<p><span style=\"font-family: tahoma, arial, helvetica, sans-serif;\"><a href=\"http:\/\/www.oagvm.sk\/wphu\/?page_id=596\">Iskolai rendtart\u00e1s<\/a><\/span><\/p>\n<p><span style=\"font-family: tahoma, arial, helvetica, sans-serif;\"><a href=\"http:\/\/www.oagvm.sk\/wphu\/?page_id=6038\">\u0160tandardy dodr\u017eiavania z\u00e1kazu segreg\u00e1cie<\/a><\/span><\/p>\n","protected":false},"excerpt":{"rendered":"<p>Iskolai rendtart\u00e1s \u0160tandardy dodr\u017eiavania z\u00e1kazu segreg\u00e1cie<\/p>\n","protected":false},"author":2,"featured_media":0,"parent":368,"menu_order":0,"comment_status":"closed","ping_status":"closed","template":"","meta":{"ngg_post_thumbnail":0,"footnotes":""},"_links":{"self":[{"href":"http:\/\/www.oagvm.sk\/wphu\/index.php?rest_route=\/wp\/v2\/pages\/6034"}],"collection":[{"href":"http:\/\/www.oagvm.sk\/wphu\/index.php?rest_route=\/wp\/v2\/pages"}],"about":[{"href":"http:\/\/www.oagvm.sk\/wphu\/index.php?rest_route=\/wp\/v2\/types\/page"}],"author":[{"embeddable":true,"href":"http:\/\/www.oagvm.sk\/wphu\/index.php?rest_route=\/wp\/v2\/users\/2"}],"replies":[{"embeddable":true,"href":"http:\/\/www.oagvm.sk\/wphu\/index.php?rest_route=%2Fwp%2Fv2%2Fcomments&post=6034"}],"version-history":[{"count":6,"href":"http:\/\/www.oagvm.sk\/wphu\/index.php?rest_route=\/wp\/v2\/pages\/6034\/revisions"}],"predecessor-version":[{"id":6046,"href":"http:\/\/www.oagvm.sk\/wphu\/index.php?rest_route=\/wp\/v2\/pages\/6034\/revisions\/6046"}],"up":[{"embeddable":true,"href":"http:\/\/www.oagvm.sk\/wphu\/index.php?rest_route=\/wp\/v2\/pages\/368"}],"wp:attachment":[{"href":"http:\/\/www.oagvm.sk\/wphu\/index.php?rest_route=%2Fwp%2Fv2%2Fmedia&parent=6034"}],"curies":[{"name":"wp","href":"https:\/\/api.w.org\/{rel}","templated":true}]}}