{"id":6583,"date":"2026-02-24T10:49:20","date_gmt":"2026-02-24T09:49:20","guid":{"rendered":"http:\/\/www.oagvm.sk\/wphu\/?page_id=6583"},"modified":"2026-02-24T13:53:27","modified_gmt":"2026-02-24T12:53:27","slug":"jegyzokonyvek","status":"publish","type":"page","link":"http:\/\/www.oagvm.sk\/wphu\/?page_id=6583","title":{"rendered":"Jegyz\u0151k\u00f6nyvek"},"content":{"rendered":"<h3><span style=\"text-decoration: underline;\"><span style=\"color: #ff6600;\"><a style=\"color: #ff6600;\" href=\"http:\/\/www.oagvm.sk\/wpsk\/?page_id=5442\"><span style=\"font-family: tahoma, arial, helvetica, sans-serif;\">Iskolatan\u00e1cs &#8211; Rada \u0161koly<\/span><\/a><\/span><\/span><\/h3>\n<h3><span style=\"text-decoration: underline;\"><a href=\"http:\/\/www.oagvm.sk\/wpsk\/?page_id=5435\"><span style=\"font-family: tahoma, arial, helvetica, sans-serif; color: #ff6600; text-decoration: underline;\">Tantest\u00fcleti tan\u00e1cs &#8211; <\/span><span style=\"font-family: tahoma, arial, helvetica, sans-serif; color: #ff6600; text-decoration: underline;\">Pedagogick\u00e1 rada <\/span><\/a><\/span><\/h3>\n<h3><span style=\"text-decoration: underline;\"><a href=\"http:\/\/www.oagvm.sk\/wpsk\/?page_id=5445\"><span style=\"font-family: tahoma, arial, helvetica, sans-serif; color: #ff6600; text-decoration: underline;\">Iskolai parlament &#8211; <\/span><span style=\"font-family: tahoma, arial, helvetica, sans-serif; color: #ff6600; text-decoration: underline;\">\u0160kolsk\u00fd parlament<\/span><\/a><\/span><\/h3>\n","protected":false},"excerpt":{"rendered":"<p>Iskolatan\u00e1cs &#8211; Rada \u0161koly Tantest\u00fcleti tan\u00e1cs &#8211; Pedagogick\u00e1 rada Iskolai parlament &#8211; \u0160kolsk\u00fd parlament<\/p>\n","protected":false},"author":2,"featured_media":0,"parent":368,"menu_order":0,"comment_status":"closed","ping_status":"closed","template":"","meta":{"ngg_post_thumbnail":0,"footnotes":""},"_links":{"self":[{"href":"http:\/\/www.oagvm.sk\/wphu\/index.php?rest_route=\/wp\/v2\/pages\/6583"}],"collection":[{"href":"http:\/\/www.oagvm.sk\/wphu\/index.php?rest_route=\/wp\/v2\/pages"}],"about":[{"href":"http:\/\/www.oagvm.sk\/wphu\/index.php?rest_route=\/wp\/v2\/types\/page"}],"author":[{"embeddable":true,"href":"http:\/\/www.oagvm.sk\/wphu\/index.php?rest_route=\/wp\/v2\/users\/2"}],"replies":[{"embeddable":true,"href":"http:\/\/www.oagvm.sk\/wphu\/index.php?rest_route=%2Fwp%2Fv2%2Fcomments&post=6583"}],"version-history":[{"count":8,"href":"http:\/\/www.oagvm.sk\/wphu\/index.php?rest_route=\/wp\/v2\/pages\/6583\/revisions"}],"predecessor-version":[{"id":6610,"href":"http:\/\/www.oagvm.sk\/wphu\/index.php?rest_route=\/wp\/v2\/pages\/6583\/revisions\/6610"}],"up":[{"embeddable":true,"href":"http:\/\/www.oagvm.sk\/wphu\/index.php?rest_route=\/wp\/v2\/pages\/368"}],"wp:attachment":[{"href":"http:\/\/www.oagvm.sk\/wphu\/index.php?rest_route=%2Fwp%2Fv2%2Fmedia&parent=6583"}],"curies":[{"name":"wp","href":"https:\/\/api.w.org\/{rel}","templated":true}]}}