{"id":1960,"date":"2019-12-02T15:25:38","date_gmt":"2019-12-02T14:25:38","guid":{"rendered":"http:\/\/www.oagvm.sk\/wpsk\/?page_id=1960"},"modified":"2024-04-05T09:34:55","modified_gmt":"2024-04-05T07:34:55","slug":"zbierky-uloh","status":"publish","type":"page","link":"http:\/\/www.oagvm.sk\/wpsk\/?page_id=1960","title":{"rendered":"Zbierky \u00faloh"},"content":{"rendered":"<p><span style=\"font-family: Arial, Helvetica, sans-serif; font-size: x-large;\"><strong>Slovensk\u00fd jazyk a literat\u00fara:<\/strong><\/span><\/p>\n<p align=\"center\"><object data=\"http:\/\/www.oagvm.sk\/wpsk\/wp-content\/uploads\/2024\/04\/SJL-ulohy-2024.pdf\" type=\"application\/pdf\" width=\"820px\" height=\"1130px\">V\u00e1\u0161 prehliada\u010d bohu\u017eial nepodporuje zobrazenie PDF dokumentov.              Kliknite sem <a href=\"http:\/\/www.oagvm.sk\/wpsk\/wp-content\/uploads\/2024\/04\/SJL-ulohy-2024.pdf\">pre stiahnutie PDF dokumentu.<\/a>&nbsp;<\/object><\/p>\n<p><span style=\"font-family: Arial, Helvetica, sans-serif; font-size: x-large;\"><span style=\"font-family: Arial, Helvetica, sans-serif; font-size: large;\"><span style=\"font-family: Arial, Helvetica, sans-serif; font-size: large;\"><span style=\"font-family: Arial, Helvetica, sans-serif; font-size: x-large;\"><span style=\"font-family: Arial, Helvetica, sans-serif; font-size: large;\"><span style=\"font-family: Arial, Helvetica, sans-serif; font-size: large;\"><span style=\"font-family: Arial, Helvetica, sans-serif; font-size: x-large;\"><strong>Matematika:<\/strong><\/span><\/span><\/span><\/span><\/span><\/span><\/span><\/p>\n<p align=\"center\"><object data=\"http:\/\/www.oagvm.sk\/wpsk\/wp-content\/uploads\/2019\/12\/felv_mat_sk.pdf\" type=\"application\/pdf\" width=\"820px\" height=\"1130px\">V\u00e1\u0161 prehliada\u010d bohu\u017eial nepodporuje zobrazenie PDF dokumentov.              Kliknite sem <a href=\"http:\/\/www.oagvm.sk\/wpsk\/wp-content\/uploads\/2019\/12\/felv_mat_sk.pdf\">pre stiahnutie PDF dokumentu.<\/a>&nbsp;<\/object><\/p>\n","protected":false},"excerpt":{"rendered":"<p>Slovensk\u00fd jazyk a literat\u00fara: V\u00e1\u0161 prehliada\u010d bohu\u017eial nepodporuje zobrazenie PDF dokumentov. Kliknite sem pre stiahnutie PDF dokumentu.&nbsp; Matematika: V\u00e1\u0161 prehliada\u010d bohu\u017eial nepodporuje zobrazenie PDF dokumentov. Kliknite sem pre stiahnutie PDF dokumentu.&nbsp;<\/p>\n","protected":false},"author":1,"featured_media":0,"parent":461,"menu_order":0,"comment_status":"closed","ping_status":"closed","template":"","meta":{"ngg_post_thumbnail":0},"_links":{"self":[{"href":"http:\/\/www.oagvm.sk\/wpsk\/index.php?rest_route=\/wp\/v2\/pages\/1960"}],"collection":[{"href":"http:\/\/www.oagvm.sk\/wpsk\/index.php?rest_route=\/wp\/v2\/pages"}],"about":[{"href":"http:\/\/www.oagvm.sk\/wpsk\/index.php?rest_route=\/wp\/v2\/types\/page"}],"author":[{"embeddable":true,"href":"http:\/\/www.oagvm.sk\/wpsk\/index.php?rest_route=\/wp\/v2\/users\/1"}],"replies":[{"embeddable":true,"href":"http:\/\/www.oagvm.sk\/wpsk\/index.php?rest_route=%2Fwp%2Fv2%2Fcomments&post=1960"}],"version-history":[{"count":10,"href":"http:\/\/www.oagvm.sk\/wpsk\/index.php?rest_route=\/wp\/v2\/pages\/1960\/revisions"}],"predecessor-version":[{"id":4448,"href":"http:\/\/www.oagvm.sk\/wpsk\/index.php?rest_route=\/wp\/v2\/pages\/1960\/revisions\/4448"}],"up":[{"embeddable":true,"href":"http:\/\/www.oagvm.sk\/wpsk\/index.php?rest_route=\/wp\/v2\/pages\/461"}],"wp:attachment":[{"href":"http:\/\/www.oagvm.sk\/wpsk\/index.php?rest_route=%2Fwp%2Fv2%2Fmedia&parent=1960"}],"curies":[{"name":"wp","href":"https:\/\/api.w.org\/{rel}","templated":true}]}}