{"id":2508,"date":"2021-05-19T14:50:55","date_gmt":"2021-05-19T12:50:55","guid":{"rendered":"http:\/\/www.oagvm.sk\/wpsk\/?page_id=2508"},"modified":"2024-09-19T08:12:21","modified_gmt":"2024-09-19T06:12:21","slug":"volne-pracovne-miesta","status":"publish","type":"page","link":"http:\/\/www.oagvm.sk\/wpsk\/?page_id=2508","title":{"rendered":"Vo\u013en\u00e9 pracovn\u00e9 miesta"},"content":{"rendered":"<p><!--\n<span style=\"font-family: tahoma, arial, helvetica, sans-serif;\">Obchodn\u00e1 akad\u00e9mia \u2013 Kereskedelmi Akad\u00e9mia, <\/span>\n\n<span style=\"font-family: tahoma, arial, helvetica, sans-serif;\">Bratislavsk\u00e1 38, <\/span><span style=\"font-family: tahoma, arial, helvetica, sans-serif;\">Ve\u013ek\u00fd Meder \u2013 Nagymegyer pon\u00faka vo\u013en\u00e9 pracovn\u00e9 miesto na pracovn\u00fa poz\u00edciu ekon\u00f3mka.<\/span>\n\n<span style=\"font-family: tahoma, arial, helvetica, sans-serif;\">Ak V\u00e1s t\u00e1to pracovn\u00e1 ponuka zaujala, pros\u00edm po\u0161lite n\u00e1m svoj \u017eivotopis a&nbsp;motiva\u010dn\u00fd list<\/span>\n\n<span style=\"font-family: tahoma, arial, helvetica, sans-serif;\">e-mailom na adresu <a href=\"mailto:oagvm@oagvm.sk\">oagvm@oagvm.sk<\/a> a&nbsp;v&nbsp;pr\u00edpade ot\u00e1zok n\u00e1s m\u00f4\u017eete kontaktova\u0165 na telef\u00f3nnom \u010d\u00edsle 0911\/748203.<\/span>\n\n<span style=\"font-family: tahoma, arial, helvetica, sans-serif;\">\u010eakujem a&nbsp;te\u0161\u00edme sa na spolupr\u00e1cu.<\/span>\n--><br \/>\n<!--\n\n\n<h3><span style=\"font-family: tahoma, arial, helvetica, sans-serif;\">Obchodn\u00e1 akad\u00e9mia \u2013 Kereskedelmi Akad\u00e9mia, Bratislavsk\u00e1 38, Ve\u013ek\u00fd Meder <\/span>\n<span style=\"font-family: tahoma, arial, helvetica, sans-serif;\">\u2013 Nagymegyer pon\u00faka vo\u013en\u00e9 pracovn\u00e9 miesto na pracovn\u00fa poz\u00edciu hlavn\u00e1 \u00fa\u010dtovn\u00ed\u010dka.<\/span><\/h3>\n\n\n\n\n<h3><span style=\"font-family: tahoma, arial, helvetica, sans-serif;\">Ak v\u00e1s t\u00e1to pracovn\u00e1 ponuka zaujala, pros\u00edm po\u0161lite n\u00e1m svoj \u017eivotopis a&nbsp;motiva\u010dn\u00fd list <\/span>\n<span style=\"font-family: tahoma, arial, helvetica, sans-serif;\">e-mailom na adresu <a href=\"mailto:oagvm@oagvm.sk\">oagvm@oagvm.sk<\/a> a&nbsp;v&nbsp;pr\u00edpade ot\u00e1zok n\u00e1s m\u00f4\u017eete kontaktova\u0165 <\/span>\n<span style=\"font-family: tahoma, arial, helvetica, sans-serif;\">na telef\u00f3nnom \u010d\u00edsle 0911\/748203. \u010eakujeme a te\u0161\u00edme sa na spolupr\u00e1cu.<\/span><\/h3>\n\n\n--><\/p>\n","protected":false},"excerpt":{"rendered":"","protected":false},"author":1,"featured_media":0,"parent":364,"menu_order":0,"comment_status":"closed","ping_status":"closed","template":"","meta":{"ngg_post_thumbnail":0},"_links":{"self":[{"href":"http:\/\/www.oagvm.sk\/wpsk\/index.php?rest_route=\/wp\/v2\/pages\/2508"}],"collection":[{"href":"http:\/\/www.oagvm.sk\/wpsk\/index.php?rest_route=\/wp\/v2\/pages"}],"about":[{"href":"http:\/\/www.oagvm.sk\/wpsk\/index.php?rest_route=\/wp\/v2\/types\/page"}],"author":[{"embeddable":true,"href":"http:\/\/www.oagvm.sk\/wpsk\/index.php?rest_route=\/wp\/v2\/users\/1"}],"replies":[{"embeddable":true,"href":"http:\/\/www.oagvm.sk\/wpsk\/index.php?rest_route=%2Fwp%2Fv2%2Fcomments&post=2508"}],"version-history":[{"count":6,"href":"http:\/\/www.oagvm.sk\/wpsk\/index.php?rest_route=\/wp\/v2\/pages\/2508\/revisions"}],"predecessor-version":[{"id":4842,"href":"http:\/\/www.oagvm.sk\/wpsk\/index.php?rest_route=\/wp\/v2\/pages\/2508\/revisions\/4842"}],"up":[{"embeddable":true,"href":"http:\/\/www.oagvm.sk\/wpsk\/index.php?rest_route=\/wp\/v2\/pages\/364"}],"wp:attachment":[{"href":"http:\/\/www.oagvm.sk\/wpsk\/index.php?rest_route=%2Fwp%2Fv2%2Fmedia&parent=2508"}],"curies":[{"name":"wp","href":"https:\/\/api.w.org\/{rel}","templated":true}]}}