{"id":2537,"date":"2021-07-09T11:12:56","date_gmt":"2021-07-09T09:12:56","guid":{"rendered":"http:\/\/www.oagvm.sk\/wpsk\/?page_id=2537"},"modified":"2025-04-23T10:26:26","modified_gmt":"2025-04-23T08:26:26","slug":"edinburgh-uvod","status":"publish","type":"page","link":"http:\/\/www.oagvm.sk\/wpsk\/?page_id=2537","title":{"rendered":"Medzin\u00e1rodn\u00e1 cena vojvodu z\u00a0Edinburghu"},"content":{"rendered":"<p><img loading=\"lazy\" class=\"alignnone size-full wp-image-2513\" style=\"text-align: center;\" src=\"http:\/\/www.oagvm.sk\/wpsk\/wp-content\/uploads\/2021\/05\/edinburgh-logo.png\" alt=\"\" width=\"130\" height=\"43\">&nbsp; &nbsp; &nbsp; &nbsp; &nbsp; &nbsp; &nbsp; &nbsp; &nbsp; &nbsp; <a href=\"http:\/\/www.oagvm.sk\/wpsk\/?page_id=2546\"><img loading=\"lazy\" class=\"alignnone wp-image-2544 size-full\" src=\"http:\/\/www.oagvm.sk\/wpsk\/wp-content\/uploads\/2021\/07\/unas.png\" alt=\"\" width=\"98\" height=\"31\"><\/a>&nbsp; &nbsp; &nbsp; &nbsp; &nbsp; &nbsp; &nbsp; &nbsp; <a href=\"http:\/\/www.oagvm.sk\/wpsk\/?page_id=5009\"><img loading=\"lazy\" class=\"alignnone wp-image-2543 size-full\" src=\"http:\/\/www.oagvm.sk\/wpsk\/wp-content\/uploads\/2021\/07\/aktivity.png\" alt=\"\" width=\"98\" height=\"31\"><\/a><\/p>\n<p><span style=\"font-family: tahoma, arial, helvetica, sans-serif; font-size: 18pt;\"><strong>Medzin\u00e1rodn\u00e1 cena vojvodu z&nbsp;Edinburghu<\/strong><\/span><\/p>\n<p><span style=\"font-family: tahoma, arial, helvetica, sans-serif; font-size: 18pt;\"><strong>The Duke of Edinburgh Award (DofE)<\/strong><\/span><\/p>\n<p style=\"text-align: justify;\"><span style=\"font-family: tahoma, arial, helvetica, sans-serif; font-size: 14pt;\">Medzin\u00e1rodn\u00e1 cena vojvodu z Edinburghu je vzdel\u00e1vac\u00ed program pod z\u00e1\u0161titou britskej kr\u00e1\u013eovskej rodiny. Ide o jeden z popredn\u00fdch programov pracuj\u00facich s mlad\u00fdmi \u013eu\u010fmi, ktor\u00fd ich pripravuje na \u017eivot a zamestnanie. V roku 2013 sa do programu zapojilo viac ako mili\u00f3n mlad\u00fdch \u013eud\u00ed z viac ako 140 kraj\u00edn sveta. Po\u010das takmer 60-ro\u010dnej existencie DofE in\u0161piroval a zmenil \u017eivoty viac ako \u00f4smim mili\u00f3nom mlad\u00fdch \u013eud\u00ed na celom svete. DofE m\u00f4\u017ee hra\u0165 k\u013e\u00fa\u010dov\u00fa rolu v rozvoji \u0161tudentov mimo vyu\u010dovania prostredn\u00edctvom vytv\u00e1rania pr\u00edle\u017eitost\u00ed pre ml\u00e1de\u017e na rozv\u00edjanie ich zru\u010dnost\u00ed, zdrav\u00e9ho \u017eivotn\u00e9ho \u0161t\u00fdlu, pomoci druh\u00fdm a prostredn\u00edctvom z\u00e1\u017eitku z Dobrodru\u017enej exped\u00edcie. Za svoje \u00fasilie s\u00fa \u0161tudenti oce\u0148ovan\u00ed prest\u00ed\u017enym certifik\u00e1tom, ktor\u00fd m\u00e1 celosvetov\u00fa platnos\u0165 a hodnotu. Medzin\u00e1rodn\u00e1 cena vojvodu z Edinburghu r\u00e1ta s t\u00fdm, \u017ee ka\u017ed\u00fd mlad\u00fd \u010dlovek m\u00e1 potenci\u00e1l uspie\u0165 bez oh\u013eadu na to, z ak\u00e9ho prostredia vych\u00e1dza. Mlad\u00ed \u013eudia, ktor\u00ed sa zapoja do programu, sa st\u00e1vaj\u00fa sebaistej\u0161\u00edmi, cie\u013eavedomej\u0161\u00edmi, rozv\u00edjaj\u00fa svoje zru\u010dnosti v oblastiach ako komunik\u00e1cia, rie\u0161enie probl\u00e9mov a l\u00edderstvo.<\/span><\/p>\n<p><span style=\"font-family: tahoma, arial, helvetica, sans-serif; font-size: 14pt;\">Str\u00e1nka N\u00e1rodnej kancel\u00e1rie programu DofE na Slovensku: <a href=\"http:\/\/www.dofe.sk\/\">www.dofe.sk<\/a><\/span><br \/>\n<span style=\"font-family: tahoma, arial, helvetica, sans-serif; font-size: 14pt;\">Ofici\u00e1lna str\u00e1nka medzin\u00e1rodnej Nad\u00e1cie programu: <a href=\"http:\/\/www.intaward.org\/\">www.intaward.org<\/a><\/span><\/p>\n","protected":false},"excerpt":{"rendered":"<p>&nbsp; &nbsp; &nbsp; &nbsp; &nbsp; &nbsp; &nbsp; &nbsp; &nbsp; &nbsp; &nbsp; &nbsp; &nbsp; &nbsp; &nbsp; &nbsp; &nbsp; &nbsp; Medzin\u00e1rodn\u00e1 cena vojvodu z&nbsp;Edinburghu The Duke of Edinburgh Award (DofE) Medzin\u00e1rodn\u00e1 cena vojvodu z Edinburghu je vzdel\u00e1vac\u00ed program pod z\u00e1\u0161titou britskej kr\u00e1\u013eovskej rodiny. Ide o jeden z popredn\u00fdch programov pracuj\u00facich s mlad\u00fdmi \u013eu\u010fmi, ktor\u00fd ich pripravuje na &#8230; <a title=\"Medzin\u00e1rodn\u00e1 cena vojvodu z\u00a0Edinburghu\" class=\"read-more\" href=\"http:\/\/www.oagvm.sk\/wpsk\/?page_id=2537\">\u010c\u00edta\u0165 viac<span class=\"screen-reader-text\">Medzin\u00e1rodn\u00e1 cena vojvodu z\u00a0Edinburghu<\/span><\/a><\/p>\n","protected":false},"author":1,"featured_media":0,"parent":0,"menu_order":0,"comment_status":"closed","ping_status":"closed","template":"","meta":{"ngg_post_thumbnail":0},"_links":{"self":[{"href":"http:\/\/www.oagvm.sk\/wpsk\/index.php?rest_route=\/wp\/v2\/pages\/2537"}],"collection":[{"href":"http:\/\/www.oagvm.sk\/wpsk\/index.php?rest_route=\/wp\/v2\/pages"}],"about":[{"href":"http:\/\/www.oagvm.sk\/wpsk\/index.php?rest_route=\/wp\/v2\/types\/page"}],"author":[{"embeddable":true,"href":"http:\/\/www.oagvm.sk\/wpsk\/index.php?rest_route=\/wp\/v2\/users\/1"}],"replies":[{"embeddable":true,"href":"http:\/\/www.oagvm.sk\/wpsk\/index.php?rest_route=%2Fwp%2Fv2%2Fcomments&post=2537"}],"version-history":[{"count":15,"href":"http:\/\/www.oagvm.sk\/wpsk\/index.php?rest_route=\/wp\/v2\/pages\/2537\/revisions"}],"predecessor-version":[{"id":5019,"href":"http:\/\/www.oagvm.sk\/wpsk\/index.php?rest_route=\/wp\/v2\/pages\/2537\/revisions\/5019"}],"wp:attachment":[{"href":"http:\/\/www.oagvm.sk\/wpsk\/index.php?rest_route=%2Fwp%2Fv2%2Fmedia&parent=2537"}],"curies":[{"name":"wp","href":"https:\/\/api.w.org\/{rel}","templated":true}]}}