{"id":2546,"date":"2021-07-09T11:29:13","date_gmt":"2021-07-09T09:29:13","guid":{"rendered":"http:\/\/www.oagvm.sk\/wpsk\/?page_id=2546"},"modified":"2025-04-23T09:27:47","modified_gmt":"2025-04-23T07:27:47","slug":"program-dofe-na-nasej-skole","status":"publish","type":"page","link":"http:\/\/www.oagvm.sk\/wpsk\/?page_id=2546","title":{"rendered":"Program DofE na na\u0161ej \u0161kole"},"content":{"rendered":"<p style=\"text-align: justify;\"><img loading=\"lazy\" class=\"alignnone size-full wp-image-2513\" src=\"http:\/\/www.oagvm.sk\/wpsk\/wp-content\/uploads\/2021\/05\/edinburgh-logo.png\" alt=\"\" width=\"130\" height=\"43\">&nbsp; &nbsp; &nbsp; &nbsp; &nbsp; &nbsp; &nbsp; &nbsp; &nbsp; &nbsp; &nbsp; <a href=\"http:\/\/www.oagvm.sk\/wpsk\/?page_id=2537\"><img loading=\"lazy\" class=\"alignnone size-full wp-image-2549\" src=\"http:\/\/www.oagvm.sk\/wpsk\/wp-content\/uploads\/2021\/07\/uvod.png\" alt=\"\" width=\"98\" height=\"31\"><\/a>&nbsp; &nbsp; &nbsp; &nbsp; &nbsp; &nbsp; &nbsp; &nbsp; &nbsp; &nbsp; <a href=\"http:\/\/www.oagvm.sk\/wpsk\/?page_id=2606\"><img loading=\"lazy\" class=\"alignnone size-full wp-image-2543\" src=\"http:\/\/www.oagvm.sk\/wpsk\/wp-content\/uploads\/2021\/07\/aktivity.png\" alt=\"\" width=\"98\" height=\"31\"><\/a><\/p>\n<p style=\"text-align: justify;\"><span style=\"font-size: 18pt;\"><strong><span style=\"font-family: tahoma, arial, helvetica, sans-serif;\">The Duke of Edinburgh International Award (Dofe) u&nbsp;n\u00e1s<\/span><\/strong><\/span><\/p>\n<p style=\"text-align: justify;\"><span style=\"font-family: tahoma, arial, helvetica, sans-serif; font-size: 14pt;\">Program Medzin\u00e1rodn\u00e1 cena vojvodu z&nbsp;Edinburghu poskytujeme od roku 2017 ako uzavret\u00e9 miestne centrum pre \u017eiakov na\u0161ej \u0161koly. N\u00e1bory rob\u00edme koncom aj za\u010diatkom \u0161kolsk\u00e9ho roka, kde \u017eiakom podrobne vysvetl\u00edme, ako program funguje, napr\u00edklad ak\u00e9 \u00farovne s\u00fa v programe, ak\u00e9 aktivity si m\u00f4\u017eu zvoli\u0165 v&nbsp;jednotliv\u00fdch oblastiach, ko\u013eko \u010dasu musia venova\u0165 aktivit\u00e1m, ak\u00e9 v\u00fdhody m\u00e1 zapojenie sa do programu a&nbsp;ak\u00e9 ocenenie m\u00f4\u017eu z\u00edska\u0165 za ukon\u010denie programu.<\/span><\/p>\n<p style=\"text-align: justify;\"><strong><span style=\"font-family: tahoma, arial, helvetica, sans-serif; font-size: 18pt;\">Kr\u00e1tko o&nbsp;programe<\/span><\/strong><\/p>\n<p style=\"text-align: justify;\"><span style=\"font-family: tahoma, arial, helvetica, sans-serif; font-size: 14pt;\">Program Dofe m\u00e1 tri \u00farovne \u2013 bronz, striebro a&nbsp;zlato \u2013 a&nbsp;ka\u017ed\u00e1 \u00farove\u0148 m\u00e1 4 povinn\u00e9 oblasti: \u0161port, rozvoj talentu, dobrovo\u013en\u00edctvo a&nbsp;dobrodru\u017en\u00e1 exped\u00edcia. Bronzov\u00fa a&nbsp;strieborn\u00fa \u00farove\u0148 m\u00f4\u017ee \u00fa\u010dastn\u00edk dokon\u010di\u0165 za jeden \u0161kolsk\u00fd rok, zlat\u00e1 \u00farove\u0148 je u\u017e n\u00e1ro\u010dnej\u0161ia a&nbsp;trv\u00e1 aj dlh\u0161ie. Jednou z&nbsp;v\u00fdhod tohto programu je, \u017ee \u017eiak sa m\u00f4\u017ee venova\u0165 akejko\u013evek aktivite, ktor\u00fa si dobrovo\u013ene vyberie v jednotliv\u00fdch oblastiach a&nbsp;m\u00f4\u017ee tieto aktivity vykon\u00e1va\u0165 doma alebo na mieste z\u00e1ujmovej \u010dinnosti. D\u00f4le\u017eit\u00fa \u00falohu hr\u00e1 mentor pod aktivitami, ktor\u00fd pom\u00e1ha \u017eiakovi stanovi\u0165 si splnite\u013en\u00fd cie\u013e, pom\u00e1ha pri plnen\u00ed a&nbsp;nap\u00ed\u0161e slovn\u00e9 hodnotenie po ukon\u010den\u00ed aktivity. Ak s\u00fa v\u0161etky oblasti ukon\u010den\u00e9 a&nbsp;\u00farove\u0148 je schv\u00e1len\u00e1, \u017eiak je ocenen\u00fd za svoju pr\u00e1cu v&nbsp;\u010fal\u0161om \u0161kolskom roku, kedy si m\u00f4\u017ee prebra\u0165 medzin\u00e1rodn\u00fd certifik\u00e1t a&nbsp;odznak danej \u00farovne. Na\u0161a \u0161kola u\u017e nieko\u013eko rokov uskuto\u010d\u0148uje oce\u0148ovanie v&nbsp;novembri prv\u00fd de\u0148 akademick\u00e9ho t\u00fd\u017ed\u0148a v&nbsp;kult\u00farnom dome, ke\u010f je pr\u00edtomn\u00e1 cel\u00e1 \u0161kola na \u00favodnom akademickom programe.<\/span><\/p>\n<p style=\"text-align: justify;\"><span style=\"font-size: 18pt;\"><strong><span style=\"font-family: tahoma, arial, helvetica, sans-serif;\">Ak m\u00e1 \u017eiak z\u00e1ujem, m\u00f4\u017ee to ozn\u00e1mi\u0165 triednemu u\u010dite\u013eovi alebo rovno ved\u00facim u\u010dite\u013eom, ktor\u00ed v&nbsp;programe pracuj\u00fa:<\/span><\/strong><\/span><\/p>\n<p style=\"text-align: justify;\"><span style=\"font-family: tahoma, arial, helvetica, sans-serif; font-size: 14pt;\">Katar\u00edna K\u00f3sov\u00e1 \u2013 koordin\u00e1torka a&nbsp;ved\u00faca programu<\/span><\/p>\n<p style=\"text-align: justify;\"><span style=\"font-family: tahoma, arial, helvetica, sans-serif; font-size: 14pt;\">L\u00e1szl\u00f3 Papp \u2013 \u0161kolite\u013e a&nbsp;hodnotite\u013e exped\u00edcie<\/span><\/p>\n<p style=\"text-align: justify;\"><span style=\"font-family: tahoma, arial, helvetica, sans-serif; font-size: 14pt;\">Vojtech Hossz\u00fa \u2013 ved\u00faci programu a&nbsp;hodnotite\u013e exped\u00edcie<\/span><\/p>\n<p style=\"text-align: justify;\">&nbsp;<\/p>\n","protected":false},"excerpt":{"rendered":"<p>&nbsp; &nbsp; &nbsp; &nbsp; &nbsp; &nbsp; &nbsp; &nbsp; &nbsp; &nbsp; &nbsp; &nbsp; &nbsp; &nbsp; &nbsp; &nbsp; &nbsp; &nbsp; &nbsp; &nbsp; &nbsp; The Duke of Edinburgh International Award (Dofe) u&nbsp;n\u00e1s Program Medzin\u00e1rodn\u00e1 cena vojvodu z&nbsp;Edinburghu poskytujeme od roku 2017 ako uzavret\u00e9 miestne centrum pre \u017eiakov na\u0161ej \u0161koly. N\u00e1bory rob\u00edme koncom aj za\u010diatkom \u0161kolsk\u00e9ho roka, kde \u017eiakom &#8230; <a title=\"Program DofE na na\u0161ej \u0161kole\" class=\"read-more\" href=\"http:\/\/www.oagvm.sk\/wpsk\/?page_id=2546\">\u010c\u00edta\u0165 viac<span class=\"screen-reader-text\">Program DofE na na\u0161ej \u0161kole<\/span><\/a><\/p>\n","protected":false},"author":1,"featured_media":0,"parent":0,"menu_order":0,"comment_status":"closed","ping_status":"closed","template":"","meta":{"ngg_post_thumbnail":0},"_links":{"self":[{"href":"http:\/\/www.oagvm.sk\/wpsk\/index.php?rest_route=\/wp\/v2\/pages\/2546"}],"collection":[{"href":"http:\/\/www.oagvm.sk\/wpsk\/index.php?rest_route=\/wp\/v2\/pages"}],"about":[{"href":"http:\/\/www.oagvm.sk\/wpsk\/index.php?rest_route=\/wp\/v2\/types\/page"}],"author":[{"embeddable":true,"href":"http:\/\/www.oagvm.sk\/wpsk\/index.php?rest_route=\/wp\/v2\/users\/1"}],"replies":[{"embeddable":true,"href":"http:\/\/www.oagvm.sk\/wpsk\/index.php?rest_route=%2Fwp%2Fv2%2Fcomments&post=2546"}],"version-history":[{"count":11,"href":"http:\/\/www.oagvm.sk\/wpsk\/index.php?rest_route=\/wp\/v2\/pages\/2546\/revisions"}],"predecessor-version":[{"id":5006,"href":"http:\/\/www.oagvm.sk\/wpsk\/index.php?rest_route=\/wp\/v2\/pages\/2546\/revisions\/5006"}],"wp:attachment":[{"href":"http:\/\/www.oagvm.sk\/wpsk\/index.php?rest_route=%2Fwp%2Fv2%2Fmedia&parent=2546"}],"curies":[{"name":"wp","href":"https:\/\/api.w.org\/{rel}","templated":true}]}}