{"id":2604,"date":"2021-07-12T10:59:22","date_gmt":"2021-07-12T08:59:22","guid":{"rendered":"http:\/\/www.oagvm.sk\/wpsk\/?page_id=2604"},"modified":"2025-04-23T12:45:12","modified_gmt":"2025-04-23T10:45:12","slug":"edinburgh-2019-2020","status":"publish","type":"page","link":"http:\/\/www.oagvm.sk\/wpsk\/?page_id=2604","title":{"rendered":"Edinburgh &#8211; 2019\/2020"},"content":{"rendered":"<h3><a href=\"http:\/\/www.oagvm.sk\/wpsk\/?page_id=2537\"><img loading=\"lazy\" class=\"alignnone size-full wp-image-2544\" src=\"http:\/\/www.oagvm.sk\/wpsk\/wp-content\/uploads\/2021\/07\/unas.png\" alt=\"\" width=\"98\" height=\"31\"><\/a><\/h3>\n<h3><a href=\"http:\/\/www.oagvm.sk\/wpsk\/?page_id=5009\"><img loading=\"lazy\" class=\"alignnone wp-image-5990 size-full\" title=\"http:\/\/www.oagvm.sk\/wphu\/?page_id=6007\" src=\"http:\/\/www.oagvm.sk\/wphu\/wp-content\/uploads\/2025\/04\/24-25.png\" alt=\"\" width=\"136\" height=\"31\"><\/a> <a href=\"http:\/\/www.oagvm.sk\/wpsk\/?page_id=4897\"><img loading=\"lazy\" class=\"alignnone wp-image-5863 size-full\" src=\"http:\/\/www.oagvm.sk\/wphu\/wp-content\/uploads\/2024\/10\/23-24-1.png\" alt=\"\" width=\"136\" height=\"31\"><\/a> <a href=\"http:\/\/www.oagvm.sk\/wpsk\/?page_id=3514\"><img loading=\"lazy\" class=\"alignnone wp-image-5864 size-full\" src=\"http:\/\/www.oagvm.sk\/wphu\/wp-content\/uploads\/2024\/10\/22-23-1.png\" alt=\"\" width=\"136\" height=\"31\"><\/a>&nbsp;<\/h3>\n<h3><a href=\"http:\/\/www.oagvm.sk\/wpsk\/?page_id=3510\"><img loading=\"lazy\" class=\"alignnone size-full wp-image-3515\" src=\"http:\/\/www.oagvm.sk\/wphu\/wp-content\/uploads\/2022\/11\/21-22-1.png\" alt=\"\" width=\"136\" height=\"31\"><\/a> <a href=\"http:\/\/www.oagvm.sk\/wpsk\/?page_id=2606\"><img loading=\"lazy\" class=\"alignnone size-full wp-image-2299\" src=\"http:\/\/www.oagvm.sk\/wphu\/wp-content\/uploads\/2021\/08\/20-21.png\" alt=\"\" width=\"136\" height=\"31\"><\/a> <a href=\"http:\/\/www.oagvm.sk\/wpsk\/?page_id=2604\"><img loading=\"lazy\" class=\"alignnone size-full wp-image-2298\" src=\"http:\/\/www.oagvm.sk\/wphu\/wp-content\/uploads\/2021\/08\/19-20.png\" alt=\"\" width=\"136\" height=\"31\"><\/a> <a href=\"http:\/\/www.oagvm.sk\/wpsk\/?page_id=2576\"><img loading=\"lazy\" class=\"alignnone size-full wp-image-2297\" src=\"http:\/\/www.oagvm.sk\/wphu\/wp-content\/uploads\/2021\/08\/18-19.png\" alt=\"\" width=\"136\" height=\"31\"><\/a><\/h3>\n<h3><strong><span style=\"font-family: tahoma, arial, helvetica, sans-serif; font-size: 18pt;\">Oce\u0148ovacia cerem\u00f3nia v Bratislave<\/span><\/strong><\/h3>\n<h3><span style=\"font-family: tahoma, arial, helvetica, sans-serif;\">Dominik Hegyi z\u00edskal bronzov\u00fa cenu \u2013 odznak a certifik\u00e1t<\/span><\/h3>\n<h3><div id=\"metaslider-id-2579\" style=\"width: 100%;\" class=\"ml-slider-3-27-0 metaslider metaslider-flex metaslider-2579 ml-slider nav-hidden\">\n    <div id=\"metaslider_container_2579\">\n        <div id=\"metaslider_2579\">\n            <ul aria-live=\"polite\" class=\"slides\">\n                <li style=\"display: block; width: 100%;\" class=\"slide-2592 ms-image\"><img src=\"http:\/\/www.oagvm.sk\/wpsk\/wp-content\/uploads\/2021\/07\/edinburgh-01-600x337.jpg\" height=\"450\" width=\"800\" alt=\"\" class=\"slider-2579 slide-2592\" title=\"edinburgh-01\" \/><\/li>\n                <li style=\"display: none; width: 100%;\" class=\"slide-2593 ms-image\"><img src=\"http:\/\/www.oagvm.sk\/wpsk\/wp-content\/uploads\/2021\/07\/edinburgh-02-600x337.jpg\" height=\"450\" width=\"800\" alt=\"\" class=\"slider-2579 slide-2593\" title=\"edinburgh-02\" \/><\/li>\n                <li style=\"display: none; width: 100%;\" class=\"slide-2594 ms-image\"><img src=\"http:\/\/www.oagvm.sk\/wpsk\/wp-content\/uploads\/2021\/07\/edinburgh-03-600x337.jpg\" height=\"450\" width=\"800\" alt=\"\" class=\"slider-2579 slide-2594\" title=\"edinburgh-03\" \/><\/li>\n                <li style=\"display: none; width: 100%;\" class=\"slide-2595 ms-image\"><img src=\"http:\/\/www.oagvm.sk\/wpsk\/wp-content\/uploads\/2021\/07\/edinburgh-04-600x337.jpg\" height=\"450\" width=\"800\" alt=\"\" class=\"slider-2579 slide-2595\" title=\"edinburgh-04\" \/><\/li>\n                <li style=\"display: none; width: 100%;\" class=\"slide-2596 ms-image\"><img src=\"http:\/\/www.oagvm.sk\/wpsk\/wp-content\/uploads\/2021\/07\/edinburgh-05-600x337.jpg\" height=\"450\" width=\"800\" alt=\"\" class=\"slider-2579 slide-2596\" title=\"edinburgh-05\" \/><\/li>\n                <li style=\"display: none; width: 100%;\" class=\"slide-2597 ms-image\"><img src=\"http:\/\/www.oagvm.sk\/wpsk\/wp-content\/uploads\/2021\/07\/edinburgh-06-600x337.jpg\" height=\"450\" width=\"800\" alt=\"\" class=\"slider-2579 slide-2597\" title=\"edinburgh-06\" \/><\/li>\n                <li style=\"display: none; width: 100%;\" class=\"slide-2598 ms-image\"><img src=\"http:\/\/www.oagvm.sk\/wpsk\/wp-content\/uploads\/2021\/07\/edinburgh-07-600x337.jpg\" height=\"450\" width=\"800\" alt=\"\" class=\"slider-2579 slide-2598\" title=\"edinburgh-07\" \/><\/li>\n                <li style=\"display: none; width: 100%;\" class=\"slide-2599 ms-image\"><img src=\"http:\/\/www.oagvm.sk\/wpsk\/wp-content\/uploads\/2021\/07\/edinburgh-08-600x337.jpg\" height=\"450\" width=\"800\" alt=\"\" class=\"slider-2579 slide-2599\" title=\"edinburgh-08\" \/><\/li>\n                <li style=\"display: none; width: 100%;\" class=\"slide-2600 ms-image\"><img src=\"http:\/\/www.oagvm.sk\/wpsk\/wp-content\/uploads\/2021\/07\/edinburgh-09-600x337.jpg\" height=\"450\" width=\"800\" alt=\"\" class=\"slider-2579 slide-2600\" title=\"edinburgh-09\" \/><\/li>\n                <li style=\"display: none; width: 100%;\" class=\"slide-2601 ms-image\"><img src=\"http:\/\/www.oagvm.sk\/wpsk\/wp-content\/uploads\/2021\/07\/edinburgh-10-600x337.jpg\" height=\"450\" width=\"800\" alt=\"\" class=\"slider-2579 slide-2601\" title=\"edinburgh-10\" \/><\/li>\n                <li style=\"display: none; width: 100%;\" class=\"slide-2602 ms-image\"><img src=\"http:\/\/www.oagvm.sk\/wpsk\/wp-content\/uploads\/2021\/07\/edinburgh-11-600x337.jpg\" height=\"450\" width=\"800\" alt=\"\" class=\"slider-2579 slide-2602\" title=\"edinburgh-11\" \/><\/li>\n                <li style=\"display: none; width: 100%;\" class=\"slide-2603 ms-image\"><img src=\"http:\/\/www.oagvm.sk\/wpsk\/wp-content\/uploads\/2021\/07\/edinburgh-12-600x337.jpg\" height=\"450\" width=\"800\" alt=\"\" class=\"slider-2579 slide-2603\" title=\"edinburgh-12\" \/><\/li>\n            <\/ul>\n        <\/div>\n        \n    <\/div>\n<\/div><\/h3>\n<h3><span style=\"font-family: tahoma, arial, helvetica, sans-serif;\"><a href=\"http:\/\/www.oagvm.sk\/wphirfolyam\/?paged=6&amp;m=201909\">http:\/\/www.oagvm.sk\/wphirfolyam\/?paged=6&amp;m=201909<\/a><\/span><\/h3>\n<h3 style=\"text-align: justify;\"><span style=\"font-size: 18pt;\"><strong><span style=\"font-family: tahoma, arial, helvetica, sans-serif;\">Dobrodru\u017en\u00e1 exped\u00edcia v pohor\u00ed Bakony<\/span><\/strong><\/span><\/h3>\n<h3 style=\"text-align: justify;\"><span style=\"font-family: tahoma, arial, helvetica, sans-serif;\">Cie\u013eom bolo obozn\u00e1mi\u0165 sa s&nbsp;horsk\u00fdmi \u017eelezni\u010dn\u00fdmi viaduktmi a&nbsp;tunelmi v&nbsp;malebnom \u00fadol\u00ed potoka Cuha, medzi \u017eelezni\u010dn\u00fdmi stanicami Vinye a&nbsp;Zirc<\/span><\/h3>\n<h3><div id=\"metaslider-id-2611\" style=\"width: 100%;\" class=\"ml-slider-3-27-0 metaslider metaslider-flex metaslider-2611 ml-slider nav-hidden nav-hidden\">\n    <div id=\"metaslider_container_2611\">\n        <div id=\"metaslider_2611\">\n            <ul aria-live=\"polite\" class=\"slides\">\n                <li style=\"display: block; width: 100%;\" class=\"slide-2636 ms-image\"><img src=\"http:\/\/www.oagvm.sk\/wpsk\/wp-content\/uploads\/2021\/07\/bakony-01-600x337.jpg\" height=\"450\" width=\"800\" alt=\"\" class=\"slider-2611 slide-2636\" title=\"bakony-01\" \/><\/li>\n                <li style=\"display: none; width: 100%;\" class=\"slide-2637 ms-image\"><img src=\"http:\/\/www.oagvm.sk\/wpsk\/wp-content\/uploads\/2021\/07\/bakony-02-450x253.jpg\" height=\"450\" width=\"800\" alt=\"\" class=\"slider-2611 slide-2637\" title=\"bakony-02\" \/><\/li>\n                <li style=\"display: none; width: 100%;\" class=\"slide-2638 ms-image\"><img src=\"http:\/\/www.oagvm.sk\/wpsk\/wp-content\/uploads\/2021\/07\/bakony-03-600x337.jpg\" height=\"450\" width=\"800\" alt=\"\" class=\"slider-2611 slide-2638\" title=\"bakony-03\" \/><\/li>\n                <li style=\"display: none; width: 100%;\" class=\"slide-2639 ms-image\"><img src=\"http:\/\/www.oagvm.sk\/wpsk\/wp-content\/uploads\/2021\/07\/bakony-04-600x337.jpg\" height=\"450\" width=\"800\" alt=\"\" class=\"slider-2611 slide-2639\" title=\"bakony-04\" \/><\/li>\n                <li style=\"display: none; width: 100%;\" class=\"slide-2640 ms-image\"><img src=\"http:\/\/www.oagvm.sk\/wpsk\/wp-content\/uploads\/2021\/07\/bakony-05-600x337.jpg\" height=\"450\" width=\"800\" alt=\"\" class=\"slider-2611 slide-2640\" title=\"bakony-05\" \/><\/li>\n                <li style=\"display: none; width: 100%;\" class=\"slide-2641 ms-image\"><img src=\"http:\/\/www.oagvm.sk\/wpsk\/wp-content\/uploads\/2021\/07\/bakony-06-600x337.jpg\" height=\"450\" width=\"800\" alt=\"\" class=\"slider-2611 slide-2641\" title=\"bakony-06\" \/><\/li>\n                <li style=\"display: none; width: 100%;\" class=\"slide-2642 ms-image\"><img src=\"http:\/\/www.oagvm.sk\/wpsk\/wp-content\/uploads\/2021\/07\/bakony-07-600x337.jpg\" height=\"450\" width=\"800\" alt=\"\" class=\"slider-2611 slide-2642\" title=\"bakony-07\" \/><\/li>\n                <li style=\"display: none; width: 100%;\" class=\"slide-2643 ms-image\"><img src=\"http:\/\/www.oagvm.sk\/wpsk\/wp-content\/uploads\/2021\/07\/bakony-08-600x337.jpg\" height=\"450\" width=\"800\" alt=\"\" class=\"slider-2611 slide-2643\" title=\"bakony-08\" \/><\/li>\n                <li style=\"display: none; width: 100%;\" class=\"slide-2644 ms-image\"><img src=\"http:\/\/www.oagvm.sk\/wpsk\/wp-content\/uploads\/2021\/07\/bakony-09-600x337.jpg\" height=\"450\" width=\"800\" alt=\"\" class=\"slider-2611 slide-2644\" title=\"bakony-09\" \/><\/li>\n                <li style=\"display: none; width: 100%;\" class=\"slide-2645 ms-image\"><img src=\"http:\/\/www.oagvm.sk\/wpsk\/wp-content\/uploads\/2021\/07\/bakony-10-600x337.jpg\" height=\"450\" width=\"800\" alt=\"\" class=\"slider-2611 slide-2645\" title=\"bakony-10\" \/><\/li>\n                <li style=\"display: none; width: 100%;\" class=\"slide-2646 ms-image\"><img src=\"http:\/\/www.oagvm.sk\/wpsk\/wp-content\/uploads\/2021\/07\/bakony-11-600x337.jpg\" height=\"450\" width=\"800\" alt=\"\" class=\"slider-2611 slide-2646\" title=\"bakony-11\" \/><\/li>\n                <li style=\"display: none; width: 100%;\" class=\"slide-2647 ms-image\"><img src=\"http:\/\/www.oagvm.sk\/wpsk\/wp-content\/uploads\/2021\/07\/bakony-12-600x337.jpg\" height=\"450\" width=\"800\" alt=\"\" class=\"slider-2611 slide-2647\" title=\"bakony-12\" \/><\/li>\n                <li style=\"display: none; width: 100%;\" class=\"slide-2648 ms-image\"><img src=\"http:\/\/www.oagvm.sk\/wpsk\/wp-content\/uploads\/2021\/07\/bakony-13-600x337.jpg\" height=\"450\" width=\"800\" alt=\"\" class=\"slider-2611 slide-2648\" title=\"bakony-13\" \/><\/li>\n                <li style=\"display: none; width: 100%;\" class=\"slide-2649 ms-image\"><img src=\"http:\/\/www.oagvm.sk\/wpsk\/wp-content\/uploads\/2021\/07\/bakony-14-600x337.jpg\" height=\"450\" width=\"800\" alt=\"\" class=\"slider-2611 slide-2649\" title=\"bakony-14\" \/><\/li>\n                <li style=\"display: none; width: 100%;\" class=\"slide-2650 ms-image\"><img src=\"http:\/\/www.oagvm.sk\/wpsk\/wp-content\/uploads\/2021\/07\/bakony-15-600x337.jpg\" height=\"450\" width=\"800\" alt=\"\" class=\"slider-2611 slide-2650\" title=\"bakony-15\" \/><\/li>\n                <li style=\"display: none; width: 100%;\" class=\"slide-2651 ms-image\"><img src=\"http:\/\/www.oagvm.sk\/wpsk\/wp-content\/uploads\/2021\/07\/bakony-16-600x337.jpg\" height=\"450\" width=\"800\" alt=\"\" class=\"slider-2611 slide-2651\" title=\"bakony-16\" \/><\/li>\n                <li style=\"display: none; width: 100%;\" class=\"slide-2652 ms-image\"><img src=\"http:\/\/www.oagvm.sk\/wpsk\/wp-content\/uploads\/2021\/07\/bakony-17-600x337.jpg\" height=\"450\" width=\"800\" alt=\"\" class=\"slider-2611 slide-2652\" title=\"bakony-17\" \/><\/li>\n                <li style=\"display: none; width: 100%;\" class=\"slide-2653 ms-image\"><img src=\"http:\/\/www.oagvm.sk\/wpsk\/wp-content\/uploads\/2021\/07\/bakony-18-600x337.jpg\" height=\"450\" width=\"800\" alt=\"\" class=\"slider-2611 slide-2653\" title=\"bakony-18\" \/><\/li>\n                <li style=\"display: none; width: 100%;\" class=\"slide-2654 ms-image\"><img src=\"http:\/\/www.oagvm.sk\/wpsk\/wp-content\/uploads\/2021\/07\/bakony-19-600x337.jpg\" height=\"450\" width=\"800\" alt=\"\" class=\"slider-2611 slide-2654\" title=\"bakony-19\" \/><\/li>\n                <li style=\"display: none; width: 100%;\" class=\"slide-2655 ms-image\"><img src=\"http:\/\/www.oagvm.sk\/wpsk\/wp-content\/uploads\/2021\/07\/bakony-20-600x337.jpg\" height=\"450\" width=\"800\" alt=\"\" class=\"slider-2611 slide-2655\" title=\"bakony-20\" \/><\/li>\n                <li style=\"display: none; width: 100%;\" class=\"slide-2656 ms-image\"><img src=\"http:\/\/www.oagvm.sk\/wpsk\/wp-content\/uploads\/2021\/07\/bakony-21-600x337.jpg\" height=\"450\" width=\"800\" alt=\"\" class=\"slider-2611 slide-2656\" title=\"bakony-21\" \/><\/li>\n                <li style=\"display: none; width: 100%;\" class=\"slide-2657 ms-image\"><img src=\"http:\/\/www.oagvm.sk\/wpsk\/wp-content\/uploads\/2021\/07\/bakony-22-600x337.jpg\" height=\"450\" width=\"800\" alt=\"\" class=\"slider-2611 slide-2657\" title=\"bakony-22\" \/><\/li>\n                <li style=\"display: none; width: 100%;\" class=\"slide-2658 ms-image\"><img src=\"http:\/\/www.oagvm.sk\/wpsk\/wp-content\/uploads\/2021\/07\/bakony-23-600x337.jpg\" height=\"450\" width=\"800\" alt=\"\" class=\"slider-2611 slide-2658\" title=\"bakony-23\" \/><\/li>\n                <li style=\"display: none; width: 100%;\" class=\"slide-2659 ms-image\"><img src=\"http:\/\/www.oagvm.sk\/wpsk\/wp-content\/uploads\/2021\/07\/bakony-24-600x337.jpg\" height=\"450\" width=\"800\" alt=\"\" class=\"slider-2611 slide-2659\" title=\"bakony-24\" \/><\/li>\n            <\/ul>\n        <\/div>\n        \n    <\/div>\n<\/div><\/h3>\n<h3 style=\"text-align: justify;\"><span style=\"font-family: tahoma, arial, helvetica, sans-serif;\"><a href=\"http:\/\/www.oagvm.sk\/wphirfolyam\/?paged=3&amp;m=201909\">http:\/\/www.oagvm.sk\/wphirfolyam\/?paged=3&amp;m=201909<\/a><\/span><\/h3>\n","protected":false},"excerpt":{"rendered":"<p>&nbsp; Oce\u0148ovacia cerem\u00f3nia v Bratislave Dominik Hegyi z\u00edskal bronzov\u00fa cenu \u2013 odznak a certifik\u00e1t http:\/\/www.oagvm.sk\/wphirfolyam\/?paged=6&amp;m=201909 Dobrodru\u017en\u00e1 exped\u00edcia v pohor\u00ed Bakony Cie\u013eom bolo obozn\u00e1mi\u0165 sa s&nbsp;horsk\u00fdmi \u017eelezni\u010dn\u00fdmi viaduktmi a&nbsp;tunelmi v&nbsp;malebnom \u00fadol\u00ed potoka Cuha, medzi \u017eelezni\u010dn\u00fdmi stanicami Vinye a&nbsp;Zirc http:\/\/www.oagvm.sk\/wphirfolyam\/?paged=3&amp;m=201909<\/p>\n","protected":false},"author":1,"featured_media":0,"parent":2546,"menu_order":0,"comment_status":"closed","ping_status":"closed","template":"","meta":{"ngg_post_thumbnail":0},"_links":{"self":[{"href":"http:\/\/www.oagvm.sk\/wpsk\/index.php?rest_route=\/wp\/v2\/pages\/2604"}],"collection":[{"href":"http:\/\/www.oagvm.sk\/wpsk\/index.php?rest_route=\/wp\/v2\/pages"}],"about":[{"href":"http:\/\/www.oagvm.sk\/wpsk\/index.php?rest_route=\/wp\/v2\/types\/page"}],"author":[{"embeddable":true,"href":"http:\/\/www.oagvm.sk\/wpsk\/index.php?rest_route=\/wp\/v2\/users\/1"}],"replies":[{"embeddable":true,"href":"http:\/\/www.oagvm.sk\/wpsk\/index.php?rest_route=%2Fwp%2Fv2%2Fcomments&post=2604"}],"version-history":[{"count":18,"href":"http:\/\/www.oagvm.sk\/wpsk\/index.php?rest_route=\/wp\/v2\/pages\/2604\/revisions"}],"predecessor-version":[{"id":5029,"href":"http:\/\/www.oagvm.sk\/wpsk\/index.php?rest_route=\/wp\/v2\/pages\/2604\/revisions\/5029"}],"up":[{"embeddable":true,"href":"http:\/\/www.oagvm.sk\/wpsk\/index.php?rest_route=\/wp\/v2\/pages\/2546"}],"wp:attachment":[{"href":"http:\/\/www.oagvm.sk\/wpsk\/index.php?rest_route=%2Fwp%2Fv2%2Fmedia&parent=2604"}],"curies":[{"name":"wp","href":"https:\/\/api.w.org\/{rel}","templated":true}]}}