{"id":2606,"date":"2021-07-12T11:02:19","date_gmt":"2021-07-12T09:02:19","guid":{"rendered":"http:\/\/www.oagvm.sk\/wpsk\/?page_id=2606"},"modified":"2025-04-23T12:46:33","modified_gmt":"2025-04-23T10:46:33","slug":"edinburgh-2020-2021","status":"publish","type":"page","link":"http:\/\/www.oagvm.sk\/wpsk\/?page_id=2606","title":{"rendered":"Edinburgh &#8211; 2020\/2021"},"content":{"rendered":"<h3><a href=\"http:\/\/www.oagvm.sk\/wpsk\/?page_id=2537\"><img loading=\"lazy\" class=\"alignnone size-full wp-image-2544\" src=\"http:\/\/www.oagvm.sk\/wpsk\/wp-content\/uploads\/2021\/07\/unas.png\" alt=\"\" width=\"98\" height=\"31\"><\/a><\/h3>\n<h3><a href=\"http:\/\/www.oagvm.sk\/wpsk\/?page_id=5009\"><img loading=\"lazy\" class=\"alignnone wp-image-5990 size-full\" title=\"http:\/\/www.oagvm.sk\/wphu\/?page_id=6007\" src=\"http:\/\/www.oagvm.sk\/wphu\/wp-content\/uploads\/2025\/04\/24-25.png\" alt=\"\" width=\"136\" height=\"31\"><\/a> <a href=\"http:\/\/www.oagvm.sk\/wpsk\/?page_id=4897\"><img loading=\"lazy\" class=\"alignnone wp-image-5863 size-full\" src=\"http:\/\/www.oagvm.sk\/wphu\/wp-content\/uploads\/2024\/10\/23-24-1.png\" alt=\"\" width=\"136\" height=\"31\"><\/a> <a href=\"http:\/\/www.oagvm.sk\/wpsk\/?page_id=3514\"><img loading=\"lazy\" class=\"alignnone wp-image-5864 size-full\" src=\"http:\/\/www.oagvm.sk\/wphu\/wp-content\/uploads\/2024\/10\/22-23-1.png\" alt=\"\" width=\"136\" height=\"31\"><\/a>&nbsp;<\/h3>\n<h3><a href=\"http:\/\/www.oagvm.sk\/wpsk\/?page_id=3510\"><img loading=\"lazy\" class=\"alignnone size-full wp-image-3515\" src=\"http:\/\/www.oagvm.sk\/wphu\/wp-content\/uploads\/2022\/11\/21-22-1.png\" alt=\"\" width=\"136\" height=\"31\"><\/a> <a href=\"http:\/\/www.oagvm.sk\/wpsk\/?page_id=2606\"><img loading=\"lazy\" class=\"alignnone size-full wp-image-2299\" src=\"http:\/\/www.oagvm.sk\/wphu\/wp-content\/uploads\/2021\/08\/20-21.png\" alt=\"\" width=\"136\" height=\"31\"><\/a> <a href=\"http:\/\/www.oagvm.sk\/wpsk\/?page_id=2604\"><img loading=\"lazy\" class=\"alignnone size-full wp-image-2298\" src=\"http:\/\/www.oagvm.sk\/wphu\/wp-content\/uploads\/2021\/08\/19-20.png\" alt=\"\" width=\"136\" height=\"31\"><\/a> <a href=\"http:\/\/www.oagvm.sk\/wpsk\/?page_id=2576\"><img loading=\"lazy\" class=\"alignnone size-full wp-image-2297\" src=\"http:\/\/www.oagvm.sk\/wphu\/wp-content\/uploads\/2021\/08\/18-19.png\" alt=\"\" width=\"136\" height=\"31\"><\/a><\/h3>\n<h3 style=\"text-align: justify;\"><strong><span style=\"font-family: tahoma, arial, helvetica, sans-serif; font-size: 18pt;\">Odovzdanie cien netradi\u010dne<\/span><\/strong><\/h3>\n<h3 style=\"text-align: justify;\"><span style=\"font-family: tahoma, arial, helvetica, sans-serif;\">Po\u010das pand\u00e9mie Mari\u00e1n Zachar, spoluzakladate\u013e a riadite\u013e programu a Jana Kub\u00edkov\u00e1, mana\u017e\u00e9rka programu pre z\u00e1padn\u00e9 Slovensko nav\u0161t\u00edvili \u0161kolu a osobne odovzdali ceny, nako\u013eko cerem\u00f3nia sa uskuto\u010dnila online.<\/span><\/h3>\n<h3><div id=\"metaslider-id-2662\" style=\"width: 100%;\" class=\"ml-slider-3-27-0 metaslider metaslider-flex metaslider-2662 ml-slider nav-hidden\">\n    <div id=\"metaslider_container_2662\">\n        <div id=\"metaslider_2662\">\n            <ul aria-live=\"polite\" class=\"slides\">\n                <li style=\"display: block; width: 100%;\" class=\"slide-2671 ms-image\"><img src=\"http:\/\/www.oagvm.sk\/wpsk\/wp-content\/uploads\/2021\/07\/dofe1-800x450.jpg\" height=\"450\" width=\"800\" alt=\"\" class=\"slider-2662 slide-2671\" title=\"dofe1\" \/><\/li>\n                <li style=\"display: none; width: 100%;\" class=\"slide-2672 ms-image\"><img src=\"http:\/\/www.oagvm.sk\/wpsk\/wp-content\/uploads\/2021\/07\/dofe2-800x450.jpg\" height=\"450\" width=\"800\" alt=\"\" class=\"slider-2662 slide-2672\" title=\"dofe2\" \/><\/li>\n                <li style=\"display: none; width: 100%;\" class=\"slide-2673 ms-image\"><img src=\"http:\/\/www.oagvm.sk\/wpsk\/wp-content\/uploads\/2021\/07\/dofe3-scaled-800x450.jpg\" height=\"450\" width=\"800\" alt=\"\" class=\"slider-2662 slide-2673\" title=\"dofe3\" \/><\/li>\n                <li style=\"display: none; width: 100%;\" class=\"slide-2674 ms-image\"><img src=\"http:\/\/www.oagvm.sk\/wpsk\/wp-content\/uploads\/2021\/07\/dofe4-721x405.jpg\" height=\"450\" width=\"800\" alt=\"\" class=\"slider-2662 slide-2674\" title=\"dofe4\" \/><\/li>\n                <li style=\"display: none; width: 100%;\" class=\"slide-2675 ms-image\"><img src=\"http:\/\/www.oagvm.sk\/wpsk\/wp-content\/uploads\/2021\/07\/dofe5-720x405.jpg\" height=\"450\" width=\"800\" alt=\"\" class=\"slider-2662 slide-2675\" title=\"dofe5\" \/><\/li>\n                <li style=\"display: none; width: 100%;\" class=\"slide-2676 ms-image\"><img src=\"http:\/\/www.oagvm.sk\/wpsk\/wp-content\/uploads\/2021\/07\/dofe6-600x337.jpg\" height=\"450\" width=\"800\" alt=\"\" class=\"slider-2662 slide-2676\" title=\"dofe6\" \/><\/li>\n                <li style=\"display: none; width: 100%;\" class=\"slide-2677 ms-image\"><img src=\"http:\/\/www.oagvm.sk\/wpsk\/wp-content\/uploads\/2021\/07\/dofe7-scaled-800x450.jpg\" height=\"450\" width=\"800\" alt=\"\" class=\"slider-2662 slide-2677\" title=\"dofe7\" \/><\/li>\n                <li style=\"display: none; width: 100%;\" class=\"slide-2678 ms-image\"><img src=\"http:\/\/www.oagvm.sk\/wpsk\/wp-content\/uploads\/2021\/07\/dofe8-scaled-800x450.jpg\" height=\"450\" width=\"800\" alt=\"\" class=\"slider-2662 slide-2678\" title=\"dofe8\" \/><\/li>\n            <\/ul>\n        <\/div>\n        \n    <\/div>\n<\/div><\/h3>\n<h3 style=\"text-align: justify;\"><span style=\"font-family: tahoma, arial, helvetica, sans-serif;\"><a href=\"http:\/\/www.oagvm.sk\/wphirfolyam\/?paged=4&amp;m=202011\">http:\/\/www.oagvm.sk\/wphirfolyam\/?paged=4&amp;m=202011<\/a><\/span><\/h3>\n<h3 style=\"text-align: justify;\">&nbsp;<\/h3>\n<h3 style=\"text-align: justify;\"><strong><span style=\"font-family: tahoma, arial, helvetica, sans-serif; font-size: 18pt;\">Zasl\u00fa\u017een\u00e9 ceny v ruk\u00e1ch dof\u00e1kov<\/span><\/strong><\/h3>\n<h3 style=\"text-align: justify;\"><span style=\"font-family: tahoma, arial, helvetica, sans-serif;\">Kv\u00f4li pand\u00e9mii ceny boli odovzdan\u00e9 riadite\u013ekou \u0161koly.<\/span><\/h3>\n<h3><div id=\"metaslider-id-2679\" style=\"width: 100%;\" class=\"ml-slider-3-27-0 metaslider metaslider-flex metaslider-2679 ml-slider nav-hidden nav-hidden\">\n    <div id=\"metaslider_container_2679\">\n        <div id=\"metaslider_2679\">\n            <ul aria-live=\"polite\" class=\"slides\">\n                <li style=\"display: block; width: 100%;\" class=\"slide-2687 ms-image\"><img src=\"http:\/\/www.oagvm.sk\/wpsk\/wp-content\/uploads\/2021\/07\/edinburgh-01-1-800x450.jpg\" height=\"450\" width=\"800\" alt=\"\" class=\"slider-2679 slide-2687\" title=\"edinburgh-01\" \/><\/li>\n                <li style=\"display: none; width: 100%;\" class=\"slide-2688 ms-image\"><img src=\"http:\/\/www.oagvm.sk\/wpsk\/wp-content\/uploads\/2021\/07\/edinburgh-02-1-800x450.jpg\" height=\"450\" width=\"800\" alt=\"\" class=\"slider-2679 slide-2688\" title=\"edinburgh-02\" \/><\/li>\n                <li style=\"display: none; width: 100%;\" class=\"slide-2689 ms-image\"><img src=\"http:\/\/www.oagvm.sk\/wpsk\/wp-content\/uploads\/2021\/07\/edinburgh-03-1-800x450.jpg\" height=\"450\" width=\"800\" alt=\"\" class=\"slider-2679 slide-2689\" title=\"edinburgh-03\" \/><\/li>\n                <li style=\"display: none; width: 100%;\" class=\"slide-2690 ms-image\"><img src=\"http:\/\/www.oagvm.sk\/wpsk\/wp-content\/uploads\/2021\/07\/edinburgh-04-1-800x450.jpg\" height=\"450\" width=\"800\" alt=\"\" class=\"slider-2679 slide-2690\" title=\"edinburgh-04\" \/><\/li>\n                <li style=\"display: none; width: 100%;\" class=\"slide-2691 ms-image\"><img src=\"http:\/\/www.oagvm.sk\/wpsk\/wp-content\/uploads\/2021\/07\/edinburgh-05-1-800x450.jpg\" height=\"450\" width=\"800\" alt=\"\" class=\"slider-2679 slide-2691\" title=\"edinburgh-05\" \/><\/li>\n                <li style=\"display: none; width: 100%;\" class=\"slide-2692 ms-image\"><img src=\"http:\/\/www.oagvm.sk\/wpsk\/wp-content\/uploads\/2021\/07\/edinburgh-06-1-800x450.jpg\" height=\"450\" width=\"800\" alt=\"\" class=\"slider-2679 slide-2692\" title=\"edinburgh-06\" \/><\/li>\n                <li style=\"display: none; width: 100%;\" class=\"slide-2693 ms-image\"><img src=\"http:\/\/www.oagvm.sk\/wpsk\/wp-content\/uploads\/2021\/07\/edinburgh-07-1-800x450.jpg\" height=\"450\" width=\"800\" alt=\"\" class=\"slider-2679 slide-2693\" title=\"edinburgh-07\" \/><\/li>\n            <\/ul>\n        <\/div>\n        \n    <\/div>\n<\/div><\/h3>\n<h3 style=\"text-align: justify;\"><span style=\"font-family: tahoma, arial, helvetica, sans-serif;\"><a href=\"http:\/\/www.oagvm.sk\/wphirfolyam\/?paged=9&amp;m=202106\">http:\/\/www.oagvm.sk\/wphirfolyam\/?paged=9&amp;m=202106<\/a><\/span><\/h3>\n<p>&nbsp;<\/p>\n<h3 style=\"text-align: justify;\"><strong><span style=\"font-family: tahoma, arial, helvetica, sans-serif; font-size: 18pt;\">Tri dni, tri hrady \u2013 dobrodru\u017en\u00e1 exped\u00edcia v Tribe\u010di<\/span><\/strong><\/h3>\n<h3 style=\"text-align: justify;\"><span style=\"font-family: tahoma, arial, helvetica, sans-serif;\">Cie\u013eom bolo obozn\u00e1mi\u0165 sa so zr\u00facaninami stredovek\u00fdch hradov. \u010clenovia t\u00edmu vyh\u013eadali ruiny hradov Oponice, G\u00edme\u0161 a Hru\u0161ov, ale videli aj ka\u0161tiele v Oponiciach a Horn\u00fdch Lefantovciach, kostol v Kosto\u013eanoch pod Tribe\u010dom a zdolali aj horu Zobor nad Nitrou.<\/span><\/h3>\n<h3><div id=\"metaslider-id-2694\" style=\"width: 100%;\" class=\"ml-slider-3-27-0 metaslider metaslider-flex metaslider-2694 ml-slider nav-hidden nav-hidden nav-hidden\">\n    <div id=\"metaslider_container_2694\">\n        <div id=\"metaslider_2694\">\n            <ul aria-live=\"polite\" class=\"slides\">\n                <li style=\"display: block; width: 100%;\" class=\"slide-2715 ms-image\"><img src=\"http:\/\/www.oagvm.sk\/wpsk\/wp-content\/uploads\/2021\/07\/edinburgh-kalandtura-03-451x254.jpg\" height=\"450\" width=\"800\" alt=\"\" class=\"slider-2694 slide-2715\" title=\"edinburgh-kalandtura-03\" \/><\/li>\n                <li style=\"display: none; width: 100%;\" class=\"slide-2716 ms-image\"><img src=\"http:\/\/www.oagvm.sk\/wpsk\/wp-content\/uploads\/2021\/07\/edinburgh-kalandtura-04-600x337.jpg\" height=\"450\" width=\"800\" alt=\"\" class=\"slider-2694 slide-2716\" title=\"edinburgh-kalandtura-04\" \/><\/li>\n                <li style=\"display: none; width: 100%;\" class=\"slide-2717 ms-image\"><img src=\"http:\/\/www.oagvm.sk\/wpsk\/wp-content\/uploads\/2021\/07\/edinburgh-kalandtura-05-800x450.jpg\" height=\"450\" width=\"800\" alt=\"\" class=\"slider-2694 slide-2717\" title=\"edinburgh-kalandtura-05\" \/><\/li>\n                <li style=\"display: none; width: 100%;\" class=\"slide-2718 ms-image\"><img src=\"http:\/\/www.oagvm.sk\/wpsk\/wp-content\/uploads\/2021\/07\/edinburgh-kalandtura-06-800x450.jpg\" height=\"450\" width=\"800\" alt=\"\" class=\"slider-2694 slide-2718\" title=\"edinburgh-kalandtura-06\" \/><\/li>\n                <li style=\"display: none; width: 100%;\" class=\"slide-2719 ms-image\"><img src=\"http:\/\/www.oagvm.sk\/wpsk\/wp-content\/uploads\/2021\/07\/edinburgh-kalandtura-07-450x253.jpg\" height=\"450\" width=\"800\" alt=\"\" class=\"slider-2694 slide-2719\" title=\"edinburgh-kalandtura-07\" \/><\/li>\n                <li style=\"display: none; width: 100%;\" class=\"slide-2720 ms-image\"><img src=\"http:\/\/www.oagvm.sk\/wpsk\/wp-content\/uploads\/2021\/07\/edinburgh-kalandtura-08-600x337.jpg\" height=\"450\" width=\"800\" alt=\"\" class=\"slider-2694 slide-2720\" title=\"edinburgh-kalandtura-08\" \/><\/li>\n                <li style=\"display: none; width: 100%;\" class=\"slide-2721 ms-image\"><img src=\"http:\/\/www.oagvm.sk\/wpsk\/wp-content\/uploads\/2021\/07\/edinburgh-kalandtura-09-800x450.jpg\" height=\"450\" width=\"800\" alt=\"\" class=\"slider-2694 slide-2721\" title=\"edinburgh-kalandtura-09\" \/><\/li>\n                <li style=\"display: none; width: 100%;\" class=\"slide-2722 ms-image\"><img src=\"http:\/\/www.oagvm.sk\/wpsk\/wp-content\/uploads\/2021\/07\/edinburgh-kalandtura-10-600x337.jpg\" height=\"450\" width=\"800\" alt=\"\" class=\"slider-2694 slide-2722\" title=\"edinburgh-kalandtura-10\" \/><\/li>\n                <li style=\"display: none; width: 100%;\" class=\"slide-2723 ms-image\"><img src=\"http:\/\/www.oagvm.sk\/wpsk\/wp-content\/uploads\/2021\/07\/edinburgh-kalandtura-11-600x337.jpg\" height=\"450\" width=\"800\" alt=\"\" class=\"slider-2694 slide-2723\" title=\"edinburgh-kalandtura-11\" \/><\/li>\n                <li style=\"display: none; width: 100%;\" class=\"slide-2724 ms-image\"><img src=\"http:\/\/www.oagvm.sk\/wpsk\/wp-content\/uploads\/2021\/07\/edinburgh-kalandtura-12-800x450.jpg\" height=\"450\" width=\"800\" alt=\"\" class=\"slider-2694 slide-2724\" title=\"edinburgh-kalandtura-12\" \/><\/li>\n                <li style=\"display: none; width: 100%;\" class=\"slide-2725 ms-image\"><img src=\"http:\/\/www.oagvm.sk\/wpsk\/wp-content\/uploads\/2021\/07\/edinburgh-kalandtura-13-800x450.jpg\" height=\"450\" width=\"800\" alt=\"\" class=\"slider-2694 slide-2725\" title=\"edinburgh-kalandtura-13\" \/><\/li>\n                <li style=\"display: none; width: 100%;\" class=\"slide-2726 ms-image\"><img src=\"http:\/\/www.oagvm.sk\/wpsk\/wp-content\/uploads\/2021\/07\/edinburgh-kalandtura-14-600x337.jpg\" height=\"450\" width=\"800\" alt=\"\" class=\"slider-2694 slide-2726\" title=\"edinburgh-kalandtura-14\" \/><\/li>\n                <li style=\"display: none; width: 100%;\" class=\"slide-2727 ms-image\"><img src=\"http:\/\/www.oagvm.sk\/wpsk\/wp-content\/uploads\/2021\/07\/edinburgh-kalandtura-15-800x450.jpg\" height=\"450\" width=\"800\" alt=\"\" class=\"slider-2694 slide-2727\" title=\"edinburgh-kalandtura-15\" \/><\/li>\n                <li style=\"display: none; width: 100%;\" class=\"slide-2728 ms-image\"><img src=\"http:\/\/www.oagvm.sk\/wpsk\/wp-content\/uploads\/2021\/07\/edinburgh-kalandtura-16-800x450.jpg\" height=\"450\" width=\"800\" alt=\"\" class=\"slider-2694 slide-2728\" title=\"edinburgh-kalandtura-16\" \/><\/li>\n                <li style=\"display: none; width: 100%;\" class=\"slide-2729 ms-image\"><img src=\"http:\/\/www.oagvm.sk\/wpsk\/wp-content\/uploads\/2021\/07\/edinburgh-kalandtura-17-800x450.jpg\" height=\"450\" width=\"800\" alt=\"\" class=\"slider-2694 slide-2729\" title=\"edinburgh-kalandtura-17\" \/><\/li>\n                <li style=\"display: none; width: 100%;\" class=\"slide-2730 ms-image\"><img src=\"http:\/\/www.oagvm.sk\/wpsk\/wp-content\/uploads\/2021\/07\/edinburgh-kalandtura-18-800x450.jpg\" height=\"450\" width=\"800\" alt=\"\" class=\"slider-2694 slide-2730\" title=\"edinburgh-kalandtura-18\" \/><\/li>\n                <li style=\"display: none; width: 100%;\" class=\"slide-2731 ms-image\"><img src=\"http:\/\/www.oagvm.sk\/wpsk\/wp-content\/uploads\/2021\/07\/edinburgh-kalandtura-19-600x337.jpg\" height=\"450\" width=\"800\" alt=\"\" class=\"slider-2694 slide-2731\" title=\"edinburgh-kalandtura-19\" \/><\/li>\n                <li style=\"display: none; width: 100%;\" class=\"slide-2732 ms-image\"><img src=\"http:\/\/www.oagvm.sk\/wpsk\/wp-content\/uploads\/2021\/07\/edinburgh-kalandtura-20-800x450.jpg\" height=\"450\" width=\"800\" alt=\"\" class=\"slider-2694 slide-2732\" title=\"edinburgh-kalandtura-20\" \/><\/li>\n                <li style=\"display: none; width: 100%;\" class=\"slide-2733 ms-image\"><img src=\"http:\/\/www.oagvm.sk\/wpsk\/wp-content\/uploads\/2021\/07\/edinburgh-kalandtura-01-800x450.jpg\" height=\"450\" width=\"800\" alt=\"\" class=\"slider-2694 slide-2733\" title=\"edinburgh-kalandtura-01\" \/><\/li>\n                <li style=\"display: none; width: 100%;\" class=\"slide-2734 ms-image\"><img src=\"http:\/\/www.oagvm.sk\/wpsk\/wp-content\/uploads\/2021\/07\/edinburgh-kalandtura-02-800x450.jpg\" height=\"450\" width=\"800\" alt=\"\" class=\"slider-2694 slide-2734\" title=\"edinburgh-kalandtura-02\" \/><\/li>\n            <\/ul>\n        <\/div>\n        \n    <\/div>\n<\/div><\/h3>\n<h3 style=\"text-align: justify;\"><span style=\"font-family: tahoma, arial, helvetica, sans-serif;\"><a href=\"http:\/\/www.oagvm.sk\/wphirfolyam\/?paged=2&amp;m=202106\">http:\/\/www.oagvm.sk\/wphirfolyam\/?paged=2&amp;m=202106<\/a><\/span><\/h3>\n<h3 style=\"text-align: justify;\">&nbsp;<\/h3>\n<h3 style=\"text-align: justify;\"><strong><span style=\"font-family: tahoma, arial, helvetica, sans-serif; font-size: 18pt;\">Zapoj sa aj ty do programu a pracuj na sebe! N\u00e1bor na \u0161kole na konci \u0161kolsk\u00e9ho roka.<\/span><\/strong><\/h3>\n<h3><div id=\"metaslider-id-2735\" style=\"width: 100%;\" class=\"ml-slider-3-27-0 metaslider metaslider-flex metaslider-2735 ml-slider nav-hidden nav-hidden nav-hidden nav-hidden\">\n    <div id=\"metaslider_container_2735\">\n        <div id=\"metaslider_2735\">\n            <ul aria-live=\"polite\" class=\"slides\">\n                <li style=\"display: block; width: 100%;\" class=\"slide-2743 ms-image\"><img src=\"http:\/\/www.oagvm.sk\/wpsk\/wp-content\/uploads\/2021\/07\/edinburgh-eloadas-02-800x450.jpg\" height=\"450\" width=\"800\" alt=\"\" class=\"slider-2735 slide-2743\" title=\"edinburgh-eloadas-02\" \/><\/li>\n                <li style=\"display: none; width: 100%;\" class=\"slide-2744 ms-image\"><img src=\"http:\/\/www.oagvm.sk\/wpsk\/wp-content\/uploads\/2021\/07\/edinburgh-eloadas-03-800x450.jpg\" height=\"450\" width=\"800\" alt=\"\" class=\"slider-2735 slide-2744\" title=\"edinburgh-eloadas-03\" \/><\/li>\n                <li style=\"display: none; width: 100%;\" class=\"slide-2745 ms-image\"><img src=\"http:\/\/www.oagvm.sk\/wpsk\/wp-content\/uploads\/2021\/07\/edinburgh-eloadas-04-800x450.jpg\" height=\"450\" width=\"800\" alt=\"\" class=\"slider-2735 slide-2745\" title=\"edinburgh-eloadas-04\" \/><\/li>\n                <li style=\"display: none; width: 100%;\" class=\"slide-2746 ms-image\"><img src=\"http:\/\/www.oagvm.sk\/wpsk\/wp-content\/uploads\/2021\/07\/edinburgh-eloadas-05-800x450.jpg\" height=\"450\" width=\"800\" alt=\"\" class=\"slider-2735 slide-2746\" title=\"edinburgh-eloadas-05\" \/><\/li>\n                <li style=\"display: none; width: 100%;\" class=\"slide-2747 ms-image\"><img src=\"http:\/\/www.oagvm.sk\/wpsk\/wp-content\/uploads\/2021\/07\/edinburgh-eloadas-06-800x450.jpg\" height=\"450\" width=\"800\" alt=\"\" class=\"slider-2735 slide-2747\" title=\"edinburgh-eloadas-06\" \/><\/li>\n                <li style=\"display: none; width: 100%;\" class=\"slide-2748 ms-image\"><img src=\"http:\/\/www.oagvm.sk\/wpsk\/wp-content\/uploads\/2021\/07\/edinburgh-eloadas-07-800x450.jpg\" height=\"450\" width=\"800\" alt=\"\" class=\"slider-2735 slide-2748\" title=\"edinburgh-eloadas-07\" \/><\/li>\n                <li style=\"display: none; width: 100%;\" class=\"slide-2749 ms-image\"><img src=\"http:\/\/www.oagvm.sk\/wpsk\/wp-content\/uploads\/2021\/07\/edinburgh-eloadas-01-800x450.jpg\" height=\"450\" width=\"800\" alt=\"\" class=\"slider-2735 slide-2749\" title=\"edinburgh-eloadas-01\" \/><\/li>\n            <\/ul>\n        <\/div>\n        \n    <\/div>\n<\/div><\/h3>\n<h3 style=\"text-align: justify;\"><span style=\"font-family: tahoma, arial, helvetica, sans-serif;\"><a href=\"http:\/\/www.oagvm.sk\/wphirfolyam\/?paged=5&amp;m=202106\">http:\/\/www.oagvm.sk\/wphirfolyam\/?paged=5&amp;m=202106<\/a><\/span><\/h3>\n<h3 style=\"text-align: justify;\">&nbsp;<\/h3>\n","protected":false},"excerpt":{"rendered":"<p>&nbsp; Odovzdanie cien netradi\u010dne Po\u010das pand\u00e9mie Mari\u00e1n Zachar, spoluzakladate\u013e a riadite\u013e programu a Jana Kub\u00edkov\u00e1, mana\u017e\u00e9rka programu pre z\u00e1padn\u00e9 Slovensko nav\u0161t\u00edvili \u0161kolu a osobne odovzdali ceny, nako\u013eko cerem\u00f3nia sa uskuto\u010dnila online. http:\/\/www.oagvm.sk\/wphirfolyam\/?paged=4&amp;m=202011 &nbsp; Zasl\u00fa\u017een\u00e9 ceny v ruk\u00e1ch dof\u00e1kov Kv\u00f4li pand\u00e9mii ceny boli odovzdan\u00e9 riadite\u013ekou \u0161koly. http:\/\/www.oagvm.sk\/wphirfolyam\/?paged=9&amp;m=202106 &nbsp; Tri dni, tri hrady \u2013 dobrodru\u017en\u00e1 exped\u00edcia v &#8230; <a title=\"Edinburgh &#8211; 2020\/2021\" class=\"read-more\" href=\"http:\/\/www.oagvm.sk\/wpsk\/?page_id=2606\">\u010c\u00edta\u0165 viac<span class=\"screen-reader-text\">Edinburgh &#8211; 2020\/2021<\/span><\/a><\/p>\n","protected":false},"author":1,"featured_media":0,"parent":2546,"menu_order":0,"comment_status":"closed","ping_status":"closed","template":"","meta":{"ngg_post_thumbnail":0},"_links":{"self":[{"href":"http:\/\/www.oagvm.sk\/wpsk\/index.php?rest_route=\/wp\/v2\/pages\/2606"}],"collection":[{"href":"http:\/\/www.oagvm.sk\/wpsk\/index.php?rest_route=\/wp\/v2\/pages"}],"about":[{"href":"http:\/\/www.oagvm.sk\/wpsk\/index.php?rest_route=\/wp\/v2\/types\/page"}],"author":[{"embeddable":true,"href":"http:\/\/www.oagvm.sk\/wpsk\/index.php?rest_route=\/wp\/v2\/users\/1"}],"replies":[{"embeddable":true,"href":"http:\/\/www.oagvm.sk\/wpsk\/index.php?rest_route=%2Fwp%2Fv2%2Fcomments&post=2606"}],"version-history":[{"count":19,"href":"http:\/\/www.oagvm.sk\/wpsk\/index.php?rest_route=\/wp\/v2\/pages\/2606\/revisions"}],"predecessor-version":[{"id":5030,"href":"http:\/\/www.oagvm.sk\/wpsk\/index.php?rest_route=\/wp\/v2\/pages\/2606\/revisions\/5030"}],"up":[{"embeddable":true,"href":"http:\/\/www.oagvm.sk\/wpsk\/index.php?rest_route=\/wp\/v2\/pages\/2546"}],"wp:attachment":[{"href":"http:\/\/www.oagvm.sk\/wpsk\/index.php?rest_route=%2Fwp%2Fv2%2Fmedia&parent=2606"}],"curies":[{"name":"wp","href":"https:\/\/api.w.org\/{rel}","templated":true}]}}