{"id":2945,"date":"2022-03-17T10:46:47","date_gmt":"2022-03-17T09:46:47","guid":{"rendered":"http:\/\/www.oagvm.sk\/wpsk\/?page_id=2945"},"modified":"2022-03-17T10:46:47","modified_gmt":"2022-03-17T09:46:47","slug":"suhrnna-sprava-2020","status":"publish","type":"page","link":"http:\/\/www.oagvm.sk\/wpsk\/?page_id=2945","title":{"rendered":"S\u00fahrnn\u00e1 spr\u00e1va &#8211; 2020"},"content":{"rendered":"\n<p align=\"center\">\n          <object data=\"http:\/\/www.oagvm.sk\/wphu\/wp-content\/uploads\/2022\/03\/Suhrnna-sprava-I.Q-2020.pdf\" type=\"application\/pdf\"  \nwidth=\"820px\" \nheight=\"1190px\" \nbgcolor= \"#ff0000\"><\/p>\n<p>A b\u00f6ng\u00e9sz\u0151je sajnos nem rendelkezik PDF be\u00e9p\u00fcl\u0151 modullal.<br \/>\n              Ide kattintva <a href=\"http:\/\/www.oagvm.sk\/wphu\/wp-content\/uploads\/2022\/03\/Suhrnna-sprava-I.Q-2020.pdf\">viszont let\u00f6ltheti a PDF f\u00e1jlt.<\/a><\/p><\/object>\n        <\/p>\n<p align=\"center\">\n          <object data=\"http:\/\/www.oagvm.sk\/wphu\/wp-content\/uploads\/2022\/03\/Suhrnna-sprava-II.-Q-2020.pdf\" type=\"application\/pdf\"  \nwidth=\"820px\" \nheight=\"1190px\" \nbgcolor= \"#ff0000\"><\/p>\n<p>A b\u00f6ng\u00e9sz\u0151je sajnos nem rendelkezik PDF be\u00e9p\u00fcl\u0151 modullal.<br \/>\n              Ide kattintva <a href=\"http:\/\/www.oagvm.sk\/wphu\/wp-content\/uploads\/2022\/03\/Suhrnna-sprava-II.-Q-2020.pdf\">viszont let\u00f6ltheti a PDF f\u00e1jlt.<\/a><\/p><\/object>\n        <\/p>\n<p align=\"center\">\n          <object data=\"http:\/\/www.oagvm.sk\/wphu\/wp-content\/uploads\/2022\/03\/Suhrnna-sprava-III.Q-2020.pdf\" type=\"application\/pdf\"  \nwidth=\"820px\" \nheight=\"1190px\" \nbgcolor= \"#ff0000\"><\/p>\n<p>A b\u00f6ng\u00e9sz\u0151je sajnos nem rendelkezik PDF be\u00e9p\u00fcl\u0151 modullal.<br \/>\n              Ide kattintva <a href=\"http:\/\/www.oagvm.sk\/wphu\/wp-content\/uploads\/2022\/03\/Suhrnna-sprava-III.Q-2020.pdf\">viszont let\u00f6ltheti a PDF f\u00e1jlt.<\/a><\/p><\/object>\n        <\/p>\n<p align=\"center\">\n          <object data=\"http:\/\/www.oagvm.sk\/wphu\/wp-content\/uploads\/2022\/03\/Suhrnna-sprava-IV.-Q-2020.pdf\" type=\"application\/pdf\"  \nwidth=\"820px\" \nheight=\"1190px\" \nbgcolor= \"#ff0000\"><\/p>\n<p>A b\u00f6ng\u00e9sz\u0151je sajnos nem rendelkezik PDF be\u00e9p\u00fcl\u0151 modullal.<br \/>\n              Ide kattintva <a href=\"http:\/\/www.oagvm.sk\/wphu\/wp-content\/uploads\/2022\/03\/Suhrnna-sprava-IV.-Q-2020.pdf\">viszont let\u00f6ltheti a PDF f\u00e1jlt.<\/a><\/p><\/object>\n        <\/p>\n","protected":false},"excerpt":{"rendered":"<p>A b\u00f6ng\u00e9sz\u0151je sajnos nem rendelkezik PDF be\u00e9p\u00fcl\u0151 modullal. Ide kattintva viszont let\u00f6ltheti a PDF f\u00e1jlt. A b\u00f6ng\u00e9sz\u0151je sajnos nem rendelkezik PDF be\u00e9p\u00fcl\u0151 modullal. Ide kattintva viszont let\u00f6ltheti a PDF f\u00e1jlt. A b\u00f6ng\u00e9sz\u0151je sajnos nem rendelkezik PDF be\u00e9p\u00fcl\u0151 modullal. Ide kattintva viszont let\u00f6ltheti a PDF f\u00e1jlt. A b\u00f6ng\u00e9sz\u0151je sajnos nem rendelkezik PDF be\u00e9p\u00fcl\u0151 modullal. Ide kattintva &#8230; <a title=\"S\u00fahrnn\u00e1 spr\u00e1va &#8211; 2020\" class=\"read-more\" href=\"http:\/\/www.oagvm.sk\/wpsk\/?page_id=2945\">\u010c\u00edta\u0165 viac<span class=\"screen-reader-text\">S\u00fahrnn\u00e1 spr\u00e1va &#8211; 2020<\/span><\/a><\/p>\n","protected":false},"author":1,"featured_media":0,"parent":1327,"menu_order":0,"comment_status":"closed","ping_status":"closed","template":"","meta":{"ngg_post_thumbnail":0},"_links":{"self":[{"href":"http:\/\/www.oagvm.sk\/wpsk\/index.php?rest_route=\/wp\/v2\/pages\/2945"}],"collection":[{"href":"http:\/\/www.oagvm.sk\/wpsk\/index.php?rest_route=\/wp\/v2\/pages"}],"about":[{"href":"http:\/\/www.oagvm.sk\/wpsk\/index.php?rest_route=\/wp\/v2\/types\/page"}],"author":[{"embeddable":true,"href":"http:\/\/www.oagvm.sk\/wpsk\/index.php?rest_route=\/wp\/v2\/users\/1"}],"replies":[{"embeddable":true,"href":"http:\/\/www.oagvm.sk\/wpsk\/index.php?rest_route=%2Fwp%2Fv2%2Fcomments&post=2945"}],"version-history":[{"count":1,"href":"http:\/\/www.oagvm.sk\/wpsk\/index.php?rest_route=\/wp\/v2\/pages\/2945\/revisions"}],"predecessor-version":[{"id":2946,"href":"http:\/\/www.oagvm.sk\/wpsk\/index.php?rest_route=\/wp\/v2\/pages\/2945\/revisions\/2946"}],"up":[{"embeddable":true,"href":"http:\/\/www.oagvm.sk\/wpsk\/index.php?rest_route=\/wp\/v2\/pages\/1327"}],"wp:attachment":[{"href":"http:\/\/www.oagvm.sk\/wpsk\/index.php?rest_route=%2Fwp%2Fv2%2Fmedia&parent=2945"}],"curies":[{"name":"wp","href":"https:\/\/api.w.org\/{rel}","templated":true}]}}