{"id":3365,"date":"2022-10-05T08:36:09","date_gmt":"2022-10-05T06:36:09","guid":{"rendered":"http:\/\/www.oagvm.sk\/wpsk\/?page_id=3365"},"modified":"2022-10-05T08:36:09","modified_gmt":"2022-10-05T06:36:09","slug":"2021-2022","status":"publish","type":"page","link":"http:\/\/www.oagvm.sk\/wpsk\/?page_id=3365","title":{"rendered":"2021\/2022"},"content":{"rendered":"\n<p align=\"center\">\n          <object data=\"http:\/\/www.oagvm.sk\/wphu\/wp-content\/uploads\/2022\/10\/projekty_sutaze-2122.pdf\" type=\"application\/pdf\"  \nwidth=\"820px\" \nheight=\"1130px\" \nbgcolor= \"#ff0000\"><\/p>\n<p>V\u00e1\u0161 prehliada\u010d bohu\u017eial nepodporuje zobrazenie PDF dokumentov.<br \/>\n              Kliknite sem <a href=\"http:\/\/www.oagvm.sk\/wphu\/wp-content\/uploads\/2022\/10\/projekty_sutaze-2122.pdf\">pre stiahnutie PDF dokumentu.<\/a><\/p><\/object>\n        <\/p>\n","protected":false},"excerpt":{"rendered":"<p>V\u00e1\u0161 prehliada\u010d bohu\u017eial nepodporuje zobrazenie PDF dokumentov. Kliknite sem pre stiahnutie PDF dokumentu.<\/p>\n","protected":false},"author":1,"featured_media":0,"parent":562,"menu_order":0,"comment_status":"closed","ping_status":"closed","template":"","meta":{"ngg_post_thumbnail":0},"_links":{"self":[{"href":"http:\/\/www.oagvm.sk\/wpsk\/index.php?rest_route=\/wp\/v2\/pages\/3365"}],"collection":[{"href":"http:\/\/www.oagvm.sk\/wpsk\/index.php?rest_route=\/wp\/v2\/pages"}],"about":[{"href":"http:\/\/www.oagvm.sk\/wpsk\/index.php?rest_route=\/wp\/v2\/types\/page"}],"author":[{"embeddable":true,"href":"http:\/\/www.oagvm.sk\/wpsk\/index.php?rest_route=\/wp\/v2\/users\/1"}],"replies":[{"embeddable":true,"href":"http:\/\/www.oagvm.sk\/wpsk\/index.php?rest_route=%2Fwp%2Fv2%2Fcomments&post=3365"}],"version-history":[{"count":1,"href":"http:\/\/www.oagvm.sk\/wpsk\/index.php?rest_route=\/wp\/v2\/pages\/3365\/revisions"}],"predecessor-version":[{"id":3366,"href":"http:\/\/www.oagvm.sk\/wpsk\/index.php?rest_route=\/wp\/v2\/pages\/3365\/revisions\/3366"}],"up":[{"embeddable":true,"href":"http:\/\/www.oagvm.sk\/wpsk\/index.php?rest_route=\/wp\/v2\/pages\/562"}],"wp:attachment":[{"href":"http:\/\/www.oagvm.sk\/wpsk\/index.php?rest_route=%2Fwp%2Fv2%2Fmedia&parent=3365"}],"curies":[{"name":"wp","href":"https:\/\/api.w.org\/{rel}","templated":true}]}}