{"id":3510,"date":"2022-12-09T14:20:28","date_gmt":"2022-12-09T13:20:28","guid":{"rendered":"http:\/\/www.oagvm.sk\/wpsk\/?page_id=3510"},"modified":"2025-04-23T12:44:41","modified_gmt":"2025-04-23T10:44:41","slug":"edingurgh-2021-2022","status":"publish","type":"page","link":"http:\/\/www.oagvm.sk\/wpsk\/?page_id=3510","title":{"rendered":"Edingurgh &#8211; 2021\/2022"},"content":{"rendered":"<h3><a href=\"http:\/\/www.oagvm.sk\/wpsk\/?page_id=2537\"><img loading=\"lazy\" class=\"alignnone size-full wp-image-2544\" src=\"http:\/\/www.oagvm.sk\/wpsk\/wp-content\/uploads\/2021\/07\/unas.png\" alt=\"\" width=\"98\" height=\"31\"><\/a><\/h3>\n<h3><a href=\"http:\/\/www.oagvm.sk\/wpsk\/?page_id=5009\"><img loading=\"lazy\" class=\"alignnone wp-image-5990 size-full\" title=\"http:\/\/www.oagvm.sk\/wphu\/?page_id=6007\" src=\"http:\/\/www.oagvm.sk\/wphu\/wp-content\/uploads\/2025\/04\/24-25.png\" alt=\"\" width=\"136\" height=\"31\"><\/a> <a href=\"http:\/\/www.oagvm.sk\/wpsk\/?page_id=4897\"><img loading=\"lazy\" class=\"alignnone wp-image-5863 size-full\" src=\"http:\/\/www.oagvm.sk\/wphu\/wp-content\/uploads\/2024\/10\/23-24-1.png\" alt=\"\" width=\"136\" height=\"31\"><\/a> <a href=\"http:\/\/www.oagvm.sk\/wpsk\/?page_id=3514\"><img loading=\"lazy\" class=\"alignnone wp-image-5864 size-full\" src=\"http:\/\/www.oagvm.sk\/wphu\/wp-content\/uploads\/2024\/10\/22-23-1.png\" alt=\"\" width=\"136\" height=\"31\"><\/a>&nbsp;<\/h3>\n<h3><a href=\"http:\/\/www.oagvm.sk\/wpsk\/?page_id=3510\"><img loading=\"lazy\" class=\"alignnone size-full wp-image-3515\" src=\"http:\/\/www.oagvm.sk\/wphu\/wp-content\/uploads\/2022\/11\/21-22-1.png\" alt=\"\" width=\"136\" height=\"31\"><\/a> <a href=\"http:\/\/www.oagvm.sk\/wpsk\/?page_id=2606\"><img loading=\"lazy\" class=\"alignnone size-full wp-image-2299\" src=\"http:\/\/www.oagvm.sk\/wphu\/wp-content\/uploads\/2021\/08\/20-21.png\" alt=\"\" width=\"136\" height=\"31\"><\/a> <a href=\"http:\/\/www.oagvm.sk\/wpsk\/?page_id=2604\"><img loading=\"lazy\" class=\"alignnone size-full wp-image-2298\" src=\"http:\/\/www.oagvm.sk\/wphu\/wp-content\/uploads\/2021\/08\/19-20.png\" alt=\"\" width=\"136\" height=\"31\"><\/a> <a href=\"http:\/\/www.oagvm.sk\/wpsk\/?page_id=2576\"><img loading=\"lazy\" class=\"alignnone size-full wp-image-2297\" src=\"http:\/\/www.oagvm.sk\/wphu\/wp-content\/uploads\/2021\/08\/18-19.png\" alt=\"\" width=\"136\" height=\"31\"><\/a><\/h3>\n<h3 style=\"text-align: justify;\"><strong>September 2021<\/strong><\/h3>\n<h3 style=\"text-align: justify;\"><strong><span style=\"font-size: 18pt;\">N\u00e1bor v novom \u0161kolskom roku<\/span><\/strong><\/h3>\n<h3 style=\"text-align: justify;\">V ka\u017edom \u0161kolskom roku v septembri predstav\u00edme \u017eiakom \u2013 hlavne prv\u00e1kom \u2013 program Medzin\u00e1rodn\u00e1 cena vojvodu z Edinburghu. Vysvetl\u00edme \u017eiakom, o \u010dom tento program je, v ak\u00fdch oblastiach m\u00f4\u017eu \u017eiaci rozv\u00edja\u0165 svoj talent, soci\u00e1lne a komunikat\u00edvne zru\u010dnosti a ako to v\u0161etko m\u00f4\u017ee by\u0165 u\u017eito\u010dn\u00e9. V r\u00e1mci tohto programu \u017eiaci m\u00f4\u017eu z\u00edska\u0165 ocenenie, ktor\u00e9 je uzn\u00e1van\u00e9 na celom svete, na vysok\u00fdch \u0161kol\u00e1ch, aj na pracovnom trhu. Samozrejme, \u017eiaci musia dokon\u010di\u0165 program, jednu \u00farove\u0148 v \u0161kolskom roku, aby mohli by\u0165 ocenen\u00ed a pokra\u010dova\u0165 na \u010fal\u0161iu \u00farove\u0148. V tomto \u0161kolskom roku z\u00e1ujem prejavili 4 \u017eiaci z prv\u00e9ho ro\u010dn\u00edka a Bogl\u00e1rka So\u00f3ky, \u017eia\u010dka II.C triedy pokra\u010duje na Striebornej \u00farovni.<\/h3>\n<h3 style=\"text-align: justify;\"><strong>okt\u00f3ber 2021<\/strong><\/h3>\n<h3 style=\"text-align: justify;\"><strong><span style=\"font-size: 18pt;\">Oce\u0148ovanie v Trnave<\/span><\/strong><\/h3>\n<h3 style=\"text-align: justify;\">V prv\u00fdch mesiacoch nov\u00e9ho \u0161kolsk\u00e9ho roka prebieha oce\u0148ovacia cerem\u00f3nia Dof\u00e1kov, ktor\u00ed svoje aktivity a \u00farove\u0148 v programe dokon\u010dili v predch\u00e1dzaj\u00facom \u0161kolskom roku. Ocenenie \u00fa\u010dastn\u00edkov programu sa v tomto \u0161kolkom roku uskuto\u010dnilo 11. okt\u00f3bra 2021 v Trnave, st\u00e1le v\u0161ak v netradi\u010dnej forme kv\u00f4li pand\u00e9mickej situ\u00e1cii. Dve \u017eia\u010dky z\u00edskali ocenenia za svoju vytrval\u00fa pr\u00e1cu, J\u00falia Anna T\u00f3th, IV.C na Striebornej \u00farovni a Bogl\u00e1rka So\u00f3ky, II.C na Bronzovej \u00farovni.<\/h3>\n<h3 style=\"text-align: justify;\"><a href=\"http:\/\/www.oagvm.sk\/wphirfolyam\/?p=4179\">http:\/\/www.oagvm.sk\/wphirfolyam\/?p=4179<\/a><\/h3>\n<div id=\"metaslider-id-3555\" style=\"width: 100%;\" class=\"ml-slider-3-27-0 metaslider metaslider-flex metaslider-3555 ml-slider nav-hidden\">\n    <div id=\"metaslider_container_3555\">\n        <div id=\"metaslider_3555\">\n            <ul aria-live=\"polite\" class=\"slides\">\n                <li style=\"display: block; width: 100%;\" class=\"slide-3563 ms-image\"><img width=\"484\" height=\"800\" src=\"http:\/\/www.oagvm.sk\/wpsk\/wp-content\/uploads\/2022\/12\/edingurgh_dijatadas-01.jpg\" class=\"slider-3555 slide-3563\" alt=\"\" loading=\"lazy\" rel=\"\" title=\"edingurgh_dijatadas-01\" srcset=\"http:\/\/www.oagvm.sk\/wpsk\/wp-content\/uploads\/2022\/12\/edingurgh_dijatadas-01.jpg 484w, http:\/\/www.oagvm.sk\/wpsk\/wp-content\/uploads\/2022\/12\/edingurgh_dijatadas-01-182x300.jpg 182w\" sizes=\"(max-width: 484px) 100vw, 484px\" \/><\/li>\n                <li style=\"display: none; width: 100%;\" class=\"slide-3564 ms-image\"><img width=\"537\" height=\"800\" src=\"http:\/\/www.oagvm.sk\/wpsk\/wp-content\/uploads\/2022\/12\/edingurgh_dijatadas-02.jpg\" class=\"slider-3555 slide-3564\" alt=\"\" loading=\"lazy\" rel=\"\" title=\"edingurgh_dijatadas-02\" srcset=\"http:\/\/www.oagvm.sk\/wpsk\/wp-content\/uploads\/2022\/12\/edingurgh_dijatadas-02.jpg 537w, http:\/\/www.oagvm.sk\/wpsk\/wp-content\/uploads\/2022\/12\/edingurgh_dijatadas-02-201x300.jpg 201w\" sizes=\"(max-width: 537px) 100vw, 537px\" \/><\/li>\n                <li style=\"display: none; width: 100%;\" class=\"slide-3565 ms-image\"><img width=\"800\" height=\"600\" src=\"http:\/\/www.oagvm.sk\/wpsk\/wp-content\/uploads\/2022\/12\/edingurgh_dijatadas-03.jpg\" class=\"slider-3555 slide-3565\" alt=\"\" loading=\"lazy\" rel=\"\" title=\"edingurgh_dijatadas-03\" srcset=\"http:\/\/www.oagvm.sk\/wpsk\/wp-content\/uploads\/2022\/12\/edingurgh_dijatadas-03.jpg 800w, http:\/\/www.oagvm.sk\/wpsk\/wp-content\/uploads\/2022\/12\/edingurgh_dijatadas-03-300x225.jpg 300w, http:\/\/www.oagvm.sk\/wpsk\/wp-content\/uploads\/2022\/12\/edingurgh_dijatadas-03-768x576.jpg 768w\" sizes=\"(max-width: 800px) 100vw, 800px\" \/><\/li>\n                <li style=\"display: none; width: 100%;\" class=\"slide-3566 ms-image\"><img width=\"800\" height=\"579\" src=\"http:\/\/www.oagvm.sk\/wpsk\/wp-content\/uploads\/2022\/12\/edingurgh_dijatadas-04.jpg\" class=\"slider-3555 slide-3566\" alt=\"\" loading=\"lazy\" rel=\"\" title=\"edingurgh_dijatadas-04\" srcset=\"http:\/\/www.oagvm.sk\/wpsk\/wp-content\/uploads\/2022\/12\/edingurgh_dijatadas-04.jpg 800w, http:\/\/www.oagvm.sk\/wpsk\/wp-content\/uploads\/2022\/12\/edingurgh_dijatadas-04-300x217.jpg 300w, http:\/\/www.oagvm.sk\/wpsk\/wp-content\/uploads\/2022\/12\/edingurgh_dijatadas-04-768x556.jpg 768w\" sizes=\"(max-width: 800px) 100vw, 800px\" \/><\/li>\n                <li style=\"display: none; width: 100%;\" class=\"slide-3567 ms-image\"><img width=\"800\" height=\"600\" src=\"http:\/\/www.oagvm.sk\/wpsk\/wp-content\/uploads\/2022\/12\/edingurgh_dijatadas-05.jpg\" class=\"slider-3555 slide-3567\" alt=\"\" loading=\"lazy\" rel=\"\" title=\"edingurgh_dijatadas-05\" srcset=\"http:\/\/www.oagvm.sk\/wpsk\/wp-content\/uploads\/2022\/12\/edingurgh_dijatadas-05.jpg 800w, http:\/\/www.oagvm.sk\/wpsk\/wp-content\/uploads\/2022\/12\/edingurgh_dijatadas-05-300x225.jpg 300w, http:\/\/www.oagvm.sk\/wpsk\/wp-content\/uploads\/2022\/12\/edingurgh_dijatadas-05-768x576.jpg 768w\" sizes=\"(max-width: 800px) 100vw, 800px\" \/><\/li>\n                <li style=\"display: none; width: 100%;\" class=\"slide-3568 ms-image\"><img width=\"800\" height=\"600\" src=\"http:\/\/www.oagvm.sk\/wpsk\/wp-content\/uploads\/2022\/12\/edingurgh_dijatadas-06.jpg\" class=\"slider-3555 slide-3568\" alt=\"\" loading=\"lazy\" rel=\"\" title=\"edingurgh_dijatadas-06\" srcset=\"http:\/\/www.oagvm.sk\/wpsk\/wp-content\/uploads\/2022\/12\/edingurgh_dijatadas-06.jpg 800w, http:\/\/www.oagvm.sk\/wpsk\/wp-content\/uploads\/2022\/12\/edingurgh_dijatadas-06-300x225.jpg 300w, http:\/\/www.oagvm.sk\/wpsk\/wp-content\/uploads\/2022\/12\/edingurgh_dijatadas-06-768x576.jpg 768w\" sizes=\"(max-width: 800px) 100vw, 800px\" \/><\/li>\n                <li style=\"display: none; width: 100%;\" class=\"slide-3569 ms-image\"><img width=\"800\" height=\"600\" src=\"http:\/\/www.oagvm.sk\/wpsk\/wp-content\/uploads\/2022\/12\/edingurgh_dijatadas-07.jpg\" class=\"slider-3555 slide-3569\" alt=\"\" loading=\"lazy\" rel=\"\" title=\"edingurgh_dijatadas-07\" srcset=\"http:\/\/www.oagvm.sk\/wpsk\/wp-content\/uploads\/2022\/12\/edingurgh_dijatadas-07.jpg 800w, http:\/\/www.oagvm.sk\/wpsk\/wp-content\/uploads\/2022\/12\/edingurgh_dijatadas-07-300x225.jpg 300w, http:\/\/www.oagvm.sk\/wpsk\/wp-content\/uploads\/2022\/12\/edingurgh_dijatadas-07-768x576.jpg 768w\" sizes=\"(max-width: 800px) 100vw, 800px\" \/><\/li>\n            <\/ul>\n        <\/div>\n        \n    <\/div>\n<\/div>\n<h3>&nbsp;<\/h3>\n<h3 style=\"text-align: justify;\"><span style=\"font-size: 18pt;\"><strong>\u010eal\u0161\u00ed bronz a striebro pre Dof\u00e1kov Obchodnej akad\u00e9mie vo Ve\u013ekom Mederi<\/strong><\/span><\/h3>\n<h3 style=\"text-align: justify;\">Pracova\u0165 na sebe a rozv\u00edja\u0165 svoje schopnosti sa v\u017edy oplat\u00ed a je mo\u017en\u00e9 aj vtedy, ke\u010f prebieha online vyu\u010dovanie a mo\u017enosti pre r\u00f4zne aktivity s\u00fa zna\u010dne obmedzen\u00e9. Dobr\u00fdm pr\u00edkladom vytrvalosti a schopnosti prekona\u0165 prek\u00e1\u017eky aj v \u0165a\u017ek\u00fdch \u010dasoch s\u00fa \u017eia\u010dky Obchodnej akad\u00e9mie, J\u00falia Anna T\u00f3th zo 4.C triedy a Bogl\u00e1rka So\u00f3ky z 2.C triedy. Obidve diev\u010dat\u00e1 usilovne a svedomito pracovali na dosiahnut\u00ed svojich cie\u013eov, pravidelne sa bicyklovali, pri\u010dom zvy\u0161ovali svoje tempo a kondi\u010dku, nau\u010dili sa nov\u00e9 techniky v \u0161trikovan\u00ed a ma\u013eovan\u00ed a svojimi pr\u00e1cami a v\u00fdtvormi pom\u00e1hali pedag\u00f3gom v materskej a z\u00e1kladnej \u0161kole spestri\u0165 aktivity pre deti. Na dobrodru\u017en\u00fa exped\u00edciu sa vybrali do pohoria Tribe\u010d, kde absolvovali dve noci stanovania a tri dni pe\u0161ej t\u00fary v rozsahu 8 hod\u00edn denne. Pritom nav\u0161t\u00edvili Oponick\u00fd a \u010cierny hrad, hrad G\u00fdme\u0161 a Hru\u0161ovce. Za t\u00fato pr\u00e1cu a \u00fasilie boli ocenen\u00e9 na bronzovej a striebornej \u00farovni prest\u00ed\u017enym odznakom a uzn\u00e1van\u00fdm certifik\u00e1tom, ktor\u00e9 si mohli osobne prebra\u0165 v Trnave 11. okt\u00f3bra 2021. Pandemick\u00e1 situ\u00e1cia bohu\u017eia\u013e aj tento rok ovplyvnila formu odovzd\u00e1vania cien a ubrala zo sl\u00e1vnostnej atmosf\u00e9ry, ale ur\u010dite neubl\u00ed\u017eila na hrdosti \u017eia\u010dok za dosiahnut\u00e9 ciele. Online cerem\u00f3nia 4. novembra 2021 bude na po\u010des\u0165 v\u0161etk\u00fdch \u00faspe\u0161n\u00fdch Dof\u00e1kov, ktor\u00ed to nevzdali ani v obdob\u00ed ve\u013ek\u00fdch obmedzen\u00ed.<\/h3>\n<h3 style=\"text-align: justify;\">Gratulujeme k \u00faspechu, prajeme dobr\u00e9 zdravie a ve\u013ea s\u00edl na\u010falej pracova\u0165 na sebe.<\/h3>\n<h3 style=\"text-align: justify;\">Katar\u00edna K\u00f3sov\u00e1, koordin\u00e1torka programu Medzin\u00e1rodn\u00e1 cena vojvodu z Edinburghu<\/h3>\n<h3 style=\"text-align: justify;\"><strong>j\u00fan 2022<\/strong><\/h3>\n<h3 style=\"text-align: justify;\"><span style=\"font-size: 18pt;\"><strong>Dobrodru\u017en\u00e1 exped\u00edcia v Bakonyi a v Pilisi<\/strong><\/span><\/h3>\n<h3 style=\"text-align: justify;\">J\u00fan je pre na\u0161ich Dof\u00e1kov mesiacom dobrodru\u017en\u00fdch exped\u00edci\u00ed, \u010do je posledn\u00e1 f\u00e1za programu pred dokon\u010den\u00edm danej \u00farovne. Exped\u00edcie sa konali v dvoch \u010dastiach, najprv sa uskuto\u010dnila cvi\u010dn\u00e1 exped\u00edcia v Bakonyi v trvan\u00ed 2 dni a jednej noci a n\u00e1sledne sa konala kvalifika\u010dn\u00e1 exped\u00edcia v Pilisi v trvan\u00ed 3 dni a 2 noci. Po\u010das exped\u00edci\u00ed musia \u017eiaci zvl\u00e1dnu\u0165 nieko\u013eko hod\u00edn pe\u0161ej t\u00fary denne s batohom na chrbte a prespa\u0165 v pr\u00edrode. Cie\u013eom exped\u00edci\u00ed je zbl\u00ed\u017ei\u0165 sa s pr\u00edrodou, zvl\u00e1dnu\u0165 pe\u0161iu t\u00faru, nau\u010di\u0165 sa orientova\u0165 v pr\u00edrode a pozrie\u0165 si okolit\u00e9 historick\u00e9 pamiatky a stavby.<\/h3>\n<h3 style=\"text-align: justify;\"><a href=\"http:\/\/www.oagvm.sk\/wphirfolyam\/?p=5989\">http:\/\/www.oagvm.sk\/wphirfolyam\/?p=5989<\/a><\/h3>\n<h3><div id=\"metaslider-id-3572\" style=\"width: 100%;\" class=\"ml-slider-3-27-0 metaslider metaslider-flex metaslider-3572 ml-slider nav-hidden nav-hidden\">\n    <div id=\"metaslider_container_3572\">\n        <div id=\"metaslider_3572\">\n            <ul aria-live=\"polite\" class=\"slides\">\n                <li style=\"display: block; width: 100%;\" class=\"slide-3583 ms-image\"><img width=\"450\" height=\"800\" src=\"http:\/\/www.oagvm.sk\/wpsk\/wp-content\/uploads\/2022\/12\/edinburgh-bakony-01.jpg\" class=\"slider-3572 slide-3583\" alt=\"\" loading=\"lazy\" rel=\"\" title=\"edinburgh-bakony-01\" srcset=\"http:\/\/www.oagvm.sk\/wpsk\/wp-content\/uploads\/2022\/12\/edinburgh-bakony-01.jpg 450w, http:\/\/www.oagvm.sk\/wpsk\/wp-content\/uploads\/2022\/12\/edinburgh-bakony-01-169x300.jpg 169w\" sizes=\"(max-width: 450px) 100vw, 450px\" \/><\/li>\n                <li style=\"display: none; width: 100%;\" class=\"slide-3584 ms-image\"><img width=\"800\" height=\"600\" src=\"http:\/\/www.oagvm.sk\/wpsk\/wp-content\/uploads\/2022\/12\/edinburgh-bakony-02.jpg\" class=\"slider-3572 slide-3584\" alt=\"\" loading=\"lazy\" rel=\"\" title=\"edinburgh-bakony-02\" srcset=\"http:\/\/www.oagvm.sk\/wpsk\/wp-content\/uploads\/2022\/12\/edinburgh-bakony-02.jpg 800w, http:\/\/www.oagvm.sk\/wpsk\/wp-content\/uploads\/2022\/12\/edinburgh-bakony-02-300x225.jpg 300w, http:\/\/www.oagvm.sk\/wpsk\/wp-content\/uploads\/2022\/12\/edinburgh-bakony-02-768x576.jpg 768w\" sizes=\"(max-width: 800px) 100vw, 800px\" \/><\/li>\n                <li style=\"display: none; width: 100%;\" class=\"slide-3585 ms-image\"><img width=\"800\" height=\"600\" src=\"http:\/\/www.oagvm.sk\/wpsk\/wp-content\/uploads\/2022\/12\/edinburgh-bakony-03.jpg\" class=\"slider-3572 slide-3585\" alt=\"\" loading=\"lazy\" rel=\"\" title=\"edinburgh-bakony-03\" srcset=\"http:\/\/www.oagvm.sk\/wpsk\/wp-content\/uploads\/2022\/12\/edinburgh-bakony-03.jpg 800w, http:\/\/www.oagvm.sk\/wpsk\/wp-content\/uploads\/2022\/12\/edinburgh-bakony-03-300x225.jpg 300w, http:\/\/www.oagvm.sk\/wpsk\/wp-content\/uploads\/2022\/12\/edinburgh-bakony-03-768x576.jpg 768w\" sizes=\"(max-width: 800px) 100vw, 800px\" \/><\/li>\n                <li style=\"display: none; width: 100%;\" class=\"slide-3586 ms-image\"><img width=\"600\" height=\"800\" src=\"http:\/\/www.oagvm.sk\/wpsk\/wp-content\/uploads\/2022\/12\/edinburgh-bakony-04.jpg\" class=\"slider-3572 slide-3586\" alt=\"\" loading=\"lazy\" rel=\"\" title=\"edinburgh-bakony-04\" srcset=\"http:\/\/www.oagvm.sk\/wpsk\/wp-content\/uploads\/2022\/12\/edinburgh-bakony-04.jpg 600w, http:\/\/www.oagvm.sk\/wpsk\/wp-content\/uploads\/2022\/12\/edinburgh-bakony-04-225x300.jpg 225w\" sizes=\"(max-width: 600px) 100vw, 600px\" \/><\/li>\n                <li style=\"display: none; width: 100%;\" class=\"slide-3587 ms-image\"><img width=\"800\" height=\"600\" src=\"http:\/\/www.oagvm.sk\/wpsk\/wp-content\/uploads\/2022\/12\/edinburgh-bakony-05.jpg\" class=\"slider-3572 slide-3587\" alt=\"\" loading=\"lazy\" rel=\"\" title=\"edinburgh-bakony-05\" srcset=\"http:\/\/www.oagvm.sk\/wpsk\/wp-content\/uploads\/2022\/12\/edinburgh-bakony-05.jpg 800w, http:\/\/www.oagvm.sk\/wpsk\/wp-content\/uploads\/2022\/12\/edinburgh-bakony-05-300x225.jpg 300w, http:\/\/www.oagvm.sk\/wpsk\/wp-content\/uploads\/2022\/12\/edinburgh-bakony-05-768x576.jpg 768w\" sizes=\"(max-width: 800px) 100vw, 800px\" \/><\/li>\n                <li style=\"display: none; width: 100%;\" class=\"slide-3588 ms-image\"><img width=\"800\" height=\"600\" src=\"http:\/\/www.oagvm.sk\/wpsk\/wp-content\/uploads\/2022\/12\/edinburgh-bakony-06.jpg\" class=\"slider-3572 slide-3588\" alt=\"\" loading=\"lazy\" rel=\"\" title=\"edinburgh-bakony-06\" srcset=\"http:\/\/www.oagvm.sk\/wpsk\/wp-content\/uploads\/2022\/12\/edinburgh-bakony-06.jpg 800w, http:\/\/www.oagvm.sk\/wpsk\/wp-content\/uploads\/2022\/12\/edinburgh-bakony-06-300x225.jpg 300w, http:\/\/www.oagvm.sk\/wpsk\/wp-content\/uploads\/2022\/12\/edinburgh-bakony-06-768x576.jpg 768w\" sizes=\"(max-width: 800px) 100vw, 800px\" \/><\/li>\n                <li style=\"display: none; width: 100%;\" class=\"slide-3589 ms-image\"><img width=\"800\" height=\"600\" src=\"http:\/\/www.oagvm.sk\/wpsk\/wp-content\/uploads\/2022\/12\/edinburgh-bakony-07.jpg\" class=\"slider-3572 slide-3589\" alt=\"\" loading=\"lazy\" rel=\"\" title=\"edinburgh-bakony-07\" srcset=\"http:\/\/www.oagvm.sk\/wpsk\/wp-content\/uploads\/2022\/12\/edinburgh-bakony-07.jpg 800w, http:\/\/www.oagvm.sk\/wpsk\/wp-content\/uploads\/2022\/12\/edinburgh-bakony-07-300x225.jpg 300w, http:\/\/www.oagvm.sk\/wpsk\/wp-content\/uploads\/2022\/12\/edinburgh-bakony-07-768x576.jpg 768w\" sizes=\"(max-width: 800px) 100vw, 800px\" \/><\/li>\n                <li style=\"display: none; width: 100%;\" class=\"slide-3590 ms-image\"><img width=\"800\" height=\"600\" src=\"http:\/\/www.oagvm.sk\/wpsk\/wp-content\/uploads\/2022\/12\/edinburgh-bakony-08.jpg\" class=\"slider-3572 slide-3590\" alt=\"\" loading=\"lazy\" rel=\"\" title=\"edinburgh-bakony-08\" srcset=\"http:\/\/www.oagvm.sk\/wpsk\/wp-content\/uploads\/2022\/12\/edinburgh-bakony-08.jpg 800w, http:\/\/www.oagvm.sk\/wpsk\/wp-content\/uploads\/2022\/12\/edinburgh-bakony-08-300x225.jpg 300w, http:\/\/www.oagvm.sk\/wpsk\/wp-content\/uploads\/2022\/12\/edinburgh-bakony-08-768x576.jpg 768w\" sizes=\"(max-width: 800px) 100vw, 800px\" \/><\/li>\n                <li style=\"display: none; width: 100%;\" class=\"slide-3591 ms-image\"><img width=\"800\" height=\"600\" src=\"http:\/\/www.oagvm.sk\/wpsk\/wp-content\/uploads\/2022\/12\/edinburgh-bakony-09.jpg\" class=\"slider-3572 slide-3591\" alt=\"\" loading=\"lazy\" rel=\"\" title=\"edinburgh-bakony-09\" srcset=\"http:\/\/www.oagvm.sk\/wpsk\/wp-content\/uploads\/2022\/12\/edinburgh-bakony-09.jpg 800w, http:\/\/www.oagvm.sk\/wpsk\/wp-content\/uploads\/2022\/12\/edinburgh-bakony-09-300x225.jpg 300w, http:\/\/www.oagvm.sk\/wpsk\/wp-content\/uploads\/2022\/12\/edinburgh-bakony-09-768x576.jpg 768w\" sizes=\"(max-width: 800px) 100vw, 800px\" \/><\/li>\n                <li style=\"display: none; width: 100%;\" class=\"slide-3592 ms-image\"><img width=\"800\" height=\"600\" src=\"http:\/\/www.oagvm.sk\/wpsk\/wp-content\/uploads\/2022\/12\/edinburgh-bakony-10.jpg\" class=\"slider-3572 slide-3592\" alt=\"\" loading=\"lazy\" rel=\"\" title=\"edinburgh-bakony-10\" srcset=\"http:\/\/www.oagvm.sk\/wpsk\/wp-content\/uploads\/2022\/12\/edinburgh-bakony-10.jpg 800w, http:\/\/www.oagvm.sk\/wpsk\/wp-content\/uploads\/2022\/12\/edinburgh-bakony-10-300x225.jpg 300w, http:\/\/www.oagvm.sk\/wpsk\/wp-content\/uploads\/2022\/12\/edinburgh-bakony-10-768x576.jpg 768w\" sizes=\"(max-width: 800px) 100vw, 800px\" \/><\/li>\n            <\/ul>\n        <\/div>\n        \n    <\/div>\n<\/div><\/h3>\n<h3 style=\"text-align: justify;\"><strong><span style=\"font-size: 18pt;\">Cvi\u010dn\u00e1 dobrodru\u017en\u00e1 exped\u00edcia v pohor\u00ed Bakony<\/span><\/strong><\/h3>\n<h3 style=\"text-align: justify;\">Ako dobre viete, na na\u0161ej \u0161kole u\u017e roky funguje miestne centrum Medzin\u00e1rodnej ceny vojvodu z Edinburghu (DofE). V r\u00e1mci prest\u00ed\u017eneho programu sa v d\u0148och 14. a 15. j\u00fana sa uskuto\u010dnila \u010fal\u0161ia dobrodru\u017en\u00e1 exped\u00edcia v pohor\u00ed Bakony, ktorej hlavn\u00fdm cie\u013eom bolo obozn\u00e1mi\u0165 sa d\u00f4sledkami \u013eudskej \u010dinnosti (konkr\u00e9tne stavania horskej \u017eeleznice a ban\u00edctva) v pr\u00edrode. \u00da\u010dastn\u00edkmi dvojd\u0148ovej exped\u00edcie boli Bogl\u00e1rka So\u00f3ky (II.C), Dominika Edm\u00e1r (II.C), R\u00e9ka Csiba (1.B) a Anik\u00f3 Bartal (I.B). \u010clenovia t\u00edmu po\u010das dvojd\u0148ovej t\u00fary vyh\u013eadali viadukty a tunely horskej \u017eeleznice v malebnom \u00fadol\u00ed potoka Cuha, nav\u0161t\u00edvili ruiny stredovek\u00e9ho hradu v obci Csesznek a zdolali aj \u010certovu priekopu. Exped\u00edcia bola pre \u00fa\u010dastn\u00edkov fyzicky ve\u013emi n\u00e1ro\u010dn\u00e1, dlh\u00fa dvojd\u0148ov\u00fa trasu toti\u017e museli absolvova\u0165 pln\u00fdm batohom, pritom jednu noc str\u00e1vili v stanoch. \u010clenovia t\u00edmu dorazili domov unaven\u00ed, ale pln\u00ed z\u00e1\u017eitkov. Onedlho ich \u010dak\u00e1 trojd\u0148ov\u00e1 kvalifika\u010dn\u00e1 exped\u00edcia v pohor\u00ed Pilis.<\/h3>\n<h3 style=\"text-align: justify;\">L\u00e1szl\u00f3 Papp (\u0161kolite\u013e t\u00edmu)<\/h3>\n","protected":false},"excerpt":{"rendered":"<p>&nbsp; September 2021 N\u00e1bor v novom \u0161kolskom roku V ka\u017edom \u0161kolskom roku v septembri predstav\u00edme \u017eiakom \u2013 hlavne prv\u00e1kom \u2013 program Medzin\u00e1rodn\u00e1 cena vojvodu z Edinburghu. Vysvetl\u00edme \u017eiakom, o \u010dom tento program je, v ak\u00fdch oblastiach m\u00f4\u017eu \u017eiaci rozv\u00edja\u0165 svoj talent, soci\u00e1lne a komunikat\u00edvne zru\u010dnosti a ako to v\u0161etko m\u00f4\u017ee by\u0165 u\u017eito\u010dn\u00e9. V r\u00e1mci tohto &#8230; <a title=\"Edingurgh &#8211; 2021\/2022\" class=\"read-more\" href=\"http:\/\/www.oagvm.sk\/wpsk\/?page_id=3510\">\u010c\u00edta\u0165 viac<span class=\"screen-reader-text\">Edingurgh &#8211; 2021\/2022<\/span><\/a><\/p>\n","protected":false},"author":1,"featured_media":0,"parent":2546,"menu_order":0,"comment_status":"closed","ping_status":"closed","template":"","meta":{"ngg_post_thumbnail":0},"_links":{"self":[{"href":"http:\/\/www.oagvm.sk\/wpsk\/index.php?rest_route=\/wp\/v2\/pages\/3510"}],"collection":[{"href":"http:\/\/www.oagvm.sk\/wpsk\/index.php?rest_route=\/wp\/v2\/pages"}],"about":[{"href":"http:\/\/www.oagvm.sk\/wpsk\/index.php?rest_route=\/wp\/v2\/types\/page"}],"author":[{"embeddable":true,"href":"http:\/\/www.oagvm.sk\/wpsk\/index.php?rest_route=\/wp\/v2\/users\/1"}],"replies":[{"embeddable":true,"href":"http:\/\/www.oagvm.sk\/wpsk\/index.php?rest_route=%2Fwp%2Fv2%2Fcomments&post=3510"}],"version-history":[{"count":15,"href":"http:\/\/www.oagvm.sk\/wpsk\/index.php?rest_route=\/wp\/v2\/pages\/3510\/revisions"}],"predecessor-version":[{"id":5035,"href":"http:\/\/www.oagvm.sk\/wpsk\/index.php?rest_route=\/wp\/v2\/pages\/3510\/revisions\/5035"}],"up":[{"embeddable":true,"href":"http:\/\/www.oagvm.sk\/wpsk\/index.php?rest_route=\/wp\/v2\/pages\/2546"}],"wp:attachment":[{"href":"http:\/\/www.oagvm.sk\/wpsk\/index.php?rest_route=%2Fwp%2Fv2%2Fmedia&parent=3510"}],"curies":[{"name":"wp","href":"https:\/\/api.w.org\/{rel}","templated":true}]}}