{"id":421,"date":"2019-10-05T10:14:01","date_gmt":"2019-10-05T08:14:01","guid":{"rendered":"http:\/\/www.oagvm.sk\/wpsk\/?page_id=421"},"modified":"2025-09-16T08:58:00","modified_gmt":"2025-09-16T06:58:00","slug":"szervezeti-felepites","status":"publish","type":"page","link":"http:\/\/www.oagvm.sk\/wpsk\/?page_id=421","title":{"rendered":"Organiza\u010dn\u00e1 sch\u00e9ma"},"content":{"rendered":"<p><img loading=\"lazy\" class=\"alignnone wp-image-5325 size-full\" src=\"http:\/\/www.oagvm.sk\/wpsk\/wp-content\/uploads\/2025\/09\/organizacna-schema-2025-2026.jpg\" alt=\"\" width=\"960\" height=\"720\" srcset=\"http:\/\/www.oagvm.sk\/wpsk\/wp-content\/uploads\/2025\/09\/organizacna-schema-2025-2026.jpg 960w, http:\/\/www.oagvm.sk\/wpsk\/wp-content\/uploads\/2025\/09\/organizacna-schema-2025-2026-300x225.jpg 300w, http:\/\/www.oagvm.sk\/wpsk\/wp-content\/uploads\/2025\/09\/organizacna-schema-2025-2026-768x576.jpg 768w\" sizes=\"(max-width: 960px) 100vw, 960px\" \/><\/p>\n","protected":false},"excerpt":{"rendered":"","protected":false},"author":1,"featured_media":0,"parent":358,"menu_order":0,"comment_status":"closed","ping_status":"closed","template":"","meta":{"ngg_post_thumbnail":0},"_links":{"self":[{"href":"http:\/\/www.oagvm.sk\/wpsk\/index.php?rest_route=\/wp\/v2\/pages\/421"}],"collection":[{"href":"http:\/\/www.oagvm.sk\/wpsk\/index.php?rest_route=\/wp\/v2\/pages"}],"about":[{"href":"http:\/\/www.oagvm.sk\/wpsk\/index.php?rest_route=\/wp\/v2\/types\/page"}],"author":[{"embeddable":true,"href":"http:\/\/www.oagvm.sk\/wpsk\/index.php?rest_route=\/wp\/v2\/users\/1"}],"replies":[{"embeddable":true,"href":"http:\/\/www.oagvm.sk\/wpsk\/index.php?rest_route=%2Fwp%2Fv2%2Fcomments&post=421"}],"version-history":[{"count":14,"href":"http:\/\/www.oagvm.sk\/wpsk\/index.php?rest_route=\/wp\/v2\/pages\/421\/revisions"}],"predecessor-version":[{"id":5326,"href":"http:\/\/www.oagvm.sk\/wpsk\/index.php?rest_route=\/wp\/v2\/pages\/421\/revisions\/5326"}],"up":[{"embeddable":true,"href":"http:\/\/www.oagvm.sk\/wpsk\/index.php?rest_route=\/wp\/v2\/pages\/358"}],"wp:attachment":[{"href":"http:\/\/www.oagvm.sk\/wpsk\/index.php?rest_route=%2Fwp%2Fv2%2Fmedia&parent=421"}],"curies":[{"name":"wp","href":"https:\/\/api.w.org\/{rel}","templated":true}]}}