{"id":4275,"date":"2023-10-02T22:07:47","date_gmt":"2023-10-02T20:07:47","guid":{"rendered":"http:\/\/www.oagvm.sk\/wpsk\/?page_id=4275"},"modified":"2023-10-02T22:09:18","modified_gmt":"2023-10-02T20:09:18","slug":"2022-2023","status":"publish","type":"page","link":"http:\/\/www.oagvm.sk\/wpsk\/?page_id=4275","title":{"rendered":"2022\/2023"},"content":{"rendered":"<p><span style=\"font-size: 14pt; font-family: tahoma, arial, helvetica, sans-serif;\">S\u00fabory na stiahnutie:<\/span><\/p>\n<p><span style=\"font-size: 14pt; font-family: tahoma, arial, helvetica, sans-serif;\"><a href=\"http:\/\/www.oagvm.sk\/wpsk\/wp-content\/uploads\/2023\/10\/Udaje-o-aktivitach.pdf\">\u00dadaje o aktivit\u00e1ch<\/a><\/span><\/p>\n<p><span style=\"font-size: 14pt; font-family: tahoma, arial, helvetica, sans-serif;\"><a href=\"http:\/\/www.oagvm.sk\/wpsk\/wp-content\/uploads\/2023\/10\/Udaje-o-aktivitach.pdf\" class=\"pdfemb-viewer\" style=\"\" data-width=\"max\" data-height=\"max\"  data-toolbar=\"bottom\" data-toolbar-fixed=\"off\">\u00dadaje o aktivit\u00e1ch<br\/><\/a><\/span><\/p>\n","protected":false},"excerpt":{"rendered":"<p>S\u00fabory na stiahnutie: \u00dadaje o aktivit\u00e1ch<\/p>\n","protected":false},"author":2,"featured_media":0,"parent":562,"menu_order":0,"comment_status":"closed","ping_status":"closed","template":"","meta":{"ngg_post_thumbnail":0},"_links":{"self":[{"href":"http:\/\/www.oagvm.sk\/wpsk\/index.php?rest_route=\/wp\/v2\/pages\/4275"}],"collection":[{"href":"http:\/\/www.oagvm.sk\/wpsk\/index.php?rest_route=\/wp\/v2\/pages"}],"about":[{"href":"http:\/\/www.oagvm.sk\/wpsk\/index.php?rest_route=\/wp\/v2\/types\/page"}],"author":[{"embeddable":true,"href":"http:\/\/www.oagvm.sk\/wpsk\/index.php?rest_route=\/wp\/v2\/users\/2"}],"replies":[{"embeddable":true,"href":"http:\/\/www.oagvm.sk\/wpsk\/index.php?rest_route=%2Fwp%2Fv2%2Fcomments&post=4275"}],"version-history":[{"count":2,"href":"http:\/\/www.oagvm.sk\/wpsk\/index.php?rest_route=\/wp\/v2\/pages\/4275\/revisions"}],"predecessor-version":[{"id":4280,"href":"http:\/\/www.oagvm.sk\/wpsk\/index.php?rest_route=\/wp\/v2\/pages\/4275\/revisions\/4280"}],"up":[{"embeddable":true,"href":"http:\/\/www.oagvm.sk\/wpsk\/index.php?rest_route=\/wp\/v2\/pages\/562"}],"wp:attachment":[{"href":"http:\/\/www.oagvm.sk\/wpsk\/index.php?rest_route=%2Fwp%2Fv2%2Fmedia&parent=4275"}],"curies":[{"name":"wp","href":"https:\/\/api.w.org\/{rel}","templated":true}]}}