{"id":437,"date":"2019-10-05T11:03:07","date_gmt":"2019-10-05T09:03:07","guid":{"rendered":"http:\/\/www.oagvm.sk\/wpsk\/?page_id=437"},"modified":"2019-11-27T10:22:50","modified_gmt":"2019-11-27T09:22:50","slug":"iskolaterkep","status":"publish","type":"page","link":"http:\/\/www.oagvm.sk\/wpsk\/?page_id=437","title":{"rendered":"Orienta\u010dn\u00fd pl\u00e1n"},"content":{"rendered":"<p><img loading=\"lazy\" class=\"alignnone wp-image-438 size-full\" src=\"http:\/\/www.oagvm.sk\/wpsk\/wp-content\/uploads\/2019\/11\/planbudovy_sk.jpg\" alt=\"\" width=\"1006\" height=\"1027\" \/><\/p>\n","protected":false},"excerpt":{"rendered":"","protected":false},"author":1,"featured_media":0,"parent":358,"menu_order":0,"comment_status":"closed","ping_status":"closed","template":"","meta":{"ngg_post_thumbnail":0},"_links":{"self":[{"href":"http:\/\/www.oagvm.sk\/wpsk\/index.php?rest_route=\/wp\/v2\/pages\/437"}],"collection":[{"href":"http:\/\/www.oagvm.sk\/wpsk\/index.php?rest_route=\/wp\/v2\/pages"}],"about":[{"href":"http:\/\/www.oagvm.sk\/wpsk\/index.php?rest_route=\/wp\/v2\/types\/page"}],"author":[{"embeddable":true,"href":"http:\/\/www.oagvm.sk\/wpsk\/index.php?rest_route=\/wp\/v2\/users\/1"}],"replies":[{"embeddable":true,"href":"http:\/\/www.oagvm.sk\/wpsk\/index.php?rest_route=%2Fwp%2Fv2%2Fcomments&post=437"}],"version-history":[{"count":3,"href":"http:\/\/www.oagvm.sk\/wpsk\/index.php?rest_route=\/wp\/v2\/pages\/437\/revisions"}],"predecessor-version":[{"id":1808,"href":"http:\/\/www.oagvm.sk\/wpsk\/index.php?rest_route=\/wp\/v2\/pages\/437\/revisions\/1808"}],"up":[{"embeddable":true,"href":"http:\/\/www.oagvm.sk\/wpsk\/index.php?rest_route=\/wp\/v2\/pages\/358"}],"wp:attachment":[{"href":"http:\/\/www.oagvm.sk\/wpsk\/index.php?rest_route=%2Fwp%2Fv2%2Fmedia&parent=437"}],"curies":[{"name":"wp","href":"https:\/\/api.w.org\/{rel}","templated":true}]}}