{"id":4385,"date":"2023-12-01T13:13:07","date_gmt":"2023-12-01T12:13:07","guid":{"rendered":"http:\/\/www.oagvm.sk\/wpsk\/?page_id=4385"},"modified":"2025-11-06T08:05:18","modified_gmt":"2025-11-06T07:05:18","slug":"podmienky-2025-2026","status":"publish","type":"page","link":"http:\/\/www.oagvm.sk\/wpsk\/?page_id=4385","title":{"rendered":"Podmienky 2026\/27"},"content":{"rendered":"<p align=\"center\"><object data=\"http:\/\/www.oagvm.sk\/wphu\/wp-content\/uploads\/2025\/11\/Prijimacie-konanie-2026-2027.pdf\" width=\"820px\" height=\"1130px\">V\u00e1\u0161 prehliada\u010d bohu\u017eial nepodporuje zobrazenie PDF dokumentov. Kliknite sem  <a href=\"http:\/\/www.oagvm.sk\/wphu\/wp-content\/uploads\/2025\/11\/Prijimacie-konanie-2026-2027.pdf\">a stiahnite s\u00fabor.<\/a>&nbsp;<\/object><\/p>\n<p align=\"center\"><object data=\"http:\/\/www.oagvm.sk\/wphu\/wp-content\/uploads\/2025\/11\/Felveteli-eljaras-2026-2027.pdf\" width=\"820px\" height=\"1130px\">V\u00e1\u0161 prehliada\u010d bohu\u017eial nepodporuje zobrazenie PDF dokumentov. Kliknite sem  <a href=\"http:\/\/www.oagvm.sk\/wphu\/wp-content\/uploads\/2025\/11\/Felveteli-eljaras-2026-2027.pdf\">a stiahnite s\u00fabor.<\/a>&nbsp;<\/object><\/p>\n","protected":false},"excerpt":{"rendered":"<p>V\u00e1\u0161 prehliada\u010d bohu\u017eial nepodporuje zobrazenie PDF dokumentov. Kliknite sem a stiahnite s\u00fabor.&nbsp; V\u00e1\u0161 prehliada\u010d bohu\u017eial nepodporuje zobrazenie PDF dokumentov. Kliknite sem a stiahnite s\u00fabor.&nbsp;<\/p>\n","protected":false},"author":2,"featured_media":0,"parent":461,"menu_order":0,"comment_status":"closed","ping_status":"closed","template":"","meta":{"ngg_post_thumbnail":0},"_links":{"self":[{"href":"http:\/\/www.oagvm.sk\/wpsk\/index.php?rest_route=\/wp\/v2\/pages\/4385"}],"collection":[{"href":"http:\/\/www.oagvm.sk\/wpsk\/index.php?rest_route=\/wp\/v2\/pages"}],"about":[{"href":"http:\/\/www.oagvm.sk\/wpsk\/index.php?rest_route=\/wp\/v2\/types\/page"}],"author":[{"embeddable":true,"href":"http:\/\/www.oagvm.sk\/wpsk\/index.php?rest_route=\/wp\/v2\/users\/2"}],"replies":[{"embeddable":true,"href":"http:\/\/www.oagvm.sk\/wpsk\/index.php?rest_route=%2Fwp%2Fv2%2Fcomments&post=4385"}],"version-history":[{"count":11,"href":"http:\/\/www.oagvm.sk\/wpsk\/index.php?rest_route=\/wp\/v2\/pages\/4385\/revisions"}],"predecessor-version":[{"id":5356,"href":"http:\/\/www.oagvm.sk\/wpsk\/index.php?rest_route=\/wp\/v2\/pages\/4385\/revisions\/5356"}],"up":[{"embeddable":true,"href":"http:\/\/www.oagvm.sk\/wpsk\/index.php?rest_route=\/wp\/v2\/pages\/461"}],"wp:attachment":[{"href":"http:\/\/www.oagvm.sk\/wpsk\/index.php?rest_route=%2Fwp%2Fv2%2Fmedia&parent=4385"}],"curies":[{"name":"wp","href":"https:\/\/api.w.org\/{rel}","templated":true}]}}