{"id":4428,"date":"2024-03-15T14:21:13","date_gmt":"2024-03-15T13:21:13","guid":{"rendered":"http:\/\/www.oagvm.sk\/wpsk\/?page_id=4428"},"modified":"2026-04-22T16:32:52","modified_gmt":"2026-04-22T14:32:52","slug":"oznamenia","status":"publish","type":"page","link":"http:\/\/www.oagvm.sk\/wpsk\/?page_id=4428","title":{"rendered":"Ozn\u00e1menia"},"content":{"rendered":"<ul>\n<li><span style=\"color: #ff6600; font-size: 14pt;\"><a style=\"color: #ff6600;\" href=\"http:\/\/www.oagvm.sk\/wpsk\/wp-content\/uploads\/2026\/04\/Vyhlasenie_volieb_do_Rady_skoly_2026__\u2013_OA_Velky_Meder.pdf\">Vyhl\u00e1senie volieb do Rady \u0161koly<\/a><\/span><\/li>\n<\/ul>\n<p>&nbsp;<\/p>\n<ul>\n<li><span style=\"color: #ff6600;\"><a style=\"color: #ff6600;\" href=\"https:\/\/trnava-vuc.sk\/utvar-hlavneho-kontrolora\/oznamovanie-protispolocenskej-cinnosti\/\"><span style=\"font-size: 14pt;\">Inform\u00e1cie k novele Z\u00e1kona \u010d. 54\/2019 Z. z. o ochrane oznamovate\u013eov protispolo\u010denskej \u010dinnosti a o zmene a doplnen\u00ed niektor\u00fdch z\u00e1konov&nbsp;<\/span><\/a><\/span><\/li>\n<\/ul>\n","protected":false},"excerpt":{"rendered":"<p>Vyhl\u00e1senie volieb do Rady \u0161koly &nbsp; Inform\u00e1cie k novele Z\u00e1kona \u010d. 54\/2019 Z. z. o ochrane oznamovate\u013eov protispolo\u010denskej \u010dinnosti a o zmene a doplnen\u00ed niektor\u00fdch z\u00e1konov&nbsp;<\/p>\n","protected":false},"author":2,"featured_media":0,"parent":0,"menu_order":0,"comment_status":"closed","ping_status":"closed","template":"","meta":{"ngg_post_thumbnail":0},"_links":{"self":[{"href":"http:\/\/www.oagvm.sk\/wpsk\/index.php?rest_route=\/wp\/v2\/pages\/4428"}],"collection":[{"href":"http:\/\/www.oagvm.sk\/wpsk\/index.php?rest_route=\/wp\/v2\/pages"}],"about":[{"href":"http:\/\/www.oagvm.sk\/wpsk\/index.php?rest_route=\/wp\/v2\/types\/page"}],"author":[{"embeddable":true,"href":"http:\/\/www.oagvm.sk\/wpsk\/index.php?rest_route=\/wp\/v2\/users\/2"}],"replies":[{"embeddable":true,"href":"http:\/\/www.oagvm.sk\/wpsk\/index.php?rest_route=%2Fwp%2Fv2%2Fcomments&post=4428"}],"version-history":[{"count":13,"href":"http:\/\/www.oagvm.sk\/wpsk\/index.php?rest_route=\/wp\/v2\/pages\/4428\/revisions"}],"predecessor-version":[{"id":5506,"href":"http:\/\/www.oagvm.sk\/wpsk\/index.php?rest_route=\/wp\/v2\/pages\/4428\/revisions\/5506"}],"wp:attachment":[{"href":"http:\/\/www.oagvm.sk\/wpsk\/index.php?rest_route=%2Fwp%2Fv2%2Fmedia&parent=4428"}],"curies":[{"name":"wp","href":"https:\/\/api.w.org\/{rel}","templated":true}]}}