{"id":4480,"date":"2025-05-16T00:01:09","date_gmt":"2025-05-15T22:01:09","guid":{"rendered":"http:\/\/www.oagvm.sk\/wpsk\/?page_id=4480"},"modified":"2025-05-16T00:03:13","modified_gmt":"2025-05-15T22:03:13","slug":"vysledky-prijimacich-skusok","status":"publish","type":"page","link":"http:\/\/www.oagvm.sk\/wpsk\/?page_id=4480","title":{"rendered":"V\u00fdsledky prij\u00edmac\u00edch sk\u00fa\u0161ok"},"content":{"rendered":"<p><!-- \n--><br \/>\n<span style=\"font-family: arial, helvetica, sans-serif; font-size: 14pt;\">Stiahnutie v\u00fdsledkov prij\u00edmacieho konania:<\/span><\/p>\n<p><span style=\"font-family: arial, helvetica, sans-serif; font-size: 14pt;\"><a href=\"http:\/\/www.oagvm.sk\/wphu\/wp-content\/uploads\/2025\/05\/OAS-vysledky.pdf\" target=\"_blank\" rel=\"noopener\">\u0160tudijn\u00fd odbor: 6317 M obchodn\u00e1 akad\u00e9mia (s vyu\u010dovac\u00edm jazykom slovensk\u00fdm)<\/a><\/span><\/p>\n<p><span style=\"font-family: arial, helvetica, sans-serif; font-size: 14pt;\"><a href=\"http:\/\/www.oagvm.sk\/wphu\/wp-content\/uploads\/2025\/05\/OAM-vysledky.pdf\" target=\"_blank\" rel=\"noopener\">Tanulm\u00e1nyi szak: 6317 M kereskedelmi akad\u00e9mia (magyar oktat\u00e1si nyelv\u0171)<\/a><\/span><\/p>\n<p><span style=\"font-family: arial, helvetica, sans-serif; font-size: 14pt;\"><a href=\"http:\/\/www.oagvm.sk\/wphu\/wp-content\/uploads\/2025\/05\/EASP-vysledky.pdf\" target=\"_blank\" rel=\"noopener\">Tanulm\u00e1nyi szak: 6327 M gazdas\u00e1gi \u00e9s adminisztrat\u00edv szolg\u00e1ltat\u00e1sok a v\u00e1llalkoz\u00e1sban (magyar oktat\u00e1si nyelv\u0171)<\/a><\/span><\/p>\n<p><!-- *************************************************** OAS ********************************************************************************************************************************--><\/p>\n<p align=\"center\"><object data=\"http:\/\/www.oagvm.sk\/wphu\/wp-content\/uploads\/2025\/05\/OAS-vysledky.pdf\" width=\"820px\" height=\"1190px\">V\u00e1\u0161 prehliada\u010d bohu\u017eial nepodporuje zobrazenie PDF dokumentov.              Kliknite sem <a href=\"http:\/\/www.oagvm.sk\/wphu\/wp-content\/uploads\/2025\/05\/OAS-vysledky.pdf\">pre stiahnutie PDF dokumentu.<\/a>&nbsp;<\/object><\/p>\n<p><!-- *************************************************** OAM******************************************************************************************************************************** --><\/p>\n<p align=\"center\"><object data=\"http:\/\/www.oagvm.sk\/wphu\/wp-content\/uploads\/2025\/05\/OAM-vysledky.pdf\" width=\"820px\" height=\"1190px\">V\u00e1\u0161 prehliada\u010d bohu\u017eial nepodporuje zobrazenie PDF dokumentov.              Kliknite sem <a href=\"http:\/\/www.oagvm.sk\/wphu\/wp-content\/uploads\/2025\/05\/OAM-vysledky.pdf\">pre stiahnutie PDF dokumentu.<\/a>&nbsp;<\/object><\/p>\n<p><!-- *************************************************** EASP ********************************************************************************************************************************--><\/p>\n<p align=\"center\"><object data=\"http:\/\/www.oagvm.sk\/wphu\/wp-content\/uploads\/2025\/05\/EASP-vysledky.pdf\" width=\"820px\" height=\"1190px\">V\u00e1\u0161 prehliada\u010d bohu\u017eial nepodporuje zobrazenie PDF dokumentov.              Kliknite sem <a href=\"http:\/\/www.oagvm.sk\/wphu\/wp-content\/uploads\/2025\/05\/EASP-vysledky.pdf\">pre stiahnutie PDF dokumentu.<\/a>&nbsp;<\/object><\/p>\n","protected":false},"excerpt":{"rendered":"<p>Stiahnutie v\u00fdsledkov prij\u00edmacieho konania: \u0160tudijn\u00fd odbor: 6317 M obchodn\u00e1 akad\u00e9mia (s vyu\u010dovac\u00edm jazykom slovensk\u00fdm) Tanulm\u00e1nyi szak: 6317 M kereskedelmi akad\u00e9mia (magyar oktat\u00e1si nyelv\u0171) Tanulm\u00e1nyi szak: 6327 M gazdas\u00e1gi \u00e9s adminisztrat\u00edv szolg\u00e1ltat\u00e1sok a v\u00e1llalkoz\u00e1sban (magyar oktat\u00e1si nyelv\u0171) V\u00e1\u0161 prehliada\u010d bohu\u017eial nepodporuje zobrazenie PDF dokumentov. Kliknite sem pre stiahnutie PDF dokumentu.&nbsp; V\u00e1\u0161 prehliada\u010d bohu\u017eial nepodporuje zobrazenie PDF &#8230; <a title=\"V\u00fdsledky prij\u00edmac\u00edch sk\u00fa\u0161ok\" class=\"read-more\" href=\"http:\/\/www.oagvm.sk\/wpsk\/?page_id=4480\">\u010c\u00edta\u0165 viac<span class=\"screen-reader-text\">V\u00fdsledky prij\u00edmac\u00edch sk\u00fa\u0161ok<\/span><\/a><\/p>\n","protected":false},"author":2,"featured_media":0,"parent":461,"menu_order":0,"comment_status":"closed","ping_status":"closed","template":"","meta":{"ngg_post_thumbnail":0},"_links":{"self":[{"href":"http:\/\/www.oagvm.sk\/wpsk\/index.php?rest_route=\/wp\/v2\/pages\/4480"}],"collection":[{"href":"http:\/\/www.oagvm.sk\/wpsk\/index.php?rest_route=\/wp\/v2\/pages"}],"about":[{"href":"http:\/\/www.oagvm.sk\/wpsk\/index.php?rest_route=\/wp\/v2\/types\/page"}],"author":[{"embeddable":true,"href":"http:\/\/www.oagvm.sk\/wpsk\/index.php?rest_route=\/wp\/v2\/users\/2"}],"replies":[{"embeddable":true,"href":"http:\/\/www.oagvm.sk\/wpsk\/index.php?rest_route=%2Fwp%2Fv2%2Fcomments&post=4480"}],"version-history":[{"count":11,"href":"http:\/\/www.oagvm.sk\/wpsk\/index.php?rest_route=\/wp\/v2\/pages\/4480\/revisions"}],"predecessor-version":[{"id":5043,"href":"http:\/\/www.oagvm.sk\/wpsk\/index.php?rest_route=\/wp\/v2\/pages\/4480\/revisions\/5043"}],"up":[{"embeddable":true,"href":"http:\/\/www.oagvm.sk\/wpsk\/index.php?rest_route=\/wp\/v2\/pages\/461"}],"wp:attachment":[{"href":"http:\/\/www.oagvm.sk\/wpsk\/index.php?rest_route=%2Fwp%2Fv2%2Fmedia&parent=4480"}],"curies":[{"name":"wp","href":"https:\/\/api.w.org\/{rel}","templated":true}]}}