{"id":4484,"date":"2024-05-16T12:59:05","date_gmt":"2024-05-16T10:59:05","guid":{"rendered":"http:\/\/www.oagvm.sk\/wpsk\/?page_id=4484"},"modified":"2024-05-16T12:59:54","modified_gmt":"2024-05-16T10:59:54","slug":"prevadzkovy-poriadok-skolskeho-internatu","status":"publish","type":"page","link":"http:\/\/www.oagvm.sk\/wpsk\/?page_id=4484","title":{"rendered":"Prev\u00e1dzkov\u00fd poriadok \u0161kolsk\u00e9ho intern\u00e1tu"},"content":{"rendered":"<p align=\"center\">\n<object data=\" \nhttp:\/\/www.oagvm.sk\/wphu\/wp-content\/uploads\/2024\/05\/Prevadzkovy-poriadok-skolskeho-internatu.pdf\n\n\"\nwidth=\"820px\"\nheight=\"1130px\"\nbgcolor= \"#ff0000\"><\/p>\n<p>V\u00e1\u0161 prehliada\u010d bohu\u017eial nepodporuje zobrazenie PDF dokumentov.<br \/>\nKliknite sem <a href=\"\n\nhttp:\/\/www.oagvm.sk\/wphu\/wp-content\/uploads\/2024\/05\/Prevadzkovy-poriadok-skolskeho-internatu.pdf\n\n\">pre stiahnutie PDF dokumentu.<\/a><\/p><\/object><\/p>\n","protected":false},"excerpt":{"rendered":"<p>V\u00e1\u0161 prehliada\u010d bohu\u017eial nepodporuje zobrazenie PDF dokumentov. Kliknite sem pre stiahnutie PDF dokumentu.<\/p>\n","protected":false},"author":2,"featured_media":0,"parent":368,"menu_order":0,"comment_status":"closed","ping_status":"closed","template":"","meta":{"ngg_post_thumbnail":0},"_links":{"self":[{"href":"http:\/\/www.oagvm.sk\/wpsk\/index.php?rest_route=\/wp\/v2\/pages\/4484"}],"collection":[{"href":"http:\/\/www.oagvm.sk\/wpsk\/index.php?rest_route=\/wp\/v2\/pages"}],"about":[{"href":"http:\/\/www.oagvm.sk\/wpsk\/index.php?rest_route=\/wp\/v2\/types\/page"}],"author":[{"embeddable":true,"href":"http:\/\/www.oagvm.sk\/wpsk\/index.php?rest_route=\/wp\/v2\/users\/2"}],"replies":[{"embeddable":true,"href":"http:\/\/www.oagvm.sk\/wpsk\/index.php?rest_route=%2Fwp%2Fv2%2Fcomments&post=4484"}],"version-history":[{"count":1,"href":"http:\/\/www.oagvm.sk\/wpsk\/index.php?rest_route=\/wp\/v2\/pages\/4484\/revisions"}],"predecessor-version":[{"id":4485,"href":"http:\/\/www.oagvm.sk\/wpsk\/index.php?rest_route=\/wp\/v2\/pages\/4484\/revisions\/4485"}],"up":[{"embeddable":true,"href":"http:\/\/www.oagvm.sk\/wpsk\/index.php?rest_route=\/wp\/v2\/pages\/368"}],"wp:attachment":[{"href":"http:\/\/www.oagvm.sk\/wpsk\/index.php?rest_route=%2Fwp%2Fv2%2Fmedia&parent=4484"}],"curies":[{"name":"wp","href":"https:\/\/api.w.org\/{rel}","templated":true}]}}