{"id":4986,"date":"2025-04-07T15:35:22","date_gmt":"2025-04-07T13:35:22","guid":{"rendered":"http:\/\/www.oagvm.sk\/wpsk\/?page_id=4986"},"modified":"2025-04-07T15:38:09","modified_gmt":"2025-04-07T13:38:09","slug":"skolsky-poriadok","status":"publish","type":"page","link":"http:\/\/www.oagvm.sk\/wpsk\/?page_id=4986","title":{"rendered":"\u0160kolsk\u00fd poriadok"},"content":{"rendered":"<p><a href=\"http:\/\/www.oagvm.sk\/wpsk\/?page_id=596\"><span style=\"font-family: tahoma, arial, helvetica, sans-serif; font-size: 14pt;\">\u0160kolsk\u00fd poriadok<\/span><\/a><\/p>\n<p><a href=\"http:\/\/www.oagvm.sk\/wpsk\/?page_id=4983\"><span style=\"font-family: tahoma, arial, helvetica, sans-serif; font-size: 14pt;\">\u0160tandardy dodr\u017eiavania z\u00e1kazu segreg\u00e1cie<\/span><\/a><\/p>\n","protected":false},"excerpt":{"rendered":"<p>\u0160kolsk\u00fd poriadok \u0160tandardy dodr\u017eiavania z\u00e1kazu segreg\u00e1cie<\/p>\n","protected":false},"author":2,"featured_media":0,"parent":0,"menu_order":0,"comment_status":"closed","ping_status":"closed","template":"","meta":{"ngg_post_thumbnail":0},"_links":{"self":[{"href":"http:\/\/www.oagvm.sk\/wpsk\/index.php?rest_route=\/wp\/v2\/pages\/4986"}],"collection":[{"href":"http:\/\/www.oagvm.sk\/wpsk\/index.php?rest_route=\/wp\/v2\/pages"}],"about":[{"href":"http:\/\/www.oagvm.sk\/wpsk\/index.php?rest_route=\/wp\/v2\/types\/page"}],"author":[{"embeddable":true,"href":"http:\/\/www.oagvm.sk\/wpsk\/index.php?rest_route=\/wp\/v2\/users\/2"}],"replies":[{"embeddable":true,"href":"http:\/\/www.oagvm.sk\/wpsk\/index.php?rest_route=%2Fwp%2Fv2%2Fcomments&post=4986"}],"version-history":[{"count":5,"href":"http:\/\/www.oagvm.sk\/wpsk\/index.php?rest_route=\/wp\/v2\/pages\/4986\/revisions"}],"predecessor-version":[{"id":4993,"href":"http:\/\/www.oagvm.sk\/wpsk\/index.php?rest_route=\/wp\/v2\/pages\/4986\/revisions\/4993"}],"wp:attachment":[{"href":"http:\/\/www.oagvm.sk\/wpsk\/index.php?rest_route=%2Fwp%2Fv2%2Fmedia&parent=4986"}],"curies":[{"name":"wp","href":"https:\/\/api.w.org\/{rel}","templated":true}]}}