{"id":5009,"date":"2025-04-23T10:09:46","date_gmt":"2025-04-23T08:09:46","guid":{"rendered":"http:\/\/www.oagvm.sk\/wpsk\/?page_id=5009"},"modified":"2025-04-23T12:43:33","modified_gmt":"2025-04-23T10:43:33","slug":"edinburgh-2024-2025","status":"publish","type":"page","link":"http:\/\/www.oagvm.sk\/wpsk\/?page_id=5009","title":{"rendered":"Edinburgh \u2013 2024\/2025"},"content":{"rendered":"<h3><a href=\"http:\/\/www.oagvm.sk\/wpsk\/?page_id=2537\"><img loading=\"lazy\" class=\"alignnone size-full wp-image-2544\" src=\"http:\/\/www.oagvm.sk\/wpsk\/wp-content\/uploads\/2021\/07\/unas.png\" alt=\"\" width=\"98\" height=\"31\"><\/a><\/h3>\n<h3><a href=\"http:\/\/www.oagvm.sk\/wpsk\/?page_id=5009\"><img loading=\"lazy\" class=\"alignnone wp-image-5990 size-full\" title=\"http:\/\/www.oagvm.sk\/wphu\/?page_id=6007\" src=\"http:\/\/www.oagvm.sk\/wphu\/wp-content\/uploads\/2025\/04\/24-25.png\" alt=\"\" width=\"136\" height=\"31\"><\/a> <a href=\"http:\/\/www.oagvm.sk\/wpsk\/?page_id=4897\"><img loading=\"lazy\" class=\"alignnone wp-image-5863 size-full\" src=\"http:\/\/www.oagvm.sk\/wphu\/wp-content\/uploads\/2024\/10\/23-24-1.png\" alt=\"\" width=\"136\" height=\"31\"><\/a> <a href=\"http:\/\/www.oagvm.sk\/wpsk\/?page_id=3514\"><img loading=\"lazy\" class=\"alignnone wp-image-5864 size-full\" src=\"http:\/\/www.oagvm.sk\/wphu\/wp-content\/uploads\/2024\/10\/22-23-1.png\" alt=\"\" width=\"136\" height=\"31\"><\/a>&nbsp;<\/h3>\n<h3><a href=\"http:\/\/www.oagvm.sk\/wpsk\/?page_id=3510\"><img loading=\"lazy\" class=\"alignnone size-full wp-image-3515\" src=\"http:\/\/www.oagvm.sk\/wphu\/wp-content\/uploads\/2022\/11\/21-22-1.png\" alt=\"\" width=\"136\" height=\"31\"><\/a> <a href=\"http:\/\/www.oagvm.sk\/wpsk\/?page_id=2606\"><img loading=\"lazy\" class=\"alignnone size-full wp-image-2299\" src=\"http:\/\/www.oagvm.sk\/wphu\/wp-content\/uploads\/2021\/08\/20-21.png\" alt=\"\" width=\"136\" height=\"31\"><\/a> <a href=\"http:\/\/www.oagvm.sk\/wpsk\/?page_id=2604\"><img loading=\"lazy\" class=\"alignnone size-full wp-image-2298\" src=\"http:\/\/www.oagvm.sk\/wphu\/wp-content\/uploads\/2021\/08\/19-20.png\" alt=\"\" width=\"136\" height=\"31\"><\/a> <a href=\"http:\/\/www.oagvm.sk\/wpsk\/?page_id=2576\"><img loading=\"lazy\" class=\"alignnone size-full wp-image-2297\" src=\"http:\/\/www.oagvm.sk\/wphu\/wp-content\/uploads\/2021\/08\/18-19.png\" alt=\"\" width=\"136\" height=\"31\"><\/a><\/h3>\n<p style=\"text-align: justify;\"><span style=\"color: #ff6600;\"><strong><span style=\"font-family: tahoma, arial, helvetica, sans-serif; font-size: 18pt;\">Dofe oce\u0148ovacia cerem\u00f3nia na Obchodnej akad\u00e9mii vo Ve\u013ekom Mederi<\/span><\/strong><\/span><\/p>\n<p style=\"text-align: justify;\"><span style=\"font-family: tahoma, arial, helvetica, sans-serif; font-size: 14pt;\">U\u017e je trad\u00edciou, \u017ee sa prv\u00fd de\u0148 akademick\u00e9ho t\u00fd\u017ed\u0148a vyzna\u010duje okrem imatrikul\u00e1cie prv\u00e1kov aj oce\u0148ovan\u00edm t\u00fdch dof\u00e1kov, ktor\u00ed sa v&nbsp;minulom \u0161kolskom roku zapojili do programu Dofe, Medzin\u00e1rodn\u00e1 cena vojvodu z&nbsp;Edinburghu, &nbsp;a&nbsp;po\u010das \u0161kolsk\u00e9ho roka pracovali na svojich cie\u013eoch. Zasl\u00fa\u017eia si chv\u00e1lu od na\u0161ej \u0161kolz a&nbsp;tie\u017e od N\u00e1rodnej kancel\u00e1rie Dofe, lebo vytrvalo pracova\u0165 na nie\u010dom, nepresta\u0165 robi\u0165 aktivity, ke\u010f pr\u00edde poku\u0161enie vzda\u0165 sa v\u0161etk\u00e9ho, je ve\u013ek\u00e1 vec, a&nbsp;zasl\u00fa\u017eene si m\u00f4\u017eu t\u00edto \u017eiaci prevzia\u0165 certifik\u00e1t a&nbsp;odznak uznania, ktor\u00e9 s\u00fa medzin\u00e1rodne v\u00fdznamn\u00e9, ke\u010f\u017ee 130 kraj\u00edn a&nbsp;viac ako mili\u00f3n \u00fa\u010dastn\u00edkov ro\u010dne je zapojen\u00fdch do programu.<\/span><\/p>\n<p style=\"text-align: justify;\"><span style=\"font-family: tahoma, arial, helvetica, sans-serif; font-size: 14pt;\">Oce\u0148ovan\u00ed \u017eiaci za minul\u00fd \u0161kolsk\u00fd rok s\u00fa Edina Gaty\u00e1sov\u00e1 ,III.B, ktor\u00e1 dokon\u010dila program na striebornej \u00farovni, Lili\u00e1na Beke, III. B za bronzov\u00fa \u00farove\u0148 a&nbsp;Rajmund Menyh\u00e1rt, II.B, tie\u017e za bronzov\u00fa \u00farove\u0148. V&nbsp;\u0161portovej aktivite Edina pokra\u010dovala v&nbsp;jazde na koni, kde si dala za cie\u013e zvl\u00e1dnu\u0165 vo\u013en\u00fa jazdu , cavaletti na men\u0161ie skoky na \u0165a\u017e\u0161ie ovl\u00e1dnute\u013enom koni. V&nbsp;rozvoji talentu sa venovala ma\u013eovaniu na pl\u00e1tno a&nbsp;vytvorila 10 obrazov. V&nbsp;dobrovo\u013en\u00edctve pom\u00e1hala na ran\u010di, kde sa starala o&nbsp;kone a&nbsp;udr\u017eiavala stajne v&nbsp;\u010distote.<\/span><\/p>\n<p><img loading=\"lazy\" class=\"size-full wp-image-6028 aligncenter\" src=\"http:\/\/www.oagvm.sk\/wphu\/wp-content\/uploads\/2025\/04\/OAM_4667-1.jpg\" alt=\"\" width=\"900\" height=\"600\">&nbsp;<\/p>\n<p style=\"text-align: justify;\"><span style=\"font-family: tahoma, arial, helvetica, sans-serif; font-size: 14pt;\">Lili\u00e1na Beke sa tie\u017e venovala jazdeniu na koni v&nbsp;\u0161porte, nau\u010dila sa vo\u013ene jazdi\u0165 na neosedlanom koni a&nbsp;urobi\u0165 \u00fakony ako pole bending a&nbsp;barrel run. V&nbsp;rozvoji talentu sa nau\u010dila nieko\u013eko z\u00e1kladn\u00fdch v\u00fdrazov a&nbsp;ot\u00e1zok v&nbsp;japon\u010dine cez aplik\u00e1ciu Duo Lingo a&nbsp;dobrovo\u013en\u00edcku pr\u00e1cu vykon\u00e1vala na ran\u010di ako pomocn\u00e1 ruka.<\/span><\/p>\n<p style=\"text-align: justify;\"><span style=\"font-family: tahoma, arial, helvetica, sans-serif; font-size: 14pt;\">Rajmund Menyh\u00e1rt si zvolil posil\u0148ovanie v&nbsp;\u0161portovej oblasti, talent si rozv\u00edjal hrou na gitaru a&nbsp;nau\u010dil sa zahra\u0165 dve \u0165a\u017e\u0161ie skladby. V&nbsp;dobrovo\u013en\u00edctve pracoval na ekodvore v&nbsp;Brestovciach, kde pom\u00e1hal pri trieden\u00ed odpadu.<\/span><\/p>\n<p style=\"text-align: justify;\"><span style=\"font-family: tahoma, arial, helvetica, sans-serif; font-size: 14pt;\">V\u0161etci \u00fa\u010dastn\u00edci boli spolo\u010dne na dobrodru\u017enej exped\u00edcii, \u010do bola cyklot\u00fara s&nbsp;cie\u013eom spozna\u0165 \u017eitnoostrovsk\u00e9 vodn\u00e9 mlyny pod veden\u00edm pedag\u00f3ga L\u00e1szl\u00f3a Pappa, ktor\u00fd ich pripravil a&nbsp;pomohol im zrealizova\u0165 exped\u00edciu.<\/span><\/p>\n<p style=\"text-align: justify;\"><span style=\"font-family: tahoma, arial, helvetica, sans-serif; font-size: 14pt;\">Gratulujeme k&nbsp;oceneniu!<\/span><\/p>\n<p style=\"text-align: justify;\"><span style=\"font-family: tahoma, arial, helvetica, sans-serif; font-size: 14pt;\">Katar\u00edna K\u00f3sov\u00e1, koordin\u00e1torka programu Dofe<\/span><\/p>\n","protected":false},"excerpt":{"rendered":"<p>&nbsp; Dofe oce\u0148ovacia cerem\u00f3nia na Obchodnej akad\u00e9mii vo Ve\u013ekom Mederi U\u017e je trad\u00edciou, \u017ee sa prv\u00fd de\u0148 akademick\u00e9ho t\u00fd\u017ed\u0148a vyzna\u010duje okrem imatrikul\u00e1cie prv\u00e1kov aj oce\u0148ovan\u00edm t\u00fdch dof\u00e1kov, ktor\u00ed sa v&nbsp;minulom \u0161kolskom roku zapojili do programu Dofe, Medzin\u00e1rodn\u00e1 cena vojvodu z&nbsp;Edinburghu, &nbsp;a&nbsp;po\u010das \u0161kolsk\u00e9ho roka pracovali na svojich cie\u013eoch. Zasl\u00fa\u017eia si chv\u00e1lu od na\u0161ej \u0161kolz a&nbsp;tie\u017e od &#8230; <a title=\"Edinburgh \u2013 2024\/2025\" class=\"read-more\" href=\"http:\/\/www.oagvm.sk\/wpsk\/?page_id=5009\">\u010c\u00edta\u0165 viac<span class=\"screen-reader-text\">Edinburgh \u2013 2024\/2025<\/span><\/a><\/p>\n","protected":false},"author":2,"featured_media":0,"parent":2546,"menu_order":0,"comment_status":"closed","ping_status":"closed","template":"","meta":{"ngg_post_thumbnail":0},"_links":{"self":[{"href":"http:\/\/www.oagvm.sk\/wpsk\/index.php?rest_route=\/wp\/v2\/pages\/5009"}],"collection":[{"href":"http:\/\/www.oagvm.sk\/wpsk\/index.php?rest_route=\/wp\/v2\/pages"}],"about":[{"href":"http:\/\/www.oagvm.sk\/wpsk\/index.php?rest_route=\/wp\/v2\/types\/page"}],"author":[{"embeddable":true,"href":"http:\/\/www.oagvm.sk\/wpsk\/index.php?rest_route=\/wp\/v2\/users\/2"}],"replies":[{"embeddable":true,"href":"http:\/\/www.oagvm.sk\/wpsk\/index.php?rest_route=%2Fwp%2Fv2%2Fcomments&post=5009"}],"version-history":[{"count":7,"href":"http:\/\/www.oagvm.sk\/wpsk\/index.php?rest_route=\/wp\/v2\/pages\/5009\/revisions"}],"predecessor-version":[{"id":5032,"href":"http:\/\/www.oagvm.sk\/wpsk\/index.php?rest_route=\/wp\/v2\/pages\/5009\/revisions\/5032"}],"up":[{"embeddable":true,"href":"http:\/\/www.oagvm.sk\/wpsk\/index.php?rest_route=\/wp\/v2\/pages\/2546"}],"wp:attachment":[{"href":"http:\/\/www.oagvm.sk\/wpsk\/index.php?rest_route=%2Fwp%2Fv2%2Fmedia&parent=5009"}],"curies":[{"name":"wp","href":"https:\/\/api.w.org\/{rel}","templated":true}]}}