{"id":5439,"date":"2026-02-24T11:25:14","date_gmt":"2026-02-24T10:25:14","guid":{"rendered":"http:\/\/www.oagvm.sk\/wpsk\/?page_id=5439"},"modified":"2026-02-24T14:05:06","modified_gmt":"2026-02-24T13:05:06","slug":"zapisnice","status":"publish","type":"page","link":"http:\/\/www.oagvm.sk\/wpsk\/?page_id=5439","title":{"rendered":"Z\u00e1pisnice"},"content":{"rendered":"<h3><span style=\"text-decoration: underline;\"><span style=\"color: #ff6600;\"><a style=\"color: #ff6600;\" href=\"http:\/\/www.oagvm.sk\/wpsk\/?page_id=5442\"><span style=\"font-family: tahoma, arial, helvetica, sans-serif;\">Rada \u0161koly<\/span><\/a><\/span><\/span><\/h3>\n<h3><span style=\"text-decoration: underline;\"><a href=\"http:\/\/www.oagvm.sk\/wpsk\/?page_id=5435\"><span style=\"font-family: tahoma, arial, helvetica, sans-serif; color: #ff6600; text-decoration: underline;\">Pedagogick\u00e1 rada <\/span><\/a><\/span><\/h3>\n<h3><span style=\"text-decoration: underline;\"><a href=\"http:\/\/www.oagvm.sk\/wpsk\/?page_id=5445\"><span style=\"font-family: tahoma, arial, helvetica, sans-serif; color: #ff6600; text-decoration: underline;\">\u0160kolsk\u00fd parlament<\/span><\/a><\/span><\/h3>\n","protected":false},"excerpt":{"rendered":"<p>Rada \u0161koly Pedagogick\u00e1 rada \u0160kolsk\u00fd parlament<\/p>\n","protected":false},"author":2,"featured_media":0,"parent":368,"menu_order":0,"comment_status":"closed","ping_status":"closed","template":"","meta":{"ngg_post_thumbnail":0},"_links":{"self":[{"href":"http:\/\/www.oagvm.sk\/wpsk\/index.php?rest_route=\/wp\/v2\/pages\/5439"}],"collection":[{"href":"http:\/\/www.oagvm.sk\/wpsk\/index.php?rest_route=\/wp\/v2\/pages"}],"about":[{"href":"http:\/\/www.oagvm.sk\/wpsk\/index.php?rest_route=\/wp\/v2\/types\/page"}],"author":[{"embeddable":true,"href":"http:\/\/www.oagvm.sk\/wpsk\/index.php?rest_route=\/wp\/v2\/users\/2"}],"replies":[{"embeddable":true,"href":"http:\/\/www.oagvm.sk\/wpsk\/index.php?rest_route=%2Fwp%2Fv2%2Fcomments&post=5439"}],"version-history":[{"count":5,"href":"http:\/\/www.oagvm.sk\/wpsk\/index.php?rest_route=\/wp\/v2\/pages\/5439\/revisions"}],"predecessor-version":[{"id":5453,"href":"http:\/\/www.oagvm.sk\/wpsk\/index.php?rest_route=\/wp\/v2\/pages\/5439\/revisions\/5453"}],"up":[{"embeddable":true,"href":"http:\/\/www.oagvm.sk\/wpsk\/index.php?rest_route=\/wp\/v2\/pages\/368"}],"wp:attachment":[{"href":"http:\/\/www.oagvm.sk\/wpsk\/index.php?rest_route=%2Fwp%2Fv2%2Fmedia&parent=5439"}],"curies":[{"name":"wp","href":"https:\/\/api.w.org\/{rel}","templated":true}]}}