{"id":5445,"date":"2026-02-24T11:28:41","date_gmt":"2026-02-24T10:28:41","guid":{"rendered":"http:\/\/www.oagvm.sk\/wpsk\/?page_id=5445"},"modified":"2026-03-09T14:35:03","modified_gmt":"2026-03-09T13:35:03","slug":"skolsky-parlament","status":"publish","type":"page","link":"http:\/\/www.oagvm.sk\/wpsk\/?page_id=5445","title":{"rendered":"\u0160kolsk\u00fd parlament"},"content":{"rendered":"<p><a href=\"http:\/\/www.oagvm.sk\/wpsk\/wp-content\/uploads\/2026\/03\/Skolsky-parlament_Zapisnica_2.pdf\"><span style=\"font-family: arial, helvetica, sans-serif;\">Z\u00e1pisnica zo zasadnutia \u0160tudentsk\u00e9ho parlamentu konanej d\u0148a 29.01.2026.pdf<\/span><\/a><\/p>\n","protected":false},"excerpt":{"rendered":"<p>Z\u00e1pisnica zo zasadnutia \u0160tudentsk\u00e9ho parlamentu konanej d\u0148a 29.01.2026.pdf<\/p>\n","protected":false},"author":2,"featured_media":0,"parent":5439,"menu_order":0,"comment_status":"closed","ping_status":"closed","template":"","meta":{"ngg_post_thumbnail":0},"_links":{"self":[{"href":"http:\/\/www.oagvm.sk\/wpsk\/index.php?rest_route=\/wp\/v2\/pages\/5445"}],"collection":[{"href":"http:\/\/www.oagvm.sk\/wpsk\/index.php?rest_route=\/wp\/v2\/pages"}],"about":[{"href":"http:\/\/www.oagvm.sk\/wpsk\/index.php?rest_route=\/wp\/v2\/types\/page"}],"author":[{"embeddable":true,"href":"http:\/\/www.oagvm.sk\/wpsk\/index.php?rest_route=\/wp\/v2\/users\/2"}],"replies":[{"embeddable":true,"href":"http:\/\/www.oagvm.sk\/wpsk\/index.php?rest_route=%2Fwp%2Fv2%2Fcomments&post=5445"}],"version-history":[{"count":4,"href":"http:\/\/www.oagvm.sk\/wpsk\/index.php?rest_route=\/wp\/v2\/pages\/5445\/revisions"}],"predecessor-version":[{"id":5475,"href":"http:\/\/www.oagvm.sk\/wpsk\/index.php?rest_route=\/wp\/v2\/pages\/5445\/revisions\/5475"}],"up":[{"embeddable":true,"href":"http:\/\/www.oagvm.sk\/wpsk\/index.php?rest_route=\/wp\/v2\/pages\/5439"}],"wp:attachment":[{"href":"http:\/\/www.oagvm.sk\/wpsk\/index.php?rest_route=%2Fwp%2Fv2%2Fmedia&parent=5445"}],"curies":[{"name":"wp","href":"https:\/\/api.w.org\/{rel}","templated":true}]}}