{"id":551,"date":"2019-10-10T08:29:28","date_gmt":"2019-10-10T06:29:28","guid":{"rendered":"http:\/\/www.oagvm.sk\/wpsk\/?page_id=551"},"modified":"2025-09-08T10:22:32","modified_gmt":"2025-09-08T08:22:32","slug":"tanari-kar","status":"publish","type":"page","link":"http:\/\/www.oagvm.sk\/wpsk\/?page_id=551","title":{"rendered":"Pedagogick\u00fd zbor"},"content":{"rendered":"<table border=\"0\" width=\"100%\" cellpadding=\"10\" align=\"right\">\n<tbody>\n<tr>\n<td valign=\"top\" width=\"50%\">\n<div align=\"center\">\n<p><img loading=\"lazy\" class=\"alignnone size-full wp-image-552\" src=\"http:\/\/www.oagvm.sk\/wpsk\/wp-content\/uploads\/2019\/10\/horvatherzsebet.jpg\" alt=\"\" width=\"300\" height=\"400\"><\/p>\n<h3><span style=\"font-family: tahoma, arial, helvetica, sans-serif; font-size: 12pt;\">Mgr. Horv\u00e1thov\u00e1 Al\u017ebeta &#8211; riadite\u013e<\/span><\/h3>\n<\/div>\n<\/td>\n<td valign=\"top\">\n<div align=\"center\">\n<p><img loading=\"lazy\" class=\"alignnone size-full wp-image-553\" src=\"http:\/\/www.oagvm.sk\/wpsk\/wp-content\/uploads\/2019\/10\/tothmonika.jpg\" alt=\"\" width=\"300\" height=\"400\" srcset=\"http:\/\/www.oagvm.sk\/wpsk\/wp-content\/uploads\/2019\/10\/tothmonika.jpg 300w, http:\/\/www.oagvm.sk\/wpsk\/wp-content\/uploads\/2019\/10\/tothmonika-225x300.jpg 225w\" sizes=\"(max-width: 300px) 100vw, 300px\" \/><\/p>\n<h3><span style=\"font-family: tahoma, arial, helvetica, sans-serif; font-size: 12pt;\">Mgr. T\u00f3thov\u00e1 Monika &#8211; z\u00e1stupca riadite\u013ea<\/span><\/h3>\n<\/div>\n<\/td>\n<\/tr>\n<tr>\n<td colspan=\"2\" valign=\"top\">\n<div align=\"center\"><img loading=\"lazy\" class=\"alignnone wp-image-5313 size-full\" src=\"http:\/\/www.oagvm.sk\/wpsk\/wp-content\/uploads\/2025\/09\/2025-2026-Tanari-kar-1-scaled.jpg\" alt=\"\" width=\"2560\" height=\"1707\" srcset=\"http:\/\/www.oagvm.sk\/wpsk\/wp-content\/uploads\/2025\/09\/2025-2026-Tanari-kar-1-scaled.jpg 2560w, http:\/\/www.oagvm.sk\/wpsk\/wp-content\/uploads\/2025\/09\/2025-2026-Tanari-kar-1-300x200.jpg 300w, http:\/\/www.oagvm.sk\/wpsk\/wp-content\/uploads\/2025\/09\/2025-2026-Tanari-kar-1-1024x683.jpg 1024w, http:\/\/www.oagvm.sk\/wpsk\/wp-content\/uploads\/2025\/09\/2025-2026-Tanari-kar-1-768x512.jpg 768w, http:\/\/www.oagvm.sk\/wpsk\/wp-content\/uploads\/2025\/09\/2025-2026-Tanari-kar-1-1536x1024.jpg 1536w, http:\/\/www.oagvm.sk\/wpsk\/wp-content\/uploads\/2025\/09\/2025-2026-Tanari-kar-1-2048x1365.jpg 2048w\" sizes=\"(max-width: 2560px) 100vw, 2560px\" \/><\/div>\n<\/td>\n<\/tr>\n<\/tbody>\n<\/table>\n","protected":false},"excerpt":{"rendered":"<p>Mgr. Horv\u00e1thov\u00e1 Al\u017ebeta &#8211; riadite\u013e Mgr. T\u00f3thov\u00e1 Monika &#8211; z\u00e1stupca riadite\u013ea<\/p>\n","protected":false},"author":1,"featured_media":0,"parent":360,"menu_order":0,"comment_status":"closed","ping_status":"closed","template":"","meta":{"ngg_post_thumbnail":0},"_links":{"self":[{"href":"http:\/\/www.oagvm.sk\/wpsk\/index.php?rest_route=\/wp\/v2\/pages\/551"}],"collection":[{"href":"http:\/\/www.oagvm.sk\/wpsk\/index.php?rest_route=\/wp\/v2\/pages"}],"about":[{"href":"http:\/\/www.oagvm.sk\/wpsk\/index.php?rest_route=\/wp\/v2\/types\/page"}],"author":[{"embeddable":true,"href":"http:\/\/www.oagvm.sk\/wpsk\/index.php?rest_route=\/wp\/v2\/users\/1"}],"replies":[{"embeddable":true,"href":"http:\/\/www.oagvm.sk\/wpsk\/index.php?rest_route=%2Fwp%2Fv2%2Fcomments&post=551"}],"version-history":[{"count":15,"href":"http:\/\/www.oagvm.sk\/wpsk\/index.php?rest_route=\/wp\/v2\/pages\/551\/revisions"}],"predecessor-version":[{"id":5314,"href":"http:\/\/www.oagvm.sk\/wpsk\/index.php?rest_route=\/wp\/v2\/pages\/551\/revisions\/5314"}],"up":[{"embeddable":true,"href":"http:\/\/www.oagvm.sk\/wpsk\/index.php?rest_route=\/wp\/v2\/pages\/360"}],"wp:attachment":[{"href":"http:\/\/www.oagvm.sk\/wpsk\/index.php?rest_route=%2Fwp%2Fv2%2Fmedia&parent=551"}],"curies":[{"name":"wp","href":"https:\/\/api.w.org\/{rel}","templated":true}]}}