{"id":562,"date":"2019-10-10T08:36:28","date_gmt":"2019-10-10T06:36:28","guid":{"rendered":"http:\/\/www.oagvm.sk\/wpsk\/?page_id=562"},"modified":"2021-10-13T14:52:21","modified_gmt":"2021-10-13T12:52:21","slug":"projektek-es-versenyek","status":"publish","type":"page","link":"http:\/\/www.oagvm.sk\/wpsk\/?page_id=562","title":{"rendered":"Projekty a s\u00fa\u0165a\u017ee"},"content":{"rendered":"\n<p align=\"center\">\n          <object data=\"http:\/\/www.oagvm.sk\/wpsk\/wp-content\/uploads\/2021\/10\/Projekty-a-s\u00fa\u0165a\u017ee.pdf\" type=\"application\/pdf\"  \nwidth=\"820px\" \nheight=\"1130px\" \nbgcolor= \"#ff0000\"><\/p>\n<p>V\u00e1\u0161 prehliada\u010d bohu\u017eial nepodporuje zobrazenie PDF dokumentov.<br \/>\n              Kliknite sem <a href=\"hhttp:\/\/www.oagvm.sk\/wpsk\/wp-content\/uploads\/2021\/10\/Projekty-a-s\u00fa\u0165a\u017ee.pdf\">pre stiahnutie PDF dokumentu.<\/a><\/p><\/object>\n        <\/p>\n","protected":false},"excerpt":{"rendered":"<p>V\u00e1\u0161 prehliada\u010d bohu\u017eial nepodporuje zobrazenie PDF dokumentov. Kliknite sem pre stiahnutie PDF dokumentu.<\/p>\n","protected":false},"author":1,"featured_media":0,"parent":360,"menu_order":0,"comment_status":"closed","ping_status":"closed","template":"","meta":{"ngg_post_thumbnail":0},"_links":{"self":[{"href":"http:\/\/www.oagvm.sk\/wpsk\/index.php?rest_route=\/wp\/v2\/pages\/562"}],"collection":[{"href":"http:\/\/www.oagvm.sk\/wpsk\/index.php?rest_route=\/wp\/v2\/pages"}],"about":[{"href":"http:\/\/www.oagvm.sk\/wpsk\/index.php?rest_route=\/wp\/v2\/types\/page"}],"author":[{"embeddable":true,"href":"http:\/\/www.oagvm.sk\/wpsk\/index.php?rest_route=\/wp\/v2\/users\/1"}],"replies":[{"embeddable":true,"href":"http:\/\/www.oagvm.sk\/wpsk\/index.php?rest_route=%2Fwp%2Fv2%2Fcomments&post=562"}],"version-history":[{"count":3,"href":"http:\/\/www.oagvm.sk\/wpsk\/index.php?rest_route=\/wp\/v2\/pages\/562\/revisions"}],"predecessor-version":[{"id":2844,"href":"http:\/\/www.oagvm.sk\/wpsk\/index.php?rest_route=\/wp\/v2\/pages\/562\/revisions\/2844"}],"up":[{"embeddable":true,"href":"http:\/\/www.oagvm.sk\/wpsk\/index.php?rest_route=\/wp\/v2\/pages\/360"}],"wp:attachment":[{"href":"http:\/\/www.oagvm.sk\/wpsk\/index.php?rest_route=%2Fwp%2Fv2%2Fmedia&parent=562"}],"curies":[{"name":"wp","href":"https:\/\/api.w.org\/{rel}","templated":true}]}}