{"id":599,"date":"2019-10-10T21:17:03","date_gmt":"2019-10-10T19:17:03","guid":{"rendered":"http:\/\/www.oagvm.sk\/wpsk\/?page_id=599"},"modified":"2025-09-16T08:49:40","modified_gmt":"2025-09-16T06:49:40","slug":"szakmai-gyakorlat","status":"publish","type":"page","link":"http:\/\/www.oagvm.sk\/wpsk\/?page_id=599","title":{"rendered":"Odborn\u00e1 prax"},"content":{"rendered":"<p align=\"center\"><object data=\"http:\/\/www.oagvm.sk\/wphu\/wp-content\/uploads\/2025\/09\/Odborna-prax-OA-6317-M.pdf\" type=\"application\/pdf\" width=\"820px\" height=\"1130px\">V\u00e1\u0161 prehliada\u010d bohu\u017eial nepodporuje zobrazenie PDF dokumentov.              Kliknite sem <a href=\"http:\/\/www.oagvm.sk\/wphu\/wp-content\/uploads\/2025\/09\/Odborna-prax-OA-6317-M.pdf\"><span data-mce-type=\"bookmark\" style=\"display: inline-block; width: 0px; overflow: hidden; line-height: 0;\" class=\"mce_SELRES_start\">\ufeff<\/span>pre stiahnutie PDF dokumentu.<\/a>&nbsp;<\/object><\/p>\n<p><!---*********************---><\/p>\n<p align=\"center\"><object data=\"http:\/\/www.oagvm.sk\/wphu\/wp-content\/uploads\/2025\/09\/Odborna-prax-OINF-6329-M.pdf\" type=\"application\/pdf\" width=\"820px\" height=\"1130px\">V\u00e1\u0161 prehliada\u010d bohu\u017eial nepodporuje zobrazenie PDF dokumentov.              Kliknite sem <a href=\"http:\/\/www.oagvm.sk\/wphu\/wp-content\/uploads\/2025\/09\/Odborna-prax-OINF-6329-M.pdf\">pre stiahnutie PDF dokumentu.<\/a>&nbsp;<\/object><\/p>\n<p><!---*********************---><\/p>\n<p>The specified slider id does not exist.<\/p>\n<p>&nbsp;<\/p>\n<p align=\"center\"><object data=\"http:\/\/www.oagvm.sk\/wphu\/wp-content\/uploads\/2023\/03\/ziadost-prax.pdf\" type=\"application\/pdf\" width=\"820px\" height=\"1190px\">V\u00e1\u0161 prehliada\u010d bohu\u017eial nepodporuje zobrazenie PDF dokumentov.              Kliknite sem <a href=\"http:\/\/www.oagvm.sk\/wphu\/wp-content\/uploads\/2023\/03\/ziadost-prax.pdf\">pre stiahnutie PDF dokumentu.<\/a>&nbsp;<\/object><\/p>\n<p style=\"text-align: center;\"><a href=\"http:\/\/www.oagvm.sk\/wphu\/wp-content\/uploads\/2019\/10\/ziadost-prax.doc\">\u017diados\u0165 o povolenie odbornej praxe<\/a><\/p>\n<p align=\"center\"><object data=\"http:\/\/www.oagvm.sk\/wphu\/wp-content\/uploads\/2023\/03\/zmluva-o-praxi.pdf\" type=\"application\/pdf\" width=\"820px\" height=\"1190px\">V\u00e1\u0161 prehliada\u010d bohu\u017eial nepodporuje zobrazenie PDF dokumentov.              Kliknite sem <a href=\"http:\/\/www.oagvm.sk\/wphu\/wp-content\/uploads\/2023\/03\/zmluva-o-praxi.pdf\">pre stiahnutie PDF dokumentu.<\/a>&nbsp;<\/object><\/p>\n<p style=\"text-align: center;\"><a href=\"http:\/\/www.oagvm.sk\/wphu\/wp-content\/uploads\/2023\/02\/zmluva-o-praxi.docx\">Zmluva o zabezpe\u010den\u00ed a vykonan\u00ed odbornej praxe<\/a><\/p>\n<p align=\"center\"><object data=\"http:\/\/www.oagvm.sk\/wphu\/wp-content\/uploads\/2023\/03\/dennik.pdf\" type=\"application\/pdf\" width=\"820px\" height=\"1190px\">V\u00e1\u0161 prehliada\u010d bohu\u017eial nepodporuje zobrazenie PDF dokumentov.              Kliknite sem <a href=\"http:\/\/www.oagvm.sk\/wphu\/wp-content\/uploads\/2023\/03\/dennik.pdf\">pre stiahnutie PDF dokumentu.<\/a>&nbsp;<\/object><\/p>\n<p style=\"text-align: center;\"><a href=\"http:\/\/www.oagvm.sk\/wphu\/wp-content\/uploads\/2019\/10\/dennik.doc\">Denn\u00edk z odbornej praxe<\/a><\/p>\n","protected":false},"excerpt":{"rendered":"<p>V\u00e1\u0161 prehliada\u010d bohu\u017eial nepodporuje zobrazenie PDF dokumentov. Kliknite sem \ufeffpre stiahnutie PDF dokumentu.&nbsp; V\u00e1\u0161 prehliada\u010d bohu\u017eial nepodporuje zobrazenie PDF dokumentov. Kliknite sem pre stiahnutie PDF dokumentu.&nbsp; &nbsp; V\u00e1\u0161 prehliada\u010d bohu\u017eial nepodporuje zobrazenie PDF dokumentov. Kliknite sem pre stiahnutie PDF dokumentu.&nbsp; \u017diados\u0165 o povolenie odbornej praxe V\u00e1\u0161 prehliada\u010d bohu\u017eial nepodporuje zobrazenie PDF dokumentov. Kliknite sem pre &#8230; <a title=\"Odborn\u00e1 prax\" class=\"read-more\" href=\"http:\/\/www.oagvm.sk\/wpsk\/?page_id=599\">\u010c\u00edta\u0165 viac<span class=\"screen-reader-text\">Odborn\u00e1 prax<\/span><\/a><\/p>\n","protected":false},"author":1,"featured_media":0,"parent":360,"menu_order":0,"comment_status":"closed","ping_status":"closed","template":"","meta":{"ngg_post_thumbnail":0},"_links":{"self":[{"href":"http:\/\/www.oagvm.sk\/wpsk\/index.php?rest_route=\/wp\/v2\/pages\/599"}],"collection":[{"href":"http:\/\/www.oagvm.sk\/wpsk\/index.php?rest_route=\/wp\/v2\/pages"}],"about":[{"href":"http:\/\/www.oagvm.sk\/wpsk\/index.php?rest_route=\/wp\/v2\/types\/page"}],"author":[{"embeddable":true,"href":"http:\/\/www.oagvm.sk\/wpsk\/index.php?rest_route=\/wp\/v2\/users\/1"}],"replies":[{"embeddable":true,"href":"http:\/\/www.oagvm.sk\/wpsk\/index.php?rest_route=%2Fwp%2Fv2%2Fcomments&post=599"}],"version-history":[{"count":26,"href":"http:\/\/www.oagvm.sk\/wpsk\/index.php?rest_route=\/wp\/v2\/pages\/599\/revisions"}],"predecessor-version":[{"id":5324,"href":"http:\/\/www.oagvm.sk\/wpsk\/index.php?rest_route=\/wp\/v2\/pages\/599\/revisions\/5324"}],"up":[{"embeddable":true,"href":"http:\/\/www.oagvm.sk\/wpsk\/index.php?rest_route=\/wp\/v2\/pages\/360"}],"wp:attachment":[{"href":"http:\/\/www.oagvm.sk\/wpsk\/index.php?rest_route=%2Fwp%2Fv2%2Fmedia&parent=599"}],"curies":[{"name":"wp","href":"https:\/\/api.w.org\/{rel}","templated":true}]}}