{"id":612,"date":"2019-10-10T21:31:10","date_gmt":"2019-10-10T19:31:10","guid":{"rendered":"http:\/\/www.oagvm.sk\/wpsk\/?page_id=612"},"modified":"2024-10-01T08:57:14","modified_gmt":"2024-10-01T06:57:14","slug":"informatikai-szabalyzat","status":"publish","type":"page","link":"http:\/\/www.oagvm.sk\/wpsk\/?page_id=612","title":{"rendered":"Prev\u00e1dzkov\u00fd poriadok informatiky"},"content":{"rendered":"<p><!-- ********************************************************************************************************************************************************** --><\/p>\n<p align=\"center\"><object data=\"http:\/\/www.oagvm.sk\/wpsk\/wp-content\/uploads\/2024\/10\/Prevadzkovy-poriadok-informatiky.pdf\" width=\"820px\" height=\"1190px\">V\u00e1\u0161 prehliada\u010d bohu\u017eial nepodporuje zobrazenie PDF dokumentov.              Kliknite sem <a href=\"http:\/\/www.oagvm.sk\/wpsk\/wp-content\/uploads\/2024\/10\/Prevadzkovy-poriadok-informatiky.pdf\">pre stiahnutie PDF dokumentu.<\/a>&nbsp;<\/object><\/p>\n<p><!-- *********************************************************************************************************************************************************** --><\/p>\n","protected":false},"excerpt":{"rendered":"<p>V\u00e1\u0161 prehliada\u010d bohu\u017eial nepodporuje zobrazenie PDF dokumentov. Kliknite sem pre stiahnutie PDF dokumentu.&nbsp;<\/p>\n","protected":false},"author":1,"featured_media":0,"parent":368,"menu_order":0,"comment_status":"closed","ping_status":"closed","template":"","meta":{"ngg_post_thumbnail":0},"_links":{"self":[{"href":"http:\/\/www.oagvm.sk\/wpsk\/index.php?rest_route=\/wp\/v2\/pages\/612"}],"collection":[{"href":"http:\/\/www.oagvm.sk\/wpsk\/index.php?rest_route=\/wp\/v2\/pages"}],"about":[{"href":"http:\/\/www.oagvm.sk\/wpsk\/index.php?rest_route=\/wp\/v2\/types\/page"}],"author":[{"embeddable":true,"href":"http:\/\/www.oagvm.sk\/wpsk\/index.php?rest_route=\/wp\/v2\/users\/1"}],"replies":[{"embeddable":true,"href":"http:\/\/www.oagvm.sk\/wpsk\/index.php?rest_route=%2Fwp%2Fv2%2Fcomments&post=612"}],"version-history":[{"count":3,"href":"http:\/\/www.oagvm.sk\/wpsk\/index.php?rest_route=\/wp\/v2\/pages\/612\/revisions"}],"predecessor-version":[{"id":4881,"href":"http:\/\/www.oagvm.sk\/wpsk\/index.php?rest_route=\/wp\/v2\/pages\/612\/revisions\/4881"}],"up":[{"embeddable":true,"href":"http:\/\/www.oagvm.sk\/wpsk\/index.php?rest_route=\/wp\/v2\/pages\/368"}],"wp:attachment":[{"href":"http:\/\/www.oagvm.sk\/wpsk\/index.php?rest_route=%2Fwp%2Fv2%2Fmedia&parent=612"}],"curies":[{"name":"wp","href":"https:\/\/api.w.org\/{rel}","templated":true}]}}