{"id":616,"date":"2019-10-11T11:31:53","date_gmt":"2019-10-11T09:31:53","guid":{"rendered":"http:\/\/www.oagvm.sk\/wpsk\/?page_id=616"},"modified":"2026-01-26T14:10:01","modified_gmt":"2026-01-26T13:10:01","slug":"2-os-adofelajanlas","status":"publish","type":"page","link":"http:\/\/www.oagvm.sk\/wpsk\/?page_id=616","title":{"rendered":"Pouk\u00e1zanie 2 % z dane"},"content":{"rendered":"<h3 style=\"text-align: justify;\"><strong><span style=\"font-family: tahoma, arial, helvetica, sans-serif; color: #ff6600;\">V\u00e1\u017een\u00ed rodi\u010dia, priatelia \u0161koly!<\/span><\/strong><\/h3>\n<h3 style=\"text-align: justify;\"><span style=\"font-family: tahoma, arial, helvetica, sans-serif; color: #000000;\">Bl\u00ed\u017ei sa obdobie da\u0148ov\u00e9ho priznania. Preto V\u00e1s pros\u00edme, venujte n\u00e1m 2% zo svojich dan\u00ed, pokia\u013e m\u00f4\u017eete, aby sme vedeli skvalitni\u0165 v\u00fdchovno-vzdel\u00e1vac\u00ed proces v&nbsp;na\u0161ej \u0161kole. T\u00fato snahu ozna\u010dte do 16. febru\u00e1ra v \u017eiadosti o&nbsp;vykonanie ro\u010dn\u00e9ho z\u00fa\u010dtovania u V\u00e1\u0161ho zamestn\u00e1vate\u013ea. \u010eakujeme pekne!<\/span><\/h3>\n<h3 style=\"text-align: justify;\"><span style=\"font-family: tahoma, arial, helvetica, sans-serif; color: #000000;\"><strong>\u00dadaje potrebn\u00e9 k vyplneniu tla\u010d\u00edv:<\/strong><\/span><\/h3>\n<h3 style=\"text-align: justify;\"><span style=\"font-family: tahoma, arial, helvetica, sans-serif; color: #000000;\"><strong>I\u010cO:<\/strong><strong> 36080705<\/strong><strong><br \/>\n<\/strong><strong>Pr\u00e1vna forma:<\/strong><strong> Neinvesti\u010dn\u00fd fond<\/strong><strong><br \/>\n<\/strong><strong>N\u00e1zov alebo Obchodn\u00e9 meno:<\/strong><strong><br \/>\n<\/strong><strong>Neinvesti\u010dn\u00fd fond ACADEMIA pri Obchodnej akad\u00e9mii a Gymn\u00e1ziu<\/strong><\/span><\/h3>\n<h3 style=\"text-align: justify;\"><span style=\"font-family: tahoma, arial, helvetica, sans-serif; color: #000000;\"><strong>&nbsp;<\/strong><\/span><\/h3>\n<h3 style=\"text-align: justify;\"><span style=\"font-family: tahoma, arial, helvetica, sans-serif; color: #000000;\"><strong>Tla\u010divo je dostupn\u00e9 v pr\u00edlohe.<\/strong><\/span><\/h3>\n<h3 style=\"text-align: justify;\"><span style=\"font-family: tahoma, arial, helvetica, sans-serif; color: #000000;\"><strong>&nbsp;<\/strong><\/span><\/h3>\n<h3 style=\"text-align: justify;\"><span style=\"font-family: tahoma, arial, helvetica, sans-serif; color: #000000;\"><strong>Sta\u0148te sa na\u0161\u00edm podporovate\u013eom a pom\u00f4\u017ete n\u00e1m z\u00edska\u0165 viac zdrojov pre na\u0161u \u010dinnos\u0165. <\/strong><\/span><\/h3>\n<h3 style=\"text-align: justify;\"><span style=\"font-family: tahoma, arial, helvetica, sans-serif; color: #000000;\"><strong>Nestoj\u00ed to ani cent navy\u0161e a podpor\u00edte dobr\u00fa vec. <\/strong><\/span><\/h3>\n<h3 style=\"text-align: justify;\"><span style=\"font-family: tahoma, arial, helvetica, sans-serif; color: #000000;\"><strong>&nbsp;<\/strong><strong>Mgr. Al\u017ebeta Horv\u00e1thov\u00e1, <\/strong>riadite\u013eka \u0161koly<\/span><\/h3>\n<p style=\"text-align: justify;\">&nbsp;<\/p>\n<p style=\"text-align: justify;\"><!-- ********************************************************************************************** --><\/p>\n<p style=\"text-align: justify;\" align=\"center\"><object data=\"http:\/\/www.oagvm.sk\/wphu\/wp-content\/uploads\/2026\/01\/VYHLASENIEo-poukazani-podielu-zaplatenej-dane-z-prijmov-fyzickej-osoby-za-rok-2025.pdf\" width=\"820px\" height=\"1190px\">V\u00e1\u0161 prehliada\u010d bohu\u017eial nepodporuje zobrazenie PDF dokumentov.              Kliknite sem <a href=\"http:\/\/www.oagvm.sk\/wphu\/wp-content\/uploads\/2026\/01\/VYHLASENIEo-poukazani-podielu-zaplatenej-dane-z-prijmov-fyzickej-osoby-za-rok-2025.pdf\">pre stiahnutie PDF dokumentu.<\/a>&nbsp;<\/object><\/p>\n<p style=\"text-align: justify;\"><!-- ************************************************************************************* --><\/p>\n<p style=\"text-align: justify;\" align=\"center\"><object data=\"http:\/\/www.oagvm.sk\/wphu\/wp-content\/uploads\/2025\/01\/Postup-krokov_fyzicke-osoby-A-B.pdf\" width=\"820px\" height=\"1190px\">V\u00e1\u0161 prehliada\u010d bohu\u017eial nepodporuje zobrazenie PDF dokumentov.              Kliknite sem <a href=\"http:\/\/www.oagvm.sk\/wphu\/wp-content\/uploads\/2025\/01\/Postup-krokov_fyzicke-osoby-A-B.pdf\">pre stiahnutie PDF dokumentu.<\/a>&nbsp;<\/object><\/p>\n<p style=\"text-align: justify;\"><!-- ********************************************************************************************** --><\/p>\n<p style=\"text-align: justify;\" align=\"center\"><object data=\"http:\/\/www.oagvm.sk\/wphu\/wp-content\/uploads\/2025\/01\/Postup-krokov_pravnicke-osoby.pdf\" width=\"820px\" height=\"1190px\">V\u00e1\u0161 prehliada\u010d bohu\u017eial nepodporuje zobrazenie PDF dokumentov.              Kliknite sem <a href=\"http:\/\/www.oagvm.sk\/wphu\/wp-content\/uploads\/2025\/01\/Postup-krokov_pravnicke-osoby.pdf\">pre stiahnutie PDF dokumentu.<\/a>&nbsp;<\/object><\/p>\n<p style=\"text-align: justify;\"><!-- ********************************************************************************************** --><\/p>\n<p style=\"text-align: justify;\" align=\"center\"><object data=\"http:\/\/www.oagvm.sk\/wphu\/wp-content\/uploads\/2025\/01\/Postup-krokov_zamestnancov.pdf\" width=\"820px\" height=\"1190px\">V\u00e1\u0161 prehliada\u010d bohu\u017eial nepodporuje zobrazenie PDF dokumentov.              Kliknite sem <a href=\"http:\/\/www.oagvm.sk\/wphu\/wp-content\/uploads\/2025\/01\/Postup-krokov_zamestnancov.pdf\">pre stiahnutie PDF dokumentu.<\/a>&nbsp;<\/object><\/p>\n","protected":false},"excerpt":{"rendered":"<p>V\u00e1\u017een\u00ed rodi\u010dia, priatelia \u0161koly! Bl\u00ed\u017ei sa obdobie da\u0148ov\u00e9ho priznania. Preto V\u00e1s pros\u00edme, venujte n\u00e1m 2% zo svojich dan\u00ed, pokia\u013e m\u00f4\u017eete, aby sme vedeli skvalitni\u0165 v\u00fdchovno-vzdel\u00e1vac\u00ed proces v&nbsp;na\u0161ej \u0161kole. T\u00fato snahu ozna\u010dte do 16. febru\u00e1ra v \u017eiadosti o&nbsp;vykonanie ro\u010dn\u00e9ho z\u00fa\u010dtovania u V\u00e1\u0161ho zamestn\u00e1vate\u013ea. \u010eakujeme pekne! \u00dadaje potrebn\u00e9 k vyplneniu tla\u010d\u00edv: I\u010cO: 36080705 Pr\u00e1vna forma: Neinvesti\u010dn\u00fd fond &#8230; <a title=\"Pouk\u00e1zanie 2 % z dane\" class=\"read-more\" href=\"http:\/\/www.oagvm.sk\/wpsk\/?page_id=616\">\u010c\u00edta\u0165 viac<span class=\"screen-reader-text\">Pouk\u00e1zanie 2 % z dane<\/span><\/a><\/p>\n","protected":false},"author":1,"featured_media":0,"parent":368,"menu_order":0,"comment_status":"closed","ping_status":"closed","template":"","meta":{"ngg_post_thumbnail":0},"_links":{"self":[{"href":"http:\/\/www.oagvm.sk\/wpsk\/index.php?rest_route=\/wp\/v2\/pages\/616"}],"collection":[{"href":"http:\/\/www.oagvm.sk\/wpsk\/index.php?rest_route=\/wp\/v2\/pages"}],"about":[{"href":"http:\/\/www.oagvm.sk\/wpsk\/index.php?rest_route=\/wp\/v2\/types\/page"}],"author":[{"embeddable":true,"href":"http:\/\/www.oagvm.sk\/wpsk\/index.php?rest_route=\/wp\/v2\/users\/1"}],"replies":[{"embeddable":true,"href":"http:\/\/www.oagvm.sk\/wpsk\/index.php?rest_route=%2Fwp%2Fv2%2Fcomments&post=616"}],"version-history":[{"count":33,"href":"http:\/\/www.oagvm.sk\/wpsk\/index.php?rest_route=\/wp\/v2\/pages\/616\/revisions"}],"predecessor-version":[{"id":5427,"href":"http:\/\/www.oagvm.sk\/wpsk\/index.php?rest_route=\/wp\/v2\/pages\/616\/revisions\/5427"}],"up":[{"embeddable":true,"href":"http:\/\/www.oagvm.sk\/wpsk\/index.php?rest_route=\/wp\/v2\/pages\/368"}],"wp:attachment":[{"href":"http:\/\/www.oagvm.sk\/wpsk\/index.php?rest_route=%2Fwp%2Fv2%2Fmedia&parent=616"}],"curies":[{"name":"wp","href":"https:\/\/api.w.org\/{rel}","templated":true}]}}